{"id":44115,"date":"2026-01-23T11:37:57","date_gmt":"2026-01-23T03:37:57","guid":{"rendered":"https:\/\/ulpmat.com\/product\/titanio-aleacion-de-aluminio-2\/"},"modified":"2026-01-23T11:37:57","modified_gmt":"2026-01-23T03:37:57","slug":"titanio-aleacion-de-aluminio-2","status":"publish","type":"product","link":"https:\/\/ulpmat.com\/es\/producto\/titanio-aleacion-de-aluminio-2\/","title":{"rendered":"Titanio Aleaci\u00f3n de aluminio"},"content":{"rendered":"<h2><span style=\"font-size: 14pt;\">Descripci\u00f3n general del lingote de aleaci\u00f3n de titanio y aluminio<\/span><\/h2>\n<p>El lingote de aleaci\u00f3n de<br \/>\n<span style=\"color: #0000ff;\"><a style=\"color: #0000ff;\" href=\"https:\/\/ulpmat.com\/es\/buscar\/?type=name&#038;keyword=Titanium+Aluminum\">titanio y aluminio<\/a><\/span><br \/>\nes un material ligero y de alta resistencia con un excelente rendimiento a altas temperaturas y resistencia a la oxidaci\u00f3n. Se utiliza ampliamente en la industria aeroespacial, en componentes estructurales de alta temperatura, en productos de pulvimetalurgia y en el desarrollo de materiales de aleaci\u00f3n funcionales.<\/p>\n<p>Ofrecemos lingotes de aleaci\u00f3n de titanio y aluminio con una composici\u00f3n uniforme y dimensiones precisas, adecuados para la investigaci\u00f3n cient\u00edfica y aplicaciones industriales a altas temperaturas. P\u00f3ngase<span style=\"color: #0000ff;\"><a style=\"color: #0000ff;\" href=\"https:\/\/ulpmat.com\/es\/contacto\/\"> en contacto con nosotros<\/a><\/span><br \/>\npara obtener informaci\u00f3n t\u00e9cnica detallada y especificaciones.<\/p>\n<h2><span style=\"font-size: 14pt;\">Caracter\u00edsticas destacadas del producto<\/span><\/h2>\n<p>Alta resistencia, ligero<br \/>\nExcelente resistencia a altas temperaturas<br \/>\nBuena resistencia a la oxidaci\u00f3n<br \/>\nSe puede utilizar como materia prima para su posterior procesamiento o fundici\u00f3n<br \/>\nConsistencia fiable de los lotes<br \/>\nDimensiones y formas personalizables<br \/>\nAdecuado para la metalurgia de polvos y la preparaci\u00f3n de aleaciones<\/p>\n<h2><span style=\"font-size: 14pt;\">Aplicaciones de los lingotes de aleaci\u00f3n de titanio y aluminio<\/span><\/h2>\n<p><strong>Componentes aeroespaciales de alta temperatura:<\/strong><br \/>\nse pueden utilizar para fabricar componentes estructurales de alta temperatura para motores aeron\u00e1uticos y \u00e1labes de turbina, lo que garantiza su resistencia y su resistencia a altas temperaturas.<br \/>\n<strong>Metalurgia de polvos y materia prima para fundici\u00f3n:<\/strong><br \/>\nadecuado como materia prima para procesos de metalurgia de polvos o fundici\u00f3n al vac\u00edo, proporcionando un material base para piezas de aleaci\u00f3n de titanio y aluminio de alto rendimiento.<br \/>\n<strong>Componentes estructurales industriales:<\/strong><br \/>\nse utiliza para el procesamiento y la preparaci\u00f3n de piezas industriales y componentes mec\u00e1nicos de alta temperatura y alta resistencia.<br \/>\n<strong>Investigaci\u00f3n y desarrollo de materiales:<\/strong><br \/>\nAdecuado para la investigaci\u00f3n, las pruebas de rendimiento y el desarrollo de nuevos sistemas de aleaci\u00f3n de titanio y aluminio.<\/p>\n<h2><span style=\"color: #0000ff;\"><a style=\"color: #0000ff;\" href=\"https:\/\/ulpmat.com\/es\/empresa\/preguntas-frecuentes\/\"><span style=\"font-size: 14pt;\">Preguntas frecuentes<\/span><\/a><\/span><\/h2>\n<p>P1: \u00bfPara qu\u00e9 aplicaciones de alta temperatura es adecuado el lingote de aleaci\u00f3n de titanio y aluminio?<br \/>\nR1: Adecuado para la industria aeroespacial, entornos industriales de alta temperatura y componentes estructurales de alta resistencia.<\/p>\n<p>P2: \u00bfSe puede utilizar el lingote de aleaci\u00f3n de titanio y aluminio en la metalurgia de polvos o la fundici\u00f3n?<br \/>\nR2: S\u00ed, el lingote de TiAl es una materia prima ideal para la preparaci\u00f3n de productos de metalurgia de polvos o aleaciones fundidas al vac\u00edo.<\/p>\n<p>P3: \u00bfSe pueden personalizar el tama\u00f1o y la forma del lingote de TiAl?<br \/>\nR3: S\u00ed, hay disponibles diferentes pesos, di\u00e1metros y longitudes seg\u00fan los requisitos del cliente.<\/p>\n<p>P4: \u00bfSe pueden utilizar los lingotes de TiAl para la investigaci\u00f3n y el desarrollo de materiales?<br \/>\nR4: S\u00ed, los lingotes de TiAl son adecuados para la investigaci\u00f3n, las pruebas de rendimiento y el desarrollo de nuevos sistemas de aleaciones de titanio y aluminio.<\/p>\n<h2><span style=\"font-size: 14pt;\">Informe<\/span><\/h2>\n<p>Cada lote se suministra con:<br \/>\n<span style=\"color: #0000ff;\"><a style=\"color: #0000ff;\" href=\"https:\/\/ulpmat.com\/es\/documentos\/certificado-de-analisis\/\"><u>Certificado de an\u00e1lisis (COA)<\/u><\/a><\/span><\/p>\n<p><span style=\"color: #0000ff;\"><a style=\"color: #0000ff;\" href=\"https:\/\/ulpmat.com\/es\/documentos\/ficha-tecnica\/\"><u>Ficha t\u00e9cnica (TDS)<\/u><\/a><\/span><\/p>\n<p><span style=\"color: #0000ff;\"><a style=\"color: #0000ff;\" href=\"https:\/\/ulpmat.com\/es\/documentos\/ficha-de-datos-de-seguridad\/\"><u>Ficha de datos de seguridad (MSDS)<\/u><\/a><\/span><br \/>\nInforme de inspecci\u00f3n de tama\u00f1o<br \/>\nInformes de pruebas de terceros disponibles bajo petici\u00f3n.<\/p>\n<h2><span style=\"font-size: 14pt;\">\u00bfPor qu\u00e9 elegirnos?<\/span><\/h2>\n<p>Nos centramos en la investigaci\u00f3n, el desarrollo y el suministro de materiales de aleaci\u00f3n de titanio y aluminio de alto rendimiento, lo que garantiza la fiabilidad de los lingotes de TiAl en t\u00e9rminos de composici\u00f3n, tama\u00f1o, consistencia de los lotes y rendimiento a altas temperaturas, proporcionando un apoyo estable para la investigaci\u00f3n cient\u00edfica, la industria y el procesamiento a altas temperaturas.<\/p>\n","protected":false},"excerpt":{"rendered":"<p>Descripci\u00f3n general del lingote de aleaci\u00f3n de titanio y aluminio El lingote de aleaci\u00f3n de titanio y aluminio es un material ligero y de alta resistencia con un excelente rendimiento a altas temperaturas y resistencia a la oxidaci\u00f3n. Se utiliza ampliamente en la industria aeroespacial, en componentes estructurales de alta temperatura, en productos de pulvimetalurgia [&hellip;]<\/p>\n","protected":false},"featured_media":44116,"template":"","meta":{"_acf_changed":false},"product_brand":[132],"product_cat":[408],"product_tag":[5785],"class_list":{"0":"post-44115","1":"product","2":"type-product","3":"status-publish","4":"has-post-thumbnail","6":"product_brand-ulpmat","7":"product_cat-otros-materiales","8":"product_tag-lingote-de-aleacion-de-titanio-y-aluminio","10":"first","11":"instock","12":"shipping-taxable","13":"product-type-variable"},"acf":[],"_links":{"self":[{"href":"https:\/\/ulpmat.com\/es\/wp-json\/wp\/v2\/product\/44115","targetHints":{"allow":["GET"]}}],"collection":[{"href":"https:\/\/ulpmat.com\/es\/wp-json\/wp\/v2\/product"}],"about":[{"href":"https:\/\/ulpmat.com\/es\/wp-json\/wp\/v2\/types\/product"}],"wp:featuredmedia":[{"embeddable":true,"href":"https:\/\/ulpmat.com\/es\/wp-json\/wp\/v2\/media\/44116"}],"wp:attachment":[{"href":"https:\/\/ulpmat.com\/es\/wp-json\/wp\/v2\/media?parent=44115"}],"wp:term":[{"taxonomy":"product_brand","embeddable":true,"href":"https:\/\/ulpmat.com\/es\/wp-json\/wp\/v2\/product_brand?post=44115"},{"taxonomy":"product_cat","embeddable":true,"href":"https:\/\/ulpmat.com\/es\/wp-json\/wp\/v2\/product_cat?post=44115"},{"taxonomy":"product_tag","embeddable":true,"href":"https:\/\/ulpmat.com\/es\/wp-json\/wp\/v2\/product_tag?post=44115"}],"curies":[{"name":"wp","href":"https:\/\/api.w.org\/{rel}","templated":true}]}}