{"id":44019,"date":"2026-01-23T13:24:20","date_gmt":"2026-01-23T05:24:20","guid":{"rendered":"https:\/\/ulpmat.com\/product\/aluminuro-de-titanio\/"},"modified":"2026-01-23T13:24:20","modified_gmt":"2026-01-23T05:24:20","slug":"aluminuro-de-titanio","status":"publish","type":"product","link":"https:\/\/ulpmat.com\/es\/producto\/aluminuro-de-titanio\/","title":{"rendered":"Aluminuro de titanio"},"content":{"rendered":"<h2><span style=\"font-size: 14pt;\">Descripci\u00f3n general del polvo de aluminuro de titanio<\/span><\/h2>\n<p>El polvo<br \/>\n<span style=\"color: #0000ff;\"><a style=\"color: #0000ff;\" href=\"https:\/\/ulpmat.com\/es\/buscar\/?type=name&#038;keyword=Titanium+aluminide\">de aluminuro de titanio<\/a><\/span><br \/>\nes un aluminuro de titanio con un alto punto de fusi\u00f3n que presenta una excelente resistencia a las altas temperaturas y estabilidad qu\u00edmica. Se utiliza ampliamente en materiales estructurales para altas temperaturas, cer\u00e1micas funcionales, productos de pulvimetalurgia y en la preparaci\u00f3n de pel\u00edculas finas y blancos.<\/p>\n<p>Ofrecemos polvo de TiAl3 con una composici\u00f3n uniforme y una estructura de fase estable, adecuado para aplicaciones industriales y de investigaci\u00f3n. P\u00f3ngase <span style=\"color: #0000ff;\"><a style=\"color: #0000ff;\" href=\"https:\/\/ulpmat.com\/es\/contacto\/\">en contacto con nosotros<\/a><\/span><br \/>\npara obtener especificaciones detalladas e informaci\u00f3n t\u00e9cnica.<\/p>\n<h2><span style=\"font-size: 14pt;\">Caracter\u00edsticas destacadas del producto<\/span><\/h2>\n<p>Aluminuro de titanio de alto punto de fusi\u00f3n<br \/>\nExcelente resistencia a altas temperaturas<br \/>\nBuena estabilidad qu\u00edmica<br \/>\nSe puede utilizar como fase de refuerzo en materiales compuestos<br \/>\nAdecuado para blancos de pulverizaci\u00f3n y preparaci\u00f3n de pel\u00edculas finas<br \/>\nConsistencia fiable de los lotes.<br \/>\nDistribuci\u00f3n del tama\u00f1o de las part\u00edculas controlable.<\/p>\n<h2><span style=\"font-size: 14pt;\">Aplicaciones del polvo de aluminuro de titanio<\/span><\/h2>\n<p><strong>Materiales estructurales para altas temperaturas:<\/strong><br \/>\nse puede utilizar para preparar materiales estructurales resistentes a altas temperaturas y a la oxidaci\u00f3n, adecuados para aplicaciones aeroespaciales e industriales a altas temperaturas.<br \/>\n<strong>Cer\u00e1micas funcionales y materiales compuestos:<\/strong><br \/>\nse puede utilizar como fase de refuerzo en compuestos cer\u00e1micos y de matriz met\u00e1lica, mejorando la resistencia, la dureza y la estabilidad t\u00e9rmica de los materiales.<br \/>\n<strong>Diana de pulverizaci\u00f3n y preparaci\u00f3n de pel\u00edculas delgadas:<\/strong><br \/>\nse puede utilizar para preparar dianas y pel\u00edculas delgadas funcionales mediante pulverizaci\u00f3n cat\u00f3dica con magnetr\u00f3n u otros procesos de PVD.<br \/>\n<strong>Investigaci\u00f3n y desarrollo de materiales:<\/strong><br \/>\naplicable a la investigaci\u00f3n sobre sistemas de aluminuro de titanio, la exploraci\u00f3n de nuevos materiales de alta temperatura y las pruebas de rendimiento de pel\u00edculas delgadas.<\/p>\n<h2><span style=\"color: #0000ff;\"><a style=\"color: #0000ff;\" href=\"https:\/\/ulpmat.com\/es\/empresa\/preguntas-frecuentes\/\"><span style=\"font-size: 14pt;\">Preguntas frecuentes<\/span><\/a><\/span><\/h2>\n<p>P1: \u00bfQu\u00e9 tipo de material es el polvo de TiAl3?<br \/>\nR1: Un aluminuro de titanio de alto punto de fusi\u00f3n, que posee tanto resistencia met\u00e1lica como resistencia cer\u00e1mica a altas temperaturas.<\/p>\n<p>P2: \u00bfEs el polvo de TiAl\u2083 adecuado para aplicaciones a alta temperatura?<br \/>\nR2: S\u00ed, este material presenta una buena estabilidad estructural y resistencia a la oxidaci\u00f3n a altas temperaturas.<\/p>\n<p>P3: \u00bfSe puede utilizar el polvo de aluminuro de titanio para preparar blancos de pulverizaci\u00f3n?<br \/>\nR3: S\u00ed, se utiliza com\u00fanmente para preparar blancos de pulverizaci\u00f3n y sinterizaci\u00f3n, adecuados para procesos de PVD.<\/p>\n<p>P4: \u00bfEn qu\u00e9 \u00e1reas de investigaci\u00f3n se aplica principalmente el polvo de aluminuro de titanio?<br \/>\nR4: Se utiliza principalmente para la investigaci\u00f3n de materiales estructurales de alta temperatura, el desarrollo de materiales compuestos cer\u00e1micos funcionales y la preparaci\u00f3n de pel\u00edculas delgadas.<\/p>\n<h2><span style=\"font-size: 14pt;\">Informe<\/span><\/h2>\n<p>Cada lote se suministra con:<br \/>\n<span style=\"color: #0000ff;\"><a style=\"color: #0000ff;\" href=\"https:\/\/ulpmat.com\/es\/documentos\/certificado-de-analisis\/\"><u>Certificado de an\u00e1lisis (COA)<\/u><\/a><\/span><\/p>\n<p><span style=\"color: #0000ff;\"><a style=\"color: #0000ff;\" href=\"https:\/\/ulpmat.com\/es\/documentos\/ficha-tecnica\/\"><u>Ficha t\u00e9cnica (TDS)<\/u><\/a><\/span><\/p>\n<p><span style=\"color: #0000ff;\"><a style=\"color: #0000ff;\" href=\"https:\/\/ulpmat.com\/es\/documentos\/ficha-de-datos-de-seguridad\/\"><u>Ficha de datos de seguridad (MSDS)<\/u><\/a><\/span><br \/>\nInformes de pruebas de terceros disponibles bajo petici\u00f3n<\/p>\n<h2><span style=\"font-size: 14pt;\">\u00bfPor qu\u00e9 elegirnos?<\/span><\/h2>\n<p>Nos especializamos en la investigaci\u00f3n y el suministro de polvos de aluminuro de titanio de alto rendimiento, lo que garantiza la fiabilidad de los polvos de TiAl\u2083 en cuanto a estructura de fase, consistencia de los lotes y rendimiento a altas temperaturas, proporcionando un apoyo estable para la investigaci\u00f3n cient\u00edfica y las aplicaciones industriales.<\/p>\n","protected":false},"excerpt":{"rendered":"<p>Descripci\u00f3n general del polvo de aluminuro de titanio El polvo de aluminuro de titanio es un aluminuro de titanio con un alto punto de fusi\u00f3n que presenta una excelente resistencia a las altas temperaturas y estabilidad qu\u00edmica. Se utiliza ampliamente en materiales estructurales para altas temperaturas, cer\u00e1micas funcionales, productos de pulvimetalurgia y en la preparaci\u00f3n [&hellip;]<\/p>\n","protected":false},"featured_media":44020,"template":"","meta":{"_acf_changed":false},"product_brand":[132],"product_cat":[338],"product_tag":[5773],"class_list":{"0":"post-44019","1":"product","2":"type-product","3":"status-publish","4":"has-post-thumbnail","6":"product_brand-ulpmat","7":"product_cat-metales-puros-y-aleaciones","8":"product_tag-aluminuro-de-titanio-en-polvo","10":"first","11":"instock","12":"shipping-taxable","13":"product-type-variable"},"acf":[],"_links":{"self":[{"href":"https:\/\/ulpmat.com\/es\/wp-json\/wp\/v2\/product\/44019","targetHints":{"allow":["GET"]}}],"collection":[{"href":"https:\/\/ulpmat.com\/es\/wp-json\/wp\/v2\/product"}],"about":[{"href":"https:\/\/ulpmat.com\/es\/wp-json\/wp\/v2\/types\/product"}],"wp:featuredmedia":[{"embeddable":true,"href":"https:\/\/ulpmat.com\/es\/wp-json\/wp\/v2\/media\/44020"}],"wp:attachment":[{"href":"https:\/\/ulpmat.com\/es\/wp-json\/wp\/v2\/media?parent=44019"}],"wp:term":[{"taxonomy":"product_brand","embeddable":true,"href":"https:\/\/ulpmat.com\/es\/wp-json\/wp\/v2\/product_brand?post=44019"},{"taxonomy":"product_cat","embeddable":true,"href":"https:\/\/ulpmat.com\/es\/wp-json\/wp\/v2\/product_cat?post=44019"},{"taxonomy":"product_tag","embeddable":true,"href":"https:\/\/ulpmat.com\/es\/wp-json\/wp\/v2\/product_tag?post=44019"}],"curies":[{"name":"wp","href":"https:\/\/api.w.org\/{rel}","templated":true}]}}