{"id":43899,"date":"2026-01-23T13:24:22","date_gmt":"2026-01-23T05:24:22","guid":{"rendered":"https:\/\/ulpmat.com\/product\/carburo-de-titanio-3\/"},"modified":"2026-01-23T13:24:22","modified_gmt":"2026-01-23T05:24:22","slug":"carburo-de-titanio-3","status":"publish","type":"product","link":"https:\/\/ulpmat.com\/es\/producto\/carburo-de-titanio-3\/","title":{"rendered":"Carburo de titanio"},"content":{"rendered":"<h2><span style=\"font-size: 14pt;\">Descripci\u00f3n general de los gr\u00e1nulos de carburo de titanio<\/span><\/h2>\n<p>Los gr\u00e1nulos<br \/>\n<span style=\"color: #0000ff;\"><a style=\"color: #0000ff;\" href=\"https:\/\/ulpmat.com\/es\/buscar\/?type=name&#038;keyword=Titanium+carbide\">de carburo de titanio<\/a><\/span><br \/>\nson un material cer\u00e1mico de alto punto de fusi\u00f3n con excelente dureza, estabilidad qu\u00edmica y conductividad el\u00e9ctrica. Se utilizan ampliamente en entornos industriales y de investigaci\u00f3n exigentes como fuentes de evaporaci\u00f3n, aditivos para materiales compuestos y materias primas cer\u00e1micas avanzadas.<\/p>\n<p>Suministramos gr\u00e1nulos de carburo de titanio con una composici\u00f3n controlable y una morfolog\u00eda consistente, adecuados para el tratamiento t\u00e9rmico y la investigaci\u00f3n de materiales. P\u00f3ngase<span style=\"color: #0000ff;\"><a style=\"color: #0000ff;\" href=\"https:\/\/ulpmat.com\/es\/contacto\/\"> en contacto con nosotros<\/a><\/span><br \/>\npara discutir las especificaciones, los requisitos de los lotes y la idoneidad t\u00e9cnica del producto para su aplicaci\u00f3n.<\/p>\n<h2><span style=\"font-size: 14pt;\">Caracter\u00edsticas destacadas del producto<\/span><\/h2>\n<p>Punto de fusi\u00f3n y estabilidad t\u00e9rmica extremadamente altos<br \/>\nExcelente dureza y resistencia al desgaste<br \/>\nBuena conductividad el\u00e9ctrica y t\u00e9rmica en cer\u00e1mica<br \/>\nInertia qu\u00edmica a altas temperaturas<br \/>\nAdecuado para la evaporaci\u00f3n y el procesamiento a altas temperaturas<\/p>\n<h2><span style=\"font-size: 14pt;\">. Aplicaciones de los gr\u00e1nulos de carburo de titanio<\/span><\/h2>\n<p><strong>Deposici\u00f3n de pel\u00edcula fina y fuente de evaporaci\u00f3n:<\/strong><br \/>\nen los procesos de deposici\u00f3n f\u00edsica de vapor (PVD) que requieren altas temperaturas y estabilidad composicional, las part\u00edculas de carburo de titanio pueden utilizarse como materiales de evaporaci\u00f3n estables.<br \/>\n<strong>Recubrimientos duros e ingenier\u00eda de superficies:<\/strong><br \/>\ncomo material precursor, puede utilizarse para preparar recubrimientos protectores resistentes al desgaste para herramientas de corte y piezas mec\u00e1nicas.<br \/>\n<strong>Matrices met\u00e1licas y compuestos cer\u00e1micos:<\/strong><br \/>\nse a\u00f1ade a los sistemas compuestos para mejorar su dureza, resistencia y rendimiento a altas temperaturas.<br \/>\n<strong>Cer\u00e1mica avanzada e investigaci\u00f3n:<\/strong><br \/>\nse utiliza habitualmente en laboratorios y en la producci\u00f3n a escala piloto para la investigaci\u00f3n de cer\u00e1micas y materiales funcionales a temperaturas ultraaltas.<\/p>\n<h2><span style=\"color: #0000ff;\"><a style=\"color: #0000ff;\" href=\"https:\/\/ulpmat.com\/es\/empresa\/preguntas-frecuentes\/\"><span style=\"font-size: 14pt;\">Preguntas frecuentes<\/span><\/a><\/span><\/h2>\n<p>P1: \u00bfPor qu\u00e9 el carburo de titanio es adecuado para entornos de alta temperatura?<br \/>\nR1: Este material tiene un punto de fusi\u00f3n extremadamente alto y fuertes enlaces covalentes, lo que le permite mantener propiedades estables incluso en condiciones t\u00e9rmicas extremas.<\/p>\n<p>P2: \u00bfSe pueden utilizar los gr\u00e1nulos de carburo de titanio directamente como fuente de evaporaci\u00f3n?<br \/>\nR2: S\u00ed, debido a su estabilidad t\u00e9rmica y qu\u00edmica, se utiliza habitualmente en procesos relacionados con la evaporaci\u00f3n y la deposici\u00f3n f\u00edsica de vapor (PVD).<\/p>\n<p>P3: \u00bfC\u00f3mo se compara el carburo de titanio con otros materiales de carburo?<br \/>\nR3: En comparaci\u00f3n con muchos carburos, el carburo de titanio combina dureza, conductividad el\u00e9ctrica y resistencia a la oxidaci\u00f3n a altas temperaturas.<\/p>\n<p>P4: \u00bfEs el carburo de titanio adecuado para los procesos de fabricaci\u00f3n de materiales compuestos?<br \/>\nR4: Se utiliza ampliamente en compuestos de matriz met\u00e1lica y compuestos cer\u00e1micos para mejorar sus propiedades mec\u00e1nicas y t\u00e9rmicas.<\/p>\n<h2><span style=\"font-size: 14pt;\">Informe<\/span><\/h2>\n<p>Cada lote se suministra con:<br \/>\n<span style=\"color: #0000ff;\"><a style=\"color: #0000ff;\" href=\"https:\/\/ulpmat.com\/es\/documentos\/certificado-de-analisis\/\"><u>Certificado de an\u00e1lisis (COA)<\/u><\/a><\/span><\/p>\n<p><span style=\"color: #0000ff;\"><a style=\"color: #0000ff;\" href=\"https:\/\/ulpmat.com\/es\/documentos\/ficha-tecnica\/\"><u>Ficha t\u00e9cnica (TDS)<\/u><\/a><\/span><\/p>\n<p><span style=\"color: #0000ff;\"><a style=\"color: #0000ff;\" href=\"https:\/\/ulpmat.com\/es\/documentos\/ficha-de-datos-de-seguridad\/\"><u>Ficha de datos de seguridad (MSDS)<\/u><\/a><\/span><br \/>\nInforme de inspecci\u00f3n de tama\u00f1o<br \/>\nInformes de pruebas de terceros disponibles bajo petici\u00f3n<\/p>\n<h2><span style=\"font-size: 14pt;\">\u00bfPor qu\u00e9 elegirnos?<\/span><\/h2>\n<p>Con una amplia experiencia en materiales inorg\u00e1nicos avanzados, nos comprometemos a proporcionar un suministro estable de gr\u00e1nulos de carburo de titanio, consistencia de los materiales y asistencia orientada a la aplicaci\u00f3n para la investigaci\u00f3n y la producci\u00f3n industrial.<\/p>\n","protected":false},"excerpt":{"rendered":"<p>Descripci\u00f3n general de los gr\u00e1nulos de carburo de titanio Los gr\u00e1nulos de carburo de titanio son un material cer\u00e1mico de alto punto de fusi\u00f3n con excelente dureza, estabilidad qu\u00edmica y conductividad el\u00e9ctrica. Se utilizan ampliamente en entornos industriales y de investigaci\u00f3n exigentes como fuentes de evaporaci\u00f3n, aditivos para materiales compuestos y materias primas cer\u00e1micas avanzadas. [&hellip;]<\/p>\n","protected":false},"featured_media":43900,"template":"","meta":{"_acf_changed":false},"product_brand":[],"product_cat":[340],"product_tag":[5749],"class_list":{"0":"post-43899","1":"product","2":"type-product","3":"status-publish","4":"has-post-thumbnail","6":"product_cat-materiales-de-evaporacion","7":"product_tag-granulos-de-carburo-de-titanio","9":"first","10":"instock","11":"shipping-taxable","12":"product-type-variable"},"acf":[],"_links":{"self":[{"href":"https:\/\/ulpmat.com\/es\/wp-json\/wp\/v2\/product\/43899","targetHints":{"allow":["GET"]}}],"collection":[{"href":"https:\/\/ulpmat.com\/es\/wp-json\/wp\/v2\/product"}],"about":[{"href":"https:\/\/ulpmat.com\/es\/wp-json\/wp\/v2\/types\/product"}],"wp:featuredmedia":[{"embeddable":true,"href":"https:\/\/ulpmat.com\/es\/wp-json\/wp\/v2\/media\/43900"}],"wp:attachment":[{"href":"https:\/\/ulpmat.com\/es\/wp-json\/wp\/v2\/media?parent=43899"}],"wp:term":[{"taxonomy":"product_brand","embeddable":true,"href":"https:\/\/ulpmat.com\/es\/wp-json\/wp\/v2\/product_brand?post=43899"},{"taxonomy":"product_cat","embeddable":true,"href":"https:\/\/ulpmat.com\/es\/wp-json\/wp\/v2\/product_cat?post=43899"},{"taxonomy":"product_tag","embeddable":true,"href":"https:\/\/ulpmat.com\/es\/wp-json\/wp\/v2\/product_tag?post=43899"}],"curies":[{"name":"wp","href":"https:\/\/api.w.org\/{rel}","templated":true}]}}