{"id":43789,"date":"2026-01-23T13:24:24","date_gmt":"2026-01-23T05:24:24","guid":{"rendered":"https:\/\/ulpmat.com\/product\/carbonitruro-de-titanio\/"},"modified":"2026-01-23T13:24:24","modified_gmt":"2026-01-23T05:24:24","slug":"carbonitruro-de-titanio","status":"publish","type":"product","link":"https:\/\/ulpmat.com\/es\/producto\/carbonitruro-de-titanio\/","title":{"rendered":"Carbonitruro de titanio"},"content":{"rendered":"<h2><span style=\"font-size: 14pt;\">Objetivos de pulverizaci\u00f3n de carbonitruro de titanio Descripci\u00f3n general<\/span><\/h2>\n<p>Los objetivos de pulverizaci\u00f3n<br \/>\n<span style=\"color: #0000ff;\"><a style=\"color: #0000ff;\" href=\"https:\/\/ulpmat.com\/es\/buscar\/?type=name&#038;keyword=Titanium+Carbonitride\">de carbonitruro de titanio<\/a><\/span><br \/>\nest\u00e1n compuestos por carburo de titanio y nitruro de titanio, combinando la alta dureza, la resistencia al desgaste y la excelente estabilidad t\u00e9rmica de ambos materiales cer\u00e1micos. Gracias al dise\u00f1o del sistema compuesto, este objetivo presenta un rendimiento m\u00e1s equilibrado en t\u00e9rminos de densidad de la pel\u00edcula, propiedades mec\u00e1nicas y estabilidad de servicio, y se utiliza ampliamente en la preparaci\u00f3n de recubrimientos resistentes al desgaste, pel\u00edculas delgadas funcionales y recubrimientos de ingenier\u00eda de alta exigencia.<\/p>\n<p>Podemos proporcionar blancos de pulverizaci\u00f3n TiC-TiN densos y uniformemente distribuidos, adecuados para sistemas de pulverizaci\u00f3n cat\u00f3dica con magnetr\u00f3n de CC o RF. Tambi\u00e9n podemos proporcionar productos blancos de diferentes tama\u00f1os, formas y esquemas <span style=\"color: #0000ff;\"><a style=\"color: #0000ff;\" href=\"https:\/\/ulpmat.com\/es\/servicio\/vinculacion-de-objetivos\/\">de uni\u00f3n<\/a><\/span><br \/>\nseg\u00fan los requisitos del equipo, lo que permite su uso tanto en aplicaciones industriales como de investigaci\u00f3n.<\/p>\n<h2><span style=\"font-size: 14pt;\">Caracter\u00edsticas destacadas del producto<\/span><\/h2>\n<p>Combina la alta dureza y resistencia al desgaste del TiC y el TiN.<br \/>\nBuena estabilidad a altas temperaturas, adecuada para aplicaciones de pulverizaci\u00f3n cat\u00f3dica de potencia media a alta.<br \/>\nPropiedades mec\u00e1nicas y estabilidad estructural equilibradas de la pel\u00edcula delgada.<br \/>\nEl dise\u00f1o compuesto de la composici\u00f3n ayuda a mejorar el rendimiento general de la pel\u00edcula delgada.<br \/>\nAdecuado para diversos procesos de deposici\u00f3n de pel\u00edculas delgadas PVD<\/p>\n<h2><span style=\"font-size: 14pt;\">. Aplicaciones de los blancos de pulverizaci\u00f3n de carbonitruro de titanio<\/span><\/h2>\n<p><strong>Recubrimientos resistentes al desgaste y protectores:<\/strong><br \/>\nse utilizan habitualmente para preparar recubrimientos resistentes al desgaste con alta dureza y bajo coeficiente de fricci\u00f3n, adecuados para las superficies de herramientas de corte, moldes y piezas mec\u00e1nicas.<br \/>\n<strong>Pel\u00edculas delgadas funcionales y de ingenier\u00eda:<\/strong><br \/>\nen recubrimientos funcionales y aplicaciones de ingenier\u00eda, este objetivo se puede utilizar para obtener estructuras de pel\u00edcula delgada compuestas que equilibran la dureza y la estabilidad.<br \/>\n<strong>Pel\u00edculas delgadas para altas temperaturas y entornos hostiles:<\/strong><br \/>\nadecuadas para la investigaci\u00f3n y la aplicaci\u00f3n de materiales de pel\u00edcula delgada utilizados en condiciones de alta temperatura, fricci\u00f3n o servicio complejo.<br \/>\n<strong>Investigaci\u00f3n cient\u00edfica y desarrollo de procesos:<\/strong><br \/>\nampliamente utilizado en universidades, instituciones de investigaci\u00f3n y laboratorios para optimizar nuevos materiales compuestos de pel\u00edcula delgada y par\u00e1metros de proceso de pulverizaci\u00f3n.<\/p>\n<h2><span style=\"color: #0000ff; font-size: 14pt;\"><a style=\"color: #0000ff;\" href=\"https:\/\/ulpmat.com\/es\/empresa\/preguntas-frecuentes\/\">Preguntas frecuentes<\/a><\/span><\/h2>\n<p>P1: \u00bfPara qu\u00e9 m\u00e9todos de pulverizaci\u00f3n es adecuado el blanco de pulverizaci\u00f3n de carbonitruro de titanio?<br \/>\nR1: Este blanco se puede utilizar generalmente para la pulverizaci\u00f3n por magnetr\u00f3n de CC o la pulverizaci\u00f3n por magnetr\u00f3n de RF, dependiendo de la configuraci\u00f3n del equipo y los requisitos del proceso.<\/p>\n<p>P2: \u00bfQu\u00e9 propiedades de pel\u00edcula delgada se pueden obtener utilizando blancos de carbonitruro de titanio?<br \/>\nR2: Las pel\u00edculas delgadas depositadas suelen presentar una alta dureza, una buena resistencia al desgaste y propiedades estructurales estables.<\/p>\n<p>P3: \u00bfSon los blancos de pulverizaci\u00f3n de carbonitruro de titanio adecuados para la pulverizaci\u00f3n de alta potencia?<br \/>\nR3: Debido a su buena estabilidad t\u00e9rmica y su estructura densa, es adecuado para procesos de pulverizaci\u00f3n de alta densidad de potencia en condiciones de proceso adecuadas.<\/p>\n<p>P4: \u00bfEl uso de blancos compuestos durante la pulverizaci\u00f3n contribuye a la estabilidad de la composici\u00f3n de la pel\u00edcula?<br \/>\nR4: Bajo un control estable de la calidad del blanco y de los par\u00e1metros del proceso, los blancos compuestos ayudan a obtener pel\u00edculas delgadas compuestas con una composici\u00f3n relativamente uniforme.<\/p>\n<h2><span style=\"font-size: 14pt;\">Informe<\/span><\/h2>\n<p>Cada lote se suministra con:<br \/>\n<span style=\"color: #0000ff;\"><a style=\"color: #0000ff;\" href=\"https:\/\/ulpmat.com\/es\/documentos\/certificado-de-analisis\/\"><u>Certificado de an\u00e1lisis (COA)<\/u><\/a><\/span><\/p>\n<p><span style=\"color: #0000ff;\"><a style=\"color: #0000ff;\" href=\"https:\/\/ulpmat.com\/es\/documentos\/ficha-tecnica\/\"><u>Ficha t\u00e9cnica (TDS)<\/u><\/a><\/span><\/p>\n<p><span style=\"color: #0000ff;\"><a style=\"color: #0000ff;\" href=\"https:\/\/ulpmat.com\/es\/documentos\/ficha-de-datos-de-seguridad\/\"><u>Ficha de datos de seguridad (MSDS)<\/u><\/a><\/span><br \/>\nInforme de inspecci\u00f3n de tama\u00f1o<br \/>\nInformes de pruebas de terceros disponibles bajo petici\u00f3n.<\/p>\n<h2><span style=\"font-size: 14pt;\">\u00bfPor qu\u00e9 elegirnos?<\/span><\/h2>\n<p>Llevamos mucho tiempo centrados en los blancos de pulverizaci\u00f3n y los materiales inorg\u00e1nicos avanzados, haciendo hincapi\u00e9 en la densidad del blanco, la consistencia de la composici\u00f3n y la adaptabilidad del proceso, y podemos proporcionarle soluciones de materiales estables y fiables para la deposici\u00f3n de pel\u00edculas finas compuestas de TiC-TiN.<\/p>\n","protected":false},"excerpt":{"rendered":"<p>Objetivos de pulverizaci\u00f3n de carbonitruro de titanio Descripci\u00f3n general Los objetivos de pulverizaci\u00f3n de carbonitruro de titanio est\u00e1n compuestos por carburo de titanio y nitruro de titanio, combinando la alta dureza, la resistencia al desgaste y la excelente estabilidad t\u00e9rmica de ambos materiales cer\u00e1micos. Gracias al dise\u00f1o del sistema compuesto, este objetivo presenta un rendimiento [&hellip;]<\/p>\n","protected":false},"featured_media":43790,"template":"","meta":{"_acf_changed":false},"product_brand":[132],"product_cat":[457],"product_tag":[5725],"class_list":{"0":"post-43789","1":"product","2":"type-product","3":"status-publish","4":"has-post-thumbnail","6":"product_brand-ulpmat","7":"product_cat-blanco-ceramico-para-sputtering","8":"product_tag-catodos-para-sputtering-de-carbonitruro-de-titanio","10":"first","11":"instock","12":"shipping-taxable","13":"product-type-variable"},"acf":[],"_links":{"self":[{"href":"https:\/\/ulpmat.com\/es\/wp-json\/wp\/v2\/product\/43789","targetHints":{"allow":["GET"]}}],"collection":[{"href":"https:\/\/ulpmat.com\/es\/wp-json\/wp\/v2\/product"}],"about":[{"href":"https:\/\/ulpmat.com\/es\/wp-json\/wp\/v2\/types\/product"}],"wp:featuredmedia":[{"embeddable":true,"href":"https:\/\/ulpmat.com\/es\/wp-json\/wp\/v2\/media\/43790"}],"wp:attachment":[{"href":"https:\/\/ulpmat.com\/es\/wp-json\/wp\/v2\/media?parent=43789"}],"wp:term":[{"taxonomy":"product_brand","embeddable":true,"href":"https:\/\/ulpmat.com\/es\/wp-json\/wp\/v2\/product_brand?post=43789"},{"taxonomy":"product_cat","embeddable":true,"href":"https:\/\/ulpmat.com\/es\/wp-json\/wp\/v2\/product_cat?post=43789"},{"taxonomy":"product_tag","embeddable":true,"href":"https:\/\/ulpmat.com\/es\/wp-json\/wp\/v2\/product_tag?post=43789"}],"curies":[{"name":"wp","href":"https:\/\/api.w.org\/{rel}","templated":true}]}}