{"id":43395,"date":"2026-01-23T13:24:34","date_gmt":"2026-01-23T05:24:34","guid":{"rendered":"https:\/\/ulpmat.com\/product\/monoxido-de-titanio-2\/"},"modified":"2026-01-23T13:24:34","modified_gmt":"2026-01-23T05:24:34","slug":"monoxido-de-titanio-2","status":"publish","type":"product","link":"https:\/\/ulpmat.com\/es\/producto\/monoxido-de-titanio-2\/","title":{"rendered":"Mon\u00f3xido de titanio"},"content":{"rendered":"<h2><span style=\"font-size: 14pt;\">Descripci\u00f3n general del polvo de mon\u00f3xido de titanio<\/span><\/h2>\n<p>El polvo<br \/>\n<span style=\"color: #0000ff;\"><a style=\"color: #0000ff;\" href=\"https:\/\/ulpmat.com\/es\/buscar\/?type=name&#038;keyword=Titanium+Monoxide\">de mon\u00f3xido de titanio<\/a><\/span><br \/>\nes un importante material de \u00f3xido de titanio que posee una excelente estabilidad qu\u00edmica, conductividad el\u00e9ctrica y resistencia a altas temperaturas. Este material se utiliza com\u00fanmente en metalurgia de polvos, cer\u00e1micas funcionales, compuestos conductores e investigaci\u00f3n cient\u00edfica, lo que lo hace adecuado para aplicaciones con requisitos de rendimiento espec\u00edficos para sistemas de \u00f3xido de titanio.<\/p>\n<p>Podemos proporcionar polvo de TiO de alta pureza y bien disperso, adecuado para la investigaci\u00f3n cient\u00edfica y el desarrollo de materiales industriales. Se pueden proporcionar diferentes rangos de tama\u00f1o de part\u00edculas y especificaciones de envasado seg\u00fan las necesidades del cliente para adaptarse a los requisitos espec\u00edficos del proceso.<\/p>\n<h2><span style=\"font-size: 14pt;\">Caracter\u00edsticas destacadas del producto<\/span><\/h2>\n<p>Composici\u00f3n qu\u00edmica estable y buena consistencia de rendimiento<br \/>\nBuena dispersabilidad del polvo, f\u00e1cil de procesar y utilizar<br \/>\nAdecuado para sistemas de pulvimetalurgia y compuestos cer\u00e1micos<br \/>\nPosee cierta conductividad el\u00e9ctrica, adecuada para el dise\u00f1o de materiales funcionales<br \/>\nApoya la investigaci\u00f3n cient\u00edfica y las aplicaciones industriales<\/p>\n<h2><span style=\"font-size: 14pt;\">Aplicaciones del polvo<\/span><\/h2>\n<p><strong>de<\/strong><\/p>\n<h2><span style=\"font-size: 14pt;\">mon\u00f3xido de titanio<\/span><\/h2>\n<p><strong>Materiales de pulvimetalurgia:<\/strong><br \/>\nse puede utilizar como fase aditiva funcional para mejorar el rendimiento general y la estabilidad estructural de los materiales.<br \/>\n<strong>Cer\u00e1micas y compuestos funcionales:<\/strong><br \/>\nse utiliza para preparar sistemas cer\u00e1micos y compuestos con resistencia al calor y estabilidad.<br \/>\n<strong>Investigaci\u00f3n de materiales conductores y funcionales:<\/strong><br \/>\ntiene valor de aplicaci\u00f3n en la investigaci\u00f3n de cer\u00e1micas conductoras, \u00f3xidos funcionales y materiales relacionados.<br \/>\n<strong>Investigaci\u00f3n cient\u00edfica y desarrollo de nuevos materiales:<\/strong><br \/>\nampliamente utilizado en universidades e instituciones de investigaci\u00f3n para la investigaci\u00f3n de materiales y procesos relacionados con el \u00f3xido de titanio.<\/p>\n<h2><span style=\"color: #0000ff; font-size: 14pt;\"><a style=\"color: #0000ff;\" href=\"https:\/\/ulpmat.com\/es\/empresa\/preguntas-frecuentes\/\">Preguntas frecuentes<\/a><\/span><\/h2>\n<p>P1: \u00bfPara qu\u00e9 sistemas de materiales es adecuado el polvo de mon\u00f3xido de titanio?<br \/>\nR1: Se utiliza principalmente en metalurgia de polvos, cer\u00e1micas funcionales y materiales compuestos de \u00f3xido de titanio.<\/p>\n<p>P2: \u00bfQu\u00e9 precauciones se deben tomar al almacenar el polvo de TiO?<br \/>\nR2: Se recomienda almacenarlo en un entorno seco y sellado, evitando la humedad y la exposici\u00f3n prolongada al aire.<\/p>\n<p>P3: \u00bfPueden proporcionar polvo de mon\u00f3xido de titanio con diferentes tama\u00f1os de part\u00edculas seg\u00fan los requisitos?<br \/>\nR3: S\u00ed, podemos proporcionar soluciones personalizadas con diferentes rangos de tama\u00f1o de part\u00edculas seg\u00fan los requisitos espec\u00edficos de la aplicaci\u00f3n.<\/p>\n<p>P4: \u00bfEl polvo de TiO es m\u00e1s adecuado para la investigaci\u00f3n cient\u00edfica o para aplicaciones industriales?<br \/>\nR4: Es adecuado tanto para la investigaci\u00f3n cient\u00edfica y el uso experimental, como para el desarrollo de materiales industriales en condiciones de proceso estables.<\/p>\n<h2><span style=\"font-size: 14pt;\">Informe<\/span><\/h2>\n<p>Cada lote se suministra con:<br \/>\n<span style=\"color: #0000ff;\"><a style=\"color: #0000ff;\" href=\"https:\/\/ulpmat.com\/es\/documentos\/certificado-de-analisis\/\"><u>Certificado de an\u00e1lisis (COA)<\/u><\/a><\/span><\/p>\n<p><span style=\"color: #0000ff;\"><a style=\"color: #0000ff;\" href=\"https:\/\/ulpmat.com\/es\/documentos\/ficha-tecnica\/\"><u>Ficha t\u00e9cnica (TDS)<\/u><\/a><\/span><\/p>\n<p><span style=\"color: #0000ff;\"><a style=\"color: #0000ff;\" href=\"https:\/\/ulpmat.com\/es\/documentos\/ficha-de-datos-de-seguridad\/\"><u>Ficha de datos de seguridad (MSDS)<\/u><\/a><\/span><br \/>\nInformes de pruebas de terceros disponibles bajo petici\u00f3n<\/p>\n<h2><span style=\"font-size: 14pt;\">\u00bfPor qu\u00e9 elegirnos?<\/span><\/h2>\n<p>Llevamos mucho tiempo centrados en los polvos de \u00f3xido de titanio y los materiales relacionados, haciendo hincapi\u00e9 en la estabilidad del polvo, la consistencia de los lotes y la adaptabilidad de las aplicaciones, proporcionando soluciones fiables para el polvo de TiO2 en la investigaci\u00f3n cient\u00edfica y las aplicaciones industriales.<\/p>\n","protected":false},"excerpt":{"rendered":"<p>Descripci\u00f3n general del polvo de mon\u00f3xido de titanio El polvo de mon\u00f3xido de titanio es un importante material de \u00f3xido de titanio que posee una excelente estabilidad qu\u00edmica, conductividad el\u00e9ctrica y resistencia a altas temperaturas. Este material se utiliza com\u00fanmente en metalurgia de polvos, cer\u00e1micas funcionales, compuestos conductores e investigaci\u00f3n cient\u00edfica, lo que lo hace [&hellip;]<\/p>\n","protected":false},"featured_media":43396,"template":"","meta":{"_acf_changed":false},"product_brand":[132],"product_cat":[438],"product_tag":[5623],"class_list":{"0":"post-43395","1":"product","2":"type-product","3":"status-publish","4":"has-post-thumbnail","6":"product_brand-ulpmat","7":"product_cat-oxidos","8":"product_tag-monoxido-de-titanio-en-polvo","10":"first","11":"instock","12":"shipping-taxable","13":"product-type-variable"},"acf":[],"_links":{"self":[{"href":"https:\/\/ulpmat.com\/es\/wp-json\/wp\/v2\/product\/43395","targetHints":{"allow":["GET"]}}],"collection":[{"href":"https:\/\/ulpmat.com\/es\/wp-json\/wp\/v2\/product"}],"about":[{"href":"https:\/\/ulpmat.com\/es\/wp-json\/wp\/v2\/types\/product"}],"wp:featuredmedia":[{"embeddable":true,"href":"https:\/\/ulpmat.com\/es\/wp-json\/wp\/v2\/media\/43396"}],"wp:attachment":[{"href":"https:\/\/ulpmat.com\/es\/wp-json\/wp\/v2\/media?parent=43395"}],"wp:term":[{"taxonomy":"product_brand","embeddable":true,"href":"https:\/\/ulpmat.com\/es\/wp-json\/wp\/v2\/product_brand?post=43395"},{"taxonomy":"product_cat","embeddable":true,"href":"https:\/\/ulpmat.com\/es\/wp-json\/wp\/v2\/product_cat?post=43395"},{"taxonomy":"product_tag","embeddable":true,"href":"https:\/\/ulpmat.com\/es\/wp-json\/wp\/v2\/product_tag?post=43395"}],"curies":[{"name":"wp","href":"https:\/\/api.w.org\/{rel}","templated":true}]}}