{"id":43286,"date":"2026-01-23T13:24:36","date_gmt":"2026-01-23T05:24:36","guid":{"rendered":"https:\/\/ulpmat.com\/product\/dioxido-de-titanio-2\/"},"modified":"2026-01-23T13:24:36","modified_gmt":"2026-01-23T05:24:36","slug":"dioxido-de-titanio-2","status":"publish","type":"product","link":"https:\/\/ulpmat.com\/es\/producto\/dioxido-de-titanio-2\/","title":{"rendered":"Di\u00f3xido de titanio"},"content":{"rendered":"<h2><span style=\"font-size: 14pt;\">Descripci\u00f3n general del di\u00f3xido de titanio en polvo<\/span><\/h2>\n<p><span style=\"color: #0000ff;\"><a style=\"color: #0000ff;\" href=\"https:\/\/ulpmat.com\/es\/buscar\/?type=name&#038;keyword=Titanium+Dioxide\">El di\u00f3xido de titanio<\/a><\/span><br \/>\nen polvo es un importante material \u00f3xido inorg\u00e1nico con una excelente estabilidad qu\u00edmica, estabilidad t\u00e9rmica y propiedades <span style=\"color: #0000ff;\"><a style=\"color: #0000ff;\" href=\"https:\/\/ulpmat.com\/es\/solicitud\/materiales-opticos\/\">\u00f3pticas<\/a><\/span><br \/>\n, ampliamente utilizado en materiales de pel\u00edcula fina, recubrimientos funcionales e investigaci\u00f3n de materiales relacionados.<\/p>\n<p>Ofrecemos di\u00f3xido de titanio en polvo en diversas especificaciones y admitimos <span style=\"color: #0000ff;\"><a style=\"color: #0000ff;\" href=\"https:\/\/ulpmat.com\/es\/servicio\/personalizacion\/\">la personalizaci\u00f3n<\/a><\/span><br \/>\nen funci\u00f3n de las necesidades espec\u00edficas de cada aplicaci\u00f3n. Para adaptarse a los procesos posteriores de moldeo, sinterizaci\u00f3n o deposici\u00f3n, los requisitos t\u00e9cnicos pueden confirmarse por adelantado.<\/p>\n<h2><span style=\"font-size: 14pt;\">Caracter\u00edsticas destacadas del producto<\/span><\/h2>\n<p>Qu\u00edmicamente estable y vers\u00e1til.<br \/>\nEn forma de polvo, f\u00e1cil de mezclar y reaccionar.<br \/>\nAdecuado como materia prima para materiales funcionales y materiales objetivo.<br \/>\nBeneficioso para el control de la estructura y el rendimiento de los materiales.<br \/>\nAdecuado para la investigaci\u00f3n cient\u00edfica y las aplicaciones industriales<\/p>\n<h2><span style=\"font-size: 14pt;\">. Aplicaciones del polvo de di\u00f3xido de titanio<\/span><\/h2>\n<p><strong>Preparaci\u00f3n de materiales funcionales y cer\u00e1micos:<\/strong><br \/>\nse puede utilizar en la preparaci\u00f3n de materiales cer\u00e1micos o materiales compuestos, obteniendo estructuras estables mediante procesos como la sinterizaci\u00f3n.<br \/>\n<strong>Investigaci\u00f3n de materiales de pel\u00edcula fina:<\/strong><br \/>\ncomo materia prima para la deposici\u00f3n de pel\u00edculas finas o el procesamiento de blancos, se utiliza a menudo para estudiar las propiedades de los materiales en diferentes condiciones de proceso.<br \/>\n<strong>Aplicaciones en materiales <span style=\"color: #0000ff;\"><a style=\"color: #0000ff;\" href=\"https:\/\/ulpmat.com\/es\/solicitud\/materiales-opticos\/\">\u00f3pticos<\/a> <\/span>y electr\u00f3nicos:<\/strong><br \/>\ndebido a sus propiedades \u00f3pticas, el di\u00f3xido de titanio se utiliza ampliamente en sistemas de materiales relacionados con la \u00f3ptica y la electr\u00f3nica.<\/p>\n<h2><span style=\"color: #0000ff;\"><a style=\"color: #0000ff;\" href=\"https:\/\/ulpmat.com\/es\/empresa\/preguntas-frecuentes\/\"><span style=\"font-size: 14pt;\">Preguntas frecuentes<\/span><\/a><\/span><\/h2>\n<p>P1: \u00bfPara qu\u00e9 aplicaciones es m\u00e1s adecuado el polvo de di\u00f3xido de titanio?<br \/>\nR1: Es adecuado para aplicaciones que requieren una reacci\u00f3n, mezcla o moldeado exhaustivos, como la preparaci\u00f3n de cer\u00e1mica, el procesamiento de materiales compuestos y la investigaci\u00f3n de materiales.<\/p>\n<p>P2: \u00bfSe puede utilizar el polvo de TiO\u2082 como materia prima para blancos de pulverizaci\u00f3n cat\u00f3dica?<br \/>\nR2: Se puede utilizar como materia prima b\u00e1sica para la preparaci\u00f3n de blancos de pulverizaci\u00f3n cat\u00f3dica o materiales de evaporaci\u00f3n. El m\u00e9todo de procesamiento espec\u00edfico debe determinarse en funci\u00f3n de la estructura final del blanco.<\/p>\n<p>P3: \u00bfQu\u00e9 precauciones se deben tomar al almacenar el polvo de di\u00f3xido de titanio?<br \/>\nR3: Se recomienda almacenarlo en un entorno sellado, seco y limpio, evitando la humedad o la contaminaci\u00f3n para mantener la estabilidad del polvo.<\/p>\n<p>P4: \u00bfSe puede personalizar el polvo de di\u00f3xido de titanio seg\u00fan los requisitos de la aplicaci\u00f3n?<br \/>\nR4: Se pueden proporcionar diferentes especificaciones o soluciones personalizadas seg\u00fan los requisitos del proceso del cliente para adaptarse mejor a las aplicaciones reales.<\/p>\n<h2><span style=\"font-size: 14pt;\">Informes<\/span><\/h2>\n<p>Cada lote se suministra con:<br \/>\n<span style=\"color: #0000ff;\"><a style=\"color: #0000ff;\" href=\"https:\/\/ulpmat.com\/es\/documentos\/certificado-de-analisis\/\"><u>Certificado de an\u00e1lisis (COA)<\/u><\/a><\/span><\/p>\n<p><span style=\"color: #0000ff;\"><a style=\"color: #0000ff;\" href=\"https:\/\/ulpmat.com\/es\/documentos\/ficha-tecnica\/\"><u>Ficha t\u00e9cnica (TDS)<\/u><\/a><\/span><\/p>\n<p><span style=\"color: #0000ff;\"><a style=\"color: #0000ff;\" href=\"https:\/\/ulpmat.com\/es\/documentos\/ficha-de-datos-de-seguridad\/\"><u>Ficha de datos de seguridad (MSDS)<\/u><\/a><\/span><br \/>\nInformes de pruebas de terceros disponibles bajo petici\u00f3n<\/p>\n<h2><span style=\"font-size: 14pt;\">\u00bfPor qu\u00e9 elegirnos?<\/span><\/h2>\n<p>Nos especializamos en el suministro de polvos inorg\u00e1nicos para la deposici\u00f3n de pel\u00edculas delgadas y materiales funcionales, contamos con una amplia experiencia en control de calidad y asistencia para aplicaciones, y podemos proporcionar soluciones estables y fiables de polvo de di\u00f3xido de titanio para clientes industriales y de investigaci\u00f3n.<\/p>\n","protected":false},"excerpt":{"rendered":"<p>Descripci\u00f3n general del di\u00f3xido de titanio en polvo El di\u00f3xido de titanio en polvo es un importante material \u00f3xido inorg\u00e1nico con una excelente estabilidad qu\u00edmica, estabilidad t\u00e9rmica y propiedades \u00f3pticas , ampliamente utilizado en materiales de pel\u00edcula fina, recubrimientos funcionales e investigaci\u00f3n de materiales relacionados. Ofrecemos di\u00f3xido de titanio en polvo en diversas especificaciones y [&hellip;]<\/p>\n","protected":false},"featured_media":43287,"template":"","meta":{"_acf_changed":false},"product_brand":[],"product_cat":[438],"product_tag":[5599],"class_list":{"0":"post-43286","1":"product","2":"type-product","3":"status-publish","4":"has-post-thumbnail","6":"product_cat-oxidos","7":"product_tag-dioxido-de-titanio-en-polvo","9":"first","10":"instock","11":"shipping-taxable","12":"product-type-variable"},"acf":[],"_links":{"self":[{"href":"https:\/\/ulpmat.com\/es\/wp-json\/wp\/v2\/product\/43286","targetHints":{"allow":["GET"]}}],"collection":[{"href":"https:\/\/ulpmat.com\/es\/wp-json\/wp\/v2\/product"}],"about":[{"href":"https:\/\/ulpmat.com\/es\/wp-json\/wp\/v2\/types\/product"}],"wp:featuredmedia":[{"embeddable":true,"href":"https:\/\/ulpmat.com\/es\/wp-json\/wp\/v2\/media\/43287"}],"wp:attachment":[{"href":"https:\/\/ulpmat.com\/es\/wp-json\/wp\/v2\/media?parent=43286"}],"wp:term":[{"taxonomy":"product_brand","embeddable":true,"href":"https:\/\/ulpmat.com\/es\/wp-json\/wp\/v2\/product_brand?post=43286"},{"taxonomy":"product_cat","embeddable":true,"href":"https:\/\/ulpmat.com\/es\/wp-json\/wp\/v2\/product_cat?post=43286"},{"taxonomy":"product_tag","embeddable":true,"href":"https:\/\/ulpmat.com\/es\/wp-json\/wp\/v2\/product_tag?post=43286"}],"curies":[{"name":"wp","href":"https:\/\/api.w.org\/{rel}","templated":true}]}}