{"id":43148,"date":"2026-01-23T13:27:55","date_gmt":"2026-01-23T05:27:55","guid":{"rendered":"https:\/\/ulpmat.com\/product\/suboxido-de-titanio\/"},"modified":"2026-01-23T13:27:55","modified_gmt":"2026-01-23T05:27:55","slug":"suboxido-de-titanio","status":"publish","type":"product","link":"https:\/\/ulpmat.com\/es\/producto\/suboxido-de-titanio\/","title":{"rendered":"Sub\u00f3xido de titanio"},"content":{"rendered":"<h2><span style=\"font-size: 14pt;\">Objetivos rotativos de sub\u00f3xido de titanio Descripci\u00f3n general<\/span><\/h2>\n<p>Los objetivos rotativos<br \/>\n<span style=\"color: #0000ff;\"><a style=\"color: #0000ff;\" href=\"https:\/\/ulpmat.com\/es\/buscar\/?type=name&#038;keyword=Titanium+suboxide\">de sub\u00f3xido de titanio<\/a><\/span><br \/>\nson objetivos de pulverizaci\u00f3n cer\u00e1micos tubulares dise\u00f1ados espec\u00edficamente para un recubrimiento continuo y de alta eficiencia. Su movimiento giratorio garantiza un grabado uniforme de la superficie del objetivo. Con altas tasas de utilizaci\u00f3n, altas tasas de deposici\u00f3n y una vida \u00fatil prolongada, son especialmente adecuados para la producci\u00f3n industrial continua a gran escala en \u00e1reas extensas.<\/p>\n<p>Ofrecemos objetivos rotativos de TiOx en m\u00faltiples especificaciones, compatibles con <span style=\"color: #0000ff;\"><a style=\"color: #0000ff;\" href=\"https:\/\/ulpmat.com\/es\/servicio\/vinculacion-de-objetivos\/\">la uni\u00f3n<\/a><\/span><br \/>\nde tubos de soporte met\u00e1licos o compuestos. Ofrecemos <span style=\"color: #0000ff;\"><a style=\"color: #0000ff;\" href=\"https:\/\/ulpmat.com\/es\/servicio\/asistencia-tecnica\/\">asistencia t\u00e9cnica<\/a><\/span><br \/>\ncompleta para la instalaci\u00f3n y el mantenimiento, con el fin de satisfacer los requisitos de su l\u00ednea de producci\u00f3n.<\/p>\n<h2><span style=\"font-size: 14pt;\">Caracter\u00edsticas destacadas del producto<\/span><\/h2>\n<p>\u00cdndice de utilizaci\u00f3n del material ultraalto (&gt;80 %)<br \/>\nEstabilidad continua con altas tasas de deposici\u00f3n<br \/>\nReducci\u00f3n de los n\u00f3dulos de pulverizaci\u00f3n y excelente uniformidad de la pel\u00edcula<br \/>\nLongitudes no est\u00e1ndar personalizables<br \/>\nTecnolog\u00eda <span style=\"color: #0000ff;\"><a style=\"color: #0000ff;\" href=\"https:\/\/ulpmat.com\/es\/servicio\/vinculacion-de-objetivos\/\">de uni\u00f3n<\/a><\/span><br \/>\nintegrada<\/p>\n<h2><span style=\"font-size: 14pt;\">Aplicaciones de los blancos rotativos de sub\u00f3xido de titanio<\/span><\/h2>\n<p><strong>Recubrimiento de vidrio arquitect\u00f3nico de gran superficie:<\/strong><br \/>\nEn l\u00edneas de producci\u00f3n continua de vidrio arquitect\u00f3nico energ\u00e9ticamente eficiente, los blancos rotativos TiOx permiten un recubrimiento eficiente y uniforme de grandes superficies, lo que aumenta significativamente el rendimiento y la consistencia de la pel\u00edcula.<br \/>\n<strong>Recubrimiento flexible rollo a rollo:<\/strong><br \/>\nIdeal para procesos de recubrimiento continuo rollo a rollo sobre sustratos flexibles (por ejemplo, pel\u00edculas de PET, PI), ofrece soluciones de producci\u00f3n de alta eficiencia para pantallas flexibles, fotovoltaica flexible y la industria del embalaje.<br \/>\n<strong>Paneles de pantalla de gran superficie:<\/strong><br \/>\nSe utilizan para la preparaci\u00f3n de electrodos o capas funcionales en paneles de pantalla de gran tama\u00f1o, como TFT-LCD y OLED, y cumplen los estrictos requisitos de uniformidad en grandes superficies y tiempos de ciclo de producci\u00f3n en l\u00edneas de alta generaci\u00f3n.<br \/>\n<strong>Recubrimiento <span style=\"color: #0000ff;\"><a style=\"color: #0000ff;\" href=\"https:\/\/ulpmat.com\/es\/solicitud\/materiales-opticos\/\">\u00f3ptico<\/a><\/span> continuo:<\/strong><br \/>\nGarantiza la estabilidad a largo plazo y la repetibilidad del espesor y el rendimiento de la pel\u00edcula \u00f3ptica en la producci\u00f3n continua de filtros \u00f3pticos, vidrio antirreflectante y productos similares.<\/p>\n<h2><span style=\"color: #0000ff;\"><a style=\"color: #0000ff;\" href=\"https:\/\/ulpmat.com\/es\/empresa\/preguntas-frecuentes\/\"><span style=\"font-size: 14pt;\">Preguntas frecuentes<\/span><\/a><\/span><\/h2>\n<p>P1: \u00bfCu\u00e1les son las principales ventajas de los blancos rotativos en comparaci\u00f3n con los blancos planos?<br \/>\nR1: Las ventajas principales residen en la utilizaci\u00f3n del material (normalmente m\u00e1s del 80 % para los blancos rotativos frente a solo alrededor del 30 % para los blancos planos) y la vida \u00fatil operativa continua. El dise\u00f1o rotativo permite \u00e1reas de grabado m\u00e1s grandes y uniformes, lo que reduce significativamente la frecuencia de sustituci\u00f3n de los blancos y los costes generales de producci\u00f3n.<\/p>\n<p>P2: \u00bfCu\u00e1les son los rangos t\u00edpicos de longitud y espesor de pared de los blancos rotativos de TiOx?<br \/>\nR2: Personalizamos las longitudes en funci\u00f3n de las especificaciones del c\u00e1todo del equipo del cliente, que suelen oscilar entre 1 y 6 metros. El espesor de la pared suele estar entre 5 mm y 20 mm, dependiendo del di\u00e1metro del blanco, el m\u00e9todo de uni\u00f3n y la vida \u00fatil prevista.<\/p>\n<p>P3: \u00bfC\u00f3mo se garantiza la fiabilidad estructural y la eficiencia de refrigeraci\u00f3n durante el funcionamiento a alta velocidad?<br \/>\nR3: Utilizamos materiales de alta resistencia para los tubos de soporte y procesos de uni\u00f3n optimizados para garantizar una adhesi\u00f3n robusta entre el objetivo y el tubo de soporte bajo estr\u00e9s t\u00e9rmico. Adem\u00e1s, el dise\u00f1o de precisi\u00f3n del canal de agua dentro del tubo de soporte permite una refrigeraci\u00f3n eficiente y uniforme, lo que garantiza un funcionamiento estable del objetivo a largo plazo.<\/p>\n<p>P4: \u00bfOfrece su empresa servicios de uni\u00f3n integrados para objetivos rotativos?<br \/>\nR4: S\u00ed. Ofrecemos un servicio completo, desde la fabricaci\u00f3n del tubo del objetivo cer\u00e1mico hasta la soldadura y uni\u00f3n integradas con el tubo de respaldo. Realizamos rigurosas inspecciones de calidad (por ejemplo, pruebas ultras\u00f3nicas) en la interfaz de uni\u00f3n para garantizar que la conductividad t\u00e9rmica, la resistencia y la seguridad cumplan con los requisitos de producci\u00f3n.<\/p>\n<h2><span style=\"font-size: 14pt;\">Informe<\/span><\/h2>\n<p>Cada lote se suministra con:<br \/>\n<span style=\"color: #0000ff;\"><a style=\"color: #0000ff;\" href=\"https:\/\/ulpmat.com\/es\/documentos\/certificado-de-analisis\/\"><u>Certificado de an\u00e1lisis (COA)<\/u><\/a><\/span><\/p>\n<p><span style=\"color: #0000ff;\"><a style=\"color: #0000ff;\" href=\"https:\/\/ulpmat.com\/es\/documentos\/ficha-tecnica\/\"><u>Ficha t\u00e9cnica (TDS)<\/u><\/a><\/span><\/p>\n<p><span style=\"color: #0000ff;\"><a style=\"color: #0000ff;\" href=\"https:\/\/ulpmat.com\/es\/documentos\/ficha-de-datos-de-seguridad\/\"><u>Ficha de datos de seguridad (MSDS)<\/u><\/a><\/span><br \/>\nInforme de inspecci\u00f3n de tama\u00f1o<br \/>\nInformes de pruebas de terceros disponibles bajo petici\u00f3n<\/p>\n<h2><span style=\"font-size: 14pt;\">. \u00bfPor qu\u00e9 elegirnos?<\/span><\/h2>\n<p>No solo suministramos objetivos cer\u00e1micos TiOx de alto rendimiento, sino que tambi\u00e9n comprendemos profundamente que la esencia de los sistemas de objetivos giratorios reside en la fiabilidad y la eficiencia de la producci\u00f3n. Nuestra madura tecnolog\u00eda integrada de fabricaci\u00f3n y uni\u00f3n garantiza que cada objetivo presente una integridad estructural y una eficiencia de refrigeraci\u00f3n excepcionales.<\/p>\n","protected":false},"excerpt":{"rendered":"<p>Objetivos rotativos de sub\u00f3xido de titanio Descripci\u00f3n general Los objetivos rotativos de sub\u00f3xido de titanio son objetivos de pulverizaci\u00f3n cer\u00e1micos tubulares dise\u00f1ados espec\u00edficamente para un recubrimiento continuo y de alta eficiencia. Su movimiento giratorio garantiza un grabado uniforme de la superficie del objetivo. Con altas tasas de utilizaci\u00f3n, altas tasas de deposici\u00f3n y una vida [&hellip;]<\/p>\n","protected":false},"featured_media":43149,"template":"","meta":{"_acf_changed":false},"product_brand":[132],"product_cat":[457,474],"product_tag":[5575],"class_list":{"0":"post-43148","1":"product","2":"type-product","3":"status-publish","4":"has-post-thumbnail","6":"product_brand-ulpmat","7":"product_cat-blanco-ceramico-para-sputtering","8":"product_cat-blancos-giratorios","9":"product_tag-blanco-giratorio-de-suboxido-de-titanio","11":"first","12":"instock","13":"shipping-taxable","14":"product-type-variable"},"acf":[],"_links":{"self":[{"href":"https:\/\/ulpmat.com\/es\/wp-json\/wp\/v2\/product\/43148","targetHints":{"allow":["GET"]}}],"collection":[{"href":"https:\/\/ulpmat.com\/es\/wp-json\/wp\/v2\/product"}],"about":[{"href":"https:\/\/ulpmat.com\/es\/wp-json\/wp\/v2\/types\/product"}],"wp:featuredmedia":[{"embeddable":true,"href":"https:\/\/ulpmat.com\/es\/wp-json\/wp\/v2\/media\/43149"}],"wp:attachment":[{"href":"https:\/\/ulpmat.com\/es\/wp-json\/wp\/v2\/media?parent=43148"}],"wp:term":[{"taxonomy":"product_brand","embeddable":true,"href":"https:\/\/ulpmat.com\/es\/wp-json\/wp\/v2\/product_brand?post=43148"},{"taxonomy":"product_cat","embeddable":true,"href":"https:\/\/ulpmat.com\/es\/wp-json\/wp\/v2\/product_cat?post=43148"},{"taxonomy":"product_tag","embeddable":true,"href":"https:\/\/ulpmat.com\/es\/wp-json\/wp\/v2\/product_tag?post=43148"}],"curies":[{"name":"wp","href":"https:\/\/api.w.org\/{rel}","templated":true}]}}