{"id":42933,"date":"2026-01-23T13:27:59","date_gmt":"2026-01-23T05:27:59","guid":{"rendered":"https:\/\/ulpmat.com\/product\/titanio-tantalo-circonio-hafnio-aluminio\/"},"modified":"2026-01-23T13:27:59","modified_gmt":"2026-01-23T05:27:59","slug":"titanio-tantalo-circonio-hafnio-aluminio","status":"publish","type":"product","link":"https:\/\/ulpmat.com\/es\/producto\/titanio-tantalo-circonio-hafnio-aluminio\/","title":{"rendered":"Titanio T\u00e1ntalo Circonio Hafnio Aluminio"},"content":{"rendered":"<h2><span style=\"font-size: 14pt;\">Descripci\u00f3n general de los blancos de pulverizaci\u00f3n de aleaci\u00f3n de titanio, tantalio, circonio, hafnio y aluminio<\/span><\/h2>\n<p>Los blancos de pulverizaci\u00f3n de aleaci\u00f3n de<br \/>\n<span style=\"color: #0000ff;\"><a style=\"color: #0000ff;\" href=\"https:\/\/ulpmat.com\/es\/buscar\/?type=name&#038;keyword=Titanium+Tantalum+Zirconium+Hafnium+Aluminum\">titanio, tantalio, circonio, hafnio y aluminio<\/a><\/span><br \/>\nson blancos de aleaci\u00f3n multicomponente y alto rendimiento dise\u00f1ados espec\u00edficamente para depositar pel\u00edculas avanzadas con propiedades integrales excepcionales. Este material combina las caracter\u00edsticas excepcionales de m\u00faltiples metales de alto punto de fusi\u00f3n, lo que lo hace adecuado para campos tecnol\u00f3gicos de vanguardia que exigen una resistencia extrema a altas temperaturas, resistencia a la corrosi\u00f3n y estabilidad t\u00e9rmica.<\/p>\n<p>Ofrecemos blancos de aleaci\u00f3n pentavalente de alta pureza en m\u00faltiples proporciones de composici\u00f3n, que admiten el ajuste personalizado de la composici\u00f3n, las especificaciones dimensionales y las soluciones <span style=\"color: #0000ff;\"><a style=\"color: #0000ff;\" href=\"https:\/\/ulpmat.com\/es\/servicio\/vinculacion-de-objetivos\/\">de uni\u00f3n<\/a><\/span><br \/>\nde placas de respaldo para satisfacer los requisitos espec\u00edficos de cada aplicaci\u00f3n.<\/p>\n<h2><span style=\"font-size: 14pt;\">Caracter\u00edsticas destacadas del producto<\/span><\/h2>\n<p>Estabilidad extrema a altas temperaturas<br \/>\nResistencia superior a la corrosi\u00f3n y la oxidaci\u00f3n<br \/>\nExcelente resistencia y dureza a altas temperaturas<br \/>\nControl preciso de la composici\u00f3n<br \/>\nDeposici\u00f3n uniforme y densa de pel\u00edculas pulverizadas<\/p>\n<h2><span style=\"font-size: 14pt;\">Aplicaciones de los blancos de pulverizaci\u00f3n de aleaci\u00f3n de titanio, tantalio, circonio, hafnio y aluminio<\/span><\/h2>\n<p><strong>Protecci\u00f3n de componentes aeroespaciales a altas temperaturas:<\/strong><br \/>\nse utilizan para recubrimientos protectores en componentes cr\u00edticos de alta temperatura, como las palas de los motores de los aviones y las c\u00e1maras de combusti\u00f3n, lo que mejora significativamente la resistencia a la oxidaci\u00f3n a altas temperaturas y a la corrosi\u00f3n t\u00e9rmica.<br \/>\n<strong>Aplicaciones en entornos especiales de la industria nuclear:<\/strong><br \/>\nproporciona una resistencia excepcional al da\u00f1o por radiaci\u00f3n y a la corrosi\u00f3n en entornos extremos, como los materiales de revestimiento de reactores nucleares y los conjuntos de combustible nuclear.<br \/>\n<strong>Procesos a temperaturas ultra altas en <span style=\"color: #0000ff;\"><a style=\"color: #0000ff;\" href=\"https:\/\/ulpmat.com\/es\/solicitud\/materiales-semiconductores\/\">semiconductores<\/a><\/span>:<\/strong><br \/>\nadecuado para electrodos a temperaturas ultra altas o capas de barrera en la fabricaci\u00f3n de dispositivos semiconductores de tercera generaci\u00f3n (por ejemplo, SiC, GaN), lo que garantiza la fiabilidad de los dispositivos a temperaturas elevadas.<br \/>\n<strong>Recubrimientos resistentes al desgaste para herramientas de alta gama:<\/strong><br \/>\nse utilizan para el refuerzo de superficies de herramientas de corte de alta velocidad y moldes de precisi\u00f3n, lo que prolonga significativamente la vida \u00fatil de las herramientas en condiciones de funcionamiento a alta temperatura y alta velocidad.<\/p>\n<h2><span style=\"color: #0000ff;\"><a style=\"color: #0000ff;\" href=\"https:\/\/ulpmat.com\/es\/empresa\/preguntas-frecuentes\/\"><span style=\"font-size: 14pt;\">Preguntas frecuentes<\/span><\/a><\/span><\/h2>\n<p>P1: \u00bfCu\u00e1les son las principales ventajas de este material objetivo de aleaci\u00f3n de cinco componentes?<br \/>\nR1: Alcanza unas propiedades globales excepcionales, inalcanzables con metales individuales, gracias a los efectos sin\u00e9rgicos de m\u00faltiples metales de alto punto de fusi\u00f3n, destacando especialmente en resistencia a altas temperaturas, resistencia a la corrosi\u00f3n y estabilidad t\u00e9rmica.<\/p>\n<p>P2: \u00bfC\u00f3mo se garantiza la uniformidad de la composici\u00f3n en las aleaciones multicomponentes?<br \/>\nR2: Empleamos la fusi\u00f3n por arco al vac\u00edo combinada con m\u00faltiples ciclos de refundici\u00f3n y tratamiento t\u00e9rmico de homogeneizaci\u00f3n para garantizar una alta uniformidad macro y microestructural.<\/p>\n<p>P3: \u00bfCu\u00e1les son los retos a la hora de preparar este material objetivo?<br \/>\nR3: Las dificultades radican en el control de la fusi\u00f3n y la composici\u00f3n de m\u00faltiples metales de alto punto de fusi\u00f3n y altamente reactivos, as\u00ed como en la obtenci\u00f3n de lingotes objetivo de alta densidad y sin defectos. Contamos con equipos de fusi\u00f3n especializados y tecnolog\u00edas de proceso para superar estos retos.<\/p>\n<p>P4: \u00bfQu\u00e9 especificaciones est\u00e1ndar hay disponibles?<br \/>\nR4: Ofrecemos blancos circulares y rectangulares en varias dimensiones y podemos personalizar tama\u00f1os no est\u00e1ndar seg\u00fan los requisitos del equipo.<\/p>\n<h2><span style=\"font-size: 14pt;\">Informe<\/span><\/h2>\n<p>Cada lote se suministra con:<br \/>\n<span style=\"color: #0000ff;\"><a style=\"color: #0000ff;\" href=\"https:\/\/ulpmat.com\/es\/documentos\/certificado-de-analisis\/\"><u>Certificado de an\u00e1lisis (COA)<\/u><\/a><\/span><\/p>\n<p><span style=\"color: #0000ff;\"><a style=\"color: #0000ff;\" href=\"https:\/\/ulpmat.com\/es\/documentos\/ficha-tecnica\/\"><u>Ficha t\u00e9cnica (TDS)<\/u><\/a><\/span><\/p>\n<p><span style=\"color: #0000ff;\"><a style=\"color: #0000ff;\" href=\"https:\/\/ulpmat.com\/es\/documentos\/ficha-de-datos-de-seguridad\/\"><u>Ficha de datos de seguridad (MSDS)<\/u><\/a><\/span><br \/>\nInforme de inspecci\u00f3n de tama\u00f1o<br \/>\nInformes de pruebas de terceros disponibles bajo petici\u00f3n<\/p>\n<h2><span style=\"font-size: 14pt;\">. \u00bfPor qu\u00e9 elegirnos?<\/span><\/h2>\n<p>Contamos con una profunda experiencia t\u00e9cnica en blancos de aleaciones multielemento de alto punto de fusi\u00f3n, con capacidades de producci\u00f3n independientes en toda la cadena, que abarcan la purificaci\u00f3n de materias primas, la fusi\u00f3n al vac\u00edo, el procesamiento t\u00e9rmico y el mecanizado de precisi\u00f3n. Adem\u00e1s de suministrar materiales de alta calidad, ofrecemos recomendaciones de dise\u00f1o de composiciones y soluciones de optimizaci\u00f3n de procesos basadas en la ingenier\u00eda gen\u00e9tica de materiales. Al elegirnos, usted gana un socio profesional dedicado a resolver los retos de los materiales en condiciones de funcionamiento extremas.<\/p>\n","protected":false},"excerpt":{"rendered":"<p>Descripci\u00f3n general de los blancos de pulverizaci\u00f3n de aleaci\u00f3n de titanio, tantalio, circonio, hafnio y aluminio Los blancos de pulverizaci\u00f3n de aleaci\u00f3n de titanio, tantalio, circonio, hafnio y aluminio son blancos de aleaci\u00f3n multicomponente y alto rendimiento dise\u00f1ados espec\u00edficamente para depositar pel\u00edculas avanzadas con propiedades integrales excepcionales. Este material combina las caracter\u00edsticas excepcionales de m\u00faltiples [&hellip;]<\/p>\n","protected":false},"featured_media":42934,"template":"","meta":{"_acf_changed":false},"product_brand":[132],"product_cat":[570],"product_tag":[5521],"class_list":{"0":"post-42933","1":"product","2":"type-product","3":"status-publish","4":"has-post-thumbnail","6":"product_brand-ulpmat","7":"product_cat-catodos-para-sputtering-de-aleaciones","8":"product_tag-catodos-para-sputtering-de-titanio-tantalo-circonio-hafnio-y-aluminio","10":"first","11":"instock","12":"shipping-taxable","13":"product-type-variable"},"acf":[],"_links":{"self":[{"href":"https:\/\/ulpmat.com\/es\/wp-json\/wp\/v2\/product\/42933","targetHints":{"allow":["GET"]}}],"collection":[{"href":"https:\/\/ulpmat.com\/es\/wp-json\/wp\/v2\/product"}],"about":[{"href":"https:\/\/ulpmat.com\/es\/wp-json\/wp\/v2\/types\/product"}],"wp:featuredmedia":[{"embeddable":true,"href":"https:\/\/ulpmat.com\/es\/wp-json\/wp\/v2\/media\/42934"}],"wp:attachment":[{"href":"https:\/\/ulpmat.com\/es\/wp-json\/wp\/v2\/media?parent=42933"}],"wp:term":[{"taxonomy":"product_brand","embeddable":true,"href":"https:\/\/ulpmat.com\/es\/wp-json\/wp\/v2\/product_brand?post=42933"},{"taxonomy":"product_cat","embeddable":true,"href":"https:\/\/ulpmat.com\/es\/wp-json\/wp\/v2\/product_cat?post=42933"},{"taxonomy":"product_tag","embeddable":true,"href":"https:\/\/ulpmat.com\/es\/wp-json\/wp\/v2\/product_tag?post=42933"}],"curies":[{"name":"wp","href":"https:\/\/api.w.org\/{rel}","templated":true}]}}