{"id":42897,"date":"2026-01-23T13:27:59","date_gmt":"2026-01-23T05:27:59","guid":{"rendered":"https:\/\/ulpmat.com\/product\/titanio-zinc\/"},"modified":"2026-01-23T13:27:59","modified_gmt":"2026-01-23T05:27:59","slug":"titanio-zinc","status":"publish","type":"product","link":"https:\/\/ulpmat.com\/es\/producto\/titanio-zinc\/","title":{"rendered":"Titanio Zinc"},"content":{"rendered":"<h2><span style=\"font-size: 14pt;\">Objetivos de pulverizaci\u00f3n de titanio y zinc Descripci\u00f3n general<\/span><\/h2>\n<p>Los objetivos de pulverizaci\u00f3n<br \/>\n<span style=\"color: #0000ff;\"><a style=\"color: #0000ff;\" href=\"https:\/\/ulpmat.com\/es\/buscar\/?type=name&#038;keyword=Titanium+Zinc\">de titanio y zinc<\/a><\/span><br \/>\nson objetivos funcionales de aleaci\u00f3n de zinc y titanio que se utilizan para depositar pel\u00edculas funcionales con una excelente resistencia a la corrosi\u00f3n y propiedades el\u00e9ctricas espec\u00edficas. Son adecuados para aplicaciones industriales en los sectores de la electr\u00f3nica, la automoci\u00f3n y la protecci\u00f3n contra la corrosi\u00f3n.<\/p>\n<p>Ofrecemos objetivos de aleaci\u00f3n con diferentes proporciones de zinc y titanio, y admitimos especificaciones de tama\u00f1o personalizadas y servicios <span style=\"color: #0000ff;\"><a style=\"color: #0000ff;\" href=\"https:\/\/ulpmat.com\/es\/servicio\/vinculacion-de-objetivos\/\">de uni\u00f3n<\/a><\/span><br \/>\nde placas de soporte. <span style=\"color: #0000ff;\"><a style=\"color: #0000ff;\" href=\"https:\/\/ulpmat.com\/es\/contacto\/\">P\u00f3ngase en contacto con nosotros<\/a><\/span><br \/>\npara obtener soluciones a medida.<\/p>\n<h2><span style=\"font-size: 14pt;\">Caracter\u00edsticas destacadas del producto<\/span><\/h2>\n<p>Proporciones de composici\u00f3n precisas.<br \/>\nEstructura de aleaci\u00f3n uniforme.<br \/>\nExcelente estabilidad de pulverizaci\u00f3n.<br \/>\nResistencia superior a la corrosi\u00f3n.<br \/>\nAlta rentabilidad<\/p>\n<h2><span style=\"font-size: 14pt;\">. Aplicaciones de los blancos de pulverizaci\u00f3n de titanio y zinc<\/span><\/h2>\n<p><strong>Componentes electr\u00f3nicos:<\/strong><br \/>\nse utilizan para capas de electrodos en componentes pasivos como resistencias y condensadores para mejorar la conductividad y la estabilidad.<br \/>\n<strong>Piezas de automoci\u00f3n:<\/strong><br \/>\nproporcionan recubrimientos protectores resistentes a la corrosi\u00f3n para sistemas de frenos, sujetadores y mucho m\u00e1s.<br \/>\n<strong>Herrajes para la construcci\u00f3n:<\/strong><br \/>\nse aplican como recubrimientos resistentes al \u00f3xido y al desgaste en superficies como cerraduras y bisagras de puertas.<br \/>\n<strong>Materiales de embalaje:<\/strong><br \/>\nforman pel\u00edculas anticorrosivas ecol\u00f3gicas en las superficies met\u00e1licas de los envases de alimentos y productos farmac\u00e9uticos.<\/p>\n<h2><span style=\"color: #0000ff;\"><a style=\"color: #0000ff;\" href=\"https:\/\/ulpmat.com\/es\/empresa\/preguntas-frecuentes\/\"><span style=\"font-size: 14pt;\">Preguntas frecuentes<\/span><\/a><\/span><\/h2>\n<p>P1: \u00bfCu\u00e1les son las principales ventajas de los blancos de pulverizaci\u00f3n de titanio y zinc?<br \/>\nR1: Combinan la resistencia del titanio con las propiedades de protecci\u00f3n del \u00e1nodo sacrificial del zinc, lo que proporciona una defensa duradera contra la corrosi\u00f3n para los sustratos.<\/p>\n<p>P2: \u00bfCu\u00e1les son las proporciones t\u00edpicas de zinc y titanio?<br \/>\nR2: Las proporciones comunes de Ti:Zn oscilan entre 1:2 y 1:4, y se seleccionan en funci\u00f3n del entorno de corrosi\u00f3n y los requisitos de la aplicaci\u00f3n.<\/p>\n<p>P3: \u00bfCu\u00e1les son las dimensiones de los blancos?<br \/>\nR3: Ofrecemos blancos de varios tama\u00f1os y formas, con especificaciones personalizadas disponibles.<\/p>\n<p>P4: \u00bfQu\u00e9 precauciones de almacenamiento se requieren?<br \/>\nR4: Almacenar en un entorno seco para evitar la oxidaci\u00f3n de la superficie causada por la humedad.<\/p>\n<h2><span style=\"font-size: 14pt;\">Informes<\/span><\/h2>\n<p>Cada lote se suministra con:<br \/>\n<span style=\"color: #0000ff;\"><a style=\"color: #0000ff;\" href=\"https:\/\/ulpmat.com\/es\/documentos\/certificado-de-analisis\/\"><u>Certificado de an\u00e1lisis (COA)<\/u><\/a><\/span><\/p>\n<p><span style=\"color: #0000ff;\"><a style=\"color: #0000ff;\" href=\"https:\/\/ulpmat.com\/es\/documentos\/ficha-tecnica\/\"><u>Ficha t\u00e9cnica (TDS)<\/u><\/a><\/span><\/p>\n<p><span style=\"color: #0000ff;\"><a style=\"color: #0000ff;\" href=\"https:\/\/ulpmat.com\/es\/documentos\/ficha-de-datos-de-seguridad\/\"><u>Ficha de datos de seguridad (MSDS)<\/u><\/a><\/span><br \/>\nInforme de inspecci\u00f3n de tama\u00f1o<br \/>\nInformes de pruebas de terceros disponibles bajo petici\u00f3n<\/p>\n<h2><span style=\"font-size: 14pt;\">\u00bfPor qu\u00e9 elegirnos?<\/span><\/h2>\n<p>Operamos l\u00edneas de producci\u00f3n de blancos de aleaci\u00f3n especializadas y mantenemos un riguroso sistema de control de calidad, lo que garantiza un rendimiento estable y fiable del producto. Ofrecemos servicios de personalizaci\u00f3n flexibles para satisfacer sus requisitos espec\u00edficos, somos su socio de confianza.<\/p>\n","protected":false},"excerpt":{"rendered":"<p>Objetivos de pulverizaci\u00f3n de titanio y zinc Descripci\u00f3n general Los objetivos de pulverizaci\u00f3n de titanio y zinc son objetivos funcionales de aleaci\u00f3n de zinc y titanio que se utilizan para depositar pel\u00edculas funcionales con una excelente resistencia a la corrosi\u00f3n y propiedades el\u00e9ctricas espec\u00edficas. Son adecuados para aplicaciones industriales en los sectores de la electr\u00f3nica, [&hellip;]<\/p>\n","protected":false},"featured_media":42898,"template":"","meta":{"_acf_changed":false},"product_brand":[132],"product_cat":[570],"product_tag":[5509],"class_list":{"0":"post-42897","1":"product","2":"type-product","3":"status-publish","4":"has-post-thumbnail","6":"product_brand-ulpmat","7":"product_cat-catodos-para-sputtering-de-aleaciones","8":"product_tag-catodos-para-sputtering-de-titanio-zinc","10":"first","11":"instock","12":"shipping-taxable","13":"product-type-variable"},"acf":[],"_links":{"self":[{"href":"https:\/\/ulpmat.com\/es\/wp-json\/wp\/v2\/product\/42897","targetHints":{"allow":["GET"]}}],"collection":[{"href":"https:\/\/ulpmat.com\/es\/wp-json\/wp\/v2\/product"}],"about":[{"href":"https:\/\/ulpmat.com\/es\/wp-json\/wp\/v2\/types\/product"}],"wp:featuredmedia":[{"embeddable":true,"href":"https:\/\/ulpmat.com\/es\/wp-json\/wp\/v2\/media\/42898"}],"wp:attachment":[{"href":"https:\/\/ulpmat.com\/es\/wp-json\/wp\/v2\/media?parent=42897"}],"wp:term":[{"taxonomy":"product_brand","embeddable":true,"href":"https:\/\/ulpmat.com\/es\/wp-json\/wp\/v2\/product_brand?post=42897"},{"taxonomy":"product_cat","embeddable":true,"href":"https:\/\/ulpmat.com\/es\/wp-json\/wp\/v2\/product_cat?post=42897"},{"taxonomy":"product_tag","embeddable":true,"href":"https:\/\/ulpmat.com\/es\/wp-json\/wp\/v2\/product_tag?post=42897"}],"curies":[{"name":"wp","href":"https:\/\/api.w.org\/{rel}","templated":true}]}}