{"id":40398,"date":"2025-12-29T16:47:27","date_gmt":"2025-12-29T08:47:27","guid":{"rendered":"https:\/\/ulpmat.com\/product\/s590-acero-rapido-esferico\/"},"modified":"2025-12-29T16:47:27","modified_gmt":"2025-12-29T08:47:27","slug":"s590-acero-rapido-esferico","status":"publish","type":"product","link":"https:\/\/ulpmat.com\/es\/producto\/s590-acero-rapido-esferico\/","title":{"rendered":"S590 Acero r\u00e1pido esf\u00e9rico"},"content":{"rendered":"<h2><span style=\"font-size: 14pt;\">Polvo esf\u00e9rico de acero r\u00e1pido S590 Descripci\u00f3n general<\/span><\/h2>\n<p><strong><span style=\"color: #0000ff;\"><a style=\"color: #0000ff;\" href=\"https:\/\/ulpmat.com\/es\/solicitud\/impresion-3d\/\">El polvo esf\u00e9rico<\/a><\/span><\/strong><br \/>\nde acero r\u00e1pido<br \/>\n<strong><span style=\"color: #0000ff;\"><a style=\"color: #0000ff;\" href=\"https:\/\/ulpmat.com\/es\/buscar\/?type=name&#038;keyword=S590\">S590<\/a><\/span><\/strong><br \/>\nes un material de acero r\u00e1pido de alta aleaci\u00f3n. Mediante un proceso de esferoidizaci\u00f3n, equilibra una alta dureza, resistencia al desgaste y buena conformabilidad, lo que lo hace adecuado para la fabricaci\u00f3n de piezas de alto rendimiento.<\/p>\n<p>Ofrecemos materiales en polvo esf\u00e9rico con diferentes rangos de tama\u00f1o de part\u00edcula y opciones de control de lotes. Ofrecemos asistencia para la comunicaci\u00f3n del proyecto y la evaluaci\u00f3n de muestras. P\u00f3ngase <strong><span style=\"color: #0000ff;\"><a style=\"color: #0000ff;\" href=\"https:\/\/ulpmat.com\/es\/contacto\/\">en contacto con nosotros<\/a><\/span><\/strong><br \/>\npara obtener informaci\u00f3n t\u00e9cnica y sugerencias de aplicaci\u00f3n.<\/p>\n<h2><span style=\"font-size: 14pt;\">Caracter\u00edsticas destacadas del producto<\/span><\/h2>\n<p>Alta esfericidad y buena fluidez.<\/p>\n<p>Excelente dureza y resistencia al desgaste.<\/p>\n<p>Alta estabilidad de conformabilidad.<\/p>\n<p>Adaptaci\u00f3n a necesidades personalizadas.<\/p>\n<p>Suministro de lotes peque\u00f1os y proyectos.<\/p>\n<p>Suministro estable a largo plazo<\/p>\n<h2><span style=\"font-size: 14pt;\">. Aplicaciones del polvo esf\u00e9rico de acero r\u00e1pido S590<\/span><\/h2>\n<p><strong>Fabricaci\u00f3n aditiva:<\/strong><br \/>\neste polvo esf\u00e9rico es adecuado para procesos de fabricaci\u00f3n aditiva de metales, ya que satisface las necesidades de fabricaci\u00f3n de piezas estructurales complejas y de conformado de alta precisi\u00f3n.<\/p>\n<p><strong>Piezas de pulvimetalurgia:<\/strong><br \/>\nen los procesos de conformado por pulvimetalurgia, ayuda a mejorar la densidad y la consistencia del producto acabado, lo que lo hace adecuado para piezas de herramientas de alto rendimiento.<\/p>\n<p><strong>Materiales para herramientas de alta resistencia al desgaste:<\/strong><br \/>\nse utilizan com\u00fanmente en la fabricaci\u00f3n de herramientas y componentes funcionales para condiciones de alta carga y resistencia al desgaste, cumpliendo con los requisitos de uso estable a largo plazo.<\/p>\n<h2><span style=\"font-size: 14pt;\">Preguntas frecuentes<\/span><\/h2>\n<p><strong>P1: \u00bfPara qu\u00e9 proceso de conformado es m\u00e1s adecuado el polvo esf\u00e9rico de acero r\u00e1pido esf\u00e9rico S590?<\/strong><br \/>\nR1: Se utiliza habitualmente en procesos de fabricaci\u00f3n aditiva y pulvimetalurgia. La selecci\u00f3n espec\u00edfica depende del equipo y las condiciones del proceso.<\/p>\n<p><strong>P2: \u00bfHay disponibles diferentes especificaciones de tama\u00f1o de part\u00edcula?<\/strong><br \/>\nR2: S\u00ed, hay disponibles m\u00faltiples rangos de tama\u00f1o de part\u00edcula para satisfacer los requisitos de la aplicaci\u00f3n.<\/p>\n<p><strong>P3: \u00bfQu\u00e9 precauciones se deben tomar durante el almacenamiento y el transporte del polvo?<\/strong><br \/>\nR3: Se recomienda un embalaje sellado. Almacenar en un entorno seco para evitar la humedad y la contaminaci\u00f3n.<\/p>\n<p><strong>P4: \u00bfC\u00f3mo mejora el rendimiento de los componentes el polvo esf\u00e9rico de acero r\u00e1pido esf\u00e9rico S590?<\/strong><br \/>\nR4: Este polvo esf\u00e9rico ayuda a obtener una estructura formada uniforme y de alta densidad, lo que mejora la resistencia al desgaste, la estabilidad de la resistencia y la vida \u00fatil de los componentes, lo que lo hace adecuado para aplicaciones de alta carga.<\/p>\n<h2><span style=\"font-size: 14pt;\">Informes<\/span><\/h2>\n<p>Cada lote se suministra con:<\/p>\n<p>Certificado de an\u00e1lisis (COA)<\/p>\n<p>Ficha t\u00e9cnica (TDS)<\/p>\n<p>Ficha de datos de seguridad (MSDS)<\/p>\n<p>Informes de pruebas de terceros disponibles bajo petici\u00f3n<\/p>\n<h2><span style=\"font-size: 14pt;\">\u00bfPor qu\u00e9 elegirnos?<\/span><\/h2>\n<p>Nos centramos en el suministro estable y el soporte t\u00e9cnico de materiales de polvo met\u00e1lico de alto rendimiento. Contamos con un sistema de gesti\u00f3n de calidad maduro y capacidades de personalizaci\u00f3n flexibles, lo que nos permite ofrecer a los clientes soluciones de polvo fiables y trazables, adecuadas tanto para la investigaci\u00f3n como para la industrializaci\u00f3n, lo que facilita el progreso eficiente de los proyectos.<\/p>\n","protected":false},"excerpt":{"rendered":"<p>Polvo esf\u00e9rico de acero r\u00e1pido S590 Descripci\u00f3n general El polvo esf\u00e9rico de acero r\u00e1pido S590 es un material de acero r\u00e1pido de alta aleaci\u00f3n. Mediante un proceso de esferoidizaci\u00f3n, equilibra una alta dureza, resistencia al desgaste y buena conformabilidad, lo que lo hace adecuado para la fabricaci\u00f3n de piezas de alto rendimiento. Ofrecemos materiales en [&hellip;]<\/p>\n","protected":false},"featured_media":40835,"template":"","meta":{"_acf_changed":false},"product_brand":[],"product_cat":[1151],"product_tag":[4937],"class_list":{"0":"post-40398","1":"product","2":"type-product","3":"status-publish","4":"has-post-thumbnail","6":"product_cat-polvo-esferico-para-impresion-3d","7":"product_tag-polvo-esferico-de-acero-rapido-s590","9":"first","10":"instock","11":"shipping-taxable","12":"product-type-variable"},"acf":[],"_links":{"self":[{"href":"https:\/\/ulpmat.com\/es\/wp-json\/wp\/v2\/product\/40398","targetHints":{"allow":["GET"]}}],"collection":[{"href":"https:\/\/ulpmat.com\/es\/wp-json\/wp\/v2\/product"}],"about":[{"href":"https:\/\/ulpmat.com\/es\/wp-json\/wp\/v2\/types\/product"}],"wp:featuredmedia":[{"embeddable":true,"href":"https:\/\/ulpmat.com\/es\/wp-json\/wp\/v2\/media\/40835"}],"wp:attachment":[{"href":"https:\/\/ulpmat.com\/es\/wp-json\/wp\/v2\/media?parent=40398"}],"wp:term":[{"taxonomy":"product_brand","embeddable":true,"href":"https:\/\/ulpmat.com\/es\/wp-json\/wp\/v2\/product_brand?post=40398"},{"taxonomy":"product_cat","embeddable":true,"href":"https:\/\/ulpmat.com\/es\/wp-json\/wp\/v2\/product_cat?post=40398"},{"taxonomy":"product_tag","embeddable":true,"href":"https:\/\/ulpmat.com\/es\/wp-json\/wp\/v2\/product_tag?post=40398"}],"curies":[{"name":"wp","href":"https:\/\/api.w.org\/{rel}","templated":true}]}}