{"id":40372,"date":"2025-12-29T16:47:27","date_gmt":"2025-12-29T08:47:27","guid":{"rendered":"https:\/\/ulpmat.com\/product\/aleacion-de-cobalto-cromo-y-molibdeno-stellite21\/"},"modified":"2025-12-29T16:47:27","modified_gmt":"2025-12-29T08:47:27","slug":"aleacion-de-cobalto-cromo-y-molibdeno-stellite21","status":"publish","type":"product","link":"https:\/\/ulpmat.com\/es\/producto\/aleacion-de-cobalto-cromo-y-molibdeno-stellite21\/","title":{"rendered":"Aleaci\u00f3n de cobalto, cromo y molibdeno (Stellite21)"},"content":{"rendered":"<h2><span style=\"font-size: 14pt;\">Polvo de aleaci\u00f3n de cobalto Stellite21 Descripci\u00f3n general<\/span><\/h2>\n<p>El polvo de aleaci\u00f3n<br \/>\n<strong><span style=\"color: #0000ff;\"><a style=\"color: #0000ff;\" href=\"https:\/\/ulpmat.com\/es\/buscar\/?type=name&#038;keyword=Cobalt+Chromium+Molybdenum\">de cobalto, cromo y molibdeno<\/a><\/span><\/strong><br \/>\n(Stellite21) es un material de alto rendimiento basado en una aleaci\u00f3n de cobalto que posee resistencia al desgaste, resistencia a la corrosi\u00f3n y estabilidad a altas temperaturas. Es adecuado para materiales funcionales y aplicaciones de ingenier\u00eda de superficies en condiciones exigentes.<\/p>\n<p>Podemos proporcionar materiales en polvo con diferentes tama\u00f1os de part\u00edculas y esquemas de control de lotes seg\u00fan los escenarios de aplicaci\u00f3n, y ofrecer asistencia en la comunicaci\u00f3n t\u00e9cnica y la evaluaci\u00f3n de muestras. P\u00f3ngase <strong><span style=\"color: #0000ff;\"><a style=\"color: #0000ff;\" href=\"https:\/\/ulpmat.com\/es\/contacto\/\">en contacto con nosotros<\/a><\/span><\/strong><br \/>\npara obtener informaci\u00f3n detallada.<\/p>\n<h2><span style=\"font-size: 14pt;\">Caracter\u00edsticas destacadas del producto<\/span><\/h2>\n<p>Rendimiento estable a altas temperaturas.<\/p>\n<p>Excelente resistencia al desgaste.<\/p>\n<p>Resistencia fiable a la corrosi\u00f3n.<\/p>\n<p>Morfolog\u00eda uniforme de las part\u00edculas.<\/p>\n<p>M\u00faltiples rangos de tama\u00f1o de part\u00edculas disponibles.<\/p>\n<p>Asistencia para la personalizaci\u00f3n.<\/p>\n<p>Garant\u00eda de suministro a largo plazo<\/p>\n<h2><span style=\"font-size: 14pt;\">. Aplicaciones del polvo de aleaci\u00f3n de cobalto, cromo y molibdeno (Stellite21)<\/span><\/h2>\n<p><strong>Ingenier\u00eda de superficies y recubrimientos resistentes al desgaste:<\/strong><br \/>\nEste polvo se utiliza habitualmente en recubrimientos resistentes al desgaste y aplicaciones de refuerzo de superficies, lo que mejora significativamente la vida \u00fatil de los componentes en condiciones de funcionamiento complejas.<\/p>\n<p><strong>Reparaci\u00f3n de componentes estructurales a alta temperatura:<\/strong><br \/>\nadecuado para la reparaci\u00f3n y remanufacturaci\u00f3n de componentes que funcionan en entornos de alta temperatura, lo que ayuda a restaurar el rendimiento estructural cr\u00edtico.<\/p>\n<p><strong>Equipos energ\u00e9ticos y qu\u00edmicos:<\/strong><br \/>\nInvestigaci\u00f3n sobre aplicaciones de materiales en equipos energ\u00e9ticos y qu\u00edmicos, especialmente aquellos que trabajan con medios corrosivos y entornos de choque t\u00e9rmico.<\/p>\n<h2><span style=\"font-size: 14pt;\">Preguntas frecuentes<\/span><\/h2>\n<p><strong>P1: \u00bfQu\u00e9 m\u00e9todos de procesamiento son los m\u00e1s adecuados para este polvo?<\/strong><br \/>\nR1: Se utiliza habitualmente en recubrimientos superficiales, soldadura y procesos relacionados. Se pueden seleccionar m\u00e9todos espec\u00edficos en funci\u00f3n de las condiciones del equipo.<\/p>\n<p><strong>P2: \u00bfPueden proporcionar diferentes especificaciones de tama\u00f1o de part\u00edcula?<\/strong><br \/>\nR2: S\u00ed, ofrecemos m\u00faltiples rangos de tama\u00f1o de part\u00edcula para satisfacer los requisitos de aplicaci\u00f3n.<\/p>\n<p><strong>P3: \u00bfQu\u00e9 precauciones se deben tomar al almacenar el producto?<\/strong><br \/>\nR3: Se recomienda almacenarlo en un entorno sellado y seco para evitar la humedad y la oxidaci\u00f3n.<\/p>\n<p><strong>P4: \u00bfPueden proporcionar un suministro estable a largo plazo?<\/strong><br \/>\nR4: S\u00ed, ofrecemos modelos de suministro cooperativo a largo plazo y basados en proyectos.<\/p>\n<h2><span style=\"font-size: 14pt;\">Informes<\/span><\/h2>\n<p>Cada lote se suministra con:<\/p>\n<p>Certificado de an\u00e1lisis (COA)<\/p>\n<p>Ficha t\u00e9cnica (TDS)<\/p>\n<p>Ficha de datos de seguridad (MSDS)<\/p>\n<p>Informes de pruebas de terceros disponibles bajo petici\u00f3n<\/p>\n<h2><span style=\"font-size: 14pt;\">\u00bfPor qu\u00e9 elegirnos?<\/span><\/h2>\n<p>Llevamos mucho tiempo centrados en la preparaci\u00f3n y el suministro estables de <strong>materiales en polvo de aleaci\u00f3n de alto rendimiento<\/strong><br \/>\n. Con un completo sistema de control de calidad y una gran capacidad de personalizaci\u00f3n, podemos ofrecer a los clientes soluciones de materiales fiables, trazables y adecuadas para una cooperaci\u00f3n a largo plazo, con el fin de ayudar a que los proyectos se desarrollen sin problemas en condiciones de trabajo complejas.<\/p>\n","protected":false},"excerpt":{"rendered":"<p>Polvo de aleaci\u00f3n de cobalto Stellite21 Descripci\u00f3n general El polvo de aleaci\u00f3n de cobalto, cromo y molibdeno (Stellite21) es un material de alto rendimiento basado en una aleaci\u00f3n de cobalto que posee resistencia al desgaste, resistencia a la corrosi\u00f3n y estabilidad a altas temperaturas. Es adecuado para materiales funcionales y aplicaciones de ingenier\u00eda de superficies [&hellip;]<\/p>\n","protected":false},"featured_media":40373,"template":"","meta":{"_acf_changed":false},"product_brand":[],"product_cat":[1151],"product_tag":[],"class_list":{"0":"post-40372","1":"product","2":"type-product","3":"status-publish","4":"has-post-thumbnail","6":"product_cat-polvo-esferico-para-impresion-3d","8":"first","9":"instock","10":"shipping-taxable","11":"product-type-variable"},"acf":[],"_links":{"self":[{"href":"https:\/\/ulpmat.com\/es\/wp-json\/wp\/v2\/product\/40372","targetHints":{"allow":["GET"]}}],"collection":[{"href":"https:\/\/ulpmat.com\/es\/wp-json\/wp\/v2\/product"}],"about":[{"href":"https:\/\/ulpmat.com\/es\/wp-json\/wp\/v2\/types\/product"}],"wp:featuredmedia":[{"embeddable":true,"href":"https:\/\/ulpmat.com\/es\/wp-json\/wp\/v2\/media\/40373"}],"wp:attachment":[{"href":"https:\/\/ulpmat.com\/es\/wp-json\/wp\/v2\/media?parent=40372"}],"wp:term":[{"taxonomy":"product_brand","embeddable":true,"href":"https:\/\/ulpmat.com\/es\/wp-json\/wp\/v2\/product_brand?post=40372"},{"taxonomy":"product_cat","embeddable":true,"href":"https:\/\/ulpmat.com\/es\/wp-json\/wp\/v2\/product_cat?post=40372"},{"taxonomy":"product_tag","embeddable":true,"href":"https:\/\/ulpmat.com\/es\/wp-json\/wp\/v2\/product_tag?post=40372"}],"curies":[{"name":"wp","href":"https:\/\/api.w.org\/{rel}","templated":true}]}}