{"id":40342,"date":"2025-12-29T16:47:28","date_gmt":"2025-12-29T08:47:28","guid":{"rendered":"https:\/\/ulpmat.com\/product\/aleacion-de-cobalto-cromo-molibdeno-y-wolframio\/"},"modified":"2025-12-29T16:47:28","modified_gmt":"2025-12-29T08:47:28","slug":"aleacion-de-cobalto-cromo-molibdeno-y-wolframio","status":"publish","type":"product","link":"https:\/\/ulpmat.com\/es\/producto\/aleacion-de-cobalto-cromo-molibdeno-y-wolframio\/","title":{"rendered":"Aleaci\u00f3n de cobalto, cromo, molibdeno y wolframio"},"content":{"rendered":"<h2><span style=\"font-size: 14pt;\">Descripci\u00f3n general del polvo de aleaci\u00f3n de cobalto, cromo, molibdeno y tungsteno<\/span><\/h2>\n<p>El polvo de aleaci\u00f3n<br \/>\n<strong><span style=\"color: #0000ff;\"><a style=\"color: #0000ff;\" href=\"https:\/\/ulpmat.com\/es\/buscar\/?type=element&#038;keyword=Co%2CCr%2CMo%2CW\">de cobalto, cromo, molibdeno y tungsteno<\/a><\/span><\/strong><br \/>\nes un material de aleaci\u00f3n multimetal de alto rendimiento que combina alta resistencia, resistencia al desgaste y estabilidad t\u00e9rmica, lo que lo hace adecuado para la investigaci\u00f3n y el desarrollo de materiales avanzados y la fabricaci\u00f3n de componentes funcionales.<\/p>\n<p>Ofrecemos servicios personalizados de polvo de aleaci\u00f3n con diferentes tama\u00f1os de part\u00edculas y proporciones de composici\u00f3n, adem\u00e1s de asistencia t\u00e9cnica y evaluaci\u00f3n de muestras. P\u00f3ngase <span style=\"color: #0000ff;\"><strong><a style=\"color: #0000ff;\" href=\"https:\/\/ulpmat.com\/es\/contacto\/\">en contacto con nosotros<\/a><\/strong><\/span><br \/>\npara obtener m\u00e1s informaci\u00f3n.<\/p>\n<h2><span style=\"font-size: 14pt;\">Caracter\u00edsticas destacadas del producto<\/span><\/h2>\n<p>Composici\u00f3n qu\u00edmica controlable<\/p>\n<p>Rendimiento estable a altas temperaturas<\/p>\n<p>Resistente al desgaste y a la corrosi\u00f3n<\/p>\n<p>Tama\u00f1o de part\u00edcula y composici\u00f3n personalizables<\/p>\n<p>Asistencia t\u00e9cnica y posventa<\/p>\n<p>Asesoramiento sobre la selecci\u00f3n de materiales<\/p>\n<h2><span style=\"font-size: 14pt;\">Aplicaciones del polvo de aleaci\u00f3n de cobalto, cromo, molibdeno y tungsteno<\/span><\/h2>\n<p><strong>Materiales funcionales para altas temperaturas:<\/strong><br \/>\nel polvo de aleaci\u00f3n de cobalto, cromo, molibdeno y tungsteno se puede utilizar para preparar materiales funcionales para altas temperaturas, lo que garantiza la estabilidad del rendimiento de los componentes en entornos t\u00e9rmicos adversos.<\/p>\n<p><strong>Piezas estructurales y resistentes al desgaste:<\/strong><br \/>\nen condiciones de alta carga y fricci\u00f3n, se puede utilizar para preparar piezas estructurales altamente resistentes al desgaste, lo que mejora la vida \u00fatil y la fiabilidad.<\/p>\n<p><strong>Equipos aeroespaciales y energ\u00e9ticos:<\/strong><br \/>\nadecuado para la investigaci\u00f3n y el desarrollo de materiales y su aplicaci\u00f3n en motores aeron\u00e1uticos y piezas de equipos energ\u00e9ticos, ya que cumple con los requisitos de alta resistencia y alta temperatura.<\/p>\n<h2><span style=\"font-size: 14pt;\">Preguntas frecuentes<\/span><\/h2>\n<p><strong>P1: \u00bfPara qu\u00e9 tipo de procesamiento de aleaci\u00f3n es adecuado este polvo?<\/strong><br \/>\nR1: Es adecuado para procesos de pulvimetalurgia, fabricaci\u00f3n aditiva y sinterizaci\u00f3n a alta temperatura, lo que garantiza una estructura uniforme y un rendimiento estable del producto acabado.<\/p>\n<p><strong>P2: \u00bfEl tama\u00f1o de las part\u00edculas del polvo afecta a la densidad del material?<\/strong><br \/>\nR2: S\u00ed, la uniformidad del tama\u00f1o de las part\u00edculas afecta directamente a la densidad de formaci\u00f3n y a las propiedades mec\u00e1nicas finales. Se puede seleccionar un tama\u00f1o de part\u00edcula adecuado seg\u00fan los requisitos de la aplicaci\u00f3n.<\/p>\n<p><strong>P3: \u00bfSe puede utilizar este polvo en combinaci\u00f3n con otros polvos met\u00e1licos?<\/strong><br \/>\nR3: S\u00ed, se puede utilizar en combinaci\u00f3n con otros polvos met\u00e1licos o cer\u00e1micos para preparar materiales compuestos y sistemas multifuncionales.<\/p>\n<p><strong>P4: \u00bfQu\u00e9 precauciones se deben tomar al almacenar el polvo?<\/strong><br \/>\nR4: Se recomienda sellar el envase y almacenarlo en un entorno seco y ventilado, evitando la humedad y la contaminaci\u00f3n para mantener la fluidez y la actividad del polvo.<\/p>\n<h2><span style=\"font-size: 14pt;\">Informes<\/span><\/h2>\n<p>Cada lote se suministra con:<\/p>\n<p>Certificado de an\u00e1lisis (COA)<\/p>\n<p>Ficha t\u00e9cnica (TDS)<\/p>\n<p>Ficha de datos de seguridad (MSDS)<\/p>\n<p>Informes de pruebas de terceros disponibles bajo petici\u00f3n<\/p>\n<h2><span style=\"font-size: 14pt;\">\u00bfPor qu\u00e9 elegirnos?<\/span><\/h2>\n<p>Nos especializamos en la investigaci\u00f3n y el suministro estable de polvos de aleaciones multimetal de alto rendimiento. Con un sistema de gesti\u00f3n de calidad maduro y capacidades de personalizaci\u00f3n, podemos proporcionar a los clientes soluciones de materiales fiables, trazables y de grado industrial y de investigaci\u00f3n, lo que ayuda a que los proyectos avancen de manera eficiente y reduce los riesgos de desarrollo.<\/p>\n","protected":false},"excerpt":{"rendered":"<p>Descripci\u00f3n general del polvo de aleaci\u00f3n de cobalto, cromo, molibdeno y tungsteno El polvo de aleaci\u00f3n de cobalto, cromo, molibdeno y tungsteno es un material de aleaci\u00f3n multimetal de alto rendimiento que combina alta resistencia, resistencia al desgaste y estabilidad t\u00e9rmica, lo que lo hace adecuado para la investigaci\u00f3n y el desarrollo de materiales avanzados [&hellip;]<\/p>\n","protected":false},"featured_media":40343,"template":"","meta":{"_acf_changed":false},"product_brand":[],"product_cat":[1151],"product_tag":[4925],"class_list":{"0":"post-40342","1":"product","2":"type-product","3":"status-publish","4":"has-post-thumbnail","6":"product_cat-polvo-esferico-para-impresion-3d","7":"product_tag-polvo-esferico-de-aleacion-de-cobalto-cromo-molibdeno-y-wolframio","9":"first","10":"instock","11":"shipping-taxable","12":"product-type-variable"},"acf":[],"_links":{"self":[{"href":"https:\/\/ulpmat.com\/es\/wp-json\/wp\/v2\/product\/40342","targetHints":{"allow":["GET"]}}],"collection":[{"href":"https:\/\/ulpmat.com\/es\/wp-json\/wp\/v2\/product"}],"about":[{"href":"https:\/\/ulpmat.com\/es\/wp-json\/wp\/v2\/types\/product"}],"wp:featuredmedia":[{"embeddable":true,"href":"https:\/\/ulpmat.com\/es\/wp-json\/wp\/v2\/media\/40343"}],"wp:attachment":[{"href":"https:\/\/ulpmat.com\/es\/wp-json\/wp\/v2\/media?parent=40342"}],"wp:term":[{"taxonomy":"product_brand","embeddable":true,"href":"https:\/\/ulpmat.com\/es\/wp-json\/wp\/v2\/product_brand?post=40342"},{"taxonomy":"product_cat","embeddable":true,"href":"https:\/\/ulpmat.com\/es\/wp-json\/wp\/v2\/product_cat?post=40342"},{"taxonomy":"product_tag","embeddable":true,"href":"https:\/\/ulpmat.com\/es\/wp-json\/wp\/v2\/product_tag?post=40342"}],"curies":[{"name":"wp","href":"https:\/\/api.w.org\/{rel}","templated":true}]}}