{"id":40318,"date":"2025-12-29T16:47:28","date_gmt":"2025-12-29T08:47:28","guid":{"rendered":"https:\/\/ulpmat.com\/product\/s390-acero-rapido-esferico\/"},"modified":"2025-12-29T16:47:28","modified_gmt":"2025-12-29T08:47:28","slug":"s390-acero-rapido-esferico","status":"publish","type":"product","link":"https:\/\/ulpmat.com\/es\/producto\/s390-acero-rapido-esferico\/","title":{"rendered":"S390 Acero r\u00e1pido esf\u00e9rico"},"content":{"rendered":"<h2><span style=\"font-size: 14pt;\">Polvo esf\u00e9rico de acero r\u00e1pido S390 Descripci\u00f3n general<\/span><\/h2>\n<p>El polvo esf\u00e9rico de acero r\u00e1pido<br \/>\n<strong><span style=\"color: #0000ff;\"><a style=\"color: #0000ff;\" href=\"https:\/\/ulpmat.com\/es\/buscar\/?type=name&#038;keyword=S390\">S390<\/a><\/span><\/strong><br \/>\nes un material <span style=\"color: #0000ff;\"><strong><a style=\"color: #0000ff;\" href=\"https:\/\/ulpmat.com\/es\/solicitud\/impresion-3d\/\">de polvo esf\u00e9rico<\/a><\/strong><\/span><br \/>\nde acero r\u00e1pido de alta aleaci\u00f3n que combina una alta dureza, una excelente resistencia al desgaste y una buena conformabilidad, lo que lo hace adecuado para la fabricaci\u00f3n de piezas de alto rendimiento.<\/p>\n<p>Ofrecemos soluciones de polvo esf\u00e9rico con diferentes rangos de tama\u00f1o de part\u00edculas y control de consistencia de lotes. Ofrecemos asistencia en comunicaci\u00f3n t\u00e9cnica y evaluaci\u00f3n de muestras. P\u00f3ngase <span style=\"color: #0000ff;\"><strong><a style=\"color: #0000ff;\" href=\"https:\/\/ulpmat.com\/es\/contacto\/\">en contacto con nosotros<\/a><\/strong><\/span><br \/>\npara obtener informaci\u00f3n detallada.<\/p>\n<h2><span style=\"font-size: 14pt;\">Caracter\u00edsticas destacadas del producto<\/span><\/h2>\n<p>Part\u00edculas esf\u00e9ricas, buena fluidez.<\/p>\n<p>Excelente dureza y resistencia al desgaste.<\/p>\n<p>Alta estabilidad de conformado.<\/p>\n<p>Asistencia para la personalizaci\u00f3n.<\/p>\n<p>Ciclo de entrega controlable.<\/p>\n<p>Asistencia t\u00e9cnica y posventa.<\/p>\n<p>Suministro estable a largo plazo<\/p>\n<h2><span style=\"font-size: 14pt;\">. Aplicaciones del polvo esf\u00e9rico de acero r\u00e1pido S390<\/span><\/h2>\n<p><strong>Impresi\u00f3n 3D:<\/strong><br \/>\nse utiliza en procesos de fabricaci\u00f3n aditiva de metales, lo que ayuda a lograr un conformado estable de piezas estructurales complejas y de alta densidad.<\/p>\n<p><strong>Piezas de pulvimetalurgia:<\/strong><br \/>\nen los procesos de conformaci\u00f3n de pulvimetalurgia, puede mejorar la consistencia del prensado y la sinterizaci\u00f3n, cumpliendo los requisitos de las piezas de alta resistencia y alta resistencia al desgaste.<\/p>\n<p><strong>Material para herramientas de alta resistencia al desgaste:<\/strong><br \/>\nadecuado para la fabricaci\u00f3n de herramientas y piezas funcionales en condiciones de alta carga y alto desgaste, lo que prolonga la vida \u00fatil.<\/p>\n<h2><span style=\"font-size: 14pt;\">Preguntas frecuentes<\/span><\/h2>\n<p><strong>P1: \u00bfCu\u00e1les son las ventajas del polvo de acero esf\u00e9rico de alta velocidad S390 en comparaci\u00f3n con el polvo irregular ordinario?<\/strong><br \/>\nR1: Las part\u00edculas esf\u00e9ricas tienen mejores propiedades de fluidez y llenado, lo que ayuda a mejorar la estabilidad del moldeo y la densidad final.<\/p>\n<p><strong>P2: \u00bfSe puede seleccionar el rango de tama\u00f1o de las part\u00edculas seg\u00fan los requisitos del equipo?<\/strong><br \/>\nR2: S\u00ed, podemos proporcionar diferentes rangos de tama\u00f1o de part\u00edculas seg\u00fan los requisitos espec\u00edficos del proceso y del equipo.<\/p>\n<p><strong>P3: \u00bfQu\u00e9 precauciones se deben tomar al transportar y almacenar el polvo?<\/strong><br \/>\nR3: Se recomienda sellar el embalaje para evitar la humedad y la contaminaci\u00f3n, y almacenarlo en un entorno seco.<\/p>\n<h2><span style=\"font-size: 14pt;\">Informes<\/span><\/h2>\n<p>Cada lote se suministra con:<\/p>\n<p>Certificado de an\u00e1lisis (COA)<\/p>\n<p>Ficha t\u00e9cnica (TDS)<\/p>\n<p>Ficha de datos de seguridad (MSDS)<\/p>\n<p>Informes de pruebas de terceros disponibles bajo petici\u00f3n<\/p>\n<h2><span style=\"font-size: 14pt;\">\u00bfPor qu\u00e9 elegirnos?<\/span><\/h2>\n<p>Nos especializamos en la preparaci\u00f3n y el suministro estables de <strong>polvo esf\u00e9rico de acero r\u00e1pido de<\/strong><br \/>\n<strong>alto rendimiento<\/strong><br \/>\n. Contamos con un completo sistema de gesti\u00f3n de la calidad y capacidades de personalizaci\u00f3n flexibles, lo que nos permite ofrecer a los clientes soluciones de materiales fiables, trazables y adecuadas para la investigaci\u00f3n cient\u00edfica y las aplicaciones a gran escala, lo que contribuye al avance eficiente de los proyectos.<\/p>\n","protected":false},"excerpt":{"rendered":"<p>Polvo esf\u00e9rico de acero r\u00e1pido S390 Descripci\u00f3n general El polvo esf\u00e9rico de acero r\u00e1pido S390 es un material de polvo esf\u00e9rico de acero r\u00e1pido de alta aleaci\u00f3n que combina una alta dureza, una excelente resistencia al desgaste y una buena conformabilidad, lo que lo hace adecuado para la fabricaci\u00f3n de piezas de alto rendimiento. Ofrecemos [&hellip;]<\/p>\n","protected":false},"featured_media":40319,"template":"","meta":{"_acf_changed":false},"product_brand":[],"product_cat":[1151],"product_tag":[4919],"class_list":{"0":"post-40318","1":"product","2":"type-product","3":"status-publish","4":"has-post-thumbnail","6":"product_cat-polvo-esferico-para-impresion-3d","7":"product_tag-s390-esferico-acero-rapido-esferico-polvo","9":"first","10":"instock","11":"shipping-taxable","12":"product-type-variable"},"acf":[],"_links":{"self":[{"href":"https:\/\/ulpmat.com\/es\/wp-json\/wp\/v2\/product\/40318","targetHints":{"allow":["GET"]}}],"collection":[{"href":"https:\/\/ulpmat.com\/es\/wp-json\/wp\/v2\/product"}],"about":[{"href":"https:\/\/ulpmat.com\/es\/wp-json\/wp\/v2\/types\/product"}],"wp:featuredmedia":[{"embeddable":true,"href":"https:\/\/ulpmat.com\/es\/wp-json\/wp\/v2\/media\/40319"}],"wp:attachment":[{"href":"https:\/\/ulpmat.com\/es\/wp-json\/wp\/v2\/media?parent=40318"}],"wp:term":[{"taxonomy":"product_brand","embeddable":true,"href":"https:\/\/ulpmat.com\/es\/wp-json\/wp\/v2\/product_brand?post=40318"},{"taxonomy":"product_cat","embeddable":true,"href":"https:\/\/ulpmat.com\/es\/wp-json\/wp\/v2\/product_cat?post=40318"},{"taxonomy":"product_tag","embeddable":true,"href":"https:\/\/ulpmat.com\/es\/wp-json\/wp\/v2\/product_tag?post=40318"}],"curies":[{"name":"wp","href":"https:\/\/api.w.org\/{rel}","templated":true}]}}