{"id":40248,"date":"2025-12-29T16:47:29","date_gmt":"2025-12-29T08:47:29","guid":{"rendered":"https:\/\/ulpmat.com\/product\/aleacion-de-cobalto-hierro\/"},"modified":"2025-12-29T16:47:29","modified_gmt":"2025-12-29T08:47:29","slug":"aleacion-de-cobalto-hierro","status":"publish","type":"product","link":"https:\/\/ulpmat.com\/es\/producto\/aleacion-de-cobalto-hierro\/","title":{"rendered":"Aleaci\u00f3n de cobalto-hierro"},"content":{"rendered":"<h2><span style=\"font-size: 14pt;\">Objetivo de pulverizaci\u00f3n de aleaci\u00f3n de cobalto y hierro Descripci\u00f3n general<\/span><\/h2>\n<p>Los objetivos de pulverizaci\u00f3n<br \/>\n<strong><span style=\"color: #0000ff;\"><a style=\"color: #0000ff;\" href=\"https:\/\/ulpmat.com\/es\/buscar\/?type=element&#038;keyword=Co%2CFe\">de aleaci\u00f3n de cobalto y hierro<\/a><\/span><\/strong><br \/>\nson objetivos de aleaci\u00f3n met\u00e1lica de alto rendimiento que combinan excelentes propiedades magn\u00e9ticas, resistencia al desgaste y estabilidad estructural. Se utilizan ampliamente en la deposici\u00f3n de pel\u00edculas delgadas y la fabricaci\u00f3n de dispositivos electr\u00f3nicos.<\/p>\n<p>Podemos proporcionar objetivos de pulverizaci\u00f3n de aleaci\u00f3n de cobalto y hierro de diferentes tama\u00f1os, proporciones de composici\u00f3n y grados de pureza seg\u00fan las necesidades del cliente, y ofrecemos asesoramiento t\u00e9cnico y evaluaci\u00f3n de muestras. P\u00f3ngase <strong><span style=\"color: #0000ff;\"><a style=\"color: #0000ff;\" href=\"https:\/\/ulpmat.com\/es\/contacto\/\">en contacto con nosotros<\/a><\/span><\/strong><br \/>\npara obtener m\u00e1s informaci\u00f3n.<\/p>\n<h2><span style=\"font-size: 14pt;\">Caracter\u00edsticas destacadas del producto<\/span><\/h2>\n<p>Excelentes propiedades magn\u00e9ticas<\/p>\n<p>Alta resistencia al desgaste y a la corrosi\u00f3n<\/p>\n<p>Buena estabilidad t\u00e9rmica<\/p>\n<p>Adecuados para m\u00faltiples procesos de pulverizaci\u00f3n<\/p>\n<p>Personalizaci\u00f3n flexible del tama\u00f1o y la composici\u00f3n<\/p>\n<p>Gran capacidad de suministro por lotes<\/p>\n<p>Asistencia posventa y t\u00e9cnica<\/p>\n<h2><span style=\"font-size: 14pt;\">Aplicaciones de los blancos de pulverizaci\u00f3n de aleaci\u00f3n de cobalto y hierro<\/span><\/h2>\n<p><strong>Preparaci\u00f3n de pel\u00edculas delgadas magn\u00e9ticas:<\/strong><br \/>\nlos blancos de aleaci\u00f3n de cobalto y hierro son adecuados para preparar pel\u00edculas delgadas magn\u00e9ticas de alto rendimiento, que pueden aplicarse a sensores, memorias y dispositivos microelectr\u00f3nicos.<\/p>\n<p><strong>Fabricaci\u00f3n de componentes electr\u00f3nicos:<\/strong><br \/>\nel objetivo de aleaci\u00f3n de cobalto-hierro se puede utilizar para la deposici\u00f3n de pel\u00edculas met\u00e1licas delgadas en componentes electr\u00f3nicos, lo que garantiza un rendimiento estable y constante del dispositivo.<\/p>\n<p><strong>Investigaci\u00f3n y desarrollo de procesos:<\/strong><br \/>\nampliamente utilizado en instituciones de investigaci\u00f3n y departamentos de I+D corporativos para la investigaci\u00f3n sobre el rendimiento de los materiales de pel\u00edcula delgada magn\u00e9tica y la optimizaci\u00f3n de los par\u00e1metros del proceso.<\/p>\n<p><strong>Dispositivos energ\u00e9ticos y funcionales:<\/strong><br \/>\nadecuado para la preparaci\u00f3n de dispositivos energ\u00e9ticos y recubrimientos funcionales, lo que mejora la eficiencia y la estabilidad del dispositivo.<\/p>\n<h2><span style=\"font-size: 14pt;\">Preguntas frecuentes<\/span><\/h2>\n<p><strong>P1: \u00bfPara qu\u00e9 tipos de equipos de pulverizaci\u00f3n cat\u00f3dica es adecuado el objetivo de pulverizaci\u00f3n cat\u00f3dica de aleaci\u00f3n de cobalto-hierro?<\/strong><br \/>\nR1: Se puede utilizar en equipos de pulverizaci\u00f3n cat\u00f3dica comunes, como la pulverizaci\u00f3n cat\u00f3dica por magnetr\u00f3n, la pulverizaci\u00f3n cat\u00f3dica por CC y la pulverizaci\u00f3n cat\u00f3dica por RF. Las especificaciones concretas del objetivo se seleccionan en funci\u00f3n de la potencia y el tama\u00f1o del equipo.<\/p>\n<p><strong>P2: \u00bfSe puede personalizar el tama\u00f1o del blanco de aleaci\u00f3n de cobalto-hierro?<\/strong><br \/>\nR2: S\u00ed, se pueden personalizar blancos de diferentes di\u00e1metros, espesores y formas seg\u00fan los requisitos del equipo.<\/p>\n<p><strong>P3: \u00bfLos blancos de pulverizaci\u00f3n de aleaci\u00f3n de cobalto-hierro son propensos a agrietarse o presentar porosidad?<\/strong><br \/>\nR3: Este producto se prepara mediante un proceso metal\u00fargico denso, lo que da como resultado una alta densidad y una estructura uniforme, lo que reduce eficazmente el riesgo de agrietamiento y porosidad.<\/p>\n<p><strong>P4: \u00bfQu\u00e9 precauciones se deben tomar al almacenar el blanco de aleaci\u00f3n de cobalto y hierro?<\/strong><br \/>\nR4: Se recomienda almacenarlo en un entorno seco y bien ventilado, evitando la humedad, la contaminaci\u00f3n y la oxidaci\u00f3n prolongada para mantener la estabilidad del rendimiento del blanco.<\/p>\n<h2><span style=\"font-size: 14pt;\">Informes<\/span><\/h2>\n<p>Cada lote se suministra con:<\/p>\n<p>Certificado de an\u00e1lisis (COA)<\/p>\n<p>Ficha t\u00e9cnica (TDS)<\/p>\n<p>Ficha de datos de seguridad (MSDS)<\/p>\n<p>Informe de inspecci\u00f3n de tama\u00f1o<\/p>\n<p>Informes de pruebas de terceros disponibles bajo petici\u00f3n<\/p>\n<h2><span style=\"font-size: 14pt;\">\u00bfPor qu\u00e9 elegirnos?<\/span><\/h2>\n<p>Nos especializamos en la I+D y el suministro estable de blancos de pulverizaci\u00f3n de aleaci\u00f3n de cobalto-hierro de alto rendimiento. Con un sistema de gesti\u00f3n de calidad maduro y capacidades de personalizaci\u00f3n flexibles, podemos proporcionar a los clientes soluciones de blancos fiables y trazables adecuadas para la investigaci\u00f3n cient\u00edfica y las aplicaciones industriales, lo que ayuda a que los proyectos avancen de manera eficiente.<\/p>\n","protected":false},"excerpt":{"rendered":"<p>Objetivo de pulverizaci\u00f3n de aleaci\u00f3n de cobalto y hierro Descripci\u00f3n general Los objetivos de pulverizaci\u00f3n de aleaci\u00f3n de cobalto y hierro son objetivos de aleaci\u00f3n met\u00e1lica de alto rendimiento que combinan excelentes propiedades magn\u00e9ticas, resistencia al desgaste y estabilidad estructural. Se utilizan ampliamente en la deposici\u00f3n de pel\u00edculas delgadas y la fabricaci\u00f3n de dispositivos electr\u00f3nicos. [&hellip;]<\/p>\n","protected":false},"featured_media":40249,"template":"","meta":{"_acf_changed":false},"product_brand":[],"product_cat":[570],"product_tag":[392,4901],"class_list":{"0":"post-40248","1":"product","2":"type-product","3":"status-publish","4":"has-post-thumbnail","6":"product_cat-catodos-para-sputtering-de-aleaciones","7":"product_tag-blanco-para-sputtering","8":"product_tag-catodos-para-sputtering-de-aleacion-de-cobalto-hierro","10":"first","11":"instock","12":"shipping-taxable","13":"product-type-variable"},"acf":[],"_links":{"self":[{"href":"https:\/\/ulpmat.com\/es\/wp-json\/wp\/v2\/product\/40248","targetHints":{"allow":["GET"]}}],"collection":[{"href":"https:\/\/ulpmat.com\/es\/wp-json\/wp\/v2\/product"}],"about":[{"href":"https:\/\/ulpmat.com\/es\/wp-json\/wp\/v2\/types\/product"}],"wp:featuredmedia":[{"embeddable":true,"href":"https:\/\/ulpmat.com\/es\/wp-json\/wp\/v2\/media\/40249"}],"wp:attachment":[{"href":"https:\/\/ulpmat.com\/es\/wp-json\/wp\/v2\/media?parent=40248"}],"wp:term":[{"taxonomy":"product_brand","embeddable":true,"href":"https:\/\/ulpmat.com\/es\/wp-json\/wp\/v2\/product_brand?post=40248"},{"taxonomy":"product_cat","embeddable":true,"href":"https:\/\/ulpmat.com\/es\/wp-json\/wp\/v2\/product_cat?post=40248"},{"taxonomy":"product_tag","embeddable":true,"href":"https:\/\/ulpmat.com\/es\/wp-json\/wp\/v2\/product_tag?post=40248"}],"curies":[{"name":"wp","href":"https:\/\/api.w.org\/{rel}","templated":true}]}}