{"id":40210,"date":"2025-12-29T16:47:30","date_gmt":"2025-12-29T08:47:30","guid":{"rendered":"https:\/\/ulpmat.com\/product\/oxido-de-cobalto-y-hierro-2\/"},"modified":"2025-12-29T16:47:30","modified_gmt":"2025-12-29T08:47:30","slug":"oxido-de-cobalto-y-hierro-2","status":"publish","type":"product","link":"https:\/\/ulpmat.com\/es\/producto\/oxido-de-cobalto-y-hierro-2\/","title":{"rendered":"\u00d3xido de cobalto y hierro"},"content":{"rendered":"<h2><span style=\"font-size: 14pt;\">Descripci\u00f3n general del polvo de \u00f3xido de cobalto y hierro<\/span><\/h2>\n<p>El polvo<br \/>\n<span style=\"color: #0000ff;\"><strong><a style=\"color: #0000ff;\" href=\"https:\/\/ulpmat.com\/es\/buscar\/?type=name&#038;keyword=Cobalt+iron+oxide\">de \u00f3xido de cobalto y hierro<\/a><\/strong><\/span><br \/>\nes un material de \u00f3xido met\u00e1lico funcional con una excelente estabilidad magn\u00e9tica y t\u00e9rmica, ampliamente utilizado en la fabricaci\u00f3n de materiales magn\u00e9ticos, catalizadores y dispositivos electr\u00f3nicos.<\/p>\n<p>Ofrecemos <strong>polvos de \u00f3xido de cobalto y hierro<\/strong><br \/>\nen diversos tama\u00f1os de part\u00edculas, purezas y formas cristalinas. Ofrecemos pruebas de muestras y asesoramiento sobre procesos. P\u00f3ngase <span style=\"color: #0000ff;\"><strong><a style=\"color: #0000ff;\" href=\"https:\/\/ulpmat.com\/es\/contacto\/\">en contacto con nosotros<\/a><\/strong><\/span><br \/>\npara obtener informaci\u00f3n t\u00e9cnica y sugerencias de aplicaci\u00f3n.<\/p>\n<h2><span style=\"font-size: 14pt;\">Caracter\u00edsticas destacadas del producto<\/span><\/h2>\n<p>Propiedades magn\u00e9ticas estables.<\/p>\n<p>Excelente estabilidad t\u00e9rmica.<\/p>\n<p>Alta resistencia a la corrosi\u00f3n y estabilidad qu\u00edmica.<\/p>\n<p>F\u00e1cil de combinar con otros materiales.<\/p>\n<p>Tama\u00f1o de part\u00edcula y forma cristalina personalizables.<\/p>\n<p>Plazo de entrega flexible.<\/p>\n<p>Adecuado para necesidades de I+D y experimentales<\/p>\n<h2><span style=\"font-size: 14pt;\">. Aplicaciones del polvo de \u00f3xido de cobalto y hierro<\/span><\/h2>\n<p><strong>Materiales magn\u00e9ticos:<\/strong><br \/>\nel polvo de \u00f3xido de cobalto y hierro se puede utilizar para preparar materiales magn\u00e9ticos de alto rendimiento, como grabadoras magn\u00e9ticas, imanes permanentes y sensores, mejorando la estabilidad de las propiedades magn\u00e9ticas.<\/p>\n<p><strong>Preparaci\u00f3n de catalizadores:<\/strong><br \/>\ncomo catalizador o precursor de soporte de catalizador, garantiza una distribuci\u00f3n uniforme de los componentes activos y mejora la eficiencia catal\u00edtica.<\/p>\n<p><strong>Fabricaci\u00f3n de componentes electr\u00f3nicos:<\/strong><br \/>\nadecuado para dispositivos electr\u00f3nicos y deposici\u00f3n de pel\u00edculas delgadas, lo que mejora la estabilidad funcional y la fiabilidad de los dispositivos.<\/p>\n<p><strong>Investigaci\u00f3n y desarrollo de procesos:<\/strong><br \/>\nampliamente utilizado en instituciones de investigaci\u00f3n y departamentos de I+D corporativos para la evaluaci\u00f3n del rendimiento de materiales magn\u00e9ticos y la optimizaci\u00f3n de los par\u00e1metros de proceso.<\/p>\n<h2><span style=\"font-size: 14pt;\">Preguntas frecuentes<\/span><\/h2>\n<p><strong>P1: \u00bfCu\u00e1les son las propiedades magn\u00e9ticas del polvo de \u00f3xido de cobalto y hierro?<\/strong><br \/>\nR1: Este polvo tiene buenas propiedades magn\u00e9ticas, que pueden ajustarse en funci\u00f3n del tama\u00f1o y la composici\u00f3n de las part\u00edculas, lo que lo hace adecuado para diversas aplicaciones magn\u00e9ticas.<\/p>\n<p><strong>P2: \u00bfAfecta el tama\u00f1o de las part\u00edculas del polvo a la actividad del material?<\/strong><br \/>\nR2: S\u00ed, la uniformidad del tama\u00f1o de las part\u00edculas afecta directamente a la dispersabilidad del material y a sus propiedades catal\u00edticas o magn\u00e9ticas. Se debe seleccionar el tama\u00f1o de part\u00edcula adecuado en funci\u00f3n de la aplicaci\u00f3n.<\/p>\n<p><strong>P3: \u00bfSe puede utilizar este polvo en procesos a alta temperatura?<\/strong><br \/>\nR3: S\u00ed, este polvo tiene una excelente estabilidad t\u00e9rmica y es adecuado para procesos de sinterizaci\u00f3n a alta temperatura y preparaci\u00f3n de pel\u00edculas delgadas.<\/p>\n<p><strong>P4: \u00bfQu\u00e9 precauciones se deben tomar al almacenar el polvo?<\/strong><br \/>\nR4: Se recomienda almacenarlo en un entorno sellado, seco y bien ventilado, evitando la humedad y la contaminaci\u00f3n para garantizar la estabilidad del rendimiento del polvo.<\/p>\n<h2><span style=\"font-size: 14pt;\">Informes<\/span><\/h2>\n<p>Cada lote se suministra con:<\/p>\n<p>Certificado de an\u00e1lisis (COA)<\/p>\n<p>Ficha t\u00e9cnica (TDS)<\/p>\n<p>Ficha de datos de seguridad (MSDS)<\/p>\n<p>Informes de pruebas de terceros disponibles bajo petici\u00f3n<\/p>\n<h2><span style=\"font-size: 14pt;\">\u00bfPor qu\u00e9 elegirnos?<\/span><\/h2>\n<p>Nos especializamos en la investigaci\u00f3n y el suministro estable de polvos de \u00f3xido de cobalto y hierro de alto rendimiento. Con un sistema de gesti\u00f3n de calidad integral y capacidades de personalizaci\u00f3n flexibles, podemos proporcionar a los clientes soluciones de materiales fiables y trazables adecuadas para la investigaci\u00f3n cient\u00edfica y las aplicaciones industriales, lo que ayuda a que los proyectos avancen de manera eficiente.<\/p>\n","protected":false},"excerpt":{"rendered":"<p>Descripci\u00f3n general del polvo de \u00f3xido de cobalto y hierro El polvo de \u00f3xido de cobalto y hierro es un material de \u00f3xido met\u00e1lico funcional con una excelente estabilidad magn\u00e9tica y t\u00e9rmica, ampliamente utilizado en la fabricaci\u00f3n de materiales magn\u00e9ticos, catalizadores y dispositivos electr\u00f3nicos. Ofrecemos polvos de \u00f3xido de cobalto y hierro en diversos tama\u00f1os [&hellip;]<\/p>\n","protected":false},"featured_media":40828,"template":"","meta":{"_acf_changed":false},"product_brand":[132],"product_cat":[1189],"product_tag":[4895],"class_list":{"0":"post-40210","1":"product","2":"type-product","3":"status-publish","4":"has-post-thumbnail","6":"product_brand-ulpmat","7":"product_cat-otros-acidos","8":"product_tag-oxido-de-hierro-y-cobalto-en-polvo","10":"first","11":"instock","12":"shipping-taxable","13":"product-type-variable"},"acf":[],"_links":{"self":[{"href":"https:\/\/ulpmat.com\/es\/wp-json\/wp\/v2\/product\/40210","targetHints":{"allow":["GET"]}}],"collection":[{"href":"https:\/\/ulpmat.com\/es\/wp-json\/wp\/v2\/product"}],"about":[{"href":"https:\/\/ulpmat.com\/es\/wp-json\/wp\/v2\/types\/product"}],"wp:featuredmedia":[{"embeddable":true,"href":"https:\/\/ulpmat.com\/es\/wp-json\/wp\/v2\/media\/40828"}],"wp:attachment":[{"href":"https:\/\/ulpmat.com\/es\/wp-json\/wp\/v2\/media?parent=40210"}],"wp:term":[{"taxonomy":"product_brand","embeddable":true,"href":"https:\/\/ulpmat.com\/es\/wp-json\/wp\/v2\/product_brand?post=40210"},{"taxonomy":"product_cat","embeddable":true,"href":"https:\/\/ulpmat.com\/es\/wp-json\/wp\/v2\/product_cat?post=40210"},{"taxonomy":"product_tag","embeddable":true,"href":"https:\/\/ulpmat.com\/es\/wp-json\/wp\/v2\/product_tag?post=40210"}],"curies":[{"name":"wp","href":"https:\/\/api.w.org\/{rel}","templated":true}]}}