{"id":40191,"date":"2025-12-29T16:47:30","date_gmt":"2025-12-29T08:47:30","guid":{"rendered":"https:\/\/ulpmat.com\/product\/oxido-de-cobalto-y-hierro\/"},"modified":"2025-12-29T16:47:30","modified_gmt":"2025-12-29T08:47:30","slug":"oxido-de-cobalto-y-hierro","status":"publish","type":"product","link":"https:\/\/ulpmat.com\/es\/producto\/oxido-de-cobalto-y-hierro\/","title":{"rendered":"\u00d3xido de cobalto y hierro"},"content":{"rendered":"<h2><span style=\"font-size: 14pt;\">Objetivos de pulverizaci\u00f3n de \u00f3xido de cobalto y hierro Descripci\u00f3n general<\/span><\/h2>\n<p>Los objetivos de pulverizaci\u00f3n<br \/>\n<strong><span style=\"color: #0000ff;\"><a style=\"color: #0000ff;\" href=\"https:\/\/ulpmat.com\/es\/buscar\/?type=name&#038;keyword=Cobalt+iron+oxide\">de \u00f3xido de cobalto y hierro<\/a><\/span><\/strong><br \/>\nson objetivos de \u00f3xido de alto rendimiento que combinan magnetismo estable, resistencia al desgaste y estabilidad qu\u00edmica, lo que los hace muy utilizados en la fabricaci\u00f3n de pel\u00edculas delgadas magn\u00e9ticas y dispositivos electr\u00f3nicos.<\/p>\n<p>Ofrecemos objetivos de pulverizaci\u00f3n de \u00f3xido de cobalto y hierro en varios tama\u00f1os, formas cristalinas y grados de pureza, y ofrecemos asesoramiento t\u00e9cnico y pruebas de muestras. P\u00f3ngase <span style=\"color: #0000ff;\"><strong><a style=\"color: #0000ff;\" href=\"https:\/\/ulpmat.com\/es\/contacto\/\">en contacto con nosotros<\/a><\/strong><\/span><br \/>\npara obtener m\u00e1s informaci\u00f3n.<\/p>\n<h2><span style=\"font-size: 14pt;\">Caracter\u00edsticas destacadas del producto<\/span><\/h2>\n<p>Excelentes propiedades magn\u00e9ticas<\/p>\n<p>Resistencia al desgaste y a la corrosi\u00f3n.<\/p>\n<p>Buena estabilidad t\u00e9rmica.<\/p>\n<p>Adecuados para diversos procesos de pulverizaci\u00f3n<br \/>\n<strong>.<\/strong><\/p>\n<p>Personalizaci\u00f3n flexible del tama\u00f1o y la forma cristalina.<\/p>\n<p>Asistencia t\u00e9cnica y posventa.<\/p>\n<p>Asesoramiento sobre la selecci\u00f3n de materiales.<\/p>\n<h2><span style=\"font-size: 14pt;\">Aplicaciones de los blancos de pulverizaci\u00f3n de \u00f3xido de cobalto y hierro<\/span><\/h2>\n<p><strong>Fabricaci\u00f3n de pel\u00edculas delgadas magn\u00e9ticas:<\/strong><br \/>\nlos blancos de pulverizaci\u00f3n de \u00f3xido de cobalto y hierro son adecuados para fabricar pel\u00edculas delgadas magn\u00e9ticas de alto rendimiento para dispositivos de almacenamiento magn\u00e9tico, sensores y dispositivos microelectr\u00f3nicos, lo que garantiza la estabilidad del rendimiento.<\/p>\n<p><strong>Deposici\u00f3n en dispositivos electr\u00f3nicos:<\/strong><br \/>\nse pueden utilizar para la deposici\u00f3n de pel\u00edculas delgadas en dispositivos electr\u00f3nicos, lo que mejora la estabilidad y la fiabilidad de la funcionalidad de los dispositivos.<\/p>\n<p><strong>Recubrimientos funcionales catal\u00edticos:<\/strong><br \/>\nadecuados para preparar recubrimientos catal\u00edticos funcionales, lo que garantiza una distribuci\u00f3n uniforme de los componentes activos y mejora la eficiencia catal\u00edtica.<\/p>\n<p><strong>Investigaci\u00f3n y desarrollo de procesos:<\/strong><br \/>\nampliamente utilizados en instituciones de investigaci\u00f3n y departamentos de I+D de empresas para realizar pruebas de rendimiento y optimizar los par\u00e1metros de proceso de los materiales de pel\u00edcula delgada magn\u00e9tica.<\/p>\n<h2><span style=\"font-size: 14pt;\">Preguntas frecuentes<\/span><\/h2>\n<p><strong>P1: \u00bfPara qu\u00e9 tipo de equipo de pulverizaci\u00f3n cat\u00f3dica es adecuado el blanco de pulverizaci\u00f3n de \u00f3xido de cobalto y hierro?<\/strong><br \/>\nR1: Se puede utilizar en equipos de pulverizaci\u00f3n cat\u00f3dica por magnetr\u00f3n, pulverizaci\u00f3n cat\u00f3dica por RF y pulverizaci\u00f3n cat\u00f3dica por CC. Las especificaciones del blanco se seleccionan en funci\u00f3n de la potencia y el tama\u00f1o.<\/p>\n<p><strong>P2: \u00bfSe puede personalizar la forma cristalina del blanco?<\/strong><br \/>\nR2: S\u00ed, ofrecemos diferentes formas cristalinas de los blancos seg\u00fan los requisitos de la aplicaci\u00f3n para cumplir con los requisitos de rendimiento.<\/p>\n<p><strong>P3: \u00bfEl blanco es propenso a agrietarse o a presentar porosidad?<\/strong><br \/>\nR3: Preparado mediante un proceso metal\u00fargico de alta densidad, la microestructura uniforme reduce eficazmente el riesgo de agrietamiento y porosidad.<\/p>\n<p><strong>P4: \u00bfQu\u00e9 precauciones se deben tomar al almacenar el blanco?<\/strong><br \/>\nR4: Se recomienda almacenarlo en un entorno seco y ventilado, evitando la humedad, la contaminaci\u00f3n y la exposici\u00f3n prolongada al aire para mantener la estabilidad del rendimiento.<\/p>\n<h2><span style=\"font-size: 14pt;\">Informes<\/span><\/h2>\n<p>Cada lote se suministra con:<\/p>\n<p>Certificado de an\u00e1lisis (COA)<\/p>\n<p>Ficha t\u00e9cnica (TDS)<\/p>\n<p>Ficha de datos de seguridad (MSDS)<\/p>\n<p>Informe de inspecci\u00f3n de tama\u00f1o<\/p>\n<p>Informes de pruebas de terceros disponibles bajo petici\u00f3n<\/p>\n<h2><span style=\"font-size: 14pt;\">\u00bfPor qu\u00e9 elegirnos?<\/span><\/h2>\n<p>Nos especializamos en la I+D y el suministro estable de <strong>blancos de pulverizaci\u00f3n de \u00f3xido de cobalto y hierro de alto rendimiento.<\/strong><br \/>\nCon un sistema de gesti\u00f3n de calidad maduro y capacidades de personalizaci\u00f3n flexibles, podemos proporcionar a los clientes soluciones fiables y trazables adecuadas para la investigaci\u00f3n cient\u00edfica y las aplicaciones industriales, lo que ayuda a que los proyectos avancen de manera eficiente.<\/p>\n","protected":false},"excerpt":{"rendered":"<p>Objetivos de pulverizaci\u00f3n de \u00f3xido de cobalto y hierro Descripci\u00f3n general Los objetivos de pulverizaci\u00f3n de \u00f3xido de cobalto y hierro son objetivos de \u00f3xido de alto rendimiento que combinan magnetismo estable, resistencia al desgaste y estabilidad qu\u00edmica, lo que los hace muy utilizados en la fabricaci\u00f3n de pel\u00edculas delgadas magn\u00e9ticas y dispositivos electr\u00f3nicos. Ofrecemos [&hellip;]<\/p>\n","protected":false},"featured_media":40192,"template":"","meta":{"_acf_changed":false},"product_brand":[],"product_cat":[457],"product_tag":[4888,4889],"class_list":{"0":"post-40191","1":"product","2":"type-product","3":"status-publish","4":"has-post-thumbnail","6":"product_cat-blanco-ceramico-para-sputtering","7":"product_tag-catodos-para-sputtering-de-oxido-de-cobalto-e-hierro","8":"product_tag-oxido-de-cobalto-y-hierro","10":"first","11":"instock","12":"shipping-taxable","13":"product-type-variable"},"acf":[],"_links":{"self":[{"href":"https:\/\/ulpmat.com\/es\/wp-json\/wp\/v2\/product\/40191","targetHints":{"allow":["GET"]}}],"collection":[{"href":"https:\/\/ulpmat.com\/es\/wp-json\/wp\/v2\/product"}],"about":[{"href":"https:\/\/ulpmat.com\/es\/wp-json\/wp\/v2\/types\/product"}],"wp:featuredmedia":[{"embeddable":true,"href":"https:\/\/ulpmat.com\/es\/wp-json\/wp\/v2\/media\/40192"}],"wp:attachment":[{"href":"https:\/\/ulpmat.com\/es\/wp-json\/wp\/v2\/media?parent=40191"}],"wp:term":[{"taxonomy":"product_brand","embeddable":true,"href":"https:\/\/ulpmat.com\/es\/wp-json\/wp\/v2\/product_brand?post=40191"},{"taxonomy":"product_cat","embeddable":true,"href":"https:\/\/ulpmat.com\/es\/wp-json\/wp\/v2\/product_cat?post=40191"},{"taxonomy":"product_tag","embeddable":true,"href":"https:\/\/ulpmat.com\/es\/wp-json\/wp\/v2\/product_tag?post=40191"}],"curies":[{"name":"wp","href":"https:\/\/api.w.org\/{rel}","templated":true}]}}