{"id":40059,"date":"2025-12-29T16:47:32","date_gmt":"2025-12-29T08:47:32","guid":{"rendered":"https:\/\/ulpmat.com\/product\/sulfuro-de-cobalto\/"},"modified":"2025-12-29T16:47:32","modified_gmt":"2025-12-29T08:47:32","slug":"sulfuro-de-cobalto","status":"publish","type":"product","link":"https:\/\/ulpmat.com\/es\/producto\/sulfuro-de-cobalto\/","title":{"rendered":"Sulfuro de cobalto"},"content":{"rendered":"<h2><span style=\"font-size: 14pt;\">Descripci\u00f3n general del polvo de sulfuro de cobalto<\/span><\/h2>\n<p>El polvo<br \/>\n<span style=\"color: #0000ff;\"><strong><a style=\"color: #0000ff;\" href=\"https:\/\/ulpmat.com\/es\/buscar\/?type=name&#038;keyword=Cobalt+Sulfide\">de sulfuro de cobalto<\/a><\/strong><\/span><br \/>\nes un polvo de sulfuro de cobalto de alta pureza con una excelente conductividad y actividad catal\u00edtica, ampliamente utilizado en materiales para bater\u00edas, catalizadores y dispositivos optoelectr\u00f3nicos.<\/p>\n<p>Ofrecemos polvos de CoS2 en varios tama\u00f1os de part\u00edculas, purezas y especificaciones de envasado, y ofrecemos pruebas de muestras y asesoramiento t\u00e9cnico. P\u00f3ngase <span style=\"color: #0000ff;\"><strong><a style=\"color: #0000ff;\" href=\"https:\/\/ulpmat.com\/es\/contacto\/\">en contacto con nosotros<\/a><\/strong><\/span><br \/>\npara obtener informaci\u00f3n detallada y soluciones de aplicaci\u00f3n.<\/p>\n<h2><span style=\"font-size: 14pt;\">Caracter\u00edsticas destacadas del producto<\/span><\/h2>\n<p>Alta pureza.<\/p>\n<p>Tama\u00f1o de part\u00edcula uniforme y buena dispersi\u00f3n.<\/p>\n<p>Conductividad estable.<\/p>\n<p>Alta actividad catal\u00edtica.<\/p>\n<p>Excelente estabilidad t\u00e9rmica.<\/p>\n<p>F\u00e1cil de procesar en pel\u00edculas delgadas o compuestos.<\/p>\n<p>Tama\u00f1o de part\u00edcula y pureza personalizables.<\/p>\n<p>Asesoramiento sobre la selecci\u00f3n de materiales.<\/p>\n<p>Asistencia para la optimizaci\u00f3n de bater\u00edas y procesos catal\u00edticos<\/p>\n<h2><span style=\"font-size: 14pt;\">. Aplicaciones del polvo de sulfuro de cobalto<\/span><\/h2>\n<p><strong>Materiales para bater\u00edas:<\/strong><br \/>\nel polvo de sulfuro de cobalto se puede utilizar como material cat\u00f3dico en bater\u00edas de litio-azufre y otros dispositivos de almacenamiento de energ\u00eda, mejorando la capacidad de la bater\u00eda y el rendimiento del ciclo.<\/p>\n<p><strong>Preparaci\u00f3n de catalizadores:<\/strong><br \/>\nadecuado para preparar catalizadores de alta eficiencia o precursores de catalizadores, mejorando las velocidades de reacci\u00f3n qu\u00edmica y la uniformidad de los componentes activos.<\/p>\n<p><strong>Dispositivos optoelectr\u00f3nicos:<\/strong><br \/>\nse puede utilizar para preparar pel\u00edculas delgadas para dispositivos optoelectr\u00f3nicos, mejorando la conductividad y la estabilidad de los dispositivos.<\/p>\n<p><strong>Investigaci\u00f3n y desarrollo de materiales:<\/strong><br \/>\nampliamente utilizado en instituciones de investigaci\u00f3n y departamentos de I+D corporativos para la evaluaci\u00f3n del rendimiento de los materiales y la optimizaci\u00f3n de los par\u00e1metros de proceso.<\/p>\n<h2><span style=\"font-size: 14pt;\">Preguntas frecuentes<\/span><\/h2>\n<p><strong>P1: \u00bfC\u00f3mo se debe almacenar el polvo de sulfuro de cobalto?<\/strong><br \/>\nR1: Se recomienda almacenarlo en un recipiente herm\u00e9tico en un entorno seco y bien ventilado, evitando la humedad y la contaminaci\u00f3n para garantizar la estabilidad del polvo.<\/p>\n<p><strong>P2: \u00bfEl tama\u00f1o de las part\u00edculas del polvo afecta al rendimiento?<\/strong><br \/>\nR2: S\u00ed, la uniformidad del tama\u00f1o de las part\u00edculas afecta directamente a la dispersabilidad, la conductividad y la actividad catal\u00edtica del material. Se debe seleccionar un tama\u00f1o de part\u00edcula adecuado en funci\u00f3n del proceso.<\/p>\n<p><strong>P3: \u00bfEl polvo de CoS2 es adecuado para procesos a alta temperatura?<\/strong><br \/>\nR3: S\u00ed, este polvo tiene una buena estabilidad t\u00e9rmica y es adecuado para procesos de sinterizaci\u00f3n a alta temperatura y deposici\u00f3n de pel\u00edculas delgadas.<\/p>\n<p><strong>P4: \u00bfPueden suministrar polvos de diferentes grados de pureza?<\/strong><br \/>\nR4: S\u00ed, podemos suministrar polvos de alta pureza o de grados de pureza espec\u00edficos seg\u00fan las necesidades del cliente.<\/p>\n<h2><span style=\"font-size: 14pt;\">Informes<\/span><\/h2>\n<p>Cada lote se suministra con<\/p>\n<p>Certificado de an\u00e1lisis (COA)<\/p>\n<p>Ficha t\u00e9cnica (TDS)<\/p>\n<p>Ficha de datos de seguridad (MSDS)<\/p>\n<p>Informes de pruebas de terceros disponibles bajo petici\u00f3n<\/p>\n<h2><span style=\"font-size: 14pt;\">\u00bfPor qu\u00e9 elegirnos?<\/span><\/h2>\n<p>Nos especializamos en la investigaci\u00f3n y el suministro estable de <strong>polvo de sulfuro de cobalto de alta pureza<\/strong><br \/>\n. Con un sistema de gesti\u00f3n de calidad integral y capacidades de personalizaci\u00f3n flexibles, podemos proporcionar a los clientes soluciones de materiales fiables y trazables adecuadas para la investigaci\u00f3n cient\u00edfica y las aplicaciones industriales, lo que ayuda a que los proyectos avancen de manera eficiente.<\/p>\n","protected":false},"excerpt":{"rendered":"<p>Descripci\u00f3n general del polvo de sulfuro de cobalto El polvo de sulfuro de cobalto es un polvo de sulfuro de cobalto de alta pureza con una excelente conductividad y actividad catal\u00edtica, ampliamente utilizado en materiales para bater\u00edas, catalizadores y dispositivos optoelectr\u00f3nicos. Ofrecemos polvos de CoS2 en varios tama\u00f1os de part\u00edculas, purezas y especificaciones de envasado, [&hellip;]<\/p>\n","protected":false},"featured_media":40669,"template":"","meta":{"_acf_changed":false},"product_brand":[],"product_cat":[678,1102],"product_tag":[4847],"class_list":{"0":"post-40059","1":"product","2":"type-product","3":"status-publish","4":"has-post-thumbnail","6":"product_cat-materiales-calcogenuros","7":"product_cat-materiales-calcogenuros-es","8":"product_tag-polvo-de-sulfuro-de-cobalto","10":"first","11":"instock","12":"shipping-taxable","13":"product-type-variable"},"acf":[],"_links":{"self":[{"href":"https:\/\/ulpmat.com\/es\/wp-json\/wp\/v2\/product\/40059","targetHints":{"allow":["GET"]}}],"collection":[{"href":"https:\/\/ulpmat.com\/es\/wp-json\/wp\/v2\/product"}],"about":[{"href":"https:\/\/ulpmat.com\/es\/wp-json\/wp\/v2\/types\/product"}],"wp:featuredmedia":[{"embeddable":true,"href":"https:\/\/ulpmat.com\/es\/wp-json\/wp\/v2\/media\/40669"}],"wp:attachment":[{"href":"https:\/\/ulpmat.com\/es\/wp-json\/wp\/v2\/media?parent=40059"}],"wp:term":[{"taxonomy":"product_brand","embeddable":true,"href":"https:\/\/ulpmat.com\/es\/wp-json\/wp\/v2\/product_brand?post=40059"},{"taxonomy":"product_cat","embeddable":true,"href":"https:\/\/ulpmat.com\/es\/wp-json\/wp\/v2\/product_cat?post=40059"},{"taxonomy":"product_tag","embeddable":true,"href":"https:\/\/ulpmat.com\/es\/wp-json\/wp\/v2\/product_tag?post=40059"}],"curies":[{"name":"wp","href":"https:\/\/api.w.org\/{rel}","templated":true}]}}