{"id":39936,"date":"2025-12-29T16:47:14","date_gmt":"2025-12-29T08:47:14","guid":{"rendered":"https:\/\/ulpmat.com\/product\/cobalto-metalico-5\/"},"modified":"2025-12-29T16:47:14","modified_gmt":"2025-12-29T08:47:14","slug":"cobalto-metalico-5","status":"publish","type":"product","link":"https:\/\/ulpmat.com\/es\/producto\/cobalto-metalico-5\/","title":{"rendered":"Cobalto met\u00e1lico"},"content":{"rendered":"<h2><span style=\"font-size: 14pt;\">Descripci\u00f3n general de los gr\u00e1nulos de cobalto met\u00e1lico<\/span><\/h2>\n<p>Los gr\u00e1nulos<br \/>\n<strong><span style=\"color: #0000ff;\"><a style=\"color: #0000ff;\" href=\"https:\/\/ulpmat.com\/es\/buscar\/?type=name&#038;keyword=cobalt+metal\">de cobalto met\u00e1lico<\/a><\/span><\/strong><br \/>\nposeen una excelente conductividad el\u00e9ctrica y resistencia a la corrosi\u00f3n, lo que los hace muy utilizados en bater\u00edas, fabricaci\u00f3n de aleaciones y componentes electr\u00f3nicos.<\/p>\n<p>Ofrecemos <strong>gr\u00e1nulos de cobalto de alta pureza<\/strong><br \/>\npara satisfacer sus diversas necesidades de aplicaciones industriales. <span style=\"color: #0000ff;\"><strong><a style=\"color: #0000ff;\" href=\"https:\/\/ulpmat.com\/es\/contacto\/\">P\u00f3ngase en contacto con nosotros<\/a><\/strong><\/span><br \/>\npara obtener m\u00e1s informaci\u00f3n.<\/p>\n<h2><span style=\"font-size: 14pt;\">Caracter\u00edsticas destacadas del producto:<\/span><\/h2>\n<p>Su alta pureza garantiza un rendimiento estable.<\/p>\n<p>Excelente conductividad el\u00e9ctrica, adecuada para aplicaciones en bater\u00edas.<\/p>\n<p>Excelente resistencia a la corrosi\u00f3n, lo que prolonga su vida \u00fatil.<\/p>\n<p>Buenas propiedades mec\u00e1nicas, adaptables a entornos hostiles.<\/p>\n<p>Servicios de personalizaci\u00f3n para satisfacer diversas especificaciones.<\/p>\n<p>El estricto control de calidad garantiza la estabilidad de cada pastilla<\/p>\n<h2><span style=\"font-size: 14pt;\">. Aplicaciones de las pastillas de metal de cobalto<\/span><\/h2>\n<p><strong>Industria de las bater\u00edas:<\/strong><br \/>\nLas pastillas de metal de cobalto desempe\u00f1an un papel crucial en las bater\u00edas de ionen litio y otros materiales para bater\u00edas, mejorando la densidad energ\u00e9tica y la estabilidad del rendimiento.<\/p>\n<p><strong>Fabricaci\u00f3n de aleaciones:<\/strong><br \/>\nse utilizan en aleaciones de alta temperatura para las industrias aeroespacial y automovil\u00edstica, mejorando la resistencia y la resistencia a altas temperaturas de las aleaciones.<\/p>\n<p>b Se utilizan en la fabricaci\u00f3n de componentes electr\u00f3nicos de alta precisi\u00f3n, como imanes y sensores.<\/p>\n<p><strong>Catalizadores:<\/strong><br \/>\nlos pellets de metal de cobalto son materiales indispensables en las reacciones catal\u00edticas y se utilizan ampliamente en reacciones qu\u00edmicas y tecnolog\u00edas medioambientales.<\/p>\n<h2><span style=\"font-size: 14pt;\">Preguntas frecuentes<\/span><\/h2>\n<p><strong>P1: \u00bfCu\u00e1l es la pureza de los gr\u00e1nulos de cobalto met\u00e1lico?<\/strong><br \/>\nR1: Nuestra pureza es de hasta el 99,999 %, lo que garantiza el rendimiento en aplicaciones de alta precisi\u00f3n.<\/p>\n<p><strong>P2: \u00bfSe puede personalizar el tama\u00f1o?<\/strong><br \/>\nR2: S\u00ed, ofrecemos tama\u00f1os personalizados seg\u00fan las necesidades del cliente para satisfacer los requisitos de diferentes aplicaciones industriales.<\/p>\n<p><strong>P3: \u00bfCu\u00e1les son los requisitos de almacenamiento?<\/strong><br \/>\nR3: Almac\u00e9nelos en un entorno seco y fresco, evitando la exposici\u00f3n a la humedad o a sustancias corrosivas.<\/p>\n<p><strong>P4: \u00bfCu\u00e1les son las principales aplicaciones de los gr\u00e1nulos de metal de cobalto?<\/strong><br \/>\nR4: Se utilizan principalmente en la producci\u00f3n de bater\u00edas, herramientas el\u00e9ctricas, catalizadores y aleaciones, y son especialmente adecuados para entornos que requieren una alta densidad energ\u00e9tica y resistencia a altas temperaturas.<\/p>\n<h2><span style=\"font-size: 14pt;\">Informes<\/span><\/h2>\n<p>Cada lote se suministra con:<\/p>\n<p>Certificado de an\u00e1lisis (COA)<\/p>\n<p>Ficha t\u00e9cnica (TDS)<\/p>\n<p>Ficha de datos de seguridad (MSDS)<\/p>\n<p>Informe de inspecci\u00f3n de tama\u00f1o<\/p>\n<p>Informes de pruebas de terceros disponibles bajo petici\u00f3n<\/p>\n<h2><span style=\"font-size: 14pt;\">\u00bfPor qu\u00e9 elegirnos?<\/span><\/h2>\n<p>Nuestros pellets de metal de cobalto se basan en <strong>una alta pureza, una excelente estabilidad y un rendimiento fiable.<\/strong><br \/>\nTambi\u00e9n ofrecemos servicios personalizados y un completo servicio posventa, lo que nos convierte en su socio fiable a largo plazo<strong>.<\/strong><\/p>\n","protected":false},"excerpt":{"rendered":"<p>Descripci\u00f3n general de los gr\u00e1nulos de cobalto met\u00e1lico Los gr\u00e1nulos de cobalto met\u00e1lico poseen una excelente conductividad el\u00e9ctrica y resistencia a la corrosi\u00f3n, lo que los hace muy utilizados en bater\u00edas, fabricaci\u00f3n de aleaciones y componentes electr\u00f3nicos. Ofrecemos gr\u00e1nulos de cobalto de alta pureza para satisfacer sus diversas necesidades de aplicaciones industriales. P\u00f3ngase en contacto [&hellip;]<\/p>\n","protected":false},"featured_media":39937,"template":"","meta":{"_acf_changed":false},"product_brand":[],"product_cat":[340],"product_tag":[4811,410],"class_list":{"0":"post-39936","1":"product","2":"type-product","3":"status-publish","4":"has-post-thumbnail","6":"product_cat-materiales-de-evaporacion","7":"product_tag-cobalto-metalico-pellets","8":"product_tag-materiales-de-evaporacion","10":"first","11":"instock","12":"shipping-taxable","13":"product-type-variable"},"acf":[],"_links":{"self":[{"href":"https:\/\/ulpmat.com\/es\/wp-json\/wp\/v2\/product\/39936","targetHints":{"allow":["GET"]}}],"collection":[{"href":"https:\/\/ulpmat.com\/es\/wp-json\/wp\/v2\/product"}],"about":[{"href":"https:\/\/ulpmat.com\/es\/wp-json\/wp\/v2\/types\/product"}],"wp:featuredmedia":[{"embeddable":true,"href":"https:\/\/ulpmat.com\/es\/wp-json\/wp\/v2\/media\/39937"}],"wp:attachment":[{"href":"https:\/\/ulpmat.com\/es\/wp-json\/wp\/v2\/media?parent=39936"}],"wp:term":[{"taxonomy":"product_brand","embeddable":true,"href":"https:\/\/ulpmat.com\/es\/wp-json\/wp\/v2\/product_brand?post=39936"},{"taxonomy":"product_cat","embeddable":true,"href":"https:\/\/ulpmat.com\/es\/wp-json\/wp\/v2\/product_cat?post=39936"},{"taxonomy":"product_tag","embeddable":true,"href":"https:\/\/ulpmat.com\/es\/wp-json\/wp\/v2\/product_tag?post=39936"}],"curies":[{"name":"wp","href":"https:\/\/api.w.org\/{rel}","templated":true}]}}