{"id":39882,"date":"2025-12-29T16:47:14","date_gmt":"2025-12-29T08:47:14","guid":{"rendered":"https:\/\/ulpmat.com\/product\/cobalto-metalico-3\/"},"modified":"2025-12-29T16:47:14","modified_gmt":"2025-12-29T08:47:14","slug":"cobalto-metalico-3","status":"publish","type":"product","link":"https:\/\/ulpmat.com\/es\/producto\/cobalto-metalico-3\/","title":{"rendered":"Cobalto met\u00e1lico"},"content":{"rendered":"<h2><span style=\"font-size: 14pt;\">Descripci\u00f3n general del polvo met\u00e1lico de cobalto<\/span><\/h2>\n<p>El polvo<br \/>\n<strong><span style=\"color: #0000ff;\"><a style=\"color: #0000ff;\" href=\"https:\/\/ulpmat.com\/es\/buscar\/?type=name&#038;keyword=cobalt+metal\">met\u00e1lico de cobalto<\/a><\/span><\/strong><br \/>\n, con su excelente conductividad el\u00e9ctrica y propiedades mec\u00e1nicas, se utiliza ampliamente en la metalurgia del polvo, la producci\u00f3n de catalizadores y la fabricaci\u00f3n de aleaciones.<\/p>\n<p>Ofrecemos <strong>polvo met\u00e1lico de cobalto de alta pureza<\/strong><br \/>\npara satisfacer diversas necesidades industriales. <strong><span style=\"color: #0000ff;\"><a style=\"color: #0000ff;\" href=\"https:\/\/ulpmat.com\/es\/contacto\/\">P\u00f3ngase en contacto con nosotros<\/a><\/span><\/strong><br \/>\npara obtener soluciones personalizadas.<\/p>\n<h2><span style=\"font-size: 14pt;\">Caracter\u00edsticas destacadas del producto<\/span><\/h2>\n<p>Su alta pureza garantiza un rendimiento \u00f3ptimo.<\/p>\n<p>El tama\u00f1o irregular de las part\u00edculas es adecuado para aplicaciones de pulvimetalurgia.<\/p>\n<p>Su excelente conductividad el\u00e9ctrica lo hace adecuado para bater\u00edas y componentes electr\u00f3nicos.<\/p>\n<p>Su buena resistencia a la corrosi\u00f3n lo hace adecuado para entornos hostiles.<\/p>\n<p>Su alta resistencia garantiza un uso estable a largo plazo.<\/p>\n<p>Ofrecemos servicios personalizados para satisfacer diferentes requisitos de tama\u00f1o y especificaciones<\/p>\n<h2><span style=\"font-size: 14pt;\">. Aplicaciones del polvo met\u00e1lico de cobalto<\/span><\/h2>\n<p><strong>Pulvimetalurgia:<\/strong><br \/>\nse utiliza ampliamente en pulvimetalurgia, es adecuado para la fabricaci\u00f3n de piezas de alta precisi\u00f3n y garantiza la calidad y la resistencia del producto.<\/p>\n<p><strong>Catalizadores:<\/strong><br \/>\nse utiliza en la industria qu\u00edmica como componente principal de las reacciones catal\u00edticas, mejorando la eficiencia de la reacci\u00f3n, y se utiliza ampliamente en la industria petroqu\u00edmica.<\/p>\n<p><strong>Producci\u00f3n de aleaciones:<\/strong><br \/>\nadecuado para la fabricaci\u00f3n de materiales de aleaci\u00f3n de alta temperatura, mejora la resistencia del producto y la resistencia a la corrosi\u00f3n, y se utiliza ampliamente en la fabricaci\u00f3n aeroespacial y automovil\u00edstica.<\/p>\n<p><strong>Fabricaci\u00f3n de productos electr\u00f3nicos:<\/strong><br \/>\nen la producci\u00f3n de componentes electr\u00f3nicos, el polvo de cobalto proporciona una excelente conductividad, lo que garantiza la estabilidad del dispositivo.<\/p>\n<h2><span style=\"font-size: 14pt;\">Preguntas frecuentes<\/span><\/h2>\n<p><strong>P1: \u00bfCu\u00e1l es la pureza del polvo met\u00e1lico irregular de cobalto?<\/strong><br \/>\nR1: Nuestro polvo met\u00e1lico irregular de cobalto tiene una pureza de hasta el 99,99 %, lo que garantiza la estabilidad en diversas aplicaciones de precisi\u00f3n.<\/p>\n<p><strong>P2: \u00bfPara qu\u00e9 industrias es adecuado?<\/strong><br \/>\nR2: Es adecuado para m\u00faltiples industrias, incluyendo la metalurgia de polvos, los catalizadores, la producci\u00f3n de aleaciones y la fabricaci\u00f3n de componentes electr\u00f3nicos.<\/p>\n<p><strong>P3: \u00bfSe puede personalizar el polvo met\u00e1lico de cobalto?<\/strong><br \/>\nR3: S\u00ed, ofrecemos servicios de personalizaci\u00f3n. Puede elegir diferentes tama\u00f1os de part\u00edculas y especificaciones seg\u00fan sus necesidades.<\/p>\n<p><strong>P4: \u00bfC\u00f3mo se debe almacenar el polvo de cobalto?<\/strong><br \/>\nR4: Debe almacenarse en un entorno seco y fresco, evitando los efectos de la humedad y los gases corrosivos.<\/p>\n<h2><span style=\"font-size: 14pt;\">Informes<\/span><\/h2>\n<p>Cada lote se suministra con:<\/p>\n<p>Certificado de an\u00e1lisis (COA)<\/p>\n<p>Ficha t\u00e9cnica (TDS)<\/p>\n<p>Ficha de datos de seguridad (MSDS)<\/p>\n<p>Informes de pruebas de terceros disponibles bajo petici\u00f3n<\/p>\n<h2><span style=\"font-size: 14pt;\">\u00bfPor qu\u00e9 elegirnos?<\/span><\/h2>\n<p>Nuestros polvos met\u00e1licos irregulares de cobalto se caracterizan por su alta pureza y excelente rendimiento. En combinaci\u00f3n con servicios personalizados y asistencia posventa profesional, garantizamos soluciones de materiales fiables para sus proyectos.<\/p>\n","protected":false},"excerpt":{"rendered":"<p>Descripci\u00f3n general del polvo met\u00e1lico de cobalto El polvo met\u00e1lico de cobalto , con su excelente conductividad el\u00e9ctrica y propiedades mec\u00e1nicas, se utiliza ampliamente en la metalurgia del polvo, la producci\u00f3n de catalizadores y la fabricaci\u00f3n de aleaciones. Ofrecemos polvo met\u00e1lico de cobalto de alta pureza para satisfacer diversas necesidades industriales. P\u00f3ngase en contacto con [&hellip;]<\/p>\n","protected":false},"featured_media":39883,"template":"","meta":{"_acf_changed":false},"product_brand":[],"product_cat":[338],"product_tag":[4799],"class_list":{"0":"post-39882","1":"product","2":"type-product","3":"status-publish","4":"has-post-thumbnail","6":"product_cat-metales-puros-y-aleaciones","7":"product_tag-cobalto-metalico-polvo","9":"first","10":"instock","11":"shipping-taxable","12":"product-type-variable"},"acf":[],"_links":{"self":[{"href":"https:\/\/ulpmat.com\/es\/wp-json\/wp\/v2\/product\/39882","targetHints":{"allow":["GET"]}}],"collection":[{"href":"https:\/\/ulpmat.com\/es\/wp-json\/wp\/v2\/product"}],"about":[{"href":"https:\/\/ulpmat.com\/es\/wp-json\/wp\/v2\/types\/product"}],"wp:featuredmedia":[{"embeddable":true,"href":"https:\/\/ulpmat.com\/es\/wp-json\/wp\/v2\/media\/39883"}],"wp:attachment":[{"href":"https:\/\/ulpmat.com\/es\/wp-json\/wp\/v2\/media?parent=39882"}],"wp:term":[{"taxonomy":"product_brand","embeddable":true,"href":"https:\/\/ulpmat.com\/es\/wp-json\/wp\/v2\/product_brand?post=39882"},{"taxonomy":"product_cat","embeddable":true,"href":"https:\/\/ulpmat.com\/es\/wp-json\/wp\/v2\/product_cat?post=39882"},{"taxonomy":"product_tag","embeddable":true,"href":"https:\/\/ulpmat.com\/es\/wp-json\/wp\/v2\/product_tag?post=39882"}],"curies":[{"name":"wp","href":"https:\/\/api.w.org\/{rel}","templated":true}]}}