{"id":39850,"date":"2025-12-29T16:47:15","date_gmt":"2025-12-29T08:47:15","guid":{"rendered":"https:\/\/ulpmat.com\/product\/cobalto-metalico-2\/"},"modified":"2025-12-29T16:47:15","modified_gmt":"2025-12-29T08:47:15","slug":"cobalto-metalico-2","status":"publish","type":"product","link":"https:\/\/ulpmat.com\/es\/producto\/cobalto-metalico-2\/","title":{"rendered":"Cobalto met\u00e1lico"},"content":{"rendered":"<h2><span style=\"font-size: 14pt;\">Descripci\u00f3n general del polvo esf\u00e9rico de cobalto<\/span><\/h2>\n<p>El polvo esf\u00e9rico<br \/>\n<strong><span style=\"color: #0000ff;\"><a style=\"color: #0000ff;\" href=\"https:\/\/ulpmat.com\/es\/buscar\/?type=name&#038;keyword=cobalt+metal\">de cobalto met\u00e1lico<\/a><\/span><\/strong><br \/>\nofrece una excelente fluidez y una distribuci\u00f3n uniforme de las part\u00edculas, lo que lo hace ampliamente aplicable en la fabricaci\u00f3n de alta precisi\u00f3n, la metalurgia de polvos y la impresi\u00f3n 3D.<\/p>\n<p>Ofrecemos polvo met\u00e1lico esf\u00e9rico de cobalto de alta pureza adecuado para el mecanizado de precisi\u00f3n y las necesidades personalizadas. <span style=\"color: #0000ff;\"><strong><a style=\"color: #0000ff;\" href=\"https:\/\/ulpmat.com\/es\/contacto\/\">P\u00f3ngase en contacto con nosotros<\/a><\/strong><\/span><br \/>\npara obtener m\u00e1s detalles sobre el producto.<\/p>\n<h2><span style=\"font-size: 14pt;\">Caracter\u00edsticas destacadas del producto<\/span><\/h2>\n<p>Su alta pureza garantiza una excelente conductividad el\u00e9ctrica y resistencia a la corrosi\u00f3n.<\/p>\n<p>Las part\u00edculas esf\u00e9ricas proporcionan una mejor fluidez y compactaci\u00f3n.<\/p>\n<p>Las part\u00edculas finas garantizan aplicaciones de alta precisi\u00f3n.<\/p>\n<p>Excelente rendimiento a altas temperaturas, adaptable a entornos hostiles.<\/p>\n<p>Buena maquinabilidad, adecuado para la metalurgia de polvos y la impresi\u00f3n 3D.<\/p>\n<p>El estricto control de calidad garantiza la consistencia y la estabilidad del producto.<\/p>\n<h2><span style=\"font-size: 14pt;\">Aplicaciones del polvo esf\u00e9rico de cobalto<\/span><\/h2>\n<p><strong>Metalurgia de polvos:<\/strong><br \/>\nel polvo esf\u00e9rico de cobalto met\u00e1lico es adecuado para la fabricaci\u00f3n de piezas de metalurgia de polvos de alta precisi\u00f3n, lo que garantiza excelentes resultados de conformado y calidad del producto.<\/p>\n<p><strong>Impresi\u00f3n 3D:<\/strong><br \/>\nel polvo met\u00e1lico de cobalto se puede utilizar en procesos de fabricaci\u00f3n aditiva, proporcionando una impresi\u00f3n de alta precisi\u00f3n adecuada para industrias como la aeroespacial.<\/p>\n<p><strong>Materiales magn\u00e9ticos:<\/strong><br \/>\nel polvo de cobalto mejora las propiedades magn\u00e9ticas en la producci\u00f3n de materiales de imanes permanentes, encontrando una amplia aplicaci\u00f3n en motores y sensores.<\/p>\n<p><strong>Industria electr\u00f3nica:<\/strong><br \/>\nse utiliza en materiales de electrodos de bater\u00edas y componentes el\u00e9ctricos de alta eficiencia, proporcionando una conductividad y durabilidad estables.<\/p>\n<h2><span style=\"font-size: 14pt;\">Preguntas frecuentes<\/span><\/h2>\n<p><strong>P1: \u00bfCu\u00e1l es la distribuci\u00f3n de part\u00edculas del polvo met\u00e1lico esf\u00e9rico de cobalto?<\/strong><br \/>\nR1: Nuestro polvo esf\u00e9rico de cobalto tiene una distribuci\u00f3n de part\u00edculas uniforme, adecuada para aplicaciones que requieren alta precisi\u00f3n, como la impresi\u00f3n 3D y la pulvimetalurgia.<\/p>\n<p><strong>P2: \u00bfPara qu\u00e9 aplicaciones es adecuado el polvo esf\u00e9rico de cobalto?<\/strong><br \/>\nR2: Se utiliza ampliamente en la impresi\u00f3n 3D, la pulvimetalurgia, los materiales magn\u00e9ticos y los componentes electr\u00f3nicos, entre otros campos.<\/p>\n<p><strong>P3: \u00bfEs f\u00e1cil almacenar el polvo esf\u00e9rico de cobalto?<\/strong><br \/>\nR3: El polvo esf\u00e9rico de cobalto debe almacenarse en un entorno seco y bien ventilado, evitando la humedad y las sustancias corrosivas que podr\u00edan afectar a su calidad.<\/p>\n<p><strong>P4: \u00bfCu\u00e1l es la pureza del polvo esf\u00e9rico de cobalto?<\/strong><br \/>\nR4: El polvo esf\u00e9rico de cobalto que ofrecemos tiene una pureza de hasta el 99,9 %, lo que garantiza un excelente rendimiento en las aplicaciones.<\/p>\n<h2><span style=\"font-size: 14pt;\">Informes<\/span><\/h2>\n<p>Cada lote se suministra con:<\/p>\n<p>Certificado de an\u00e1lisis (COA)<\/p>\n<p>Ficha t\u00e9cnica (TDS)<\/p>\n<p>Ficha de datos de seguridad (MSDS)<\/p>\n<p>Informes de pruebas de terceros disponibles bajo petici\u00f3n<\/p>\n<h2><span style=\"font-size: 14pt;\">\u00bfPor qu\u00e9 elegirnos?<\/span><\/h2>\n<p>Nuestros polvos met\u00e1licos esf\u00e9ricos de cobalto ofrecen una alta pureza y un rendimiento estable. En combinaci\u00f3n con servicios personalizados y asistencia posventa profesional, garantizamos la mejor soluci\u00f3n para sus proyectos.<\/p>\n","protected":false},"excerpt":{"rendered":"<p>Descripci\u00f3n general del polvo esf\u00e9rico de cobalto El polvo esf\u00e9rico de cobalto met\u00e1lico ofrece una excelente fluidez y una distribuci\u00f3n uniforme de las part\u00edculas, lo que lo hace ampliamente aplicable en la fabricaci\u00f3n de alta precisi\u00f3n, la metalurgia de polvos y la impresi\u00f3n 3D. Ofrecemos polvo met\u00e1lico esf\u00e9rico de cobalto de alta pureza adecuado para [&hellip;]<\/p>\n","protected":false},"featured_media":39851,"template":"","meta":{"_acf_changed":false},"product_brand":[],"product_cat":[1151],"product_tag":[4793],"class_list":{"0":"post-39850","1":"product","2":"type-product","3":"status-publish","4":"has-post-thumbnail","6":"product_cat-polvo-esferico-para-impresion-3d","7":"product_tag-cobalto-metal-polvo-esferico","9":"first","10":"instock","11":"shipping-taxable","12":"product-type-variable"},"acf":[],"_links":{"self":[{"href":"https:\/\/ulpmat.com\/es\/wp-json\/wp\/v2\/product\/39850","targetHints":{"allow":["GET"]}}],"collection":[{"href":"https:\/\/ulpmat.com\/es\/wp-json\/wp\/v2\/product"}],"about":[{"href":"https:\/\/ulpmat.com\/es\/wp-json\/wp\/v2\/types\/product"}],"wp:featuredmedia":[{"embeddable":true,"href":"https:\/\/ulpmat.com\/es\/wp-json\/wp\/v2\/media\/39851"}],"wp:attachment":[{"href":"https:\/\/ulpmat.com\/es\/wp-json\/wp\/v2\/media?parent=39850"}],"wp:term":[{"taxonomy":"product_brand","embeddable":true,"href":"https:\/\/ulpmat.com\/es\/wp-json\/wp\/v2\/product_brand?post=39850"},{"taxonomy":"product_cat","embeddable":true,"href":"https:\/\/ulpmat.com\/es\/wp-json\/wp\/v2\/product_cat?post=39850"},{"taxonomy":"product_tag","embeddable":true,"href":"https:\/\/ulpmat.com\/es\/wp-json\/wp\/v2\/product_tag?post=39850"}],"curies":[{"name":"wp","href":"https:\/\/api.w.org\/{rel}","templated":true}]}}