{"id":39737,"date":"2025-11-20T14:29:49","date_gmt":"2025-11-20T06:29:49","guid":{"rendered":"https:\/\/ulpmat.com\/product\/paladio-metalico-2\/"},"modified":"2025-11-20T14:29:49","modified_gmt":"2025-11-20T06:29:49","slug":"paladio-metalico-2","status":"publish","type":"product","link":"https:\/\/ulpmat.com\/es\/producto\/paladio-metalico-2\/","title":{"rendered":"Paladio met\u00e1lico"},"content":{"rendered":"<h2><span style=\"font-size: 14pt;\">Descripci\u00f3n general de los blancos de pulverizaci\u00f3n de paladio met\u00e1lico<\/span><\/h2>\n<p>Los blancos de pulverizaci\u00f3n<br \/>\n<span style=\"color: #0000ff;\"><a style=\"color: #0000ff;\" href=\"https:\/\/ulpmat.com\/es\/buscar\/?type=name&#038;keyword=Palladium+metal\">de paladio met\u00e1lico<\/a><\/span><br \/>\nson blancos de deposici\u00f3n de pel\u00edcula delgada fabricados principalmente con paladio de alta pureza mediante fusi\u00f3n al vac\u00edo, mecanizado de precisi\u00f3n y prensado de homogeneizaci\u00f3n. Debido a su excelente inercia qu\u00edmica, sus propiedades de adhesi\u00f3n superiores y su estructura de pel\u00edcula delgada estable, los blancos de paladio desempe\u00f1an un papel insustituible en la fabricaci\u00f3n de dispositivos microelectr\u00f3nicos, el desarrollo de pel\u00edculas delgadas funcionales y la investigaci\u00f3n de nanomateriales.<\/p>\n<p>Ofrecemos una variedad de tama\u00f1os, espesores y blancos de pulverizaci\u00f3n de paladio con una pureza del 99,99 %. Las formas (circulares, cuadradas, rectangulares), los m\u00e9todos de uni\u00f3n de la placa posterior y las distribuciones de grano se pueden personalizar para adaptarse a diferentes equipos de deposici\u00f3n al vac\u00edo. Para consultas o asistencia t\u00e9cnica, p\u00f3ngase <span style=\"color: #0000ff;\"><a style=\"color: #0000ff;\" href=\"https:\/\/ulpmat.com\/es\/contacto\/\">en contacto con nosotros.<\/a><\/span><\/p>\n<h2><span style=\"font-size: 14pt;\">Caracter\u00edsticas destacadas del producto<\/span><\/h2>\n<p>Materia prima de paladio de alta pureza, lo que garantiza una calidad estable de la pel\u00edcula.<br \/>\nContenido de inclusiones extremadamente bajo, adecuado para aplicaciones de semiconductores de precisi\u00f3n.<br \/>\nTama\u00f1o de grano uniforme, velocidad de pulverizaci\u00f3n estable.<br \/>\nTama\u00f1o, forma y placa posterior personalizables.<br \/>\nExcelente planitud de la superficie, lo que reduce las desviaciones del proceso.<br \/>\nAlta densidad, lo que reduce el riesgo de rotura an\u00f3mala del blanco.<\/p>\n<h2><span style=\"font-size: 14pt;\">Aplicaciones del blanco de pulverizaci\u00f3n de paladio met\u00e1lico<\/span><\/h2>\n<p>Deposici\u00f3n de pel\u00edculas conductoras y pel\u00edculas de barrera de difusi\u00f3n en la industria electr\u00f3nica.<br \/>\nFabricaci\u00f3n de sensores de alto rendimiento y sistemas microelectromec\u00e1nicos (MEMS).<br \/>\n<span style=\"color: #0000ff;\"><a style=\"color: #0000ff;\" href=\"https:\/\/ulpmat.com\/es\/solicitud\/materiales-opticos\/\">Pel\u00edculas \u00f3pticas<\/a><\/span><br \/>\navanzadas y recubrimientos de dispositivos funcionales.<br \/>\nPreparaci\u00f3n e investigaci\u00f3n de materiales catal\u00edticos y materiales nanoestructurados.<\/p>\n<h2><span style=\"color: #0000ff;\"><a style=\"color: #0000ff;\" href=\"https:\/\/ulpmat.com\/es\/empresa\/preguntas-frecuentes\/\"><span style=\"font-size: 14pt;\">Preguntas frecuentes<\/span><\/a><\/span><\/h2>\n<p>P1: \u00bfQu\u00e9 m\u00e9todo de embalaje utilizan para sus blancos de paladio?<br \/>\nR1: Cada blanco se sella al vac\u00edo en un entorno libre de polvo, con material de amortiguaci\u00f3n a\u00f1adido y una caja exterior resistente a los golpes para garantizar que la superficie no sufra da\u00f1os mec\u00e1nicos durante el transporte.<\/p>\n<p>P2: \u00bfCu\u00e1les son las ventajas de los blancos de pulverizaci\u00f3n de paladio?<br \/>\nR2: Nuestros blancos de Pd tienen una alta densidad, un contenido de ox\u00edgeno extremadamente bajo y una composici\u00f3n de pel\u00edcula estable, lo que mejora eficazmente la consistencia de la pulverizaci\u00f3n y es adecuado para procesos de deposici\u00f3n avanzados.<\/p>\n<p>P3: \u00bfOfrecen servicios de procesamiento, como la uni\u00f3n de placas base? R3: S\u00ed. Ofrecemos soldadura de placas base de Mo\/Cu, pulido fino de la superficie del blanco, biselado de bordes y procesamiento de espesores personalizados para garantizar una combinaci\u00f3n perfecta entre el blanco y el equipo.<\/p>\n<p>P4: \u00bfC\u00f3mo se deben almacenar los blancos de paladio?<br \/>\nR4: Se recomienda almacenarlos en un entorno seco y libre de polvo, manteni\u00e9ndolos sellados para evitar la contaminaci\u00f3n o la oxidaci\u00f3n de la superficie. No se requiere ning\u00fan tratamiento adicional antes de su uso.<\/p>\n<h2><span style=\"font-size: 14pt;\">Informes<\/span><\/h2>\n<p>Cada lote se suministra con:<br \/>\n<span style=\"color: #0000ff;\"><a style=\"color: #0000ff;\" href=\"https:\/\/ulpmat.com\/es\/servicio\/analisis-quimico\/\">Certificado de an\u00e1lisis (COA)<\/a><\/span><\/p>\n<p><span style=\"color: #0000ff;\"><a style=\"color: #0000ff;\" href=\"https:\/\/ulpmat.com\/es\/documentos\/ficha-tecnica\/\">Ficha t\u00e9cnica (TDS)<\/a><\/span><\/p>\n<p><span style=\"color: #0000ff;\"><a style=\"color: #0000ff;\" href=\"https:\/\/ulpmat.com\/es\/documentos\/ficha-de-datos-de-seguridad\/\">Ficha de datos de seguridad (MSDS)<\/a><\/span><br \/>\nInformes de pruebas de terceros disponibles bajo petici\u00f3n<\/p>\n<h2><span style=\"font-size: 14pt;\">\u00bfPor qu\u00e9 elegirnos?<\/span><\/h2>\n<p>Contamos con una madura capacidad de producci\u00f3n de blancos de metales preciosos, con un estricto control de todo el proceso, desde la selecci\u00f3n de la pureza de la materia prima hasta la sinterizaci\u00f3n, el procesamiento y las pruebas de los blancos. Gracias a una avanzada tecnolog\u00eda de control del grano, podemos fabricar blancos de pulverizaci\u00f3n de paladio de alta densidad y bajos defectos, adecuados para la deposici\u00f3n de pel\u00edculas finas de precisi\u00f3n.<\/p>\n<p>Ofrecemos personalizaci\u00f3n r\u00e1pida, entrega flexible y <span style=\"color: #0000ff;\"><a style=\"color: #0000ff;\" href=\"https:\/\/ulpmat.com\/es\/servicio\/asistencia-tecnica\/\">asistencia t\u00e9cnica<\/a><\/span><br \/>\nde ingenieros, y nos comprometemos a proporcionar un suministro fiable y estable de blancos de pulverizaci\u00f3n de paladio a fabricantes <span style=\"color: #0000ff;\"><a style=\"color: #0000ff;\" href=\"https:\/\/ulpmat.com\/es\/solicitud\/materiales-semiconductores\/\">de semiconductores y<\/a><\/span><br \/>\nequipos de recubrimiento, as\u00ed como a usuarios del sector de la investigaci\u00f3n de todo el mundo. Elegirnos significa garantizar un suministro sostenible, materiales de alta calidad y un servicio altamente receptivo.<\/p>\n","protected":false},"excerpt":{"rendered":"<p>Descripci\u00f3n general de los blancos de pulverizaci\u00f3n de paladio met\u00e1lico Los blancos de pulverizaci\u00f3n de paladio met\u00e1lico son blancos de deposici\u00f3n de pel\u00edcula delgada fabricados principalmente con paladio de alta pureza mediante fusi\u00f3n al vac\u00edo, mecanizado de precisi\u00f3n y prensado de homogeneizaci\u00f3n. Debido a su excelente inercia qu\u00edmica, sus propiedades de adhesi\u00f3n superiores y su [&hellip;]<\/p>\n","protected":false},"featured_media":39738,"template":"","meta":{"_acf_changed":false},"product_brand":[132],"product_cat":[309],"product_tag":[4777],"class_list":{"0":"post-39737","1":"product","2":"type-product","3":"status-publish","4":"has-post-thumbnail","6":"product_brand-ulpmat","7":"product_cat-blanco-metalico-para-sputtering","8":"product_tag-catodos-para-sputtering-de-paladio-metalico","10":"first","11":"instock","12":"shipping-taxable","13":"product-type-variable"},"acf":[],"_links":{"self":[{"href":"https:\/\/ulpmat.com\/es\/wp-json\/wp\/v2\/product\/39737","targetHints":{"allow":["GET"]}}],"collection":[{"href":"https:\/\/ulpmat.com\/es\/wp-json\/wp\/v2\/product"}],"about":[{"href":"https:\/\/ulpmat.com\/es\/wp-json\/wp\/v2\/types\/product"}],"wp:featuredmedia":[{"embeddable":true,"href":"https:\/\/ulpmat.com\/es\/wp-json\/wp\/v2\/media\/39738"}],"wp:attachment":[{"href":"https:\/\/ulpmat.com\/es\/wp-json\/wp\/v2\/media?parent=39737"}],"wp:term":[{"taxonomy":"product_brand","embeddable":true,"href":"https:\/\/ulpmat.com\/es\/wp-json\/wp\/v2\/product_brand?post=39737"},{"taxonomy":"product_cat","embeddable":true,"href":"https:\/\/ulpmat.com\/es\/wp-json\/wp\/v2\/product_cat?post=39737"},{"taxonomy":"product_tag","embeddable":true,"href":"https:\/\/ulpmat.com\/es\/wp-json\/wp\/v2\/product_tag?post=39737"}],"curies":[{"name":"wp","href":"https:\/\/api.w.org\/{rel}","templated":true}]}}