{"id":39600,"date":"2025-11-25T09:43:56","date_gmt":"2025-11-25T01:43:56","guid":{"rendered":"https:\/\/ulpmat.com\/product\/rutenio-metalico-3\/"},"modified":"2025-11-25T09:43:56","modified_gmt":"2025-11-25T01:43:56","slug":"rutenio-metalico-3","status":"publish","type":"product","link":"https:\/\/ulpmat.com\/es\/producto\/rutenio-metalico-3\/","title":{"rendered":"Rutenio met\u00e1lico"},"content":{"rendered":"<h2><span style=\"font-size: 14pt;\">Descripci\u00f3n general de los gr\u00e1nulos de metal de rutenio<\/span><\/h2>\n<p>Los gr\u00e1nulos<br \/>\n<span style=\"color: #0000ff;\"><a style=\"color: #0000ff;\" href=\"https:\/\/ulpmat.com\/es\/buscar\/?type=name&#038;keyword=Ruthenium+meta\">de metal de rutenio<\/a><\/span><br \/>\nson un material met\u00e1lico precioso muy estable y con un punto de fusi\u00f3n elevado. Debido a su excelente inercia qu\u00edmica y sus propiedades el\u00e9ctricas, desempe\u00f1an un papel crucial en la cat\u00e1lisis, los dispositivos electr\u00f3nicos de alta gama, el desarrollo de materiales funcionales y la preparaci\u00f3n de pel\u00edculas delgadas resistentes a la corrosi\u00f3n. Su forma granular facilita el pesaje, la alimentaci\u00f3n y el control preciso, lo que proporciona a las instituciones de investigaci\u00f3n y a las empresas industriales m\u00e9todos de uso de materiales m\u00e1s flexibles.<\/p>\n<p>Podemos suministrar gr\u00e1nulos de rutenio de diferentes purezas, rangos de tama\u00f1o de part\u00edculas y formas de envasado seg\u00fan los requisitos, admitiendo cantidades personalizadas tanto para aplicaciones de investigaci\u00f3n como industriales. Para obtener presupuestos, muestras o par\u00e1metros t\u00e9cnicos, p\u00f3ngase <span style=\"color: #0000ff;\"><a style=\"color: #0000ff;\" href=\"https:\/\/ulpmat.com\/es\/contacto\/\">en contacto con nosotros<\/a><\/span><br \/>\ninmediatamente.<\/p>\n<h2><span style=\"font-size: 14pt;\">Caracter\u00edsticas destacadas del producto<\/span><\/h2>\n<p>Gr\u00e1nulos de metal precioso de alta pureza<br \/>\nBajo contenido de impurezas, composici\u00f3n estable<br \/>\nTama\u00f1o de part\u00edcula controlable, distribuci\u00f3n uniforme<br \/>\nExcelente resistencia qu\u00edmica<br \/>\nF\u00e1cil de pesar y alimentar autom\u00e1ticamente Especificaciones<br \/>\n<span style=\"color: #0000ff;\"><a style=\"color: #0000ff;\" href=\"https:\/\/ulpmat.com\/es\/servicio\/personalizacion\/\">personalizables<\/a><\/span><br \/>\nseg\u00fan los requisitos del proyecto<\/p>\n<h2><span style=\"font-size: 14pt;\">Aplicaciones de los gr\u00e1nulos de metal de rutenio<\/span><\/h2>\n<p>Investigaci\u00f3n en cat\u00e1lisis: se utilizan para la preparaci\u00f3n de catalizadores basados en rutenio y materiales nanocatal\u00edticos.<br \/>\nIndustria electr\u00f3nica: se utilizan para contactos met\u00e1licos de alta estabilidad, materiales conductores y pel\u00edculas de encapsulaci\u00f3n.<br \/>\nS\u00edntesis de materiales funcionales: se utilizan en el desarrollo de materiales magn\u00e9ticos, materiales \u00f3pticos y materiales compuestos avanzados.<br \/>\nAlta resistencia a la corrosi\u00f3n qu\u00edmica: se utiliza en aleaciones o sistemas de tratamiento de superficies resistentes a entornos extremos.<\/p>\n<h2><span style=\"color: #0000ff;\"><a style=\"color: #0000ff;\" href=\"https:\/\/ulpmat.com\/es\/empresa\/preguntas-frecuentes\/\"><span style=\"font-size: 14pt;\">Preguntas frecuentes<\/span><\/a><\/span><\/h2>\n<p>P1: \u00bfC\u00f3mo se envasan normalmente los gr\u00e1nulos de rutenio de forma segura?<br \/>\nR1: Utilizamos un sellado al vac\u00edo de doble capa combinado con materiales de relleno que absorben los golpes para garantizar que los gr\u00e1nulos permanezcan limpios y sin da\u00f1os durante el transporte.<\/p>\n<p>P2: \u00bfEl transporte internacional afectar\u00e1 a las propiedades de los gr\u00e1nulos de rutenio?<br \/>\nR2: No, el rutenio es un metal muy estable. Siempre que se mantenga seco y sellado durante el transporte, sus propiedades no cambiar\u00e1n debido al transporte a larga distancia.<\/p>\n<p>P3: \u00bfOfrecen asistencia t\u00e9cnica adicional para estos gr\u00e1nulos?<br \/>\nR3: S\u00ed, ofrecemos orientaci\u00f3n para la selecci\u00f3n, recomendaciones sobre materiales, asesoramiento sobre aplicaciones y asistencia a largo plazo para proyectos, con el fin de ayudar a los clientes a obtener mejores resultados.<\/p>\n<p>P4: \u00bfLos gr\u00e1nulos de rutenio requieren condiciones de almacenamiento especiales?<br \/>\nR4: Basta con almacenarlos en un entorno seco y sellado, evitando el contacto directo con \u00e1cidos fuertes o alta humedad. Se pueden almacenar de forma estable a temperatura ambiente durante largos periodos de tiempo.<\/p>\n<h2><span style=\"font-size: 14pt;\">Informes<\/span><\/h2>\n<p>Cada lote se suministra con:<br \/>\n<span style=\"color: #0000ff;\"><a style=\"color: #0000ff;\" href=\"https:\/\/ulpmat.com\/es\/documentos\/certificado-de-analisis\/\">Certificado de an\u00e1lisis (COA)<\/a><\/span><\/p>\n<p><span style=\"color: #0000ff;\"><a style=\"color: #0000ff;\" href=\"https:\/\/ulpmat.com\/es\/documentos\/ficha-tecnica\/\">Ficha t\u00e9cnica (TDS)<\/a><\/span><\/p>\n<p><span style=\"color: #0000ff;\"><a style=\"color: #0000ff;\" href=\"https:\/\/ulpmat.com\/es\/documentos\/ficha-de-datos-de-seguridad\/\">Ficha de datos de seguridad (MSDS)<\/a><\/span><br \/>\nSe pueden solicitar informes de pruebas de terceros.<\/p>\n<h2><span style=\"font-size: 14pt;\">\u00bfPor qu\u00e9 elegirnos?<\/span><\/h2>\n<p>Nos especializamos en el suministro de materiales de metales preciosos de alta pureza, contamos con un riguroso sistema de gesti\u00f3n de la calidad, una capacidad de producci\u00f3n estable y procesos exhaustivos de ensayo de materiales. Nuestros gr\u00e1nulos de rutenio ofrecen ventajas significativas en cuanto al control de la pureza, la uniformidad del tama\u00f1o de las part\u00edculas y la fiabilidad del suministro, y ofrecemos servicios de personalizaci\u00f3n flexibles para satisfacer las diversas necesidades de las instituciones de investigaci\u00f3n, las empresas manufactureras y los equipos de desarrollo de nuevos materiales.<\/p>\n","protected":false},"excerpt":{"rendered":"<p>Descripci\u00f3n general de los gr\u00e1nulos de metal de rutenio Los gr\u00e1nulos de metal de rutenio son un material met\u00e1lico precioso muy estable y con un punto de fusi\u00f3n elevado. Debido a su excelente inercia qu\u00edmica y sus propiedades el\u00e9ctricas, desempe\u00f1an un papel crucial en la cat\u00e1lisis, los dispositivos electr\u00f3nicos de alta gama, el desarrollo de [&hellip;]<\/p>\n","protected":false},"featured_media":39601,"template":"","meta":{"_acf_changed":false},"product_brand":[132],"product_cat":[340],"product_tag":[4735],"class_list":{"0":"post-39600","1":"product","2":"type-product","3":"status-publish","4":"has-post-thumbnail","6":"product_brand-ulpmat","7":"product_cat-materiales-de-evaporacion","8":"product_tag-rutenio-metalico-granulos","10":"first","11":"instock","12":"shipping-taxable","13":"product-type-variable"},"acf":[],"_links":{"self":[{"href":"https:\/\/ulpmat.com\/es\/wp-json\/wp\/v2\/product\/39600","targetHints":{"allow":["GET"]}}],"collection":[{"href":"https:\/\/ulpmat.com\/es\/wp-json\/wp\/v2\/product"}],"about":[{"href":"https:\/\/ulpmat.com\/es\/wp-json\/wp\/v2\/types\/product"}],"wp:featuredmedia":[{"embeddable":true,"href":"https:\/\/ulpmat.com\/es\/wp-json\/wp\/v2\/media\/39601"}],"wp:attachment":[{"href":"https:\/\/ulpmat.com\/es\/wp-json\/wp\/v2\/media?parent=39600"}],"wp:term":[{"taxonomy":"product_brand","embeddable":true,"href":"https:\/\/ulpmat.com\/es\/wp-json\/wp\/v2\/product_brand?post=39600"},{"taxonomy":"product_cat","embeddable":true,"href":"https:\/\/ulpmat.com\/es\/wp-json\/wp\/v2\/product_cat?post=39600"},{"taxonomy":"product_tag","embeddable":true,"href":"https:\/\/ulpmat.com\/es\/wp-json\/wp\/v2\/product_tag?post=39600"}],"curies":[{"name":"wp","href":"https:\/\/api.w.org\/{rel}","templated":true}]}}