{"id":39522,"date":"2025-11-25T09:43:57","date_gmt":"2025-11-25T01:43:57","guid":{"rendered":"https:\/\/ulpmat.com\/product\/cloruro-de-rutenio\/"},"modified":"2025-11-25T09:43:57","modified_gmt":"2025-11-25T01:43:57","slug":"cloruro-de-rutenio","status":"publish","type":"product","link":"https:\/\/ulpmat.com\/es\/producto\/cloruro-de-rutenio\/","title":{"rendered":"Cloruro de rutenio"},"content":{"rendered":"<h2><span style=\"font-size: 14pt;\">Descripci\u00f3n general del cloruro de rutenio en polvo<\/span><\/h2>\n<p><span style=\"color: #0000ff;\"><a style=\"color: #0000ff;\" href=\"https:\/\/ulpmat.com\/es\/buscar\/?type=name&#038;keyword=Ruthenium+Chloride\">El cloruro de rutenio<\/a><\/span><br \/>\nen polvo es un compuesto met\u00e1lico noble cristalino de color oscuro y altamente reactivo, que se utiliza habitualmente en la preparaci\u00f3n de catalizadores, materiales qu\u00edmicos electr\u00f3nicos, precursores de compuestos met\u00e1licos nobles y nanomateriales. Debido a sus excelentes propiedades qu\u00edmicas, tiene un valor de aplicaci\u00f3n extremadamente alto en la investigaci\u00f3n cient\u00edfica y la preparaci\u00f3n de materiales funcionales.<\/p>\n<p>Suministramos cloruro de rutenio en polvo de alta pureza en m\u00faltiples especificaciones, y ofrecemos <span style=\"color: #0000ff;\"><a style=\"color: #0000ff;\" href=\"https:\/\/ulpmat.com\/es\/servicio\/personalizacion\/\">personalizaci\u00f3n<\/a><\/span><br \/>\ntanto para uso industrial como para investigaci\u00f3n. Podemos proporcionar envases especiales y suministros a granel seg\u00fan las necesidades del cliente.<span style=\"color: #0000ff;\"><a style=\"color: #0000ff;\" href=\"https:\/\/ulpmat.com\/es\/contacto\/\"> P\u00f3ngase en contacto con nosotros.<\/a><\/span><\/p>\n<h2><span style=\"font-size: 14pt;\">Caracter\u00edsticas destacadas del producto<\/span><\/h2>\n<p>Compuesto de metal noble de alta pureza<br \/>\nTama\u00f1o de part\u00edcula uniforme, f\u00e1cil dispersabilidad<br \/>\nActividad estable, excelente reactividad<br \/>\nAdecuado para diversos sistemas catal\u00edticos<br \/>\nBuena consistencia entre lotes, calidad controlable.<br \/>\nM\u00faltiples especificaciones disponibles, personalizaci\u00f3n admitida.<br \/>\nEmbalaje seguro, transporte fiable.<br \/>\nCadena de suministro estable, suministro a largo plazo posible.<\/p>\n<h2><span style=\"font-size: 14pt;\">Aplicaciones del cloruro de rutenio en polvo<\/span><\/h2>\n<p>Se utiliza para la preparaci\u00f3n de catalizadores de metales nobles y materiales catal\u00edticos homog\u00e9neos\/heterog\u00e9neos.<br \/>\nSe utiliza como precursor clave en la qu\u00edmica electr\u00f3nica y los sistemas de conversi\u00f3n de energ\u00eda.<br \/>\nComo materia prima sint\u00e9tica importante para materiales de nanorutenio y recubrimientos especiales.<br \/>\nAdecuado para la investigaci\u00f3n y el ensayo de productos qu\u00edmicos finos y compuestos de metales preciosos.<\/p>\n<h2><span style=\"color: #0000ff;\"><a style=\"color: #0000ff;\" href=\"https:\/\/ulpmat.com\/es\/empresa\/preguntas-frecuentes\/\"><span style=\"font-size: 14pt;\">Preguntas frecuentes<\/span><\/a><\/span><\/h2>\n<p>P1: \u00bfPara qu\u00e9 m\u00e9todos de procesamiento es adecuado el cloruro de rutenio en polvo?<br \/>\nR1: Adecuado para reacciones de disoluci\u00f3n, rutas qu\u00edmicas h\u00famedas, complejaci\u00f3n de ligandos, s\u00edntesis por descomposici\u00f3n t\u00e9rmica y otros procesos.<\/p>\n<p>P2: \u00bfCu\u00e1les son los requisitos de almacenamiento de esta sal de rutenio?<br \/>\nR2: Debe almacenarse en un recipiente herm\u00e9tico, protegido de la luz y la humedad. Se recomienda almacenarlo en un entorno seco para evitar que la humedad afecte a la calidad del material.<\/p>\n<p>P3: \u00bfCu\u00e1les son las ventajas del cloruro de rutenio?<br \/>\nR3: Tiene una alta pureza, una alta reactividad y una amplia gama de aplicaciones, y presenta una excelente selectividad y estabilidad en la cat\u00e1lisis y la preparaci\u00f3n de materiales.<\/p>\n<p>P4: \u00bfQu\u00e9 servicios de asistencia adicionales ofrecen?<br \/>\nR4: Ofrecemos asesoramiento t\u00e9cnico, especificaciones personalizadas, entrega a granel, informes de pruebas y orientaci\u00f3n posventa para ayudar a los clientes a utilizar el material de forma m\u00e1s eficiente.<\/p>\n<h2><span style=\"font-size: 14pt;\">Informes<\/span><\/h2>\n<p>Cada lote se suministra con:<br \/>\n<span style=\"color: #0000ff;\"><a style=\"color: #0000ff;\" href=\"https:\/\/ulpmat.com\/es\/documentos\/certificado-de-analisis\/\">Certificado de an\u00e1lisis (COA)<\/a><\/span><\/p>\n<p><span style=\"color: #0000ff;\"><a style=\"color: #0000ff;\" href=\"https:\/\/ulpmat.com\/es\/documentos\/ficha-tecnica\/\">Ficha t\u00e9cnica (TDS)<\/a><\/span><\/p>\n<p><span style=\"color: #0000ff;\"><a style=\"color: #0000ff;\" href=\"https:\/\/ulpmat.com\/es\/documentos\/ficha-de-datos-de-seguridad\/\">Ficha de datos de seguridad (MSDS)<\/a><\/span><br \/>\nSe pueden solicitar informes de pruebas de terceros.<\/p>\n<h2><span style=\"font-size: 14pt;\">\u00bfPor qu\u00e9 elegirnos?<\/span><\/h2>\n<p>Contamos con un sistema maduro de producci\u00f3n de compuestos de metales preciosos, lo que garantiza una calidad estable y una capacidad de suministro flexible.<br \/>\nTodos los productos se someten a rigurosos procesos de prueba, con datos completos y trazables, adecuados para la investigaci\u00f3n y el desarrollo de aplicaciones.<br \/>\nOfrecemos un servicio de atenci\u00f3n al cliente de respuesta r\u00e1pida, lo que garantiza la resoluci\u00f3n oportuna de consultas de adquisici\u00f3n, solicitudes de muestras y cuestiones t\u00e9cnicas.<br \/>\nContamos con una amplia experiencia en exportaci\u00f3n y soluciones de embalaje seguras, lo que garantiza la entrega segura de los productos en todo el mundo.<br \/>\nNos comprometemos a proporcionar a los clientes soluciones de materiales de metales preciosos de alta estabilidad, alta pureza y rentables.<\/p>\n","protected":false},"excerpt":{"rendered":"<p>Descripci\u00f3n general del cloruro de rutenio en polvo El cloruro de rutenio en polvo es un compuesto met\u00e1lico noble cristalino de color oscuro y altamente reactivo, que se utiliza habitualmente en la preparaci\u00f3n de catalizadores, materiales qu\u00edmicos electr\u00f3nicos, precursores de compuestos met\u00e1licos nobles y nanomateriales. Debido a sus excelentes propiedades qu\u00edmicas, tiene un valor de [&hellip;]<\/p>\n","protected":false},"featured_media":39523,"template":"","meta":{"_acf_changed":false},"product_brand":[132],"product_cat":[330],"product_tag":[4717],"class_list":{"0":"post-39522","1":"product","2":"type-product","3":"status-publish","4":"has-post-thumbnail","6":"product_brand-ulpmat","7":"product_cat-materiales-halogenados","8":"product_tag-cloruro-de-rutenio-en-polvo","10":"first","11":"instock","12":"shipping-taxable","13":"product-type-variable"},"acf":[],"_links":{"self":[{"href":"https:\/\/ulpmat.com\/es\/wp-json\/wp\/v2\/product\/39522","targetHints":{"allow":["GET"]}}],"collection":[{"href":"https:\/\/ulpmat.com\/es\/wp-json\/wp\/v2\/product"}],"about":[{"href":"https:\/\/ulpmat.com\/es\/wp-json\/wp\/v2\/types\/product"}],"wp:featuredmedia":[{"embeddable":true,"href":"https:\/\/ulpmat.com\/es\/wp-json\/wp\/v2\/media\/39523"}],"wp:attachment":[{"href":"https:\/\/ulpmat.com\/es\/wp-json\/wp\/v2\/media?parent=39522"}],"wp:term":[{"taxonomy":"product_brand","embeddable":true,"href":"https:\/\/ulpmat.com\/es\/wp-json\/wp\/v2\/product_brand?post=39522"},{"taxonomy":"product_cat","embeddable":true,"href":"https:\/\/ulpmat.com\/es\/wp-json\/wp\/v2\/product_cat?post=39522"},{"taxonomy":"product_tag","embeddable":true,"href":"https:\/\/ulpmat.com\/es\/wp-json\/wp\/v2\/product_tag?post=39522"}],"curies":[{"name":"wp","href":"https:\/\/api.w.org\/{rel}","templated":true}]}}