{"id":39504,"date":"2025-11-25T09:43:57","date_gmt":"2025-11-25T01:43:57","guid":{"rendered":"https:\/\/ulpmat.com\/product\/hidrato-de-cloruro-de-rutenio\/"},"modified":"2025-11-25T09:43:57","modified_gmt":"2025-11-25T01:43:57","slug":"hidrato-de-cloruro-de-rutenio","status":"publish","type":"product","link":"https:\/\/ulpmat.com\/es\/producto\/hidrato-de-cloruro-de-rutenio\/","title":{"rendered":"Hidrato de cloruro de rutenio"},"content":{"rendered":"<h2><span style=\"font-size: 14pt;\">Descripci\u00f3n general del cloruro de rutenio hidratado en polvo<\/span><\/h2>\n<p><span style=\"color: #0000ff;\"><a style=\"color: #0000ff;\" href=\"https:\/\/ulpmat.com\/es\/buscar\/?type=name&#038;keyword=Ruthenium+chloride\">El cloruro<\/a><\/span><\/p>\n<p><span style=\"color: #0000ff;\"><a style=\"color: #0000ff;\" href=\"https:\/\/ulpmat.com\/es\/buscar\/?type=name&#038;keyword=Ruthenium+chloride\">de rutenio<\/a><\/span><br \/>\nhidratado es un compuesto de metal de transici\u00f3n de color p\u00farpura intenso a rojo parduzco con una excelente actividad qu\u00edmica y estabilidad. Debido a su alta pureza y buena solubilidad, este material se utiliza ampliamente en la cat\u00e1lisis homog\u00e9nea, la preparaci\u00f3n de precursores, la s\u00edntesis de materiales electroqu\u00edmicos y la generaci\u00f3n de nanopart\u00edculas de metales nobles, lo que lo convierte en una importante fuente qu\u00edmica de rutenio para la investigaci\u00f3n cient\u00edfica y la preparaci\u00f3n industrial.<\/p>\n<p>Ofrecemos cloruro de rutenio hidratado en polvo en varios grados de pureza, rangos de tama\u00f1o de part\u00edculas y especificaciones de envasado. Tambi\u00e9n ofrecemos envasado personalizado, tratamiento a prueba de humedad y suministro a granel. <span style=\"color: #0000ff;\"><a style=\"color: #0000ff;\" href=\"https:\/\/ulpmat.com\/es\/contacto\/\">P\u00f3ngase en contacto con nosotros.<\/a><\/span><\/p>\n<h2><span style=\"font-size: 14pt;\">Caracter\u00edsticas destacadas del producto<\/span><\/h2>\n<p>Sal de rutenio de alta pureza con bajo contenido de impurezas.<br \/>\nSoluble en agua y en muchos disolventes.<br \/>\nExcelente actividad, adecuado para aplicaciones catal\u00edticas.<br \/>\nTama\u00f1o de part\u00edcula uniforme y buena fluidez.<br \/>\nDisponible en especificaciones de grado industrial y de investigaci\u00f3n.<br \/>\nOfrecemos envases personalizados y sellado a prueba de humedad.<br \/>\nEstabilidad de los lotes y trazabilidad de la calidad.<br \/>\nEntrega r\u00e1pida y cadena de suministro fiable.<\/p>\n<h2><span style=\"font-size: 14pt;\">Aplicaciones del cloruro de rutenio hidratado en polvo<\/span><\/h2>\n<p>Se utiliza como catalizador de metales nobles y precursor catal\u00edtico.<br \/>\nEn la preparaci\u00f3n de materiales electroqu\u00edmicos de alto rendimiento y activos para electrodos.<br \/>\nComo materia prima qu\u00edmica para nanopart\u00edculas o pel\u00edculas a base de rutenio.<br \/>\nSe utiliza en la s\u00edntesis e investigaci\u00f3n de productos qu\u00edmicos finos y materiales funcionales inorg\u00e1nicos.<\/p>\n<h2><span style=\"color: #0000ff;\"><a style=\"color: #0000ff;\" href=\"https:\/\/ulpmat.com\/es\/empresa\/preguntas-frecuentes\/\"><span style=\"font-size: 14pt;\">Preguntas frecuentes<\/span><\/a><\/span><\/h2>\n<p>P1: \u00bfQu\u00e9 m\u00e9todos de procesamiento son adecuados para el polvo de RuCl3\u00b73H2O?<br \/>\nR1: Se puede procesar mediante diversos m\u00e9todos qu\u00edmicos h\u00famedos, como la disoluci\u00f3n, la preparaci\u00f3n de disolventes, la reducci\u00f3n qu\u00edmica y la sinterizaci\u00f3n de precursores.<\/p>\n<p>P2: \u00bfCu\u00e1les son los requisitos de almacenamiento de esta sal de rutenio?<br \/>\nR2: Debe almacenarse en un recipiente herm\u00e9tico, alejado de la humedad y la luz, en un entorno seco y fresco para evitar la absorci\u00f3n de humedad y los consiguientes cambios en el rendimiento.<\/p>\n<p>P3: \u00bfCu\u00e1les son las principales ventajas del RuCl3\u00b73H2O?<br \/>\nR3: Alta pureza, buena solubilidad, adecuado para diversas rutas sint\u00e9ticas con excelente selectividad de reacci\u00f3n y una fuente estable de rutenio.<\/p>\n<p>P4: \u00bfQu\u00e9 servicios adicionales pueden proporcionar?<br \/>\nR4: Ofrecemos asistencia t\u00e9cnica, embalaje personalizado, suministro a granel, informes de pruebas y asesoramiento sobre el uso de los materiales para garantizar un uso estable por parte de nuestros clientes.<\/p>\n<h2><span style=\"font-size: 14pt;\">Informes<\/span><\/h2>\n<p>Cada lote se suministra con:<br \/>\n<span style=\"color: #0000ff;\"><a style=\"color: #0000ff;\" href=\"https:\/\/ulpmat.com\/es\/documentos\/certificado-de-analisis\/\">Certificado de an\u00e1lisis (COA)<\/a><\/span><\/p>\n<p><span style=\"color: #0000ff;\"><a style=\"color: #0000ff;\" href=\"https:\/\/ulpmat.com\/es\/documentos\/ficha-tecnica\/\">Ficha t\u00e9cnica (TDS)<\/a><\/span><\/p>\n<p><a href=\"https:\/\/ulpmat.com\/es\/documentos\/ficha-de-datos-de-seguridad\/\"><span style=\"color: #0000ff;\">Ficha de datos de seguridad (MSDS<\/span>)<\/a><br \/>\nSe pueden solicitar informes de pruebas de terceros.<\/p>\n<h2><span style=\"font-size: 14pt;\">\u00bfPor qu\u00e9 elegirnos?<\/span><\/h2>\n<p>Producci\u00f3n estable a largo plazo de RuCl3\u00b73H\u2082O, con un sistema de control de calidad maduro y fiable.<br \/>\nOpciones flexibles de pureza, embalaje y cantidad disponibles, adecuadas para la producci\u00f3n en laboratorio, a escala piloto y a gran escala.<br \/>\nSe incluyen datos de pruebas para cada lote para garantizar que la composici\u00f3n, la pureza y el rendimiento cumplan con los requisitos del cliente.<br \/>\nOfrecemos <span style=\"color: #0000ff;\"><a style=\"color: #0000ff;\" href=\"https:\/\/ulpmat.com\/es\/servicio\/asistencia-tecnica\/\">asistencia t\u00e9cnica<\/a><\/span><br \/>\nde respuesta r\u00e1pida y <span style=\"color: #0000ff;\"><a style=\"color: #0000ff;\" href=\"https:\/\/ulpmat.com\/es\/servicio\/servicio-posventa\/\">servicio posventa<\/a><\/span><br \/>\n, ayudando a las empresas e instituciones de investigaci\u00f3n en la selecci\u00f3n de materiales.<br \/>\nUna base de clientes global y canales log\u00edsticos convenientes garantizan una entrega de productos estable y eficiente.<\/p>\n","protected":false},"excerpt":{"rendered":"<p>Descripci\u00f3n general del cloruro de rutenio hidratado en polvo El cloruro de rutenio hidratado es un compuesto de metal de transici\u00f3n de color p\u00farpura intenso a rojo parduzco con una excelente actividad qu\u00edmica y estabilidad. Debido a su alta pureza y buena solubilidad, este material se utiliza ampliamente en la cat\u00e1lisis homog\u00e9nea, la preparaci\u00f3n de [&hellip;]<\/p>\n","protected":false},"featured_media":39505,"template":"","meta":{"_acf_changed":false},"product_brand":[132],"product_cat":[330],"product_tag":[4711],"class_list":{"0":"post-39504","1":"product","2":"type-product","3":"status-publish","4":"has-post-thumbnail","6":"product_brand-ulpmat","7":"product_cat-materiales-halogenados","8":"product_tag-tricloruro-de-rutenio-hidrato-polvo","10":"first","11":"instock","12":"shipping-taxable","13":"product-type-variable"},"acf":[],"_links":{"self":[{"href":"https:\/\/ulpmat.com\/es\/wp-json\/wp\/v2\/product\/39504","targetHints":{"allow":["GET"]}}],"collection":[{"href":"https:\/\/ulpmat.com\/es\/wp-json\/wp\/v2\/product"}],"about":[{"href":"https:\/\/ulpmat.com\/es\/wp-json\/wp\/v2\/types\/product"}],"wp:featuredmedia":[{"embeddable":true,"href":"https:\/\/ulpmat.com\/es\/wp-json\/wp\/v2\/media\/39505"}],"wp:attachment":[{"href":"https:\/\/ulpmat.com\/es\/wp-json\/wp\/v2\/media?parent=39504"}],"wp:term":[{"taxonomy":"product_brand","embeddable":true,"href":"https:\/\/ulpmat.com\/es\/wp-json\/wp\/v2\/product_brand?post=39504"},{"taxonomy":"product_cat","embeddable":true,"href":"https:\/\/ulpmat.com\/es\/wp-json\/wp\/v2\/product_cat?post=39504"},{"taxonomy":"product_tag","embeddable":true,"href":"https:\/\/ulpmat.com\/es\/wp-json\/wp\/v2\/product_tag?post=39504"}],"curies":[{"name":"wp","href":"https:\/\/api.w.org\/{rel}","templated":true}]}}