{"id":39180,"date":"2025-11-25T09:44:00","date_gmt":"2025-11-25T01:44:00","guid":{"rendered":"https:\/\/ulpmat.com\/product\/boruro-de-molibdeno-2\/"},"modified":"2025-11-25T09:44:00","modified_gmt":"2025-11-25T01:44:00","slug":"boruro-de-molibdeno-2","status":"publish","type":"product","link":"https:\/\/ulpmat.com\/es\/producto\/boruro-de-molibdeno-2\/","title":{"rendered":"Boruro de molibdeno"},"content":{"rendered":"<h2><span style=\"font-size: 14pt;\">Descripci\u00f3n general del polvo de boruro de molibdeno<\/span><\/h2>\n<p>El polvo<br \/>\n<span style=\"color: #0000ff;\"><a style=\"color: #0000ff;\" href=\"https:\/\/ulpmat.com\/es\/buscar\/?type=name&#038;keyword=Molybdenum+Boride\">de boruro de molibdeno<\/a><\/span><br \/>\nes un material inorg\u00e1nico especial que posee un alto punto de fusi\u00f3n, una gran dureza y una excelente conductividad el\u00e9ctrica. Debido a su alta estabilidad t\u00e9rmica y su excelente resistencia a la corrosi\u00f3n, se utiliza ampliamente en la preparaci\u00f3n de materiales estructurales de alta temperatura, compuestos cer\u00e1micos, materiales para electrodos y recubrimientos resistentes al desgaste. Sus excelentes propiedades termof\u00edsicas lo hacen muy valioso en la fabricaci\u00f3n avanzada y la ingenier\u00eda de materiales.<\/p>\n<p>Suministramos polvos de Mo2B en diferentes rangos de tama\u00f1o de part\u00edcula, grados de pureza y con m\u00e9todos de procesamiento especiales. Tambi\u00e9n ofrecemos servicios de procesamiento profundo, como tamizado, molienda con bolas, compuestos y tratamiento de superficies.<span style=\"color: #0000ff;\"><a style=\"color: #0000ff;\" href=\"https:\/\/ulpmat.com\/es\/contacto\/\"> P\u00f3ngase en contacto con<\/a><\/span><br \/>\nnosotros y le proporcionaremos asistencia profesional personalizada.<\/p>\n<h2><span style=\"font-size: 14pt;\">Caracter\u00edsticas destacadas del producto<\/span><\/h2>\n<p>Excelente estabilidad a altas temperaturas<br \/>\nFuerte resistencia al desgaste y alta dureza<br \/>\nExcelente conductividad el\u00e9ctrica<br \/>\nBajo contenido de impurezas<br \/>\nTama\u00f1o de part\u00edcula personalizable<br \/>\nBuena fluidez del polvo<br \/>\nFuerte resistencia a la corrosi\u00f3n<br \/>\nAdecuado para diversos sistemas de materiales<\/p>\n<h2><span style=\"font-size: 14pt;\">Aplicaciones del polvo de boruro de molibdeno<\/span><\/h2>\n<p>Se utiliza como componente de refuerzo en la preparaci\u00f3n de cer\u00e1micas y compuestos de alta temperatura.<br \/>\nComo polvo base para recubrimientos resistentes al desgaste y materiales de refuerzo de superficies.<br \/>\nSe aplica a la preparaci\u00f3n de electrodos electr\u00f3nicos o cer\u00e1micas conductoras.<br \/>\nFormulaciones de materiales resistentes a altas temperaturas para equipos aeroespaciales y de alta temperatura.<\/p>\n<h2><span style=\"color: #0000ff;\"><a style=\"color: #0000ff;\" href=\"https:\/\/ulpmat.com\/es\/empresa\/preguntas-frecuentes\/\"><span style=\"font-size: 14pt;\">Preguntas<\/span><\/a><\/span><\/h2>\n<p>frecuentes<br \/>\nP1: \u00bfQu\u00e9 formas de procesamiento puede sufrir el polvo de Mo2B?<br \/>\nR1: Ofrecemos servicios de procesamiento avanzados que incluyen procesamiento de polvo ultrafino, clasificaci\u00f3n personalizada del tama\u00f1o de las part\u00edculas, molienda con bolas, tratamiento de superficies y compuestos.<\/p>\n<p>P2: \u00bfC\u00f3mo se debe almacenar el polvo para garantizar su estabilidad?<br \/>\nR2: Debe almacenarse en un entorno seco y sellado, evitando la humedad y las fuentes de oxidaci\u00f3n, y evitando la aglomeraci\u00f3n del polvo o la adsorci\u00f3n de impurezas.<\/p>\n<p>P3: \u00bfCu\u00e1les son las principales ventajas de este material en comparaci\u00f3n con otros boruros?<br \/>\nR3: El Mo2B presenta una resistencia t\u00e9rmica superior, una mayor dureza y una excelente estabilidad qu\u00edmica, con un mejor rendimiento en entornos de alta temperatura y alta abrasi\u00f3n.<\/p>\n<p>P4: \u00bfOfrecen <span style=\"color: #0000ff;\"><a style=\"color: #0000ff;\" href=\"https:\/\/ulpmat.com\/es\/servicio\/asistencia-tecnica\/\">asistencia t\u00e9cnica<\/a><\/span><br \/>\no servicios relacionados?<br \/>\nR4: Ofrecemos asesoramiento sobre la selecci\u00f3n de materiales, asistencia t\u00e9cnica para aplicaciones, servicios de presentaci\u00f3n de informes de datos y podemos ayudar a los clientes a desarrollar formulaciones de polvo personalizadas.<\/p>\n<h2><span style=\"font-size: 14pt;\">Informes<\/span><\/h2>\n<p>Cada lote se suministra con:<br \/>\n<span style=\"color: #0000ff;\"><a style=\"color: #0000ff;\" href=\"https:\/\/ulpmat.com\/es\/documentos\/certificado-de-analisis\/\">Certificado de an\u00e1lisis (COA)<\/a><\/span><\/p>\n<p><span style=\"color: #0000ff;\"><a style=\"color: #0000ff;\" href=\"https:\/\/ulpmat.com\/es\/documentos\/ficha-tecnica\/\">Ficha t\u00e9cnica (TDS)<\/a><\/span><\/p>\n<p><span style=\"color: #0000ff;\"><a style=\"color: #0000ff;\" href=\"https:\/\/ulpmat.com\/es\/documentos\/ficha-de-datos-de-seguridad\/\">Ficha de datos de seguridad (MSDS)<\/a><\/span><br \/>\nSe pueden solicitar informes de pruebas realizadas por terceros.<\/p>\n<h2><span style=\"font-size: 14pt;\">\u00bfPor qu\u00e9 elegirnos?<\/span><\/h2>\n<p>Empleamos procesos avanzados de preparaci\u00f3n de polvo para garantizar una excelente estabilidad del producto y un tama\u00f1o de part\u00edcula controlable.<br \/>\nOfrecemos soluciones t\u00e9cnicas flexibles y recomendaciones de par\u00e1metros basadas en las aplicaciones de los clientes para mejorar el rendimiento de los materiales.<br \/>\nCada lote de polvo viene con datos completos de pruebas de calidad, lo que garantiza una trazabilidad fiable.<br \/>\nApoyamos la investigaci\u00f3n en lotes peque\u00f1os, la producci\u00f3n industrial a escala piloto y el suministro de pedidos a gran escala, satisfaciendo as\u00ed diversas necesidades.<br \/>\nCon un riguroso sistema de gesti\u00f3n de la calidad y una r\u00e1pida capacidad de respuesta, somos su socio fiable a largo plazo en materia de materiales.<\/p>\n","protected":false},"excerpt":{"rendered":"<p>Descripci\u00f3n general del polvo de boruro de molibdeno El polvo de boruro de molibdeno es un material inorg\u00e1nico especial que posee un alto punto de fusi\u00f3n, una gran dureza y una excelente conductividad el\u00e9ctrica. Debido a su alta estabilidad t\u00e9rmica y su excelente resistencia a la corrosi\u00f3n, se utiliza ampliamente en la preparaci\u00f3n de materiales [&hellip;]<\/p>\n","protected":false},"featured_media":39181,"template":"","meta":{"_acf_changed":false},"product_brand":[132],"product_cat":[720],"product_tag":[4651],"class_list":{"0":"post-39180","1":"product","2":"type-product","3":"status-publish","4":"has-post-thumbnail","6":"product_brand-ulpmat","7":"product_cat-materiales-refractarios","8":"product_tag-boruro-de-molibdeno","10":"first","11":"instock","12":"shipping-taxable","13":"product-type-variable"},"acf":[],"_links":{"self":[{"href":"https:\/\/ulpmat.com\/es\/wp-json\/wp\/v2\/product\/39180","targetHints":{"allow":["GET"]}}],"collection":[{"href":"https:\/\/ulpmat.com\/es\/wp-json\/wp\/v2\/product"}],"about":[{"href":"https:\/\/ulpmat.com\/es\/wp-json\/wp\/v2\/types\/product"}],"wp:featuredmedia":[{"embeddable":true,"href":"https:\/\/ulpmat.com\/es\/wp-json\/wp\/v2\/media\/39181"}],"wp:attachment":[{"href":"https:\/\/ulpmat.com\/es\/wp-json\/wp\/v2\/media?parent=39180"}],"wp:term":[{"taxonomy":"product_brand","embeddable":true,"href":"https:\/\/ulpmat.com\/es\/wp-json\/wp\/v2\/product_brand?post=39180"},{"taxonomy":"product_cat","embeddable":true,"href":"https:\/\/ulpmat.com\/es\/wp-json\/wp\/v2\/product_cat?post=39180"},{"taxonomy":"product_tag","embeddable":true,"href":"https:\/\/ulpmat.com\/es\/wp-json\/wp\/v2\/product_tag?post=39180"}],"curies":[{"name":"wp","href":"https:\/\/api.w.org\/{rel}","templated":true}]}}