{"id":39107,"date":"2025-11-25T09:44:01","date_gmt":"2025-11-25T01:44:01","guid":{"rendered":"https:\/\/ulpmat.com\/product\/boruro-de-molibdeno\/"},"modified":"2025-11-25T09:44:01","modified_gmt":"2025-11-25T01:44:01","slug":"boruro-de-molibdeno","status":"publish","type":"product","link":"https:\/\/ulpmat.com\/es\/producto\/boruro-de-molibdeno\/","title":{"rendered":"Boruro de molibdeno"},"content":{"rendered":"<h2><span style=\"font-size: 14pt;\">Descripci\u00f3n general del polvo de boruro de molibdeno<\/span><\/h2>\n<p>El polvo<br \/>\n<span style=\"color: #0000ff;\"><a style=\"color: #0000ff;\" href=\"https:\/\/ulpmat.com\/es\/buscar\/?type=name&#038;keyword=Molybdenum+boride\">de boruro de molibdeno<\/a><\/span><br \/>\nes un compuesto cer\u00e1mico funcional que posee una alta dureza, un alto punto de fusi\u00f3n y una excelente resistencia al desgaste. Se utiliza com\u00fanmente en la fabricaci\u00f3n de piezas de alta resistencia al desgaste, recubrimientos para altas temperaturas y materiales compuestos de alto rendimiento. Su estructura cristalina estable y sus excelentes propiedades termof\u00edsicas lo convierten en un importante material estructural y aditivo en las industrias aeroespacial, electr\u00f3nica, metal\u00fargica y de cer\u00e1mica avanzada.<\/p>\n<p>Podemos suministrar polvo de MoB en diferentes grados de pureza, rangos de tama\u00f1o de part\u00edcula y especificaciones de envasado seg\u00fan las necesidades del cliente, y proporcionar un control personalizado del tama\u00f1o de las part\u00edculas y asistencia en el proceso. Tanto si necesita aplicaciones de I+D como compras a granel, <span style=\"color: #0000ff;\"><a style=\"color: #0000ff;\" href=\"https:\/\/ulpmat.com\/es\/contacto\/\">p\u00f3ngase en contacto con nosotros<\/a><\/span><br \/>\n.<\/p>\n<h2><span style=\"font-size: 14pt;\">Caracter\u00edsticas destacadas del producto<\/span><\/h2>\n<p>Alta dureza y resistencia al desgaste duradera.<br \/>\nEstructura estable en condiciones de alta temperatura.<br \/>\nExcelente resistencia a la corrosi\u00f3n qu\u00edmica.<br \/>\nTama\u00f1o de part\u00edcula uniforme y buena fluidez.<br \/>\nPureza y tama\u00f1o de part\u00edcula personalizables.<br \/>\nAdecuado para diversas condiciones de trabajo extremas.<br \/>\nAlta consistencia y fiabilidad de los lotes<\/p>\n<h2><span style=\"font-size: 14pt;\">. Aplicaciones del polvo de boruro de molibdeno<\/span><\/h2>\n<p>Se utiliza en la preparaci\u00f3n de piezas cer\u00e1micas resistentes al desgaste para mejorar la vida \u00fatil de los componentes mec\u00e1nicos.<br \/>\nSe a\u00f1ade a materiales compuestos de alta temperatura para mejorar la resistencia general y la resistencia al calor.<br \/>\nSe utiliza en la producci\u00f3n de recubrimientos funcionales para dotar a la superficie de una excelente resistencia al desgaste.<br \/>\nSe utiliza como agente reforzante a alta temperatura o aditivo funcional en materiales electr\u00f3nicos y metal\u00fargicos.<\/p>\n<h2><span style=\"color: #0000ff;\"><a style=\"color: #0000ff;\" href=\"https:\/\/ulpmat.com\/es\/empresa\/preguntas-frecuentes\/\"><span style=\"font-size: 14pt;\">Preguntas frecuentes<\/span><\/a><\/span><\/h2>\n<p>P1: \u00bfSe puede reprocesar o ajustar el tama\u00f1o de las part\u00edculas del polvo de MoB?<br \/>\nR1: S\u00ed, ofrecemos varios m\u00e9todos de procesamiento, como molienda con bolas, tamizado y modificaci\u00f3n de la superficie, para satisfacer diferentes requisitos de proceso.<\/p>\n<p>P2: \u00bfEn qu\u00e9 condiciones se debe almacenar el polvo?<br \/>\nR2: Debe almacenarse en un recipiente herm\u00e9tico, evitando ambientes h\u00famedos y oxidantes. Mantener un espacio de almacenamiento seco y limpio ayuda a prolongar la estabilidad del material.<\/p>\n<p>P3: \u00bfCu\u00e1les son las ventajas significativas del polvo de MoB en comparaci\u00f3n con otros materiales?<br \/>\nR3: Combina alta dureza, alto punto de fusi\u00f3n, excelente resistencia al desgaste y estabilidad qu\u00edmica, manteniendo un rendimiento fiable incluso en entornos extremos, lo que lo convierte en una opci\u00f3n ideal para sistemas de materiales de alta gama.<\/p>\n<p>P4: \u00bfQu\u00e9 servicios de valor a\u00f1adido ofrecen?<br \/>\nR4: Podemos proporcionar orientaci\u00f3n t\u00e9cnica, suministro de muestras, suministro estable a largo plazo y servicios de producci\u00f3n personalizados para satisfacer las necesidades de diferentes proyectos de investigaci\u00f3n e industrializaci\u00f3n.<\/p>\n<h2><span style=\"font-size: 14pt;\">Informe<\/span><\/h2>\n<p>Cada lote se suministra con:<br \/>\n<span style=\"color: #0000ff;\"><a style=\"color: #0000ff;\" href=\"https:\/\/ulpmat.com\/es\/documentos\/certificado-de-analisis\/\">Certificado de an\u00e1lisis (COA)<\/a><\/span><\/p>\n<p><span style=\"color: #0000ff;\"><a style=\"color: #0000ff;\" href=\"https:\/\/ulpmat.com\/es\/documentos\/ficha-tecnica\/\">Ficha t\u00e9cnica (TDS)<\/a><\/span><\/p>\n<p><span style=\"color: #0000ff;\"><a style=\"color: #0000ff;\" href=\"https:\/\/ulpmat.com\/es\/documentos\/ficha-de-datos-de-seguridad\/\">Ficha de datos de seguridad (MSDS)<\/a><\/span><br \/>\nSe pueden solicitar informes de pruebas de terceros.<\/p>\n<h2><span style=\"font-size: 14pt;\">\u00bfPor qu\u00e9 elegirnos?<\/span><\/h2>\n<p>Contamos con un sistema maduro de producci\u00f3n de materiales en polvo, lo que garantiza una calidad estable del producto y par\u00e1metros trazables.<br \/>\nOfrecemos una personalizaci\u00f3n flexible, proporcionando a los clientes soluciones precisas en cuanto a tama\u00f1o de part\u00edculas, pureza y envasado.<br \/>\nNuestro equipo t\u00e9cnico profesional proporciona asistencia integral, ayudando a los clientes a reducir los costes y el tiempo de las pruebas.<br \/>\nLa entrega puntual y la amplia capacidad de producci\u00f3n satisfacen las necesidades de adquisici\u00f3n a largo plazo de las instituciones de investigaci\u00f3n y las f\u00e1bricas.<br \/>\nInsistimos en la transparencia de los datos y en la rigurosidad de las pruebas, lo que garantiza que cada lote de polvo de MoB posea un rendimiento verificable.<br \/>\nEl\u00edjanos para obtener polvo de MoB estable y de alta calidad con <span style=\"color: #0000ff;\"><a style=\"color: #0000ff;\" href=\"https:\/\/ulpmat.com\/es\/servicio\/asistencia-tecnica\/\">un soporte t\u00e9cnico<\/a><\/span><br \/>\ncompleto<span style=\"color: #0000ff;\"><a style=\"color: #0000ff;\" href=\"https:\/\/ulpmat.com\/es\/servicio\/asistencia-tecnica\/\">,<\/a><\/span><br \/>\nlo que ayudar\u00e1 a que sus materiales de alto rendimiento y el desarrollo de productos alcancen la fase de aplicaci\u00f3n m\u00e1s r\u00e1pidamente.<\/p>\n","protected":false},"excerpt":{"rendered":"<p>Descripci\u00f3n general del polvo de boruro de molibdeno El polvo de boruro de molibdeno es un compuesto cer\u00e1mico funcional que posee una alta dureza, un alto punto de fusi\u00f3n y una excelente resistencia al desgaste. Se utiliza com\u00fanmente en la fabricaci\u00f3n de piezas de alta resistencia al desgaste, recubrimientos para altas temperaturas y materiales compuestos [&hellip;]<\/p>\n","protected":false},"featured_media":39108,"template":"","meta":{"_acf_changed":false},"product_brand":[132],"product_cat":[720],"product_tag":[4639],"class_list":{"0":"post-39107","1":"product","2":"type-product","3":"status-publish","4":"has-post-thumbnail","6":"product_brand-ulpmat","7":"product_cat-materiales-refractarios","8":"product_tag-boruro-de-molibdeno-polvo","10":"first","11":"instock","12":"shipping-taxable","13":"product-type-variable"},"acf":[],"_links":{"self":[{"href":"https:\/\/ulpmat.com\/es\/wp-json\/wp\/v2\/product\/39107","targetHints":{"allow":["GET"]}}],"collection":[{"href":"https:\/\/ulpmat.com\/es\/wp-json\/wp\/v2\/product"}],"about":[{"href":"https:\/\/ulpmat.com\/es\/wp-json\/wp\/v2\/types\/product"}],"wp:featuredmedia":[{"embeddable":true,"href":"https:\/\/ulpmat.com\/es\/wp-json\/wp\/v2\/media\/39108"}],"wp:attachment":[{"href":"https:\/\/ulpmat.com\/es\/wp-json\/wp\/v2\/media?parent=39107"}],"wp:term":[{"taxonomy":"product_brand","embeddable":true,"href":"https:\/\/ulpmat.com\/es\/wp-json\/wp\/v2\/product_brand?post=39107"},{"taxonomy":"product_cat","embeddable":true,"href":"https:\/\/ulpmat.com\/es\/wp-json\/wp\/v2\/product_cat?post=39107"},{"taxonomy":"product_tag","embeddable":true,"href":"https:\/\/ulpmat.com\/es\/wp-json\/wp\/v2\/product_tag?post=39107"}],"curies":[{"name":"wp","href":"https:\/\/api.w.org\/{rel}","templated":true}]}}