{"id":38898,"date":"2025-11-25T09:44:03","date_gmt":"2025-11-25T01:44:03","guid":{"rendered":"https:\/\/ulpmat.com\/product\/oxido-de-molibdeno-3\/"},"modified":"2025-11-25T09:44:03","modified_gmt":"2025-11-25T01:44:03","slug":"oxido-de-molibdeno-3","status":"publish","type":"product","link":"https:\/\/ulpmat.com\/es\/producto\/oxido-de-molibdeno-3\/","title":{"rendered":"\u00d3xido de molibdeno"},"content":{"rendered":"<h2><span style=\"font-size: 14pt;\">Descripci\u00f3n general de los gr\u00e1nulos de \u00f3xido de molibdeno<\/span><\/h2>\n<p>Los gr\u00e1nulos<br \/>\n<span style=\"color: #0000ff;\"><a style=\"color: #0000ff;\" href=\"https:\/\/ulpmat.com\/es\/buscar\/?type=name&#038;keyword=Molybdenum+Oxide\">de \u00f3xido de molibdeno<\/a><\/span><br \/>\nson \u00f3xidos met\u00e1licos de alta pureza en forma granular, lo que facilita su transporte y procesamiento. Poseen una excelente estabilidad t\u00e9rmica, inercia qu\u00edmica y una conductividad \u00f3ptica y el\u00e9ctrica sobresaliente. Adecuados para la preparaci\u00f3n de soportes catal\u00edticos, pel\u00edculas delgadas funcionales, dispositivos electr\u00f3nicos y nuevos materiales energ\u00e9ticos, proporcionan materiales b\u00e1sicos de alto rendimiento para la investigaci\u00f3n cient\u00edfica y la producci\u00f3n industrial.<\/p>\n<p>Ofrecemos part\u00edculas de MoO3 en varios tama\u00f1os y especificaciones, con una superficie espec\u00edfica y una morfolog\u00eda de part\u00edculas personalizadas para satisfacer las necesidades de la investigaci\u00f3n cient\u00edfica y las aplicaciones industriales. <span style=\"color: #0000ff;\"><a style=\"color: #0000ff;\" href=\"https:\/\/ulpmat.com\/es\/contacto\/\">P\u00f3ngase en contacto con nosotros<\/a><\/span><br \/>\n; tanto si se trata de I+D en lotes peque\u00f1os como de producci\u00f3n a gran escala, le garantizamos una entrega r\u00e1pida y <span style=\"color: #0000ff;\"><a style=\"color: #0000ff;\" href=\"https:\/\/ulpmat.com\/es\/servicio\/servicio-posventa\/\">un servicio posventa<\/a><\/span><br \/>\nfiable<span style=\"color: #0000ff;\"><a style=\"color: #0000ff;\" href=\"https:\/\/ulpmat.com\/es\/servicio\/servicio-posventa\/\">.<\/a><\/span><\/p>\n<h2><span style=\"font-size: 14pt;\">Caracter\u00edsticas destacadas del producto<\/span><\/h2>\n<p>Alta pureza<br \/>\nTama\u00f1o de part\u00edcula uniforme, f\u00e1cil dispersi\u00f3n<br \/>\nExcelente estabilidad t\u00e9rmica<br \/>\nQu\u00edmicamente estable<br \/>\nExcelente conductividad el\u00e9ctrica y \u00f3ptica Tama\u00f1o de part\u00edcula y propiedades superficiales<br \/>\n<span style=\"color: #0000ff;\"><a style=\"color: #0000ff;\" href=\"https:\/\/ulpmat.com\/es\/servicio\/personalizacion\/\">personalizables<\/a><\/span><\/p>\n<h2><span style=\"font-size: 14pt;\">Aplicaciones de los gr\u00e1nulos de \u00f3xido de molibdeno<\/span><\/h2>\n<p>Soportes catal\u00edticos: se utilizan en reacciones catal\u00edticas industriales para mejorar la actividad y la selectividad.<br \/>\nPel\u00edculas delgadas funcionales: se utilizan para la preparaci\u00f3n de pel\u00edculas conductoras transparentes y pel\u00edculas para dispositivos optoelectr\u00f3nicos.<br \/>\nDispositivos electr\u00f3nicos: se utilizan para la deposici\u00f3n de dispositivos semiconductores y materiales sensores.<br \/>\nNuevos materiales energ\u00e9ticos: se utilizan como materiales de alto rendimiento en bater\u00edas de ionen litio y dispositivos de almacenamiento de energ\u00eda.<\/p>\n<h2><span style=\"color: #0000ff;\"><a style=\"color: #0000ff;\" href=\"https:\/\/ulpmat.com\/es\/empresa\/preguntas-frecuentes\/\"><span style=\"font-size: 14pt;\">Preguntas frecuentes<\/span><\/a><\/span><\/h2>\n<p>P1: \u00bfCu\u00e1les son las opciones de embalaje para los gr\u00e1nulos de MoO3?<br \/>\nR1: Se dispone de bolsas al vac\u00edo o contenedores personalizados a prueba de humedad para garantizar un transporte y almacenamiento seguros.<\/p>\n<p>P2: \u00bfSe puede procesar o modificar el producto?<br \/>\nR2: S\u00ed, ofrecemos servicios de ajuste del tama\u00f1o de las part\u00edculas, tratamiento de dispersi\u00f3n y modificaci\u00f3n de la superficie para satisfacer las diferentes necesidades de aplicaci\u00f3n.<\/p>\n<p>P3: \u00bfCu\u00e1les son las precauciones para almacenar los gr\u00e1nulos de MoO3?<br \/>\nR3: Almac\u00e9nelos en un entorno seco, fresco y oscuro, evitando la humedad y las altas temperaturas que podr\u00edan afectar al rendimiento.<\/p>\n<p>P4: \u00bfC\u00f3mo se garantiza la pureza y el rendimiento del producto?<br \/>\nR4: Cada lote de gr\u00e1nulos se somete a rigurosas pruebas para garantizar una alta pureza y un rendimiento estable, y se proporcionan an\u00e1lisis detallados e informes de rendimiento.<\/p>\n<h2><span style=\"font-size: 14pt;\">Informes<\/span><\/h2>\n<p>Cada lote se suministra con:<br \/>\n<span style=\"color: #0000ff;\"><a style=\"color: #0000ff;\" href=\"https:\/\/ulpmat.com\/es\/documentos\/certificado-de-analisis\/\">Certificado de an\u00e1lisis (COA)<\/a><\/span><\/p>\n<p><span style=\"color: #0000ff;\"><a style=\"color: #0000ff;\" href=\"https:\/\/ulpmat.com\/es\/documentos\/ficha-tecnica\/\">Ficha t\u00e9cnica (TDS)<\/a><\/span><\/p>\n<p><span style=\"color: #0000ff;\"><a style=\"color: #0000ff;\" href=\"https:\/\/ulpmat.com\/es\/documentos\/ficha-de-datos-de-seguridad\/\">Ficha de datos de seguridad (MSDS)<\/a><\/span><br \/>\nSe pueden solicitar informes de pruebas de terceros.<\/p>\n<h2><span style=\"font-size: 14pt;\">\u00bfPor qu\u00e9 elegirnos?<\/span><\/h2>\n<p>Experiencia: A\u00f1os de experiencia en I+D y producci\u00f3n de gr\u00e1nulos de MoO\u2083; tecnolog\u00eda madura y fiable.<br \/>\nEstricto control de calidad: alta pureza, alta estabilidad; cada lote de productos pasa rigurosas pruebas. Servicios<br \/>\n<span style=\"color: #0000ff;\"><a style=\"color: #0000ff;\" href=\"https:\/\/ulpmat.com\/es\/servicio\/personalizacion\/\">personalizados<\/a><\/span><br \/>\n: admite la personalizaci\u00f3n del tama\u00f1o de las part\u00edculas, el \u00e1rea superficial espec\u00edfica y el tratamiento de la superficie.<br \/>\nAsistencia t\u00e9cnica integral: proporciona orientaci\u00f3n profesional y servicio posventa desde la selecci\u00f3n de muestras hasta las soluciones de aplicaci\u00f3n.<br \/>\nEl\u00edjanos para obtener part\u00edculas de MoO\u2083 de alto rendimiento y <span style=\"color: #0000ff;\"><a style=\"color: #0000ff;\" href=\"https:\/\/ulpmat.com\/es\/servicio\/asistencia-tecnica\/\">asistencia t\u00e9cnica<\/a><\/span><br \/>\nintegral para sus aplicaciones industriales y de investigaci\u00f3n.<\/p>\n","protected":false},"excerpt":{"rendered":"<p>Descripci\u00f3n general de los gr\u00e1nulos de \u00f3xido de molibdeno Los gr\u00e1nulos de \u00f3xido de molibdeno son \u00f3xidos met\u00e1licos de alta pureza en forma granular, lo que facilita su transporte y procesamiento. Poseen una excelente estabilidad t\u00e9rmica, inercia qu\u00edmica y una conductividad \u00f3ptica y el\u00e9ctrica sobresaliente. Adecuados para la preparaci\u00f3n de soportes catal\u00edticos, pel\u00edculas delgadas funcionales, [&hellip;]<\/p>\n","protected":false},"featured_media":38899,"template":"","meta":{"_acf_changed":false},"product_brand":[132],"product_cat":[340],"product_tag":[4591],"class_list":{"0":"post-38898","1":"product","2":"type-product","3":"status-publish","4":"has-post-thumbnail","6":"product_brand-ulpmat","7":"product_cat-materiales-de-evaporacion","8":"product_tag-oxido-de-molibdeno-en-granulos","10":"first","11":"instock","12":"shipping-taxable","13":"product-type-variable"},"acf":[],"_links":{"self":[{"href":"https:\/\/ulpmat.com\/es\/wp-json\/wp\/v2\/product\/38898","targetHints":{"allow":["GET"]}}],"collection":[{"href":"https:\/\/ulpmat.com\/es\/wp-json\/wp\/v2\/product"}],"about":[{"href":"https:\/\/ulpmat.com\/es\/wp-json\/wp\/v2\/types\/product"}],"wp:featuredmedia":[{"embeddable":true,"href":"https:\/\/ulpmat.com\/es\/wp-json\/wp\/v2\/media\/38899"}],"wp:attachment":[{"href":"https:\/\/ulpmat.com\/es\/wp-json\/wp\/v2\/media?parent=38898"}],"wp:term":[{"taxonomy":"product_brand","embeddable":true,"href":"https:\/\/ulpmat.com\/es\/wp-json\/wp\/v2\/product_brand?post=38898"},{"taxonomy":"product_cat","embeddable":true,"href":"https:\/\/ulpmat.com\/es\/wp-json\/wp\/v2\/product_cat?post=38898"},{"taxonomy":"product_tag","embeddable":true,"href":"https:\/\/ulpmat.com\/es\/wp-json\/wp\/v2\/product_tag?post=38898"}],"curies":[{"name":"wp","href":"https:\/\/api.w.org\/{rel}","templated":true}]}}