{"id":38806,"date":"2025-11-25T09:44:04","date_gmt":"2025-11-25T01:44:04","guid":{"rendered":"https:\/\/ulpmat.com\/product\/dioxido-de-dicloruro-de-molibdeno\/"},"modified":"2025-11-25T09:44:04","modified_gmt":"2025-11-25T01:44:04","slug":"dioxido-de-dicloruro-de-molibdeno","status":"publish","type":"product","link":"https:\/\/ulpmat.com\/es\/producto\/dioxido-de-dicloruro-de-molibdeno\/","title":{"rendered":"Di\u00f3xido de dicloruro de molibdeno"},"content":{"rendered":"<h2><span style=\"font-size: 14pt;\">Descripci\u00f3n general del polvo de dicloruro de molibdeno<\/span><\/h2>\n<p>El polvo<br \/>\n<span style=\"color: #0000ff;\"><a style=\"color: #0000ff;\" href=\"https:\/\/ulpmat.com\/es\/buscar\/?type=name&#038;keyword=Molybdenum+Dichloride+Dioxide\">de dicloruro de molibdeno<\/a><\/span><br \/>\nes un compuesto inorg\u00e1nico altamente activo con excelentes propiedades redox y estabilidad qu\u00edmica. Su estructura molecular \u00fanica lo hace valioso en cat\u00e1lisis, s\u00edntesis y preparaci\u00f3n de materiales. Se utiliza ampliamente como catalizador de s\u00edntesis org\u00e1nica, precursor de metales, modificaci\u00f3n de materiales y preparaci\u00f3n de pel\u00edculas delgadas funcionales, proporcionando materiales qu\u00edmicos b\u00e1sicos fiables para la investigaci\u00f3n cient\u00edfica y la industria.<\/p>\n<p>Podemos proporcionar polvo de MoO2Cl2 de alta pureza y tama\u00f1o uniforme, y podemos personalizar el embalaje u optimizar el tama\u00f1o de las part\u00edculas seg\u00fan las necesidades del cliente. <span style=\"color: #0000ff;\"><a style=\"color: #0000ff;\" href=\"https:\/\/ulpmat.com\/es\/contacto\/\">P\u00f3ngase en contacto con nosotros<\/a><\/span><br \/>\npara solicitar muestras y presupuestos, y deje que nuestro equipo profesional le proporcione <span style=\"color: #0000ff;\"><a style=\"color: #0000ff;\" href=\"https:\/\/ulpmat.com\/es\/servicio\/asistencia-tecnica\/\">asistencia t\u00e9cnica<\/a><\/span><br \/>\ncompleta para sus proyectos de investigaci\u00f3n o industriales.<\/p>\n<h2><span style=\"font-size: 14pt;\">Caracter\u00edsticas destacadas del producto<\/span><\/h2>\n<p>Alta pureza<br \/>\nDistribuci\u00f3n uniforme de las part\u00edculas<br \/>\nExcelente actividad redox<br \/>\nFuerte estabilidad qu\u00edmica<br \/>\nF\u00e1cil procesamiento y compuestos Especificaciones y embalajes<br \/>\n<span style=\"color: #0000ff;\"><a style=\"color: #0000ff;\" href=\"https:\/\/ulpmat.com\/es\/servicio\/personalizacion\/\">personalizados<\/a><\/span><br \/>\ndisponibles<\/p>\n<h2><span style=\"font-size: 14pt;\">Aplicaciones del polvo de dicloruro de molibdeno<\/span><\/h2>\n<p>S\u00edntesis org\u00e1nica Cat\u00e1lisis: como catalizador para reacciones de oxidaci\u00f3n o halogenaci\u00f3n, mejorando la eficiencia de la reacci\u00f3n.<br \/>\nPrecursores met\u00e1licos: se utiliza para la preparaci\u00f3n de metales y aleaciones de alta pureza.<br \/>\nModificaci\u00f3n de materiales: mejora las propiedades de la cer\u00e1mica o los materiales compuestos.<br \/>\nPreparaci\u00f3n de pel\u00edculas delgadas funcionales: se utiliza para dispositivos optoelectr\u00f3nicos de alto rendimiento y deposici\u00f3n de recubrimientos protectores.<\/p>\n<h2><span style=\"color: #0000ff;\"><a style=\"color: #0000ff;\" href=\"https:\/\/ulpmat.com\/es\/empresa\/preguntas-frecuentes\/\"><span style=\"font-size: 14pt;\">Preguntas frecuentes<\/span><\/a><\/span><\/h2>\n<p>P1: \u00bfCu\u00e1les son las opciones de embalaje para el polvo de MoO\u2082Cl\u2082?<br \/>\nR1: Hay disponibles bolsas al vac\u00edo y contenedores sellados a medida para garantizar un transporte y almacenamiento seguros.<\/p>\n<p>P2: \u00bfSe puede procesar o tratar la superficie del producto?<br \/>\nR2: S\u00ed, ofrecemos servicios de ajuste del tama\u00f1o de las part\u00edculas de polvo, tratamiento de dispersi\u00f3n y preparaci\u00f3n de materiales compuestos.<\/p>\n<p>P3: \u00bfCu\u00e1les son los requisitos para almacenar el polvo de MoO2Cl2?<br \/>\nR3: Debe almacenarse en un entorno sellado, a prueba de luz, seco y fresco, evitando las altas temperaturas y la humedad.<\/p>\n<p>P4: \u00bfC\u00f3mo se garantiza la pureza y el rendimiento del producto?<br \/>\nR4: Cada lote de producto se somete a rigurosos an\u00e1lisis y pruebas para garantizar una alta pureza y propiedades qu\u00edmicas estables, y se proporcionan informes de pruebas detallados.<\/p>\n<h2><span style=\"font-size: 14pt;\">Informes<\/span><\/h2>\n<p>Cada lote se suministra con:<br \/>\n<span style=\"color: #0000ff;\"><a style=\"color: #0000ff;\" href=\"https:\/\/ulpmat.com\/es\/documentos\/certificado-de-analisis\/\">Certificado de an\u00e1lisis (COA)<\/a><\/span><\/p>\n<p><span style=\"color: #0000ff;\"><a style=\"color: #0000ff;\" href=\"https:\/\/ulpmat.com\/es\/documentos\/ficha-tecnica\/\">Ficha t\u00e9cnica (TDS)<\/a><\/span><\/p>\n<p><span style=\"color: #0000ff;\"><a style=\"color: #0000ff;\" href=\"https:\/\/ulpmat.com\/es\/documentos\/ficha-de-datos-de-seguridad\/\">Ficha de datos de seguridad (MSDS)<\/a><\/span><br \/>\nSe pueden solicitar informes de pruebas de terceros.<\/p>\n<h2><span style=\"font-size: 14pt;\">\u00bfPor qu\u00e9 elegirnos?<\/span><\/h2>\n<p>Experiencia profesional: A\u00f1os de experiencia en I+D y producci\u00f3n de polvo de MoO\u2082Cl\u2082 de alta pureza, con una tecnolog\u00eda madura y fiable.<br \/>\nEstricta gesti\u00f3n de la calidad: Alta pureza, part\u00edculas uniformes y todos los lotes de productos pasan la inspecci\u00f3n.<br \/>\nCapacidad de personalizaci\u00f3n: personalizaci\u00f3n disponible en funci\u00f3n del tama\u00f1o de las part\u00edculas, el embalaje y los requisitos de rendimiento.<br \/>\n<span style=\"color: #0000ff;\"><a style=\"color: #0000ff;\" href=\"https:\/\/ulpmat.com\/es\/servicio\/asistencia-tecnica\/\">Asistencia t\u00e9cnica<\/a><\/span><br \/>\ncompleta<span style=\"color: #0000ff;\"><a style=\"color: #0000ff;\" href=\"https:\/\/ulpmat.com\/es\/servicio\/asistencia-tecnica\/\">:<\/a><\/span><br \/>\nproporcionamos servicios profesionales durante todo el proceso, desde la selecci\u00f3n de muestras hasta la orientaci\u00f3n sobre el proceso de aplicaci\u00f3n.<br \/>\nEl\u00edjanos para obtener polvo de MoO\u2082Cl\u2082 de alto rendimiento y asistencia t\u00e9cnica profesional para sus proyectos de investigaci\u00f3n e industriales.<\/p>\n","protected":false},"excerpt":{"rendered":"<p>Descripci\u00f3n general del polvo de dicloruro de molibdeno El polvo de dicloruro de molibdeno es un compuesto inorg\u00e1nico altamente activo con excelentes propiedades redox y estabilidad qu\u00edmica. Su estructura molecular \u00fanica lo hace valioso en cat\u00e1lisis, s\u00edntesis y preparaci\u00f3n de materiales. Se utiliza ampliamente como catalizador de s\u00edntesis org\u00e1nica, precursor de metales, modificaci\u00f3n de materiales [&hellip;]<\/p>\n","protected":false},"featured_media":38807,"template":"","meta":{"_acf_changed":false},"product_brand":[132],"product_cat":[330,438],"product_tag":[4575],"class_list":{"0":"post-38806","1":"product","2":"type-product","3":"status-publish","4":"has-post-thumbnail","6":"product_brand-ulpmat","7":"product_cat-materiales-halogenados","8":"product_cat-oxidos","9":"product_tag-dioxido-de-dicloruro-de-molibdeno","11":"first","12":"instock","13":"shipping-taxable","14":"product-type-variable"},"acf":[],"_links":{"self":[{"href":"https:\/\/ulpmat.com\/es\/wp-json\/wp\/v2\/product\/38806","targetHints":{"allow":["GET"]}}],"collection":[{"href":"https:\/\/ulpmat.com\/es\/wp-json\/wp\/v2\/product"}],"about":[{"href":"https:\/\/ulpmat.com\/es\/wp-json\/wp\/v2\/types\/product"}],"wp:featuredmedia":[{"embeddable":true,"href":"https:\/\/ulpmat.com\/es\/wp-json\/wp\/v2\/media\/38807"}],"wp:attachment":[{"href":"https:\/\/ulpmat.com\/es\/wp-json\/wp\/v2\/media?parent=38806"}],"wp:term":[{"taxonomy":"product_brand","embeddable":true,"href":"https:\/\/ulpmat.com\/es\/wp-json\/wp\/v2\/product_brand?post=38806"},{"taxonomy":"product_cat","embeddable":true,"href":"https:\/\/ulpmat.com\/es\/wp-json\/wp\/v2\/product_cat?post=38806"},{"taxonomy":"product_tag","embeddable":true,"href":"https:\/\/ulpmat.com\/es\/wp-json\/wp\/v2\/product_tag?post=38806"}],"curies":[{"name":"wp","href":"https:\/\/api.w.org\/{rel}","templated":true}]}}