{"id":38680,"date":"2025-11-25T09:44:05","date_gmt":"2025-11-25T01:44:05","guid":{"rendered":"https:\/\/ulpmat.com\/product\/seleniuro-de-molibdeno-2\/"},"modified":"2025-11-25T09:44:05","modified_gmt":"2025-11-25T01:44:05","slug":"seleniuro-de-molibdeno-2","status":"publish","type":"product","link":"https:\/\/ulpmat.com\/es\/producto\/seleniuro-de-molibdeno-2\/","title":{"rendered":"Seleniuro de molibdeno"},"content":{"rendered":"<h2><span style=\"font-size: 14pt;\">Descripci\u00f3n general del polvo de seleniuro de molibdeno<\/span><\/h2>\n<p>El polvo<br \/>\n<span style=\"color: #0000ff;\"><a style=\"color: #0000ff;\" href=\"https:\/\/ulpmat.com\/es\/buscar\/?type=name&#038;keyword=Molybdenum+selenide\">de seleniuro de molibdeno<\/a><\/span><br \/>\nes un novedoso material bidimensional con excelentes propiedades fotoel\u00e9ctricas, estabilidad t\u00e9rmica y caracter\u00edsticas lubricantes, lo que lo hace ampliamente aplicable en electr\u00f3nica, energ\u00eda y cat\u00e1lisis. Presenta un rendimiento superior en bater\u00edas de ionen litio, electrocatalizadores, lubricantes y dispositivos optoelectr\u00f3nicos, lo que lo convierte en una opci\u00f3n fiable para el desarrollo de materiales de alto rendimiento.<\/p>\n<p>Ofrecemos polvo de seleniuro de molibdeno de alta pureza en diversas especificaciones, con tama\u00f1o de part\u00edcula y procesamiento de dispersi\u00f3n personalizados para satisfacer las diversas necesidades industriales y de I+D. <span style=\"color: #0000ff;\"><a style=\"color: #0000ff;\" href=\"https:\/\/ulpmat.com\/es\/contacto\/\">P\u00f3ngase en contacto con nosotros<\/a><\/span><br \/>\nhoy mismo.<\/p>\n<h2><span style=\"font-size: 14pt;\">Caracter\u00edsticas destacadas del producto<\/span><\/h2>\n<p>Alta pureza.<br \/>\nTama\u00f1o de part\u00edcula controlable, f\u00e1cil dispersi\u00f3n.<br \/>\nExcelente estabilidad t\u00e9rmica.<br \/>\nExcelente actividad electrocatal\u00edtica.<br \/>\nBajo coeficiente de fricci\u00f3n, propiedades lubricantes. Especificaciones<br \/>\n<span style=\"color: #0000ff;\"><a style=\"color: #0000ff;\" href=\"https:\/\/ulpmat.com\/es\/servicio\/personalizacion\/\">personalizadas<\/a><\/span><br \/>\ncompatibles.<\/p>\n<h2><span style=\"font-size: 14pt;\">Aplicaciones del polvo de seleniuro de molibdeno<\/span><\/h2>\n<p>Bater\u00edas de ionen litio: como material de electrodo negativo, mejora la capacidad y la vida \u00fatil de la bater\u00eda.<br \/>\nElectrocatalizadores: mejora la eficiencia en la generaci\u00f3n de hidr\u00f3geno y las reacciones de reducci\u00f3n de ox\u00edgeno.<br \/>\nLubricantes: mantiene un bajo rendimiento de fricci\u00f3n en condiciones de alta temperatura o alta presi\u00f3n. Dispositivos<br \/>\n<span style=\"color: #0000ff;\"><a style=\"color: #0000ff;\" href=\"https:\/\/ulpmat.com\/es\/solicitud\/materiales-opticos\/\">optoelectr\u00f3nicos<\/a><\/span><br \/>\n: se utiliza en dispositivos electr\u00f3nicos de alto rendimiento, como fotodetectores y dispositivos fotovoltaicos.<\/p>\n<h2><span style=\"color: #0000ff;\"><a style=\"color: #0000ff;\" href=\"https:\/\/ulpmat.com\/es\/empresa\/preguntas-frecuentes\/\"><span style=\"font-size: 14pt;\">Preguntas frecuentes<\/span><\/a><\/span><\/h2>\n<p>P1: \u00bfQu\u00e9 opciones de embalaje hay disponibles?<br \/>\nR1: Ofrecemos bolsas selladas al vac\u00edo y cajas de cart\u00f3n r\u00edgidas, lo que permite una selecci\u00f3n flexible en funci\u00f3n de las necesidades de transporte y almacenamiento del cliente.<\/p>\n<p>P2: \u00bfEl producto puede someterse a un procesamiento secundario?<br \/>\nR2: S\u00ed, admitimos la dispersi\u00f3n de polvo, la preparaci\u00f3n de materiales compuestos y otras t\u00e9cnicas de procesamiento para facilitar la investigaci\u00f3n y las aplicaciones industriales.<\/p>\n<p>P3: \u00bfCu\u00e1les son los requisitos de almacenamiento del polvo de seleniuro de molibdeno?<br \/>\nR3: Almac\u00e9nelo en un recipiente herm\u00e9tico y opaco en un entorno seco, evitando las altas temperaturas y la humedad para mantener la estabilidad del rendimiento del material.<\/p>\n<p>P4: \u00bfC\u00f3mo se garantiza la pureza y el rendimiento del producto?<br \/>\nR4: Proporcionamos polvo de alta pureza con informes de an\u00e1lisis adjuntos, lo que garantiza que la estabilidad t\u00e9rmica, las propiedades el\u00e9ctricas y las propiedades lubricantes cumplan con los est\u00e1ndares.<\/p>\n<h2><span style=\"font-size: 14pt;\">Informes<\/span><\/h2>\n<p>Cada lote se suministra con:<br \/>\n<span style=\"color: #0000ff;\"><a style=\"color: #0000ff;\" href=\"https:\/\/ulpmat.com\/es\/documentos\/certificado-de-analisis\/\">Certificado de an\u00e1lisis (COA)<\/a><\/span><\/p>\n<p><span style=\"color: #0000ff;\"><a style=\"color: #0000ff;\" href=\"https:\/\/ulpmat.com\/es\/documentos\/ficha-tecnica\/\">Ficha t\u00e9cnica (TDS)<\/a><\/span><\/p>\n<p><span style=\"color: #0000ff;\"><a style=\"color: #0000ff;\" href=\"https:\/\/ulpmat.com\/es\/documentos\/ficha-de-datos-de-seguridad\/\">Ficha de datos de seguridad (MSDS)<\/a><\/span><br \/>\nSe pueden solicitar informes de pruebas de terceros.<\/p>\n<h2><span style=\"font-size: 14pt;\">\u00bfPor qu\u00e9 elegirnos?<\/span><\/h2>\n<p>Amplia experiencia: A\u00f1os de experiencia en investigaci\u00f3n y desarrollo de materiales y producci\u00f3n, lo que garantiza una cadena de suministro fiable.<br \/>\nControl de alta calidad: un riguroso sistema de producci\u00f3n y pruebas garantiza la estabilidad y la consistencia de cada lote de polvo. Servicios personalizados: personalizaci\u00f3n disponible en funci\u00f3n del tama\u00f1o de las part\u00edculas, la dispersabilidad, el embalaje y otros requisitos.<br \/>\n<span style=\"color: #0000ff;\"><a style=\"color: #0000ff;\" href=\"https:\/\/ulpmat.com\/es\/servicio\/asistencia-tecnica\/\">Asistencia t\u00e9cnica<\/a><\/span><br \/>\nintegral<span style=\"color: #0000ff;\"><a style=\"color: #0000ff;\" href=\"https:\/\/ulpmat.com\/es\/servicio\/asistencia-tecnica\/\">:<\/a><\/span><br \/>\nservicio profesional durante todo el proceso, desde la selecci\u00f3n de muestras hasta la orientaci\u00f3n sobre la aplicaci\u00f3n.<br \/>\nEl\u00edjanos para que sus investigaciones y aplicaciones industriales sean m\u00e1s eficientes y fiables.<\/p>\n","protected":false},"excerpt":{"rendered":"<p>Descripci\u00f3n general del polvo de seleniuro de molibdeno El polvo de seleniuro de molibdeno es un novedoso material bidimensional con excelentes propiedades fotoel\u00e9ctricas, estabilidad t\u00e9rmica y caracter\u00edsticas lubricantes, lo que lo hace ampliamente aplicable en electr\u00f3nica, energ\u00eda y cat\u00e1lisis. Presenta un rendimiento superior en bater\u00edas de ionen litio, electrocatalizadores, lubricantes y dispositivos optoelectr\u00f3nicos, lo que [&hellip;]<\/p>\n","protected":false},"featured_media":38681,"template":"","meta":{"_acf_changed":false},"product_brand":[132],"product_cat":[678,1102],"product_tag":[4551],"class_list":{"0":"post-38680","1":"product","2":"type-product","3":"status-publish","4":"has-post-thumbnail","6":"product_brand-ulpmat","7":"product_cat-materiales-calcogenuros","8":"product_cat-materiales-calcogenuros-es","9":"product_tag-seleniuro-de-molibdeno","11":"first","12":"instock","13":"shipping-taxable","14":"product-type-variable"},"acf":[],"_links":{"self":[{"href":"https:\/\/ulpmat.com\/es\/wp-json\/wp\/v2\/product\/38680","targetHints":{"allow":["GET"]}}],"collection":[{"href":"https:\/\/ulpmat.com\/es\/wp-json\/wp\/v2\/product"}],"about":[{"href":"https:\/\/ulpmat.com\/es\/wp-json\/wp\/v2\/types\/product"}],"wp:featuredmedia":[{"embeddable":true,"href":"https:\/\/ulpmat.com\/es\/wp-json\/wp\/v2\/media\/38681"}],"wp:attachment":[{"href":"https:\/\/ulpmat.com\/es\/wp-json\/wp\/v2\/media?parent=38680"}],"wp:term":[{"taxonomy":"product_brand","embeddable":true,"href":"https:\/\/ulpmat.com\/es\/wp-json\/wp\/v2\/product_brand?post=38680"},{"taxonomy":"product_cat","embeddable":true,"href":"https:\/\/ulpmat.com\/es\/wp-json\/wp\/v2\/product_cat?post=38680"},{"taxonomy":"product_tag","embeddable":true,"href":"https:\/\/ulpmat.com\/es\/wp-json\/wp\/v2\/product_tag?post=38680"}],"curies":[{"name":"wp","href":"https:\/\/api.w.org\/{rel}","templated":true}]}}