{"id":38524,"date":"2025-11-20T14:29:48","date_gmt":"2025-11-20T06:29:48","guid":{"rendered":"https:\/\/ulpmat.com\/product\/paladio-metalico\/"},"modified":"2025-11-20T14:29:48","modified_gmt":"2025-11-20T06:29:48","slug":"paladio-metalico","status":"publish","type":"product","link":"https:\/\/ulpmat.com\/es\/producto\/paladio-metalico\/","title":{"rendered":"Paladio met\u00e1lico"},"content":{"rendered":"<h2><span style=\"font-size: 14pt;\">Descripci\u00f3n general de los gr\u00e1nulos met\u00e1licos de paladio<\/span><\/h2>\n<p>Los gr\u00e1nulos<br \/>\n<span style=\"color: #0000ff;\"><a style=\"color: #0000ff;\" href=\"https:\/\/ulpmat.com\/es\/buscar\/?type=name&#038;keyword=Palladium+metal\">met\u00e1licos de paladio<\/a><\/span><br \/>\nson peque\u00f1as materias primas met\u00e1licas granulares fabricadas con paladio de alta pureza, que presentan una excelente actividad catal\u00edtica, estabilidad qu\u00edmica y propiedades electr\u00f3nicas favorables. Su morfolog\u00eda es muy adecuada para la evaporaci\u00f3n al vac\u00edo, la preparaci\u00f3n de pel\u00edculas met\u00e1licas finas y la cat\u00e1lisis qu\u00edmica fina, y se utilizan ampliamente en la fabricaci\u00f3n de semiconductores, recubrimientos de precisi\u00f3n, sistemas de adsorci\u00f3n de hidr\u00f3geno y la investigaci\u00f3n y el desarrollo de la qu\u00edmica de metales preciosos.<\/p>\n<p>Suministramos pellets de paladio met\u00e1lico de alta pureza (99,99 %) en diversas especificaciones, y ofrecemos la posibilidad de personalizar el tama\u00f1o, el embalaje y el tratamiento de la superficie. Adem\u00e1s, podemos optimizar el tama\u00f1o de las part\u00edculas en funci\u00f3n de su fuente de evaporaci\u00f3n, las condiciones del proceso y el modelo de equipo. <span style=\"color: #0000ff;\"><a style=\"color: #0000ff;\" href=\"https:\/\/ulpmat.com\/es\/contacto\/\">P\u00f3ngase en contacto con nosotros<\/a><\/span><br \/>\npara solicitar presupuestos o asesoramiento t\u00e9cnico.<\/p>\n<h2><span style=\"font-size: 14pt;\">Caracter\u00edsticas destacadas del producto<\/span><\/h2>\n<p>Pd de alta pureza, adecuado para procesos de evaporaci\u00f3n avanzados.<br \/>\nExcelente uniformidad de evaporaci\u00f3n y velocidad de deposici\u00f3n estable.<br \/>\nBaja tendencia a la oxidaci\u00f3n, qu\u00edmicamente estable.<br \/>\nTama\u00f1o y forma de las part\u00edculas seleccionables.<br \/>\nAlta densidad, bajo contenido de inclusiones.<br \/>\nProducci\u00f3n en masa disponible, plazos de entrega flexibles.<\/p>\n<h2><span style=\"font-size: 14pt;\">Aplicaciones de los gr\u00e1nulos de paladio met\u00e1lico<\/span><\/h2>\n<p>Se utilizan para la evaporaci\u00f3n de capas conductoras y pel\u00edculas met\u00e1licas finas en la industria electr\u00f3nica.<br \/>\nSe utilizan en aplicaciones catal\u00edticas para la preparaci\u00f3n de catalizadores basados en Pd.<br \/>\nDesarrollo de materiales para sistemas de almacenamiento y adsorci\u00f3n de hidr\u00f3geno.<br \/>\nInvestigaci\u00f3n sobre la s\u00edntesis de qu\u00edmica de metales preciosos y materiales funcionales.<\/p>\n<h2><span style=\"color: #0000ff;\"><a style=\"color: #0000ff;\" href=\"https:\/\/ulpmat.com\/es\/empresa\/preguntas-frecuentes\/\"><span style=\"font-size: 14pt;\">Preguntas frecuentes<\/span><\/a><\/span><\/h2>\n<p>P1: \u00bfCu\u00e1l es el m\u00e9todo de envasado de los pellets de paladio?<br \/>\nR1: Utilizamos bolsas de envasado selladas con una caja r\u00edgida exterior resistente a la presi\u00f3n para garantizar que los pellets no se decoloren ni se contaminen durante el transporte.<\/p>\n<p>P2: \u00bfCu\u00e1les son las ventajas de sus pellets de paladio?<br \/>\nR2: Nuestros pellets de Pd tienen una alta pureza, un tama\u00f1o de part\u00edcula uniforme, un bajo contenido de ox\u00edgeno y una excelente estabilidad de evaporaci\u00f3n, lo que los hace ideales para procesos de recubrimiento \u00f3ptico y de semiconductores.<\/p>\n<p>P3: \u00bfPueden personalizar el tama\u00f1o de las part\u00edculas seg\u00fan el equipo de evaporaci\u00f3n?<br \/>\nR3: S\u00ed, ofrecemos tama\u00f1os de part\u00edculas personalizados para adaptarse a diferentes tipos de fuentes de evaporaci\u00f3n y modos de calentamiento.<\/p>\n<p>P4: \u00bfCu\u00e1les son los requisitos de almacenamiento del producto?<br \/>\nR4: Se recomienda almacenarlo en condiciones secas y selladas, evitando el contacto con sustancias altamente corrosivas para mantener la limpieza y la estabilidad de la superficie de las part\u00edculas de paladio.<\/p>\n<h2><span style=\"font-size: 14pt;\">Informes<\/span><\/h2>\n<p>Cada lote se suministra con:<br \/>\n<span style=\"color: #0000ff;\"><a style=\"color: #0000ff;\" href=\"https:\/\/ulpmat.com\/es\/servicio\/analisis-quimico\/\">Certificado de an\u00e1lisis (COA)<\/a><\/span><\/p>\n<p><span style=\"color: #0000ff;\"><a style=\"color: #0000ff;\" href=\"https:\/\/ulpmat.com\/es\/documentos\/ficha-tecnica\/\">Ficha t\u00e9cnica (TDS)<\/a><\/span><\/p>\n<p><span style=\"color: #0000ff;\"><a style=\"color: #0000ff;\" href=\"https:\/\/ulpmat.com\/es\/documentos\/ficha-de-datos-de-seguridad\/\">Ficha de datos de seguridad (MSDS)<\/a><\/span><br \/>\nInformes de pruebas de terceros disponibles bajo petici\u00f3n<\/p>\n<h2><span style=\"font-size: 14pt;\">\u00bfPor qu\u00e9 elegirnos?<\/span><\/h2>\n<p>Contamos con un sistema maduro de producci\u00f3n de materiales de metales preciosos, lo que nos permite suministrar de forma sostenible y estable part\u00edculas met\u00e1licas de Pd de alta pureza adecuadas para diversas aplicaciones, como la evaporaci\u00f3n al vac\u00edo, el recubrimiento, la electrocat\u00e1lisis y la investigaci\u00f3n y el desarrollo de materiales.<\/p>\n<p>Equipados con avanzados equipos de ensayo, controlamos rigurosamente la pureza, el tama\u00f1o de las part\u00edculas y el contenido de impurezas met\u00e1licas, lo que garantiza que cada lote cumpla con los est\u00e1ndares de fabricaci\u00f3n de alta precisi\u00f3n. Elegirnos significa recibir una calidad fiable, un apoyo profesional y una cadena de suministro estable.<\/p>\n","protected":false},"excerpt":{"rendered":"<p>Descripci\u00f3n general de los gr\u00e1nulos met\u00e1licos de paladio Los gr\u00e1nulos met\u00e1licos de paladio son peque\u00f1as materias primas met\u00e1licas granulares fabricadas con paladio de alta pureza, que presentan una excelente actividad catal\u00edtica, estabilidad qu\u00edmica y propiedades electr\u00f3nicas favorables. Su morfolog\u00eda es muy adecuada para la evaporaci\u00f3n al vac\u00edo, la preparaci\u00f3n de pel\u00edculas met\u00e1licas finas y la [&hellip;]<\/p>\n","protected":false},"featured_media":38525,"template":"","meta":{"_acf_changed":false},"product_brand":[132],"product_cat":[340],"product_tag":[4527],"class_list":{"0":"post-38524","1":"product","2":"type-product","3":"status-publish","4":"has-post-thumbnail","6":"product_brand-ulpmat","7":"product_cat-materiales-de-evaporacion","8":"product_tag-paladio-metal-pellets","10":"first","11":"instock","12":"shipping-taxable","13":"product-type-variable"},"acf":[],"_links":{"self":[{"href":"https:\/\/ulpmat.com\/es\/wp-json\/wp\/v2\/product\/38524","targetHints":{"allow":["GET"]}}],"collection":[{"href":"https:\/\/ulpmat.com\/es\/wp-json\/wp\/v2\/product"}],"about":[{"href":"https:\/\/ulpmat.com\/es\/wp-json\/wp\/v2\/types\/product"}],"wp:featuredmedia":[{"embeddable":true,"href":"https:\/\/ulpmat.com\/es\/wp-json\/wp\/v2\/media\/38525"}],"wp:attachment":[{"href":"https:\/\/ulpmat.com\/es\/wp-json\/wp\/v2\/media?parent=38524"}],"wp:term":[{"taxonomy":"product_brand","embeddable":true,"href":"https:\/\/ulpmat.com\/es\/wp-json\/wp\/v2\/product_brand?post=38524"},{"taxonomy":"product_cat","embeddable":true,"href":"https:\/\/ulpmat.com\/es\/wp-json\/wp\/v2\/product_cat?post=38524"},{"taxonomy":"product_tag","embeddable":true,"href":"https:\/\/ulpmat.com\/es\/wp-json\/wp\/v2\/product_tag?post=38524"}],"curies":[{"name":"wp","href":"https:\/\/api.w.org\/{rel}","templated":true}]}}