{"id":38125,"date":"2025-11-26T17:01:06","date_gmt":"2025-11-26T09:01:06","guid":{"rendered":"https:\/\/ulpmat.com\/product\/pentoxido-de-niobio-3\/"},"modified":"2025-11-26T17:01:06","modified_gmt":"2025-11-26T09:01:06","slug":"pentoxido-de-niobio-3","status":"publish","type":"product","link":"https:\/\/ulpmat.com\/es\/producto\/pentoxido-de-niobio-3\/","title":{"rendered":"Pent\u00f3xido de niobio"},"content":{"rendered":"<h2><span style=\"font-size: 14pt;\">Descripci\u00f3n general del polvo de pent\u00f3xido de niobio<\/span><\/h2>\n<p>El polvo<br \/>\n<span style=\"color: #0000ff;\"><a style=\"color: #0000ff;\" href=\"https:\/\/ulpmat.com\/es\/buscar\/?type=name&#038;keyword=Niobium+pentoxide\">de pent\u00f3xido de niobio<\/a><\/span><br \/>\nes un polvo fino blanco de alta pureza con una gran estabilidad qu\u00edmica y resistencia a altas temperaturas, muy utilizado en la preparaci\u00f3n de materiales electr\u00f3nicos, \u00f3pticos y cer\u00e1micos.<\/p>\n<p>Ofrecemos polvo de Nb\u2082O\u2085 de alta pureza con un tama\u00f1o de part\u00edcula uniforme y buena dispersabilidad. Las especificaciones de envasado y tama\u00f1o de part\u00edcula se pueden personalizar seg\u00fan los requisitos del cliente. Adecuado para investigaci\u00f3n y desarrollo y aplicaciones industriales, p\u00f3ngase <span style=\"color: #0000ff;\"><a style=\"color: #0000ff;\" href=\"https:\/\/ulpmat.com\/es\/contacto\/\">en contacto con nosotros.<\/a><\/span><\/p>\n<h2><span style=\"font-size: 14pt;\">Caracter\u00edsticas destacadas del producto<\/span><\/h2>\n<p>Alta pureza (99,99 %)<br \/>\nTama\u00f1o de part\u00edcula uniforme y buena dispersabilidad<br \/>\nExcelente estabilidad qu\u00edmica<br \/>\nFuerte resistencia a altas temperaturas<br \/>\nF\u00e1cil de mezclar y procesar<br \/>\nTama\u00f1o de part\u00edcula y envasado personalizables<br \/>\nAdecuado para investigaci\u00f3n y producci\u00f3n industrial<\/p>\n<h2><span style=\"font-size: 14pt;\">. Aplicaciones del polvo de pent\u00f3xido de niobio<\/span><\/h2>\n<p>Cer\u00e1mica electr\u00f3nica: se utiliza en materiales cer\u00e1micos electr\u00f3nicos de alto rendimiento para mejorar el rendimiento el\u00e9ctrico y la estabilidad t\u00e9rmica.<\/p>\n<p>Fabricaci\u00f3n de condensadores: como materia prima clave para los condensadores de tantalio y niobio, garantiza la estabilidad y fiabilidad de los condensadores. Pel\u00edculas<\/p>\n<p><span style=\"color: #0000ff;\"><a style=\"color: #0000ff;\" href=\"https:\/\/ulpmat.com\/es\/solicitud\/materiales-opticos\/\">\u00f3pticas<\/a><\/span><br \/>\ndelgadas: se utilizan para recubrimientos de pel\u00edcula delgada en componentes \u00f3pticos para mejorar la transmitancia de la luz y la uniformidad de la pel\u00edcula.<\/p>\n<p>Materiales catalizadores: como soporte catalizador o componente activo para mejorar la eficiencia de la reacci\u00f3n qu\u00edmica.<\/p>\n<h2><span style=\"color: #0000ff;\"><a style=\"color: #0000ff;\" href=\"https:\/\/ulpmat.com\/es\/empresa\/preguntas-frecuentes\/\"><span style=\"font-size: 14pt;\">Preguntas frecuentes<\/span><\/a><\/span><\/h2>\n<p>P1: \u00bfCu\u00e1les son las opciones de envasado para el polvo de Nb2O5?<\/p>\n<p>R1: Ofrecemos bolsas selladas a prueba de humedad, bolsas al vac\u00edo y envases de tambor. Se ofrece personalizaci\u00f3n para satisfacer las necesidades espec\u00edficas de los clientes, lo que garantiza la estabilidad del polvo durante el transporte y el almacenamiento.<\/p>\n<p>P2: \u00bfA qu\u00e9 m\u00e9todos de procesamiento se puede someter el polvo de Nb2O5?<\/p>\n<p>R2: Se puede utilizar en sinterizaci\u00f3n de cer\u00e1mica, recubrimientos de pel\u00edcula fina, mezcla de polvos y preparaci\u00f3n de catalizadores.<\/p>\n<p>P3: \u00bfCu\u00e1les son los requisitos de almacenamiento del polvo de Nb2O5?<\/p>\n<p>R3: Almacenar en un entorno seco, fresco y bien ventilado, evitando la humedad y las altas temperaturas. Para el almacenamiento a largo plazo, recomendamos utilizar envases sellados a prueba de humedad.<\/p>\n<p>P4: \u00bfCu\u00e1l es la pureza y las ventajas del polvo de Nb2O5?<\/p>\n<p>R4: Nuestro polvo de Nb\u2082O\u2085 tiene una pureza \u226599,9 %, con un tama\u00f1o de part\u00edcula uniforme y una gran estabilidad qu\u00edmica, lo que lo hace adecuado para aplicaciones de cer\u00e1mica de alto rendimiento, condensadores y materiales \u00f3pticos.<\/p>\n<h2><span style=\"font-size: 14pt;\">Informes<\/span><\/h2>\n<p>Cada lote se suministra con:<br \/>\n<span style=\"color: #0000ff;\"><a style=\"color: #0000ff;\" href=\"https:\/\/ulpmat.com\/es\/documentos\/certificado-de-analisis\/\">Certificado de an\u00e1lisis (COA)<\/a><\/span><\/p>\n<p><span style=\"color: #0000ff;\"><a style=\"color: #0000ff;\" href=\"https:\/\/ulpmat.com\/es\/documentos\/ficha-tecnica\/\">Ficha t\u00e9cnica (TDS)<\/a><\/span><\/p>\n<p><a href=\"https:\/\/ulpmat.com\/es\/documentos\/ficha-de-datos-de-seguridad\/\"><span style=\"color: #0000ff;\">Ficha de datos de seguridad (MSDS)<\/span><\/a><br \/>\nSe pueden solicitar informes de pruebas de terceros.<\/p>\n<h2><span style=\"font-size: 14pt;\">\u00bfPor qu\u00e9 elegirnos?<\/span><\/h2>\n<p>Polvo de Nb\u2082O\u2085 de alta pureza, rendimiento estable y fiable<br \/>\nTama\u00f1o de part\u00edcula uniforme, buena dispersabilidad, f\u00e1cil de procesar Tama\u00f1o de part\u00edcula, embalaje y especificaciones<br \/>\n<span style=\"color: #0000ff;\"><a style=\"color: #0000ff;\" href=\"https:\/\/ulpmat.com\/es\/servicio\/personalizacion\/\">personalizables<\/a><\/span><\/p>\n<p>Proporciona informes de pruebas completos y certificados de conformidad<br \/>\nRespuesta r\u00e1pida a las necesidades de los clientes, apoyo a la investigaci\u00f3n en lotes peque\u00f1os y suministro industrial a gran escala<br \/>\nEl equipo <span style=\"color: #0000ff;\"><a style=\"color: #0000ff;\" href=\"https:\/\/ulpmat.com\/es\/servicio\/asistencia-tecnica\/\">t\u00e9cnico<\/a><\/span><br \/>\nprofesional proporciona orientaci\u00f3n sobre aplicaciones y procesos<\/p>\n","protected":false},"excerpt":{"rendered":"<p>Descripci\u00f3n general del polvo de pent\u00f3xido de niobio El polvo de pent\u00f3xido de niobio es un polvo fino blanco de alta pureza con una gran estabilidad qu\u00edmica y resistencia a altas temperaturas, muy utilizado en la preparaci\u00f3n de materiales electr\u00f3nicos, \u00f3pticos y cer\u00e1micos. Ofrecemos polvo de Nb\u2082O\u2085 de alta pureza con un tama\u00f1o de part\u00edcula [&hellip;]<\/p>\n","protected":false},"featured_media":38126,"template":"","meta":{"_acf_changed":false},"product_brand":[132],"product_cat":[438],"product_tag":[4449],"class_list":{"0":"post-38125","1":"product","2":"type-product","3":"status-publish","4":"has-post-thumbnail","6":"product_brand-ulpmat","7":"product_cat-oxidos","8":"product_tag-pentoxido-de-niobio-en-polvo","10":"first","11":"instock","12":"shipping-taxable","13":"product-type-variable"},"acf":[],"_links":{"self":[{"href":"https:\/\/ulpmat.com\/es\/wp-json\/wp\/v2\/product\/38125","targetHints":{"allow":["GET"]}}],"collection":[{"href":"https:\/\/ulpmat.com\/es\/wp-json\/wp\/v2\/product"}],"about":[{"href":"https:\/\/ulpmat.com\/es\/wp-json\/wp\/v2\/types\/product"}],"wp:featuredmedia":[{"embeddable":true,"href":"https:\/\/ulpmat.com\/es\/wp-json\/wp\/v2\/media\/38126"}],"wp:attachment":[{"href":"https:\/\/ulpmat.com\/es\/wp-json\/wp\/v2\/media?parent=38125"}],"wp:term":[{"taxonomy":"product_brand","embeddable":true,"href":"https:\/\/ulpmat.com\/es\/wp-json\/wp\/v2\/product_brand?post=38125"},{"taxonomy":"product_cat","embeddable":true,"href":"https:\/\/ulpmat.com\/es\/wp-json\/wp\/v2\/product_cat?post=38125"},{"taxonomy":"product_tag","embeddable":true,"href":"https:\/\/ulpmat.com\/es\/wp-json\/wp\/v2\/product_tag?post=38125"}],"curies":[{"name":"wp","href":"https:\/\/api.w.org\/{rel}","templated":true}]}}