{"id":38086,"date":"2025-11-26T17:01:06","date_gmt":"2025-11-26T09:01:06","guid":{"rendered":"https:\/\/ulpmat.com\/product\/pentoxido-de-niobio-2\/"},"modified":"2025-11-26T17:01:06","modified_gmt":"2025-11-26T09:01:06","slug":"pentoxido-de-niobio-2","status":"publish","type":"product","link":"https:\/\/ulpmat.com\/es\/producto\/pentoxido-de-niobio-2\/","title":{"rendered":"Pent\u00f3xido de niobio"},"content":{"rendered":"<h2><span style=\"font-size: 14pt;\">Objetivo de pulverizaci\u00f3n de pent\u00f3xido de niobio Descripci\u00f3n general<\/span><\/h2>\n<p>Los objetivos de pulverizaci\u00f3n<br \/>\n<span style=\"color: #0000ff;\"><a style=\"color: #0000ff;\" href=\"https:\/\/ulpmat.com\/es\/buscar\/?type=name&#038;keyword=Niobium+pentoxide\">de pent\u00f3xido de niobio<\/a><\/span><br \/>\nson materiales de \u00f3xido de niobio densos y de alta pureza dise\u00f1ados espec\u00edficamente para procesos de PVD (deposici\u00f3n f\u00edsica en fase vapor), lo que garantiza una deposici\u00f3n uniforme de la pel\u00edcula y una alta adhesi\u00f3n. Se utilizan ampliamente para pel\u00edculas \u00f3pticas delgadas, recubrimientos de condensadores, pantallas t\u00e1ctiles y deposici\u00f3n de pel\u00edculas delgadas en dispositivos electr\u00f3nicos de alto rendimiento.<\/p>\n<p>Ofrecemos una variedad de blancos de pulverizaci\u00f3n de Nb2O5 con alta pureza y densidad uniforme. Los tama\u00f1os, espesores y formas se pueden personalizar para satisfacer las necesidades del cliente, adecuados para la investigaci\u00f3n y la producci\u00f3n industrial. P\u00f3ngase<span style=\"color: #0000ff;\"><a style=\"color: #0000ff;\" href=\"https:\/\/ulpmat.com\/es\/contacto\/\"> en contacto con nosotros.<\/a><\/span><\/p>\n<h2><span style=\"font-size: 14pt;\">Caracter\u00edsticas destacadas del producto<\/span><\/h2>\n<p>Alta pureza Nb\u2082O\u2085 99,99 %<br \/>\nDenso y uniforme, alta resistencia mec\u00e1nica<br \/>\nSuperficie lisa, sin poros<br \/>\nAlta adhesi\u00f3n y deposici\u00f3n de pel\u00edcula fina estable.<br \/>\nTama\u00f1os, espesores y formas personalizables.<br \/>\nServicios <span style=\"color: #0000ff;\"><a style=\"color: #0000ff;\" href=\"https:\/\/ulpmat.com\/es\/servicio\/vinculacion-de-objetivos\/\">de uni\u00f3n de blancos<\/a><\/span><br \/>\npersonalizables.<br \/>\nEficiencia de utilizaci\u00f3n del blanco mejorada.<br \/>\nAdecuado para aplicaciones de PVD industriales y de investigaci\u00f3n.<\/p>\n<h2><span style=\"font-size: 14pt;\">Aplicaciones de los blancos de pulverizaci\u00f3n de pent\u00f3xido de niobio<\/span><\/h2>\n<p>Pel\u00edculas<br \/>\n<span style=\"color: #0000ff;\"><a style=\"color: #0000ff;\" href=\"https:\/\/ulpmat.com\/es\/solicitud\/materiales-opticos\/\">\u00f3pticas<\/a><\/span><br \/>\nfinas: se utilizan para recubrir lentes \u00f3pticas y pantallas, lo que garantiza una adhesi\u00f3n uniforme de la pel\u00edcula.<\/p>\n<p>Recubrimiento de condensadores: mejora el rendimiento y la estabilidad de la capacitancia en la preparaci\u00f3n de pel\u00edculas de condensadores de niobio y tantalio.<br \/>\nMateriales para pantallas t\u00e1ctiles: se utilizan para la deposici\u00f3n de pel\u00edculas delgadas conductoras, lo que mejora la sensibilidad y la velocidad de respuesta de las pantallas t\u00e1ctiles.<br \/>\nDispositivos electr\u00f3nicos de alto rendimiento: se aplican en la preparaci\u00f3n de pel\u00edculas delgadas para dispositivos microelectr\u00f3nicos, lo que garantiza la conductividad y la durabilidad.<\/p>\n<h2><span style=\"color: #0000ff;\"><a style=\"color: #0000ff;\" href=\"https:\/\/ulpmat.com\/es\/empresa\/preguntas-frecuentes\/\"><span style=\"font-size: 14pt;\">Preguntas frecuentes<\/span><\/a><\/span><\/h2>\n<p>P1: \u00bfCu\u00e1les son las opciones de embalaje para los blancos de pulverizaci\u00f3n de Nb2O5?<br \/>\nR1: Ofrecemos embalajes sellados a prueba de humedad, embalajes en bolsas al vac\u00edo y embalajes en cajas r\u00edgidas para garantizar que los blancos no se contaminen ni se oxiden durante el transporte y el almacenamiento.<\/p>\n<p>P2: \u00bfA qu\u00e9 procesos pueden someterse los blancos de pulverizaci\u00f3n de Nb2O5?<br \/>\nR2: Es posible realizar cortes, perforaciones, pulidos superficiales y mecanizados para adaptarse a diferentes procesos de PVD y requisitos experimentales.<\/p>\n<p>P3: \u00bfCu\u00e1les son los requisitos de almacenamiento de los blancos de pulverizaci\u00f3n de Nb\u2082O\u2085?<br \/>\nR3: Almacenar en un entorno seco, fresco y bien ventilado, evitando la humedad, las altas temperaturas o la contaminaci\u00f3n qu\u00edmica. Para el almacenamiento a largo plazo, se recomienda el uso de gas inerte o envases sellados.<\/p>\n<p>P4: \u00bfCu\u00e1l es la pureza y las ventajas de los blancos de pulverizaci\u00f3n de Nb\u2082O\u2085?<br \/>\nR4: Nuestros blancos de pulverizaci\u00f3n tienen una pureza del 99,99 %, una densidad uniforme y una gran estabilidad t\u00e9rmica, lo que garantiza una deposici\u00f3n uniforme de la pel\u00edcula y una alta adhesi\u00f3n, lo que los hace adecuados para aplicaciones industriales y de investigaci\u00f3n.<\/p>\n<h2><span style=\"font-size: 14pt;\">Informes<\/span><\/h2>\n<p>Cada lote se suministra con:<br \/>\n<span style=\"color: #0000ff;\"><a style=\"color: #0000ff;\" href=\"https:\/\/ulpmat.com\/es\/documentos\/certificado-de-analisis\/\">Certificado de an\u00e1lisis (COA)<\/a><\/span><\/p>\n<p><span style=\"color: #0000ff;\"><a style=\"color: #0000ff;\" href=\"https:\/\/ulpmat.com\/es\/documentos\/ficha-tecnica\/\">Ficha t\u00e9cnica (TDS)<\/a><\/span><\/p>\n<p><span style=\"color: #0000ff;\"><a style=\"color: #0000ff;\" href=\"https:\/\/ulpmat.com\/es\/documentos\/ficha-de-datos-de-seguridad\/\">Ficha de datos de seguridad (MSDS)<\/a><\/span><br \/>\nSe pueden solicitar informes de pruebas de terceros.<\/p>\n<h2><span style=\"font-size: 14pt;\">\u00bfPor qu\u00e9 elegirnos?<\/span><\/h2>\n<p>Blancos de pulverizaci\u00f3n de Nb\u2082O\u2085 de alta pureza, rendimiento fiable y estable Tama\u00f1os, espesores y formas<br \/>\n<span style=\"color: #0000ff;\"><a style=\"color: #0000ff;\" href=\"https:\/\/ulpmat.com\/es\/servicio\/personalizacion\/\">personalizables<\/a><\/span><br \/>\npara adaptarse a diferentes procesos de PVD<br \/>\nProporcionamos informes de pruebas completos y certificados de conformidad<br \/>\nRespuesta r\u00e1pida a las necesidades de los clientes, con soporte para la investigaci\u00f3n en lotes peque\u00f1os y el suministro industrial en lotes grandes<br \/>\nEl equipo t\u00e9cnico profesional proporciona orientaci\u00f3n sobre la deposici\u00f3n de pel\u00edculas delgadas y su aplicaci\u00f3n<br \/>\nA\u00f1os de experiencia en exportaci\u00f3n, transporte seguro y fiable<\/p>\n","protected":false},"excerpt":{"rendered":"<p>Objetivo de pulverizaci\u00f3n de pent\u00f3xido de niobio Descripci\u00f3n general Los objetivos de pulverizaci\u00f3n de pent\u00f3xido de niobio son materiales de \u00f3xido de niobio densos y de alta pureza dise\u00f1ados espec\u00edficamente para procesos de PVD (deposici\u00f3n f\u00edsica en fase vapor), lo que garantiza una deposici\u00f3n uniforme de la pel\u00edcula y una alta adhesi\u00f3n. Se utilizan ampliamente [&hellip;]<\/p>\n","protected":false},"featured_media":38087,"template":"","meta":{"_acf_changed":false},"product_brand":[132],"product_cat":[457],"product_tag":[4443],"class_list":{"0":"post-38086","1":"product","2":"type-product","3":"status-publish","4":"has-post-thumbnail","6":"product_brand-ulpmat","7":"product_cat-blanco-ceramico-para-sputtering","8":"product_tag-catodos-para-sputtering-de-pentoxido-de-niobio","10":"first","11":"instock","12":"shipping-taxable","13":"product-type-variable"},"acf":[],"_links":{"self":[{"href":"https:\/\/ulpmat.com\/es\/wp-json\/wp\/v2\/product\/38086","targetHints":{"allow":["GET"]}}],"collection":[{"href":"https:\/\/ulpmat.com\/es\/wp-json\/wp\/v2\/product"}],"about":[{"href":"https:\/\/ulpmat.com\/es\/wp-json\/wp\/v2\/types\/product"}],"wp:featuredmedia":[{"embeddable":true,"href":"https:\/\/ulpmat.com\/es\/wp-json\/wp\/v2\/media\/38087"}],"wp:attachment":[{"href":"https:\/\/ulpmat.com\/es\/wp-json\/wp\/v2\/media?parent=38086"}],"wp:term":[{"taxonomy":"product_brand","embeddable":true,"href":"https:\/\/ulpmat.com\/es\/wp-json\/wp\/v2\/product_brand?post=38086"},{"taxonomy":"product_cat","embeddable":true,"href":"https:\/\/ulpmat.com\/es\/wp-json\/wp\/v2\/product_cat?post=38086"},{"taxonomy":"product_tag","embeddable":true,"href":"https:\/\/ulpmat.com\/es\/wp-json\/wp\/v2\/product_tag?post=38086"}],"curies":[{"name":"wp","href":"https:\/\/api.w.org\/{rel}","templated":true}]}}