{"id":37749,"date":"2025-11-26T17:01:10","date_gmt":"2025-11-26T09:01:10","guid":{"rendered":"https:\/\/ulpmat.com\/product\/seleniuro-de-niobio-2\/"},"modified":"2025-11-26T17:01:10","modified_gmt":"2025-11-26T09:01:10","slug":"seleniuro-de-niobio-2","status":"publish","type":"product","link":"https:\/\/ulpmat.com\/es\/producto\/seleniuro-de-niobio-2\/","title":{"rendered":"Seleniuro de niobio"},"content":{"rendered":"<h2><span style=\"font-size: 14pt;\">Descripci\u00f3n general del polvo de seleniuro de niobio<\/span><\/h2>\n<p>El polvo<br \/>\n<span style=\"color: #0000ff;\"><a style=\"color: #0000ff;\" href=\"https:\/\/ulpmat.com\/es\/buscar\/?type=name&#038;keyword=Niobium+selenide\">de seleniuro de niobio<\/a><\/span><br \/>\nes un material de diseleniuro de metal de transici\u00f3n en capas con excelentes propiedades de conductividad el\u00e9ctrica, estabilidad t\u00e9rmica y baja fricci\u00f3n. Se utiliza ampliamente en lubricaci\u00f3n, almacenamiento de energ\u00eda, superconductividad y materiales funcionales electr\u00f3nicos. Se utiliza principalmente en la preparaci\u00f3n de lubricantes s\u00f3lidos de alto rendimiento, materiales superconductores, materiales funcionales para bater\u00edas y pel\u00edculas delgadas microelectr\u00f3nicas.<\/p>\n<p>Podemos suministrar polvo de NbSe\u2082 en varios tama\u00f1os de part\u00edcula, con una pureza de hasta el 99,9 %, y podemos personalizar el tama\u00f1o de part\u00edcula, el \u00e1rea superficial espec\u00edfica y la delaminaci\u00f3n entre capas. El polvo se produce mediante un proceso protegido de la atm\u00f3sfera para garantizar la estabilidad y la resistencia a la oxidaci\u00f3n, satisfaciendo diversas necesidades en la investigaci\u00f3n cient\u00edfica, el desarrollo de pel\u00edculas delgadas funcionales y las aplicaciones industriales. <span style=\"color: #0000ff;\"><a style=\"color: #0000ff;\" href=\"https:\/\/ulpmat.com\/es\/contacto\/\">P\u00f3ngase en contacto con nosotros<\/a><\/span><br \/>\npara solicitar muestras.<\/p>\n<h2><span style=\"font-size: 14pt;\">Caracter\u00edsticas destacadas del producto<\/span><\/h2>\n<p>Estructura en capas, bajo coeficiente de fricci\u00f3n<br \/>\nAlta conductividad el\u00e9ctrica y estabilidad t\u00e9rmica<br \/>\nTama\u00f1o de part\u00edcula controlable, f\u00e1cil dispersi\u00f3n<br \/>\nProducci\u00f3n protegida de la atm\u00f3sfera, fuerte resistencia a la oxidaci\u00f3n<br \/>\n\u00c1rea superficial espec\u00edfica y pureza personalizables<br \/>\nSuministro por lotes estable, adecuado para la investigaci\u00f3n cient\u00edfica y la industria<br \/>\nAdecuado para materiales compuestos y aplicaciones de pel\u00edculas delgadas funcionales<\/p>\n<h2><span style=\"font-size: 14pt;\">Aplicaciones del polvo de seleniuro de niobio<\/span><\/h2>\n<p>Lubricantes s\u00f3lidos: se utilizan para recubrimientos o aditivos lubricantes de alta temperatura y baja fricci\u00f3n.<br \/>\nPreparaci\u00f3n de materiales superconductores: se puede utilizar para la preparaci\u00f3n de pel\u00edculas delgadas o dispositivos superconductores de baja temperatura.<br \/>\nMateriales para bater\u00edas y almacenamiento de energ\u00eda: se utiliza como material activo en bater\u00edas de ionen litio y ionen sodio para mejorar la conductividad y la estabilidad del ciclo.<br \/>\nPel\u00edculas delgadas funcionales microelectr\u00f3nicas: se utiliza para la preparaci\u00f3n de pel\u00edculas conductoras, capas funcionales en dispositivos electr\u00f3nicos y sensores.<\/p>\n<h2><span style=\"color: #0000ff;\"><a style=\"color: #0000ff;\" href=\"https:\/\/ulpmat.com\/es\/empresa\/preguntas-frecuentes\/\"><span style=\"font-size: 14pt;\">Preguntas frecuentes<\/span><\/a><\/span><\/h2>\n<p>P1: \u00bfC\u00f3mo se envasa el polvo de NbSe2?<br \/>\nR1: El polvo se envasa bajo protecci\u00f3n de gas inerte o sellado al vac\u00edo, complementado con espuma amortiguadora y una caja exterior r\u00edgida para garantizar la estabilidad y la protecci\u00f3n contra la humedad durante el transporte.<\/p>\n<p>P2: \u00bfSe puede personalizar el polvo?<br \/>\nR2: S\u00ed, podemos proporcionar polvos con diferentes tama\u00f1os de part\u00edculas, \u00e1reas superficiales espec\u00edficas, grados de exfoliaci\u00f3n superficial y procesamiento adecuado para materiales compuestos.<\/p>\n<p>P3: \u00bfC\u00f3mo se debe almacenar el polvo de NbSe2?<br \/>\nR3: Se recomienda almacenarlo en un entorno seco y sellado, evitando la humedad y los gases oxidantes fuertes para garantizar la estabilidad del polvo y su conservaci\u00f3n a largo plazo.<\/p>\n<p>P4: \u00bfQu\u00e9 nivel de pureza se puede alcanzar con el polvo de NbSe2 que suministran?<br \/>\nR4: Se ofrece una pureza del 99,9 %, lo que garantiza un bajo contenido de impurezas, y se proporciona un informe detallado del an\u00e1lisis de la composici\u00f3n.<\/p>\n<h2><span style=\"font-size: 14pt;\">Informe<\/span><\/h2>\n<p>Cada lote se suministra con:<br \/>\n<span style=\"color: #0000ff;\"><a style=\"color: #0000ff;\" href=\"https:\/\/ulpmat.com\/es\/documentos\/certificado-de-analisis\/\">Certificado de an\u00e1lisis (COA)<\/a><\/span><\/p>\n<p><span style=\"color: #0000ff;\"><a style=\"color: #0000ff;\" href=\"https:\/\/ulpmat.com\/es\/documentos\/ficha-tecnica\/\">Ficha t\u00e9cnica (TDS)<\/a><\/span><\/p>\n<p><span style=\"color: #0000ff;\"><a style=\"color: #0000ff;\" href=\"https:\/\/ulpmat.com\/es\/documentos\/ficha-de-datos-de-seguridad\/\">Ficha de datos de seguridad (MSDS)<\/a><\/span><br \/>\nSe pueden solicitar informes de pruebas realizadas por terceros.<\/p>\n<h2><span style=\"font-size: 14pt;\">\u00bfPor qu\u00e9 elegirnos?<\/span><\/h2>\n<p>Nos centramos en la I+D y la producci\u00f3n de polvos de seleniuro de metales de transici\u00f3n.<br \/>\nOfrecemos opciones personalizadas para m\u00faltiples tama\u00f1os de part\u00edculas, purezas y tratamientos superficiales<br \/>\nProducci\u00f3n protegida de la atm\u00f3sfera para garantizar la resistencia a la oxidaci\u00f3n y la consistencia de los lotes<br \/>\nPlazos de entrega flexibles, compatibles con I+D, producci\u00f3n piloto y suministro industrial a gran escala<br \/>\nSistema de pruebas completo para garantizar un rendimiento estable y fiable del polvo<br \/>\nOfrecemos asesoramiento <span style=\"color: #0000ff;\"><a style=\"color: #0000ff;\" href=\"https:\/\/ulpmat.com\/es\/servicio\/asistencia-tecnica\/\">t\u00e9cnico<\/a><\/span><br \/>\nprofesional para ayudar a optimizar las aplicaciones de los materiales<br \/>\nAmplia experiencia en env\u00edos internacionales, con embalajes seguros y fiables<\/p>\n","protected":false},"excerpt":{"rendered":"<p>Descripci\u00f3n general del polvo de seleniuro de niobio El polvo de seleniuro de niobio es un material de diseleniuro de metal de transici\u00f3n en capas con excelentes propiedades de conductividad el\u00e9ctrica, estabilidad t\u00e9rmica y baja fricci\u00f3n. Se utiliza ampliamente en lubricaci\u00f3n, almacenamiento de energ\u00eda, superconductividad y materiales funcionales electr\u00f3nicos. Se utiliza principalmente en la preparaci\u00f3n [&hellip;]<\/p>\n","protected":false},"featured_media":37751,"template":"","meta":{"_acf_changed":false},"product_brand":[132],"product_cat":[678,1102],"product_tag":[4353],"class_list":{"0":"post-37749","1":"product","2":"type-product","3":"status-publish","4":"has-post-thumbnail","6":"product_brand-ulpmat","7":"product_cat-materiales-calcogenuros","8":"product_cat-materiales-calcogenuros-es","9":"product_tag-seleniuro-de-niobio-en-polvo","11":"first","12":"instock","13":"shipping-taxable","14":"product-type-variable"},"acf":[],"_links":{"self":[{"href":"https:\/\/ulpmat.com\/es\/wp-json\/wp\/v2\/product\/37749","targetHints":{"allow":["GET"]}}],"collection":[{"href":"https:\/\/ulpmat.com\/es\/wp-json\/wp\/v2\/product"}],"about":[{"href":"https:\/\/ulpmat.com\/es\/wp-json\/wp\/v2\/types\/product"}],"wp:featuredmedia":[{"embeddable":true,"href":"https:\/\/ulpmat.com\/es\/wp-json\/wp\/v2\/media\/37751"}],"wp:attachment":[{"href":"https:\/\/ulpmat.com\/es\/wp-json\/wp\/v2\/media?parent=37749"}],"wp:term":[{"taxonomy":"product_brand","embeddable":true,"href":"https:\/\/ulpmat.com\/es\/wp-json\/wp\/v2\/product_brand?post=37749"},{"taxonomy":"product_cat","embeddable":true,"href":"https:\/\/ulpmat.com\/es\/wp-json\/wp\/v2\/product_cat?post=37749"},{"taxonomy":"product_tag","embeddable":true,"href":"https:\/\/ulpmat.com\/es\/wp-json\/wp\/v2\/product_tag?post=37749"}],"curies":[{"name":"wp","href":"https:\/\/api.w.org\/{rel}","templated":true}]}}