{"id":37527,"date":"2025-11-28T15:05:19","date_gmt":"2025-11-28T07:05:19","guid":{"rendered":"https:\/\/ulpmat.com\/product\/zirconio-metalico-5\/"},"modified":"2025-11-28T15:05:19","modified_gmt":"2025-11-28T07:05:19","slug":"zirconio-metalico-5","status":"publish","type":"product","link":"https:\/\/ulpmat.com\/es\/producto\/zirconio-metalico-5\/","title":{"rendered":"Zirconio met\u00e1lico"},"content":{"rendered":"<h2><span style=\"font-size: 14pt;\">Descripci\u00f3n general de los gr\u00e1nulos met\u00e1licos de circonio<\/span><\/h2>\n<p>Los gr\u00e1nulos<br \/>\n<span style=\"color: #0000ff;\"><a style=\"color: #0000ff;\" href=\"https:\/\/ulpmat.com\/es\/buscar\/?type=name&#038;keyword=Zirconium+metal\">met\u00e1licos de circonio<\/a><\/span><br \/>\nson materiales met\u00e1licos de alta pureza dise\u00f1ados espec\u00edficamente para materiales de alto rendimiento y procesos de deposici\u00f3n de pel\u00edculas delgadas. Con una pureza de hasta el 99,95 %, un tama\u00f1o de part\u00edcula uniforme y una densidad y estabilidad excelentes, garantizan un rendimiento fiable en diversos procesos con un contenido de impurezas extremadamente bajo.<\/p>\n<p>Ofrecemos gr\u00e1nulos de circonio en varios tama\u00f1os y tama\u00f1os de part\u00edcula, y podemos personalizarlos para satisfacer las necesidades espec\u00edficas de los clientes. Tambi\u00e9n proporcionamos <span style=\"color: #0000ff;\"><a style=\"color: #0000ff;\" href=\"https:\/\/ulpmat.com\/es\/servicio\/asistencia-tecnica\/\">asistencia t\u00e9cnica<\/a><\/span><br \/>\ncompleta y <span style=\"color: #0000ff;\"><a style=\"color: #0000ff;\" href=\"https:\/\/ulpmat.com\/es\/servicio\/servicio-posventa\/\">servicio posventa<\/a><\/span><br \/>\n. P\u00f3ngase <span style=\"color: #0000ff;\"><a style=\"color: #0000ff;\" href=\"https:\/\/ulpmat.com\/es\/contacto\/\">en contacto con nosotros<\/a><\/span><br \/>\nen cualquier momento si tiene alguna pregunta sobre el uso o el proceso.<\/p>\n<h2><span style=\"font-size: 14pt;\">Caracter\u00edsticas destacadas del producto<\/span><\/h2>\n<p>Alta pureza<br \/>\nPart\u00edculas de alta densidad, rendimiento estable<br \/>\nTama\u00f1o de part\u00edcula y especificaciones de embalaje personalizables<br \/>\nAdecuado para metalurgia, electr\u00f3nica, productos qu\u00edmicos y deposici\u00f3n de pel\u00edculas delgadas<\/p>\n<h2><span style=\"font-size: 14pt;\">Aplicaciones de los gr\u00e1nulos de metal de circonio<\/span><\/h2>\n<p>Metalurgia: para la fabricaci\u00f3n de aleaciones de alto rendimiento y materiales resistentes a la corrosi\u00f3n<br \/>\nElectr\u00f3nica y semiconductores: para materiales de electrodos y deposici\u00f3n de pel\u00edculas delgadas funcionales.<br \/>\nQu\u00edmica: como catalizador o materia prima para reacciones qu\u00edmicas<br \/>\n<span style=\"color: #0000ff;\"><a style=\"color: #0000ff;\" href=\"https:\/\/ulpmat.com\/es\/solicitud\/materiales-opticos\/\">. \u00d3ptica<\/a><\/span><br \/>\ny recubrimientos: para recubrimientos de alta reflectividad y pel\u00edculas protectoras<\/p>\n<h2><span style=\"color: #0000ff;\"><a style=\"color: #0000ff;\" href=\"https:\/\/ulpmat.com\/es\/empresa\/preguntas-frecuentes\/\"><span style=\"font-size: 14pt;\">. Preguntas frecuentes<\/span><\/a><\/span><\/h2>\n<p>P1: \u00bfCu\u00e1les son las opciones de embalaje para los pellets de circonio?<br \/>\nR1: Ofrecemos botellas de pl\u00e1stico, bolsas al vac\u00edo o embalaje al vac\u00edo, y podemos personalizarlos seg\u00fan los requisitos del cliente.<\/p>\n<p>P2: \u00bfSe pueden procesar los gr\u00e1nulos a altas temperaturas?<br \/>\nR2: S\u00ed, los gr\u00e1nulos de circonio tienen una excelente resistencia a las altas temperaturas y se pueden utilizar para aleaciones de alta temperatura y deposici\u00f3n de pel\u00edculas finas.<\/p>\n<p>P3: \u00bfC\u00f3mo se deben almacenar los gr\u00e1nulos de circonio?<br \/>\nR3: Almac\u00e9nelos en un entorno seco, ventilado y con baja humedad, evitando el contacto directo con \u00e1cidos u oxidantes.<\/p>\n<p>P4: \u00bfSe puede personalizar el tama\u00f1o de las part\u00edculas?<br \/>\nR4: S\u00ed, admitimos diversas especificaciones de tama\u00f1o de part\u00edculas, desde decenas de micr\u00f3metros hasta cientos de micr\u00f3metros, todas personalizables.<\/p>\n<h2>Informes<\/h2>\n<p>Cada lote se suministra con:<br \/>\n<span style=\"color: #0000ff;\"><a style=\"color: #0000ff;\" href=\"https:\/\/ulpmat.com\/es\/documentos\/certificado-de-analisis\/\">Certificado de an\u00e1lisis (COA)<\/a><\/span><\/p>\n<p><span style=\"color: #0000ff;\"><a style=\"color: #0000ff;\" href=\"https:\/\/ulpmat.com\/es\/documentos\/ficha-tecnica\/\">Ficha t\u00e9cnica (TDS)<\/a><\/span><\/p>\n<p><span style=\"color: #0000ff;\"><a style=\"color: #0000ff;\" href=\"https:\/\/ulpmat.com\/es\/documentos\/ficha-de-datos-de-seguridad\/\">Ficha de datos de seguridad (MSDS)<\/a><\/span><br \/>\nSe pueden solicitar informes de pruebas de terceros.<\/p>\n<h2><span style=\"font-size: 14pt;\">\u00bfPor qu\u00e9 elegirnos?<\/span><\/h2>\n<p>Alta pureza garantizada: el estricto control del contenido de impurezas garantiza un rendimiento estable del material.<br \/>\nPersonalizaci\u00f3n completa: el tama\u00f1o de las part\u00edculas, el embalaje y las especificaciones se pueden personalizar de forma flexible seg\u00fan las necesidades del cliente.<br \/>\nAsistencia t\u00e9cnica profesional: asesoramiento en la selecci\u00f3n de materiales, orientaci\u00f3n sobre aplicaciones y servicio posventa.<br \/>\nGarant\u00eda de calidad fiable: cada lote de productos viene con un COA y una MSDS, y se admiten pruebas de terceros.<br \/>\nEntrega r\u00e1pida: la cadena de suministro estable y la gesti\u00f3n flexible del inventario garantizan un env\u00edo puntual.<\/p>\n","protected":false},"excerpt":{"rendered":"<p>Descripci\u00f3n general de los gr\u00e1nulos met\u00e1licos de circonio Los gr\u00e1nulos met\u00e1licos de circonio son materiales met\u00e1licos de alta pureza dise\u00f1ados espec\u00edficamente para materiales de alto rendimiento y procesos de deposici\u00f3n de pel\u00edculas delgadas. Con una pureza de hasta el 99,95 %, un tama\u00f1o de part\u00edcula uniforme y una densidad y estabilidad excelentes, garantizan un rendimiento [&hellip;]<\/p>\n","protected":false},"featured_media":37528,"template":"","meta":{"_acf_changed":false},"product_brand":[132],"product_cat":[340],"product_tag":[4299],"class_list":{"0":"post-37527","1":"product","2":"type-product","3":"status-publish","4":"has-post-thumbnail","6":"product_brand-ulpmat","7":"product_cat-materiales-de-evaporacion","8":"product_tag-zirconio-metal-pellets","10":"first","11":"instock","12":"shipping-taxable","13":"product-type-variable"},"acf":[],"_links":{"self":[{"href":"https:\/\/ulpmat.com\/es\/wp-json\/wp\/v2\/product\/37527","targetHints":{"allow":["GET"]}}],"collection":[{"href":"https:\/\/ulpmat.com\/es\/wp-json\/wp\/v2\/product"}],"about":[{"href":"https:\/\/ulpmat.com\/es\/wp-json\/wp\/v2\/types\/product"}],"wp:featuredmedia":[{"embeddable":true,"href":"https:\/\/ulpmat.com\/es\/wp-json\/wp\/v2\/media\/37528"}],"wp:attachment":[{"href":"https:\/\/ulpmat.com\/es\/wp-json\/wp\/v2\/media?parent=37527"}],"wp:term":[{"taxonomy":"product_brand","embeddable":true,"href":"https:\/\/ulpmat.com\/es\/wp-json\/wp\/v2\/product_brand?post=37527"},{"taxonomy":"product_cat","embeddable":true,"href":"https:\/\/ulpmat.com\/es\/wp-json\/wp\/v2\/product_cat?post=37527"},{"taxonomy":"product_tag","embeddable":true,"href":"https:\/\/ulpmat.com\/es\/wp-json\/wp\/v2\/product_tag?post=37527"}],"curies":[{"name":"wp","href":"https:\/\/api.w.org\/{rel}","templated":true}]}}