{"id":37454,"date":"2025-11-28T15:05:20","date_gmt":"2025-11-28T07:05:20","guid":{"rendered":"https:\/\/ulpmat.com\/product\/zirconio-metalico-3\/"},"modified":"2025-11-28T15:05:20","modified_gmt":"2025-11-28T07:05:20","slug":"zirconio-metalico-3","status":"publish","type":"product","link":"https:\/\/ulpmat.com\/es\/producto\/zirconio-metalico-3\/","title":{"rendered":"Zirconio met\u00e1lico"},"content":{"rendered":"<h2><span style=\"font-size: 14pt;\">Descripci\u00f3n general del polvo met\u00e1lico de circonio<\/span><\/h2>\n<p>El polvo<br \/>\n<span style=\"color: #0000ff;\"><a style=\"color: #0000ff;\" href=\"https:\/\/ulpmat.com\/es\/buscar\/?type=name&#038;keyword=Zirconium+metal\">met\u00e1lico de circonio<\/a><\/span><br \/>\nes un material met\u00e1lico de alta pureza dise\u00f1ado para la fabricaci\u00f3n avanzada, aleaciones de alta temperatura, reacciones qu\u00edmicas y deposici\u00f3n de pel\u00edculas delgadas. Con una pureza de hasta el 99,9 %, un tama\u00f1o de part\u00edcula fino y uniforme, y una excelente reactividad y estabilidad, el polvo de circonio garantiza un rendimiento constante en diversos procesos industriales con niveles de impurezas extremadamente bajos.<\/p>\n<p>Ofrecemos polvo de circonio en m\u00faltiples rangos de tama\u00f1o de part\u00edcula, desde micras hasta polvos finos personalizados. El tama\u00f1o de las part\u00edculas, la forma de envasado y las especificaciones se pueden adaptar a los requisitos del cliente. <span style=\"color: #0000ff;\"><a style=\"color: #0000ff;\" href=\"https:\/\/ulpmat.com\/es\/servicio\/asistencia-tecnica\/\">El soporte t\u00e9cnico<\/a><\/span><br \/>\ny la asistencia <span style=\"color: #0000ff;\"><a style=\"color: #0000ff;\" href=\"https:\/\/ulpmat.com\/es\/servicio\/servicio-posventa\/\">posventa<\/a><\/span><br \/>\nest\u00e1n disponibles en cualquier momento, no dude en <span style=\"color: #0000ff;\"><a style=\"color: #0000ff;\" href=\"https:\/\/ulpmat.com\/es\/contacto\/\">ponerse en contacto con nosotros<\/a><\/span><br \/>\npara consultas sobre aplicaciones o procesos.<\/p>\n<h2><span style=\"font-size: 14pt;\">Caracter\u00edsticas destacadas del producto<\/span><\/h2>\n<p>Alta pureza.<br \/>\nTama\u00f1o de part\u00edcula fino, alta uniformidad.<br \/>\nDistribuci\u00f3n de part\u00edculas y formas de envasado personalizables.<br \/>\nAdecuado para metalurgia, electr\u00f3nica, productos qu\u00edmicos, fabricaci\u00f3n aditiva y procesos de pel\u00edcula fina.<\/p>\n<h2><span style=\"font-size: 14pt;\">Aplicaciones del polvo met\u00e1lico de circonio<\/span><\/h2>\n<p>Metalurgia: se utiliza para producir aleaciones de alto rendimiento, componentes resistentes a la corrosi\u00f3n y materiales para la industria nuclear.<br \/>\nElectr\u00f3nica y semiconductores: se aplica en pastas conductoras, materiales para electrodos y deposici\u00f3n de pel\u00edculas finas funcionales.<br \/>\nQu\u00edmica: sirve como materia prima reactiva, catalizador o agente reductor para reacciones qu\u00edmicas especializadas.<br \/>\n<span style=\"color: #0000ff;\"><a style=\"color: #0000ff;\" href=\"https:\/\/ulpmat.com\/es\/solicitud\/materiales-opticos\/\">\u00d3ptica<\/a><\/span><br \/>\ny recubrimientos: se utiliza para recubrimientos de alta reflectividad, capas protectoras y fabricaci\u00f3n de pel\u00edculas finas de precisi\u00f3n.<\/p>\n<h2><span style=\"font-size: 14pt;\">Preguntas frecuentes<\/span><\/h2>\n<p>P1: \u00bfCu\u00e1les son las opciones de envasado para el polvo de circonio?<br \/>\nR1: Ofrecemos botellas selladas, bolsas antiest\u00e1ticas, envases al vac\u00edo y envases llenos de nitr\u00f3geno. Hay disponibles opciones de embalaje personalizadas.<\/p>\n<p>P2: \u00bfPuede el polvo de circonio soportar procesos a altas temperaturas?<br \/>\nR2: S\u00ed. El polvo de circonio tiene una excelente resistencia a las altas temperaturas y es adecuado para procesos de aleaci\u00f3n, sinterizaci\u00f3n y deposici\u00f3n de pel\u00edculas finas. Manip\u00falelo con cuidado debido a su reactividad en forma fina.<\/p>\n<p>P3: \u00bfC\u00f3mo se debe almacenar el polvo de circonio?<br \/>\nR3: Almac\u00e9nelo en un entorno seco, sellado y con baja humedad. Evite la exposici\u00f3n a \u00e1cidos fuertes, oxidantes o humedad, y mant\u00e9ngalo alejado de fuentes de ignici\u00f3n.<\/p>\n<p>P4: \u00bfSe puede personalizar el tama\u00f1o de las part\u00edculas?<br \/>\nR4: S\u00ed. Ofrecemos una amplia gama de opciones de tama\u00f1o de part\u00edcula, desde varios micr\u00f3metros hasta cientos de micr\u00f3metros, y podemos personalizarlo seg\u00fan las necesidades de su aplicaci\u00f3n.<\/p>\n<h2><span style=\"font-size: 14pt;\">Informes<\/span><\/h2>\n<p>Cada lote se suministra con:<br \/>\n<span style=\"color: #0000ff;\"><a style=\"color: #0000ff;\" href=\"https:\/\/ulpmat.com\/es\/documentos\/certificado-de-analisis\/\">Certificado de an\u00e1lisis (COA)<\/a><\/span><\/p>\n<p><span style=\"color: #0000ff;\"><a style=\"color: #0000ff;\" href=\"https:\/\/ulpmat.com\/es\/documentos\/ficha-tecnica\/\">Ficha t\u00e9cnica (TDS)<\/a><\/span><\/p>\n<p><span style=\"color: #0000ff;\"><a style=\"color: #0000ff;\" href=\"https:\/\/ulpmat.com\/es\/documentos\/ficha-de-datos-de-seguridad\/\">Ficha de datos de seguridad (MSDS)<\/a><\/span><br \/>\nSe pueden solicitar informes de pruebas de terceros.<\/p>\n<h2><span style=\"font-size: 14pt;\">\u00bfPor qu\u00e9 elegirnos?<\/span><\/h2>\n<p>Alta pureza garantizada: los estrictos procedimientos de control de impurezas garantizan un rendimiento estable y fiable en aplicaciones exigentes.<br \/>\nPersonalizaci\u00f3n completa: el tama\u00f1o de las part\u00edculas, el embalaje y las especificaciones del producto se pueden adaptar a sus requisitos exactos.<br \/>\nAsistencia t\u00e9cnica profesional: proporcionamos orientaci\u00f3n para la selecci\u00f3n de materiales, recomendaciones de uso y asistencia posventa completa.<br \/>\nGarant\u00eda de calidad fiable: cada lote se entrega con COA y MSDS, y admite la verificaci\u00f3n por parte de terceros.<br \/>\nEntrega r\u00e1pida: una cadena de suministro s\u00f3lida y una gesti\u00f3n de inventario flexible garantizan un env\u00edo puntual y un suministro estable.<\/p>\n","protected":false},"excerpt":{"rendered":"<p>Descripci\u00f3n general del polvo met\u00e1lico de circonio El polvo met\u00e1lico de circonio es un material met\u00e1lico de alta pureza dise\u00f1ado para la fabricaci\u00f3n avanzada, aleaciones de alta temperatura, reacciones qu\u00edmicas y deposici\u00f3n de pel\u00edculas delgadas. Con una pureza de hasta el 99,9 %, un tama\u00f1o de part\u00edcula fino y uniforme, y una excelente reactividad y [&hellip;]<\/p>\n","protected":false},"featured_media":37455,"template":"","meta":{"_acf_changed":false},"product_brand":[132],"product_cat":[338],"product_tag":[4287],"class_list":{"0":"post-37454","1":"product","2":"type-product","3":"status-publish","4":"has-post-thumbnail","6":"product_brand-ulpmat","7":"product_cat-metales-puros-y-aleaciones","8":"product_tag-zirconio-metalico-polvo","10":"first","11":"instock","12":"shipping-taxable","13":"product-type-variable"},"acf":[],"_links":{"self":[{"href":"https:\/\/ulpmat.com\/es\/wp-json\/wp\/v2\/product\/37454","targetHints":{"allow":["GET"]}}],"collection":[{"href":"https:\/\/ulpmat.com\/es\/wp-json\/wp\/v2\/product"}],"about":[{"href":"https:\/\/ulpmat.com\/es\/wp-json\/wp\/v2\/types\/product"}],"wp:featuredmedia":[{"embeddable":true,"href":"https:\/\/ulpmat.com\/es\/wp-json\/wp\/v2\/media\/37455"}],"wp:attachment":[{"href":"https:\/\/ulpmat.com\/es\/wp-json\/wp\/v2\/media?parent=37454"}],"wp:term":[{"taxonomy":"product_brand","embeddable":true,"href":"https:\/\/ulpmat.com\/es\/wp-json\/wp\/v2\/product_brand?post=37454"},{"taxonomy":"product_cat","embeddable":true,"href":"https:\/\/ulpmat.com\/es\/wp-json\/wp\/v2\/product_cat?post=37454"},{"taxonomy":"product_tag","embeddable":true,"href":"https:\/\/ulpmat.com\/es\/wp-json\/wp\/v2\/product_tag?post=37454"}],"curies":[{"name":"wp","href":"https:\/\/api.w.org\/{rel}","templated":true}]}}