{"id":37330,"date":"2025-11-28T15:05:22","date_gmt":"2025-11-28T07:05:22","guid":{"rendered":"https:\/\/ulpmat.com\/product\/aleacion-de-aluminio-y-circonio\/"},"modified":"2025-11-28T15:05:22","modified_gmt":"2025-11-28T07:05:22","slug":"aleacion-de-aluminio-y-circonio","status":"publish","type":"product","link":"https:\/\/ulpmat.com\/es\/producto\/aleacion-de-aluminio-y-circonio\/","title":{"rendered":"Aleaci\u00f3n de aluminio y circonio"},"content":{"rendered":"<h2><span style=\"font-size: 14pt;\">Descripci\u00f3n general de los blancos rotativos de aleaci\u00f3n de circonio y aluminio<\/span><\/h2>\n<p>Los blancos rotativos de aleaci\u00f3n<br \/>\n<span style=\"color: #0000ff;\"><a style=\"color: #0000ff;\" href=\"https:\/\/ulpmat.com\/es\/buscar\/?type=name&#038;keyword=Zirconium+aluminum\">de circonio y aluminio<\/a><\/span><br \/>\nest\u00e1n dise\u00f1ados para sistemas avanzados de pulverizaci\u00f3n que requieren una deposici\u00f3n uniforme, altas tasas de deposici\u00f3n y una excelente adhesi\u00f3n de la pel\u00edcula. Con una composici\u00f3n de aleaci\u00f3n estable y una microestructura fina, los blancos giratorios de aleaci\u00f3n de circonio y aluminio ofrecen un rendimiento constante en entornos de recubrimiento de grandes superficies y producci\u00f3n de gran volumen.<\/p>\n<p>Nuestros objetivos rotativos de aleaci\u00f3n de circonio y aluminio se fabrican mediante procesos de fundici\u00f3n de materias primas de alta pureza, prensado isost\u00e1tico en caliente (HIP) o pulvimetalurgia, lo que garantiza un bajo contenido de ox\u00edgeno, una estructura densa y una larga vida \u00fatil. Ofrecemos tama\u00f1os, proporciones de aleaci\u00f3n y m\u00e9todos <span style=\"color: #0000ff;\"><a style=\"color: #0000ff;\" href=\"https:\/\/ulpmat.com\/es\/servicio\/vinculacion-de-objetivos\/\">de uni\u00f3n<\/a><\/span><br \/>\npersonalizados para adaptarnos a diversas plataformas de equipos PVD.<\/p>\n<h2><span style=\"font-size: 14pt;\">Caracter\u00edsticas destacadas del producto<\/span><\/h2>\n<p>Tama\u00f1o y proporci\u00f3n del producto personalizables<br \/>\nProducto de alta densidad y baja porosidad<br \/>\nExcelente resistencia a las grietas<br \/>\nM\u00e9todos de uni\u00f3n y materiales de soporte personalizables<br \/>\nSoporte t\u00e9cnico avanzado<\/p>\n<h2><span style=\"font-size: 14pt;\">Aplicaciones de los blancos rotativos de aleaci\u00f3n de circonio y aluminio<\/span><\/h2>\n<p>Recubrimiento<br \/>\n<span style=\"color: #0000ff;\"><a style=\"color: #0000ff;\" href=\"https:\/\/ulpmat.com\/es\/solicitud\/materiales-opticos\/\">\u00f3ptico<\/a><\/span><br \/>\n: adecuado para recubrimientos duros, capas reflectantes y estructuras \u00f3pticas resistentes a la corrosi\u00f3n. Pel\u00edculas delgadas<br \/>\n<span style=\"color: #0000ff;\"><a style=\"color: #0000ff;\" href=\"https:\/\/ulpmat.com\/es\/solicitud\/materiales-semiconductores\/\">de semiconductores<\/a><\/span><br \/>\n: utilizadas para capas diel\u00e9ctricas, capas de barrera y pel\u00edculas compuestas funcionales.<br \/>\nIndustrias de pantallas y energ\u00eda <span style=\"color: #0000ff;\"><a style=\"color: #0000ff;\" href=\"https:\/\/ulpmat.com\/es\/solicitud\/energia-solar-fotovoltaica\/\">solar<\/a><\/span><br \/>\n: adecuadas para recubrimientos uniformes de gran superficie en vidrio, sustratos flexibles y dispositivos fotovoltaicos.<br \/>\nRecubrimientos protectores y funcionales: pel\u00edculas de alta dureza y resistentes a la oxidaci\u00f3n para herramientas, componentes e ingenier\u00eda de superficies.<\/p>\n<h2><span style=\"color: #0000ff;\"><a style=\"color: #0000ff;\" href=\"https:\/\/ulpmat.com\/es\/empresa\/preguntas-frecuentes\/\"><span style=\"font-size: 14pt;\">Preguntas frecuentes<\/span><\/a><\/span><\/h2>\n<p>P1: \u00bfQu\u00e9 tubos de soporte hay disponibles?<br \/>\nR1: Hay disponibles tubos de soporte de acero inoxidable, aleaci\u00f3n de titanio y aleaci\u00f3n. Tambi\u00e9n ofrecemos servicios de uni\u00f3n altamente fiables para soportar la pulverizaci\u00f3n cat\u00f3dica de alta potencia.<\/p>\n<p>P2: \u00bfEl objetivo giratorio ZrAl admite recubrimientos de gran superficie?<br \/>\nR2: S\u00ed, nuestro dise\u00f1o de objetivo giratorio garantiza una excelente uniformidad de la pel\u00edcula en vidrio arquitect\u00f3nico, paneles de pantalla y aplicaciones fotovoltaicas.<\/p>\n<p>P3: \u00bfCu\u00e1les son las condiciones de almacenamiento recomendadas?<br \/>\nR3: Almac\u00e9nelo en su embalaje original en un entorno seco y bien ventilado. Evite la humedad y el contacto con gases corrosivos.<\/p>\n<p>P4: \u00bfPuedo especificar la proporci\u00f3n o la densidad de la aleaci\u00f3n?<br \/>\nR4: S\u00ed, podemos proporcionar composiciones de aleaci\u00f3n, densidades y propiedades mec\u00e1nicas totalmente personalizadas seg\u00fan los requisitos de la aplicaci\u00f3n.<\/p>\n<h2><span style=\"font-size: 14pt;\">Informes<\/span><\/h2>\n<p>Cada lote se suministra con:<br \/>\n<span style=\"color: #0000ff;\"><a style=\"color: #0000ff;\" href=\"https:\/\/ulpmat.com\/es\/documentos\/certificado-de-analisis\/\">Certificado de an\u00e1lisis (COA)<\/a><\/span><\/p>\n<p><span style=\"color: #0000ff;\"><a style=\"color: #0000ff;\" href=\"https:\/\/ulpmat.com\/es\/documentos\/ficha-tecnica\/\">Ficha t\u00e9cnica (TDS)<\/a><\/span><\/p>\n<p><span style=\"color: #0000ff;\"><a style=\"color: #0000ff;\" href=\"https:\/\/ulpmat.com\/es\/documentos\/ficha-de-datos-de-seguridad\/\">Ficha de datos de seguridad (MSDS)<\/a><\/span><br \/>\nSe pueden solicitar informes de pruebas de terceros.<\/p>\n<h2><span style=\"font-size: 14pt;\">\u00bfPor qu\u00e9 elegir nuestro objetivo giratorio ZrAl?<\/span><\/h2>\n<p>Control preciso de la aleaci\u00f3n: su composici\u00f3n estable garantiza un rendimiento de pulverizaci\u00f3n predecible.<br \/>\nProcesos de fabricaci\u00f3n avanzados: los procesos de prensado isost\u00e1tico en caliente (HIP) y metalurgia de polvos logran una alta densidad y tasas de defectos extremadamente bajas.<br \/>\nPersonalizaci\u00f3n de ingenier\u00eda: los tubos de soporte, los dise\u00f1os de interfaz y las proporciones de aleaci\u00f3n se pueden personalizar.<br \/>\nSistema de calidad fiable: cada objetivo viene con un certificado de an\u00e1lisis (COA), un informe de densidad, un an\u00e1lisis de microestructura y un informe de contenido de impurezas.<br \/>\nAsistencia profesional: ofrecemos asesoramiento para la optimizaci\u00f3n de procesos y orientaci\u00f3n sobre el rendimiento de las pel\u00edculas delgadas.<br \/>\nSuministro global estable: la entrega r\u00e1pida y la capacidad de producci\u00f3n flexible satisfacen las necesidades de la creaci\u00f3n de prototipos y la producci\u00f3n en masa.<\/p>\n","protected":false},"excerpt":{"rendered":"<p>Descripci\u00f3n general de los blancos rotativos de aleaci\u00f3n de circonio y aluminio Los blancos rotativos de aleaci\u00f3n de circonio y aluminio est\u00e1n dise\u00f1ados para sistemas avanzados de pulverizaci\u00f3n que requieren una deposici\u00f3n uniforme, altas tasas de deposici\u00f3n y una excelente adhesi\u00f3n de la pel\u00edcula. Con una composici\u00f3n de aleaci\u00f3n estable y una microestructura fina, los [&hellip;]<\/p>\n","protected":false},"featured_media":37331,"template":"","meta":{"_acf_changed":false},"product_brand":[132],"product_cat":[474,570],"product_tag":[4263],"class_list":{"0":"post-37330","1":"product","2":"type-product","3":"status-publish","4":"has-post-thumbnail","6":"product_brand-ulpmat","7":"product_cat-blancos-giratorios","8":"product_cat-catodos-para-sputtering-de-aleaciones","9":"product_tag-blanco-giratorio-de-aleacion-de-circonio-y-aluminio","11":"first","12":"instock","13":"shipping-taxable","14":"product-type-variable"},"acf":[],"_links":{"self":[{"href":"https:\/\/ulpmat.com\/es\/wp-json\/wp\/v2\/product\/37330","targetHints":{"allow":["GET"]}}],"collection":[{"href":"https:\/\/ulpmat.com\/es\/wp-json\/wp\/v2\/product"}],"about":[{"href":"https:\/\/ulpmat.com\/es\/wp-json\/wp\/v2\/types\/product"}],"wp:featuredmedia":[{"embeddable":true,"href":"https:\/\/ulpmat.com\/es\/wp-json\/wp\/v2\/media\/37331"}],"wp:attachment":[{"href":"https:\/\/ulpmat.com\/es\/wp-json\/wp\/v2\/media?parent=37330"}],"wp:term":[{"taxonomy":"product_brand","embeddable":true,"href":"https:\/\/ulpmat.com\/es\/wp-json\/wp\/v2\/product_brand?post=37330"},{"taxonomy":"product_cat","embeddable":true,"href":"https:\/\/ulpmat.com\/es\/wp-json\/wp\/v2\/product_cat?post=37330"},{"taxonomy":"product_tag","embeddable":true,"href":"https:\/\/ulpmat.com\/es\/wp-json\/wp\/v2\/product_tag?post=37330"}],"curies":[{"name":"wp","href":"https:\/\/api.w.org\/{rel}","templated":true}]}}