{"id":37286,"date":"2025-11-28T15:05:23","date_gmt":"2025-11-28T07:05:23","guid":{"rendered":"https:\/\/ulpmat.com\/product\/boruro-de-circonio\/"},"modified":"2025-11-28T15:05:23","modified_gmt":"2025-11-28T07:05:23","slug":"boruro-de-circonio","status":"publish","type":"product","link":"https:\/\/ulpmat.com\/es\/producto\/boruro-de-circonio\/","title":{"rendered":"Boruro de circonio"},"content":{"rendered":"<h2><span style=\"font-size: 14pt;\">Descripci\u00f3n general del blanco de pulverizaci\u00f3n de boruro de circonio<\/span><\/h2>\n<p>Los blancos de pulverizaci\u00f3n<br \/>\n<span style=\"color: #0000ff;\"><a style=\"color: #0000ff;\" href=\"https:\/\/ulpmat.com\/es\/buscar\/?type=name&#038;keyword=Zirconium+boride\">de boruro de circonio<\/a><\/span><br \/>\nson materiales cer\u00e1micos de ingenier\u00eda dise\u00f1ados para la deposici\u00f3n de pel\u00edculas delgadas de alto rendimiento en entornos hostiles. Los blancos de ZrB\u2082 ofrecen una alta pureza, una excelente conductividad el\u00e9ctrica y una estabilidad t\u00e9rmica superior, lo que permite la preparaci\u00f3n de recubrimientos densos, uniformes y de alta dureza en una amplia gama de aplicaciones.<\/p>\n<p>Nuestros blancos de pulverizaci\u00f3n ZrB\u2082 se fabrican mediante procesos avanzados de prensado en caliente o uni\u00f3n SPS, lo que garantiza una excelente resistencia mec\u00e1nica, baja porosidad y un rendimiento de deposici\u00f3n fiable. Ofrecemos una variedad de formas personalizadas, incluyendo tipos planos, giratorios, unidos y con placa de soporte, para satisfacer las necesidades de los sistemas de recubrimiento a escala industrial y de I+D.<\/p>\n<h2><span style=\"font-size: 14pt;\">Caracter\u00edsticas destacadas del producto<\/span><\/h2>\n<p>Alta pureza<br \/>\nBaja porosidad y alta densidad<br \/>\nAlta estabilidad t\u00e9rmica y qu\u00edmica<br \/>\nAdecuado para pulverizaci\u00f3n de alta potencia y condiciones extremas de preparaci\u00f3n de pel\u00edculas delgadas<br \/>\nExcelente conductividad el\u00e9ctrica<br \/>\nDimensiones totalmente personalizables<br \/>\nEstructura y m\u00e9todos de uni\u00f3n personalizables<\/p>\n<h2><span style=\"font-size: 14pt;\">Aplicaciones de los blancos de pulverizaci\u00f3n ZrB\u2082<\/span><\/h2>\n<p>Recubrimientos protectores duros: se utilizan en herramientas de corte, componentes resistentes al desgaste y piezas aeroespaciales.<br \/>\nPel\u00edculas cer\u00e1micas funcionales: adecuadas para capas cer\u00e1micas conductivas, resistentes a la corrosi\u00f3n y a altas temperaturas.<br \/>\nMicroelectr\u00f3nica y sensores: para caracter\u00edsticas cer\u00e1micas de alta conductividad y capas de barrera. Pel\u00edculas<br \/>\n<span style=\"color: #0000ff;\"><a style=\"color: #0000ff;\" href=\"https:\/\/ulpmat.com\/es\/solicitud\/materiales-opticos\/\">\u00f3pticas<\/a><\/span><br \/>\ndelgadas: permiten recubrimientos duraderos y de alta estabilidad para sistemas \u00f3pticos infrarrojos y de alta energ\u00eda.<\/p>\n<h2><span style=\"color: #0000ff;\"><a style=\"color: #0000ff;\" href=\"https:\/\/ulpmat.com\/es\/empresa\/preguntas-frecuentes\/\"><span style=\"font-size: 14pt;\">Preguntas frecuentes<\/span><\/a><\/span><\/h2>\n<p>P1: \u00bfQu\u00e9 formas y tama\u00f1os de blancos de pulverizaci\u00f3n de ZrB2 ofrecen?<br \/>\nR1: Ofrecemos discos planos, placas planas, blancos escalonados y blancos de tubo giratorio, que se pueden unir a placas de respaldo de cobre o aluminio.<\/p>\n<p>P2: \u00bfSon los blancos de ZrB2 adecuados para la pulverizaci\u00f3n de alta potencia?<br \/>\nR2: S\u00ed. Su alta conductividad t\u00e9rmica y su excelente resistencia cer\u00e1mica permiten un funcionamiento estable a alta potencia de pulverizaci\u00f3n.<\/p>\n<p>P3: \u00bfC\u00f3mo se deben almacenar los blancos de pulverizaci\u00f3n de ZrB2?<br \/>\nR3: Almac\u00e9nelos en un entorno seco y sellado. Evite la humedad y las fluctuaciones de temperatura para prevenir la oxidaci\u00f3n de la superficie.<\/p>\n<p>P4: \u00bfSe puede personalizar la pureza o la densidad?<br \/>\nR4: S\u00ed, podemos proporcionar grados de pureza ajustables, optimizaci\u00f3n de la densidad y procesos de sinterizaci\u00f3n personalizados seg\u00fan los requisitos de rendimiento.<\/p>\n<h2><span style=\"font-size: 14pt;\">Informes<\/span><\/h2>\n<p>Cada lote se suministra con:<br \/>\n<span style=\"color: #0000ff;\"><a style=\"color: #0000ff;\" href=\"https:\/\/ulpmat.com\/es\/documentos\/certificado-de-analisis\/\">Certificado de an\u00e1lisis (COA)<\/a><\/span><\/p>\n<p><span style=\"color: #0000ff;\"><a style=\"color: #0000ff;\" href=\"https:\/\/ulpmat.com\/es\/documentos\/ficha-tecnica\/\">Ficha t\u00e9cnica (TDS)<\/a><\/span><\/p>\n<p><span style=\"color: #0000ff;\"><a style=\"color: #0000ff;\" href=\"https:\/\/ulpmat.com\/es\/documentos\/ficha-de-datos-de-seguridad\/\">Ficha de datos de seguridad (MSDS)<\/a><\/span><br \/>\nSe pueden solicitar informes de pruebas de terceros.<\/p>\n<h2><span style=\"font-size: 14pt;\">\u00bfPor qu\u00e9 elegir nuestros blancos de pulverizaci\u00f3n ZrB2?<\/span><\/h2>\n<p>Calidad estable de la pel\u00edcula: La baja formaci\u00f3n de part\u00edculas y la estructura de alta densidad del blanco garantizan una deposici\u00f3n uniforme.<br \/>\nProducci\u00f3n personalizada: se ofrece producci\u00f3n personalizada para adaptarse a diferentes equipos de recubrimiento y escenarios de aplicaci\u00f3n.<br \/>\nAsistencia t\u00e9cnica: asistencia con los par\u00e1metros de pulverizaci\u00f3n, los m\u00e9todos de uni\u00f3n y la optimizaci\u00f3n del recubrimiento.<br \/>\nEstricto control de calidad: cada objetivo se somete a pruebas de pureza, densidad, uniformidad y microestructura.<br \/>\nSuministro fiable y entrega r\u00e1pida: una cadena de suministro de materiales estable y una capacidad de producci\u00f3n eficiente.<\/p>\n","protected":false},"excerpt":{"rendered":"<p>Descripci\u00f3n general del blanco de pulverizaci\u00f3n de boruro de circonio Los blancos de pulverizaci\u00f3n de boruro de circonio son materiales cer\u00e1micos de ingenier\u00eda dise\u00f1ados para la deposici\u00f3n de pel\u00edculas delgadas de alto rendimiento en entornos hostiles. Los blancos de ZrB\u2082 ofrecen una alta pureza, una excelente conductividad el\u00e9ctrica y una estabilidad t\u00e9rmica superior, lo que [&hellip;]<\/p>\n","protected":false},"featured_media":37287,"template":"","meta":{"_acf_changed":false},"product_brand":[132],"product_cat":[457],"product_tag":[4251],"class_list":{"0":"post-37286","1":"product","2":"type-product","3":"status-publish","4":"has-post-thumbnail","6":"product_brand-ulpmat","7":"product_cat-blanco-ceramico-para-sputtering","8":"product_tag-catodos-para-sputtering-de-boruro-de-circonio","10":"first","11":"instock","12":"shipping-taxable","13":"product-type-variable"},"acf":[],"_links":{"self":[{"href":"https:\/\/ulpmat.com\/es\/wp-json\/wp\/v2\/product\/37286","targetHints":{"allow":["GET"]}}],"collection":[{"href":"https:\/\/ulpmat.com\/es\/wp-json\/wp\/v2\/product"}],"about":[{"href":"https:\/\/ulpmat.com\/es\/wp-json\/wp\/v2\/types\/product"}],"wp:featuredmedia":[{"embeddable":true,"href":"https:\/\/ulpmat.com\/es\/wp-json\/wp\/v2\/media\/37287"}],"wp:attachment":[{"href":"https:\/\/ulpmat.com\/es\/wp-json\/wp\/v2\/media?parent=37286"}],"wp:term":[{"taxonomy":"product_brand","embeddable":true,"href":"https:\/\/ulpmat.com\/es\/wp-json\/wp\/v2\/product_brand?post=37286"},{"taxonomy":"product_cat","embeddable":true,"href":"https:\/\/ulpmat.com\/es\/wp-json\/wp\/v2\/product_cat?post=37286"},{"taxonomy":"product_tag","embeddable":true,"href":"https:\/\/ulpmat.com\/es\/wp-json\/wp\/v2\/product_tag?post=37286"}],"curies":[{"name":"wp","href":"https:\/\/api.w.org\/{rel}","templated":true}]}}