{"id":36722,"date":"2025-11-28T15:05:34","date_gmt":"2025-11-28T07:05:34","guid":{"rendered":"https:\/\/ulpmat.com\/product\/aleacion-de-circonio-y-silicio\/"},"modified":"2025-11-28T15:05:34","modified_gmt":"2025-11-28T07:05:34","slug":"aleacion-de-circonio-y-silicio","status":"publish","type":"product","link":"https:\/\/ulpmat.com\/es\/producto\/aleacion-de-circonio-y-silicio\/","title":{"rendered":"Aleaci\u00f3n de circonio y silicio"},"content":{"rendered":"<h2><span style=\"font-size: 14pt;\">Objetivo de pulverizaci\u00f3n de aleaci\u00f3n de circonio y silicio Descripci\u00f3n general<\/span><\/h2>\n<p>Los objetivos de pulverizaci\u00f3n de aleaci\u00f3n<br \/>\n<span style=\"color: #0000ff;\"><a style=\"color: #0000ff;\" href=\"https:\/\/ulpmat.com\/es\/buscar\/?type=name&#038;keyword=Zirconium+Silicon\">de circonio y silicio<\/a><\/span><br \/>\nson objetivos met\u00e1licos compuestos que combinan resistencia a altas temperaturas, composici\u00f3n de pel\u00edcula estable y excelentes propiedades mec\u00e1nicas. Se utilizan com\u00fanmente para preparar pel\u00edculas delgadas funcionales, recubrimientos duros y materiales microelectr\u00f3nicos.<\/p>\n<p>Ofrecemos blancos de pulverizaci\u00f3n ZrSi en varios tama\u00f1os, purezas y estructuras, incluidos blancos de prensado isost\u00e1tico en caliente (HIP), blancos prensados en caliente, blancos sinterizados prensados en fr\u00edo y blancos de recubrimiento de gran tama\u00f1o. Las formas, los espesores y las proporciones de composici\u00f3n se pueden personalizar seg\u00fan los modelos de equipo. P\u00f3ngase <span style=\"color: #0000ff;\"><a style=\"color: #0000ff;\" href=\"https:\/\/ulpmat.com\/es\/contacto\/\">en contacto con nosotros<\/a><\/span><br \/>\nsi necesita planos personalizados.<\/p>\n<h2><span style=\"font-size: 14pt;\">Caracter\u00edsticas destacadas del producto<\/span><\/h2>\n<p>Composici\u00f3n uniforme, superficie del blanco densa<br \/>\nVelocidad de pulverizaci\u00f3n estable<br \/>\nAlta pureza, bajas inclusiones<br \/>\nAdmite varios tama\u00f1os y uniones personalizados<br \/>\nAdecuado para pulverizaci\u00f3n continua a largo plazo<br \/>\nExcelente adhesi\u00f3n de la pel\u00edcula<br \/>\nFuerte compatibilidad con el proceso<\/p>\n<h2><span style=\"font-size: 14pt;\">Aplicaciones del blanco de pulverizaci\u00f3n de aleaci\u00f3n de circonio y silicio<\/span><\/h2>\n<p>Preparaci\u00f3n de recubrimientos duros: Deposici\u00f3n de pel\u00edculas protectoras duras para herramientas de corte, moldes y piezas resistentes al desgaste. Pel\u00edculas<br \/>\n<span style=\"color: #0000ff;\"><a style=\"color: #0000ff;\" href=\"https:\/\/ulpmat.com\/es\/solicitud\/materiales-opticos\/\">\u00f3pticas<\/a><\/span><br \/>\ndelgadas: Se utilizan para fabricar recubrimientos antirreflectantes, capas protectoras \u00f3pticas y estructuras \u00f3pticas funcionales.<br \/>\nMateriales de pel\u00edcula delgada electr\u00f3nica: se utilizan para circuitos integrados, dispositivos micro\/nano y ingenier\u00eda de pel\u00edculas delgadas semiconductoras.<br \/>\nPel\u00edculas resistentes a altas temperaturas: se utilizan para aplicaciones de pel\u00edculas resistentes a la corrosi\u00f3n y estructuralmente reforzadas en entornos de alta temperatura.<\/p>\n<h2><span style=\"color: #0000ff;\"><a style=\"color: #0000ff;\" href=\"https:\/\/ulpmat.com\/es\/empresa\/preguntas-frecuentes\/\"><span style=\"font-size: 14pt;\">Preguntas frecuentes<\/span><\/a><\/span><\/h2>\n<p>P1: \u00bfQu\u00e9 tipo de embalaje se utiliza normalmente para los blancos de pulverizaci\u00f3n ZrSi?<br \/>\nR1: Los blancos se suelen empaquetar en cajas de espuma a prueba de golpes con sellado al vac\u00edo y se refuerzan a\u00fan m\u00e1s con una capa exterior, dependiendo del m\u00e9todo de transporte, para garantizar que la superficie quede protegida contra ara\u00f1azos, impactos y oxidaci\u00f3n.<\/p>\n<p>P2: \u00bfQu\u00e9 servicios de procesamiento hay disponibles?<br \/>\nR2: Ofrecemos uni\u00f3n de placas posteriores, soldadura de blancos, rectificado de superficies, mecanizado de precisi\u00f3n dimensional y dise\u00f1o de orificios personalizados para satisfacer las necesidades de sujeci\u00f3n de diversas marcas de equipos de pulverizaci\u00f3n.<\/p>\n<p>P3: \u00bfC\u00f3mo se deben almacenar correctamente los blancos de pulverizaci\u00f3n?<br \/>\nR3: Los blancos deben mantenerse secos y sellados para evitar la humedad, las huellas dactilares y la contaminaci\u00f3n por aceite. Para el almacenamiento a largo plazo, se recomienda colocarlos en un entorno de gas inerte o en una bolsa sellada para mantener la calidad de la superficie del blanco.<\/p>\n<p>P4: \u00bfCu\u00e1les son las ventajas de la pureza y el rendimiento del producto?<br \/>\nR4: Ofrecemos diferentes grados de pureza. Los blancos tienen una alta densidad y una buena uniformidad composicional, adecuados para aplicaciones que requieren una alta uniformidad y estabilidad de la pel\u00edcula.<\/p>\n<h2><span style=\"font-size: 14pt;\">Informe<\/span><\/h2>\n<p>Cada lote se suministra con:<br \/>\n<span style=\"color: #0000ff;\"><a style=\"color: #0000ff;\" href=\"https:\/\/ulpmat.com\/es\/documentos\/certificado-de-analisis\/\"><u>Certificado de an\u00e1lisis (COA)<\/u><\/a><\/span><\/p>\n<p><span style=\"color: #0000ff;\"><a style=\"color: #0000ff;\" href=\"https:\/\/ulpmat.com\/es\/documentos\/ficha-tecnica\/\"><u>Ficha t\u00e9cnica (TDS)<\/u><\/a><\/span><\/p>\n<p><span style=\"color: #0000ff;\"><a style=\"color: #0000ff;\" href=\"https:\/\/ulpmat.com\/es\/documentos\/ficha-de-datos-de-seguridad\/\"><u>Ficha de datos de seguridad (MSDS)<\/u><\/a><\/span><br \/>\nInformes de pruebas de terceros disponibles bajo petici\u00f3n<\/p>\n<h2><span style=\"font-size: 14pt;\">\u00bfPor qu\u00e9 elegirnos?<\/span><\/h2>\n<p>Contamos con procesos de fabricaci\u00f3n de blancos maduros y equipos profesionales, lo que nos permite producir de forma estable blancos de pulverizaci\u00f3n ZrSi de alta densidad, bajos defectos y composici\u00f3n uniforme. Mediante una rigurosa selecci\u00f3n de materias primas, inspecci\u00f3n de calidad y procesos de fabricaci\u00f3n estandarizados, garantizamos una excelente consistencia y rendimiento de pulverizaci\u00f3n en cada lote. Adem\u00e1s, ofrecemos asesoramiento t\u00e9cnico, entrega r\u00e1pida, especificaciones personalizadas y suministro a largo plazo, lo que proporciona un apoyo fiable a los clientes en la optimizaci\u00f3n de los procesos de recubrimiento, el desarrollo de pel\u00edculas delgadas y la estabilidad de la producci\u00f3n. Somos un socio de confianza en la cadena de suministro de materiales.<\/p>\n","protected":false},"excerpt":{"rendered":"<p>Objetivo de pulverizaci\u00f3n de aleaci\u00f3n de circonio y silicio Descripci\u00f3n general Los objetivos de pulverizaci\u00f3n de aleaci\u00f3n de circonio y silicio son objetivos met\u00e1licos compuestos que combinan resistencia a altas temperaturas, composici\u00f3n de pel\u00edcula estable y excelentes propiedades mec\u00e1nicas. Se utilizan com\u00fanmente para preparar pel\u00edculas delgadas funcionales, recubrimientos duros y materiales microelectr\u00f3nicos. Ofrecemos blancos de [&hellip;]<\/p>\n","protected":false},"featured_media":36723,"template":"","meta":{"_acf_changed":false},"product_brand":[132],"product_cat":[570],"product_tag":[4119],"class_list":{"0":"post-36722","1":"product","2":"type-product","3":"status-publish","4":"has-post-thumbnail","6":"product_brand-ulpmat","7":"product_cat-catodos-para-sputtering-de-aleaciones","8":"product_tag-catodos-para-sputtering-de-aleacion-de-circonio-y-silicio","10":"first","11":"instock","12":"shipping-taxable","13":"product-type-variable"},"acf":[],"_links":{"self":[{"href":"https:\/\/ulpmat.com\/es\/wp-json\/wp\/v2\/product\/36722","targetHints":{"allow":["GET"]}}],"collection":[{"href":"https:\/\/ulpmat.com\/es\/wp-json\/wp\/v2\/product"}],"about":[{"href":"https:\/\/ulpmat.com\/es\/wp-json\/wp\/v2\/types\/product"}],"wp:featuredmedia":[{"embeddable":true,"href":"https:\/\/ulpmat.com\/es\/wp-json\/wp\/v2\/media\/36723"}],"wp:attachment":[{"href":"https:\/\/ulpmat.com\/es\/wp-json\/wp\/v2\/media?parent=36722"}],"wp:term":[{"taxonomy":"product_brand","embeddable":true,"href":"https:\/\/ulpmat.com\/es\/wp-json\/wp\/v2\/product_brand?post=36722"},{"taxonomy":"product_cat","embeddable":true,"href":"https:\/\/ulpmat.com\/es\/wp-json\/wp\/v2\/product_cat?post=36722"},{"taxonomy":"product_tag","embeddable":true,"href":"https:\/\/ulpmat.com\/es\/wp-json\/wp\/v2\/product_tag?post=36722"}],"curies":[{"name":"wp","href":"https:\/\/api.w.org\/{rel}","templated":true}]}}