{"id":36392,"date":"2025-12-03T11:12:03","date_gmt":"2025-12-03T03:12:03","guid":{"rendered":"https:\/\/ulpmat.com\/product\/itrio-metalico-3\/"},"modified":"2025-12-03T11:12:03","modified_gmt":"2025-12-03T03:12:03","slug":"itrio-metalico-3","status":"publish","type":"product","link":"https:\/\/ulpmat.com\/es\/producto\/itrio-metalico-3\/","title":{"rendered":"Itrio met\u00e1lico"},"content":{"rendered":"<h2><span style=\"font-size: 14pt;\">Descripci\u00f3n general de la l\u00e1mina met\u00e1lica de itrio<\/span><\/h2>\n<p>La l\u00e1mina<br \/>\n<span style=\"color: #0000ff;\"><a style=\"color: #0000ff;\" href=\"https:\/\/ulpmat.com\/es\/buscar\/?type=name&#038;keyword=Yttrium+metal\">met\u00e1lica de itrio<\/a><\/span><br \/>\nes un material met\u00e1lico de tierras raras de alta pureza que se utiliza ampliamente en la fabricaci\u00f3n de dispositivos electr\u00f3nicos, catalizadores y aleaciones de alta temperatura.<\/p>\n<p>Ofrecemos l\u00e1minas met\u00e1licas de itrio en varios grosores, tama\u00f1os y grados de pureza, adecuadas para una amplia gama de aplicaciones industriales y de investigaci\u00f3n cient\u00edfica de alta gama. Este producto presenta una excelente conductividad el\u00e9ctrica y estabilidad t\u00e9rmica, y los tama\u00f1os y grosores se pueden personalizar para satisfacer los requisitos espec\u00edficos de los clientes. No dude en <span style=\"color: #0000ff;\"><a style=\"color: #0000ff;\" href=\"https:\/\/ulpmat.com\/es\/contacto\/\">ponerse en contacto con nosotros<\/a><\/span><br \/>\npara obtener un servicio personalizado.<\/p>\n<h2><span style=\"font-size: 14pt;\">Caracter\u00edsticas destacadas del producto<\/span><\/h2>\n<p>Alta pureza, bajo contenido de impurezas.<br \/>\nBuena conductividad el\u00e9ctrica y estabilidad t\u00e9rmica.<br \/>\nTama\u00f1os y espesores personalizables.<br \/>\nAdecuado para aplicaciones de alta temperatura.<br \/>\nExcelentes propiedades mec\u00e1nicas.<br \/>\nAlta resistencia a la corrosi\u00f3n.<br \/>\nPropiedades f\u00edsicas estables.<\/p>\n<h2><span style=\"font-size: 14pt;\">Aplicaciones de la l\u00e1mina met\u00e1lica de itrio<\/span><\/h2>\n<p>Fabricaci\u00f3n de dispositivos electr\u00f3nicos: se utiliza en la fabricaci\u00f3n de dispositivos semiconductores, componentes electr\u00f3nicos y aplicaciones optoelectr\u00f3nicas.<br \/>\nCatalizadores: ampliamente utilizados en reacciones catal\u00edticas petroqu\u00edmicas y medioambientales.<br \/>\nAleaciones de alta temperatura: se utiliza en la industria aeroespacial y otros entornos de alta temperatura.<br \/>\nInvestigaci\u00f3n y desarrollo cient\u00edfico: se utiliza ampliamente en la investigaci\u00f3n de materiales de tierras raras y en experimentos con materiales funcionales.<\/p>\n<h2><span style=\"color: #0000ff;\"><a style=\"color: #0000ff;\" href=\"https:\/\/ulpmat.com\/es\/empresa\/preguntas-frecuentes\/\"><span style=\"font-size: 14pt;\">Preguntas frecuentes<\/span><\/a><\/span><\/h2>\n<p>P1: \u00bfCu\u00e1l es la pureza de la l\u00e1mina de itrio?<br \/>\nR1: Nuestra l\u00e1mina met\u00e1lica de itrio tiene una pureza superior al 99,9 %, lo que la hace adecuada para aplicaciones de alta precisi\u00f3n, y la pureza se puede personalizar a\u00fan m\u00e1s para satisfacer necesidades espec\u00edficas.<\/p>\n<p>P2: \u00bfC\u00f3mo se envasa la l\u00e1mina de itrio?<br \/>\nR2: Utilizamos envases a prueba de humedad y resistentes a los golpes para garantizar que el producto no sufra da\u00f1os durante el transporte. Los m\u00e9todos de envasado habituales incluyen bolsas selladas al vac\u00edo y cajas de madera a prueba de golpes.<\/p>\n<p>P3: \u00bfSe pueden personalizar el tama\u00f1o y el grosor de este producto?<br \/>\nR3: S\u00ed, ofrecemos la posibilidad de personalizar el tama\u00f1o y el grosor de la l\u00e1mina met\u00e1lica de itrio seg\u00fan los requisitos del cliente para satisfacer las necesidades espec\u00edficas de cada aplicaci\u00f3n.<\/p>\n<p>P4: \u00bfC\u00f3mo se debe almacenar la l\u00e1mina de itrio?<br \/>\nR4: Se recomienda almacenar la l\u00e1mina met\u00e1lica de itrio en un entorno seco y con una temperatura adecuada, evitando la humedad y las altas temperaturas para mantener la estabilidad del producto.<\/p>\n<h2><span style=\"font-size: 14pt;\">Informes<\/span><\/h2>\n<p>Cada lote se suministra con:<br \/>\n<span style=\"color: #0000ff;\"><a style=\"color: #0000ff;\" href=\"https:\/\/ulpmat.com\/es\/documentos\/certificado-de-analisis\/\"><u>Certificado de an\u00e1lisis (COA)<\/u><\/a><\/span><\/p>\n<p><span style=\"color: #0000ff;\"><a style=\"color: #0000ff;\" href=\"https:\/\/ulpmat.com\/es\/documentos\/ficha-tecnica\/\"><u>Ficha t\u00e9cnica (TDS)<\/u><\/a><\/span><\/p>\n<p><span style=\"color: #0000ff;\"><a style=\"color: #0000ff;\" href=\"https:\/\/ulpmat.com\/es\/documentos\/ficha-de-datos-de-seguridad\/\"><u>Ficha de datos de seguridad (MSDS)<\/u><\/a><\/span><br \/>\nInformes de pruebas de terceros disponibles bajo petici\u00f3n<\/p>\n<h2><span style=\"font-size: 14pt;\">\u00bfPor qu\u00e9 elegirnos?<\/span><\/h2>\n<p>Ofrecemos l\u00e1minas met\u00e1licas de itrio de alta calidad con a\u00f1os de experiencia en la producci\u00f3n. Nuestros productos son de alta pureza, rendimiento estable y ofrecemos soluciones <span style=\"color: #0000ff;\"><a style=\"color: #0000ff;\" href=\"https:\/\/ulpmat.com\/es\/servicio\/personalizacion\/\">personalizadas<\/a><\/span><br \/>\n. Nuestro equipo profesional puede responder r\u00e1pidamente a las necesidades de los clientes y proporcionarle productos fiables y <span style=\"color: #0000ff;\"><a style=\"color: #0000ff;\" href=\"https:\/\/ulpmat.com\/es\/servicio\/asistencia-tecnica\/\">asistencia t\u00e9cnica.<\/a><\/span><\/p>\n","protected":false},"excerpt":{"rendered":"<p>Descripci\u00f3n general de la l\u00e1mina met\u00e1lica de itrio La l\u00e1mina met\u00e1lica de itrio es un material met\u00e1lico de tierras raras de alta pureza que se utiliza ampliamente en la fabricaci\u00f3n de dispositivos electr\u00f3nicos, catalizadores y aleaciones de alta temperatura. Ofrecemos l\u00e1minas met\u00e1licas de itrio en varios grosores, tama\u00f1os y grados de pureza, adecuadas para una [&hellip;]<\/p>\n","protected":false},"featured_media":36393,"template":"","meta":{"_acf_changed":false},"product_brand":[132],"product_cat":[408],"product_tag":[4024],"class_list":{"0":"post-36392","1":"product","2":"type-product","3":"status-publish","4":"has-post-thumbnail","6":"product_brand-ulpmat","7":"product_cat-otros-materiales","8":"product_tag-lamina-metalica-de-itrio","10":"first","11":"instock","12":"shipping-taxable","13":"product-type-variable"},"acf":[],"_links":{"self":[{"href":"https:\/\/ulpmat.com\/es\/wp-json\/wp\/v2\/product\/36392","targetHints":{"allow":["GET"]}}],"collection":[{"href":"https:\/\/ulpmat.com\/es\/wp-json\/wp\/v2\/product"}],"about":[{"href":"https:\/\/ulpmat.com\/es\/wp-json\/wp\/v2\/types\/product"}],"wp:featuredmedia":[{"embeddable":true,"href":"https:\/\/ulpmat.com\/es\/wp-json\/wp\/v2\/media\/36393"}],"wp:attachment":[{"href":"https:\/\/ulpmat.com\/es\/wp-json\/wp\/v2\/media?parent=36392"}],"wp:term":[{"taxonomy":"product_brand","embeddable":true,"href":"https:\/\/ulpmat.com\/es\/wp-json\/wp\/v2\/product_brand?post=36392"},{"taxonomy":"product_cat","embeddable":true,"href":"https:\/\/ulpmat.com\/es\/wp-json\/wp\/v2\/product_cat?post=36392"},{"taxonomy":"product_tag","embeddable":true,"href":"https:\/\/ulpmat.com\/es\/wp-json\/wp\/v2\/product_tag?post=36392"}],"curies":[{"name":"wp","href":"https:\/\/api.w.org\/{rel}","templated":true}]}}