{"id":35950,"date":"2025-12-03T11:12:07","date_gmt":"2025-12-03T03:12:07","guid":{"rendered":"https:\/\/ulpmat.com\/product\/cloruro-de-itrio\/"},"modified":"2025-12-03T11:12:07","modified_gmt":"2025-12-03T03:12:07","slug":"cloruro-de-itrio","status":"publish","type":"product","link":"https:\/\/ulpmat.com\/es\/producto\/cloruro-de-itrio\/","title":{"rendered":"Cloruro de itrio"},"content":{"rendered":"<h2><span style=\"font-size: 14pt;\">Descripci\u00f3n general del cloruro de itrio en polvo<\/span><\/h2>\n<p><span style=\"color: #0000ff;\"><a style=\"color: #0000ff;\" href=\"https:\/\/ulpmat.com\/es\/buscar\/?type=name&#038;keyword=Yttrium+chloride\">El cloruro de itrio<\/a><\/span><br \/>\nen polvo es un compuesto de itrio de alta pureza ampliamente utilizado en materiales \u00f3pticos, fabricaci\u00f3n de cer\u00e1mica y metalurgia.<\/p>\n<p>Ofrecemos polvos de YCl3 de diversas purezas y tama\u00f1os de part\u00edculas para apoyar la investigaci\u00f3n y las aplicaciones industriales.<span style=\"color: #0000ff;\"><a style=\"color: #0000ff;\" href=\"https:\/\/ulpmat.com\/es\/contacto\/\"> P\u00f3ngase en contacto con nosotros<\/a><\/span><br \/>\npara obtener soluciones personalizadas y <span style=\"color: #0000ff;\"><a style=\"color: #0000ff;\" href=\"https:\/\/ulpmat.com\/es\/servicio\/asistencia-tecnica\/\">asistencia t\u00e9cnica<\/a><\/span><br \/>\n.<\/p>\n<h2><span style=\"font-size: 14pt;\">Caracter\u00edsticas destacadas del producto<\/span><\/h2>\n<p>Alta pureza, bajo contenido de impurezas.<br \/>\nTama\u00f1o de part\u00edcula uniforme y controlable.<br \/>\nBuena estabilidad qu\u00edmica.<br \/>\nF\u00e1cilmente soluble, alta reactividad.<br \/>\nBuena estabilidad t\u00e9rmica.<br \/>\nSuministro a largo plazo, calidad fiable.<br \/>\nEspecificaciones personalizadas disponibles<\/p>\n<h2><span style=\"font-size: 14pt;\">. Aplicaciones del cloruro de itrio en polvo<\/span><\/h2>\n<p>Materiales<br \/>\n<span style=\"color: #0000ff;\"><a style=\"color: #0000ff;\" href=\"https:\/\/ulpmat.com\/es\/solicitud\/materiales-opticos\/\">\u00f3pticos<\/a><\/span><br \/>\n: se utiliza en la preparaci\u00f3n de polvos luminiscentes y cristales l\u00e1ser para mejorar el rendimiento \u00f3ptico.<br \/>\nMateriales cer\u00e1micos: se utiliza en la preparaci\u00f3n de cer\u00e1micas de alto rendimiento para mejorar la resistencia estructural y la resistencia a altas temperaturas.<br \/>\nMetalurgia: se utiliza como fuente de itrio en reacciones qu\u00edmicas organomet\u00e1licas.<br \/>\nPreparaci\u00f3n de catalizadores: se utiliza en la preparaci\u00f3n de soportes catal\u00edticos o materiales catal\u00edticamente activos para mejorar la eficiencia de la reacci\u00f3n.<\/p>\n<p><span style=\"color: #0000ff;\"><a style=\"color: #0000ff;\" href=\"https:\/\/ulpmat.com\/es\/empresa\/preguntas-frecuentes\/\">Preguntas frecuentes<\/a><\/span><br \/>\nP1: \u00bfCu\u00e1l es el rango de pureza del cloruro de itrio en polvo?<br \/>\nR1: Nuestro polvo de YCl3 tiene una pureza superior al 99,9 %, lo que garantiza la estabilidad tanto para aplicaciones industriales como de investigaci\u00f3n.<\/p>\n<p>P2: \u00bfSe puede personalizar el tama\u00f1o de las part\u00edculas del polvo?<br \/>\nR2: S\u00ed, ofrecemos tama\u00f1os de part\u00edculas que van desde micr\u00f3metros hasta nan\u00f3metros para satisfacer diversos requisitos de proceso.<\/p>\n<p>P3: \u00bfC\u00f3mo se debe almacenar el polvo de YCl3?<br \/>\nR3: Debe almacenarse en un entorno seco y sellado, evitando la humedad o el contacto con el agua para mantener el rendimiento del polvo.<\/p>\n<p>P4: \u00bfCu\u00e1l es el formato de envasado del polvo?<br \/>\nR4: Se envasa en bolsas a prueba de humedad o botellas de pl\u00e1stico, reforzadas con cajas de cart\u00f3n para garantizar un transporte seguro.<\/p>\n<h2><span style=\"font-size: 14pt;\">Informes<\/span><\/h2>\n<p>Cada lote se suministra con:<br \/>\n<span style=\"color: #0000ff;\"><a style=\"color: #0000ff;\" href=\"https:\/\/ulpmat.com\/es\/documentos\/certificado-de-analisis\/\"><u>Certificado de an\u00e1lisis (COA)<\/u><\/a><\/span><\/p>\n<p><span style=\"color: #0000ff;\"><a style=\"color: #0000ff;\" href=\"https:\/\/ulpmat.com\/es\/documentos\/ficha-tecnica\/\"><u>Ficha t\u00e9cnica (TDS)<\/u><\/a><\/span><\/p>\n<p><span style=\"color: #0000ff;\"><a style=\"color: #0000ff;\" href=\"https:\/\/ulpmat.com\/es\/documentos\/ficha-de-datos-de-seguridad\/\"><u>Ficha de datos de seguridad (MSDS)<\/u><\/a><\/span><br \/>\nInformes de pruebas de terceros disponibles bajo petici\u00f3n<\/p>\n<h2><span style=\"font-size: 14pt;\">\u00bfPor qu\u00e9 elegirnos?<\/span><\/h2>\n<p>Nos especializamos en la producci\u00f3n de polvo de YCl3 de alta pureza, empleando una rigurosa gesti\u00f3n de la calidad y ofreciendo servicios personalizados para garantizar un rendimiento estable y fiable del polvo, satisfaciendo las necesidades de la investigaci\u00f3n y las aplicaciones industriales.<\/p>\n","protected":false},"excerpt":{"rendered":"<p>Descripci\u00f3n general del cloruro de itrio en polvo El cloruro de itrio en polvo es un compuesto de itrio de alta pureza ampliamente utilizado en materiales \u00f3pticos, fabricaci\u00f3n de cer\u00e1mica y metalurgia. Ofrecemos polvos de YCl3 de diversas purezas y tama\u00f1os de part\u00edculas para apoyar la investigaci\u00f3n y las aplicaciones industriales. P\u00f3ngase en contacto con [&hellip;]<\/p>\n","protected":false},"featured_media":35951,"template":"","meta":{"_acf_changed":false},"product_brand":[132],"product_cat":[331,330],"product_tag":[3928],"class_list":{"0":"post-35950","1":"product","2":"type-product","3":"status-publish","4":"has-post-thumbnail","6":"product_brand-ulpmat","7":"product_cat-materiales-de-tierras-raras","8":"product_cat-materiales-halogenados","9":"product_tag-cloruro-de-itrio-en-polvo","11":"first","12":"instock","13":"shipping-taxable","14":"product-type-variable"},"acf":[],"_links":{"self":[{"href":"https:\/\/ulpmat.com\/es\/wp-json\/wp\/v2\/product\/35950","targetHints":{"allow":["GET"]}}],"collection":[{"href":"https:\/\/ulpmat.com\/es\/wp-json\/wp\/v2\/product"}],"about":[{"href":"https:\/\/ulpmat.com\/es\/wp-json\/wp\/v2\/types\/product"}],"wp:featuredmedia":[{"embeddable":true,"href":"https:\/\/ulpmat.com\/es\/wp-json\/wp\/v2\/media\/35951"}],"wp:attachment":[{"href":"https:\/\/ulpmat.com\/es\/wp-json\/wp\/v2\/media?parent=35950"}],"wp:term":[{"taxonomy":"product_brand","embeddable":true,"href":"https:\/\/ulpmat.com\/es\/wp-json\/wp\/v2\/product_brand?post=35950"},{"taxonomy":"product_cat","embeddable":true,"href":"https:\/\/ulpmat.com\/es\/wp-json\/wp\/v2\/product_cat?post=35950"},{"taxonomy":"product_tag","embeddable":true,"href":"https:\/\/ulpmat.com\/es\/wp-json\/wp\/v2\/product_tag?post=35950"}],"curies":[{"name":"wp","href":"https:\/\/api.w.org\/{rel}","templated":true}]}}