{"id":35871,"date":"2025-12-03T11:12:08","date_gmt":"2025-12-03T03:12:08","guid":{"rendered":"https:\/\/ulpmat.com\/product\/fluoruro-de-itrio\/"},"modified":"2025-12-03T11:12:08","modified_gmt":"2025-12-03T03:12:08","slug":"fluoruro-de-itrio","status":"publish","type":"product","link":"https:\/\/ulpmat.com\/es\/producto\/fluoruro-de-itrio\/","title":{"rendered":"Fluoruro de itrio"},"content":{"rendered":"<h2><span style=\"font-size: 14pt;\">Descripci\u00f3n general del polvo de fluoruro de itrio<\/span><\/h2>\n<p>El polvo<br \/>\n<span style=\"color: #0000ff;\"><a style=\"color: #0000ff;\" href=\"https:\/\/ulpmat.com\/es\/buscar\/?type=name&#038;keyword=Yttrium+Fluoride\">de fluoruro de itrio<\/a><\/span><br \/>\nes un material de fluoruro de itrio de alta pureza ampliamente utilizado en la fabricaci\u00f3n de materiales \u00f3pticos, cristales l\u00e1ser y cer\u00e1micas.<\/p>\n<p>Ofrecemos polvo de fluoruro de itrio en varios tama\u00f1os de part\u00edculas y grados de pureza para satisfacer las necesidades industriales y de investigaci\u00f3n. <span style=\"color: #0000ff;\"><a style=\"color: #0000ff;\" href=\"https:\/\/ulpmat.com\/es\/contacto\/\">P\u00f3ngase en contacto con nosotros<\/a><\/span><br \/>\npara obtener soluciones personalizadas.<\/p>\n<h2><span style=\"font-size: 14pt;\">Caracter\u00edsticas destacadas del producto<\/span><\/h2>\n<p>Alta pureza, bajo contenido de impurezas<br \/>\nTama\u00f1o de part\u00edcula uniforme y controlable<br \/>\nExcelente estabilidad t\u00e9rmica<br \/>\nQu\u00edmicamente estable<br \/>\nF\u00e1cil de procesar en materiales \u00f3pticos o cer\u00e1micos<br \/>\nSuministro a largo plazo, calidad fiable<br \/>\nEmbalaje y especificaciones personalizables disponibles<\/p>\n<h2><span style=\"font-size: 14pt;\">Aplicaciones del polvo de fluoruro de itrio<\/span><\/h2>\n<p>Materiales<br \/>\n<span style=\"color: #0000ff;\"><a style=\"color: #0000ff;\" href=\"https:\/\/ulpmat.com\/es\/solicitud\/materiales-opticos\/\">\u00f3pticos<\/a><\/span><br \/>\n: se utiliza en la preparaci\u00f3n de cer\u00e1micas \u00f3pticas de alto rendimiento y ventanas transmisoras de luz.<br \/>\nCristales l\u00e1ser: se utiliza como materia prima para l\u00e1seres, mejorando el rendimiento y la estabilidad del l\u00e1ser.<br \/>\nFabricaci\u00f3n de cer\u00e1mica: se utiliza en materiales cer\u00e1micos de alta temperatura para mejorar la resistencia estructural y la resistencia al calor.<br \/>\nInvestigaci\u00f3n cient\u00edfica: proporciona materias primas en polvo de alta pureza, estables y fiables para la investigaci\u00f3n y el desarrollo de materiales \u00f3pticos y cer\u00e1micos.<\/p>\n<h2><span style=\"color: #0000ff;\"><a style=\"color: #0000ff;\" href=\"https:\/\/ulpmat.com\/es\/empresa\/preguntas-frecuentes\/\"><span style=\"font-size: 14pt;\">Preguntas frecuentes<\/span><\/a><\/span><\/h2>\n<p>P1: \u00bfCu\u00e1l es la pureza del polvo de fluoruro de itrio?<br \/>\nR1: La pureza de nuestro polvo alcanza m\u00e1s del 99,9 %, lo que garantiza un rendimiento estable para aplicaciones industriales y de investigaci\u00f3n.<\/p>\n<p>P2: \u00bfSe puede personalizar el tama\u00f1o de las part\u00edculas del polvo?<br \/>\nR2: S\u00ed, ofrecemos varios tama\u00f1os de part\u00edculas para satisfacer diferentes requisitos de proceso.<\/p>\n<p>P3: \u00bfC\u00f3mo se debe almacenar el polvo de fluoruro de itrio?<br \/>\nR3: Debe almacenarse en un entorno seco, fresco y sellado, evitando la humedad y la luz para mantener el rendimiento del polvo.<\/p>\n<p>P4: \u00bfCu\u00e1les son las opciones de envasado del polvo?<br \/>\nR4: Normalmente se transporta en bolsas a prueba de humedad o botellas de pl\u00e1stico, complementadas con cajas de cart\u00f3n reforzadas para garantizar la integridad del polvo.<\/p>\n<h2><span style=\"font-size: 14pt;\">Informes<\/span><\/h2>\n<p>Cada lote se suministra con:<br \/>\n<span style=\"color: #0000ff;\"><a style=\"color: #0000ff;\" href=\"https:\/\/ulpmat.com\/es\/documentos\/certificado-de-analisis\/\"><u>Certificado de an\u00e1lisis (COA)<\/u><\/a><\/span><\/p>\n<p><span style=\"color: #0000ff;\"><a style=\"color: #0000ff;\" href=\"https:\/\/ulpmat.com\/es\/documentos\/ficha-tecnica\/\"><u>Ficha t\u00e9cnica (TDS)<\/u><\/a><\/span><\/p>\n<p><a href=\"https:\/\/ulpmat.com\/es\/documentos\/ficha-de-datos-de-seguridad\/\"><u><span style=\"color: #0000ff;\">Ficha de datos de seguridad (MSDS)<\/span><\/u><\/a><br \/>\nInformes de pruebas de terceros disponibles bajo petici\u00f3n<\/p>\n<h2><span style=\"font-size: 14pt;\">\u00bfPor qu\u00e9 elegirnos?<\/span><\/h2>\n<p>Nos especializamos en la producci\u00f3n de polvo de fluoruro de itrio de alta pureza, con una estricta gesti\u00f3n de la calidad y servicios personalizados para garantizar un rendimiento estable y fiable del polvo para aplicaciones industriales y de investigaci\u00f3n.<\/p>\n","protected":false},"excerpt":{"rendered":"<p>Descripci\u00f3n general del polvo de fluoruro de itrio El polvo de fluoruro de itrio es un material de fluoruro de itrio de alta pureza ampliamente utilizado en la fabricaci\u00f3n de materiales \u00f3pticos, cristales l\u00e1ser y cer\u00e1micas. Ofrecemos polvo de fluoruro de itrio en varios tama\u00f1os de part\u00edculas y grados de pureza para satisfacer las necesidades [&hellip;]<\/p>\n","protected":false},"featured_media":35872,"template":"","meta":{"_acf_changed":false},"product_brand":[132],"product_cat":[331,330],"product_tag":[3910],"class_list":{"0":"post-35871","1":"product","2":"type-product","3":"status-publish","4":"has-post-thumbnail","6":"product_brand-ulpmat","7":"product_cat-materiales-de-tierras-raras","8":"product_cat-materiales-halogenados","9":"product_tag-fluoruro-de-itrio-en-polvo","11":"first","12":"instock","13":"shipping-taxable","14":"product-type-variable"},"acf":[],"_links":{"self":[{"href":"https:\/\/ulpmat.com\/es\/wp-json\/wp\/v2\/product\/35871","targetHints":{"allow":["GET"]}}],"collection":[{"href":"https:\/\/ulpmat.com\/es\/wp-json\/wp\/v2\/product"}],"about":[{"href":"https:\/\/ulpmat.com\/es\/wp-json\/wp\/v2\/types\/product"}],"wp:featuredmedia":[{"embeddable":true,"href":"https:\/\/ulpmat.com\/es\/wp-json\/wp\/v2\/media\/35872"}],"wp:attachment":[{"href":"https:\/\/ulpmat.com\/es\/wp-json\/wp\/v2\/media?parent=35871"}],"wp:term":[{"taxonomy":"product_brand","embeddable":true,"href":"https:\/\/ulpmat.com\/es\/wp-json\/wp\/v2\/product_brand?post=35871"},{"taxonomy":"product_cat","embeddable":true,"href":"https:\/\/ulpmat.com\/es\/wp-json\/wp\/v2\/product_cat?post=35871"},{"taxonomy":"product_tag","embeddable":true,"href":"https:\/\/ulpmat.com\/es\/wp-json\/wp\/v2\/product_tag?post=35871"}],"curies":[{"name":"wp","href":"https:\/\/api.w.org\/{rel}","templated":true}]}}