{"id":35787,"date":"2025-12-03T11:12:09","date_gmt":"2025-12-03T03:12:09","guid":{"rendered":"https:\/\/ulpmat.com\/product\/vanadato-de-itrio\/"},"modified":"2025-12-03T11:12:09","modified_gmt":"2025-12-03T03:12:09","slug":"vanadato-de-itrio","status":"publish","type":"product","link":"https:\/\/ulpmat.com\/es\/producto\/vanadato-de-itrio\/","title":{"rendered":"Vanadato de itrio"},"content":{"rendered":"<h2><span style=\"font-size: 14pt;\">Descripci\u00f3n general del polvo de vanadato de itrio<\/span><\/h2>\n<p>El polvo<br \/>\n<span style=\"color: #0000ff;\"><a style=\"color: #0000ff;\" href=\"https:\/\/ulpmat.com\/es\/buscar\/?type=name&#038;keyword=Yttrium+vanadate\">de vanadato de itrio<\/a><\/span><br \/>\nes un material de vanadato de itrio de alta pureza ampliamente utilizado en la preparaci\u00f3n de cristales l\u00e1ser, cer\u00e1micas \u00f3pticas y materiales fluorescentes.<\/p>\n<p>Ofrecemos polvos de YVO4 de diversos tama\u00f1os de part\u00edcula y purezas para satisfacer las necesidades de la investigaci\u00f3n cient\u00edfica y la preparaci\u00f3n industrial. P\u00f3ngase <span style=\"color: #0000ff;\"><a style=\"color: #0000ff;\" href=\"https:\/\/ulpmat.com\/es\/contacto\/\">en contacto con nosotros<\/a><\/span><br \/>\npara obtener soluciones personalizadas.<\/p>\n<h2><span style=\"font-size: 14pt;\">Caracter\u00edsticas destacadas del producto<\/span><\/h2>\n<p>Alta pureza, bajo contenido de impurezas<br \/>\nTama\u00f1o de part\u00edcula uniforme y controlable<br \/>\nExcelente estabilidad t\u00e9rmica<br \/>\nQu\u00edmicamente estable<br \/>\nF\u00e1cil de procesar en materiales \u00f3pticos y cer\u00e1micos<br \/>\nSuministro a largo plazo, calidad fiable<br \/>\nEmbalaje y especificaciones personalizables disponibles<\/p>\n<h2><span style=\"font-size: 14pt;\">Aplicaciones del polvo de vanadato de itrio<\/span><\/h2>\n<p>Cristales l\u00e1ser: se utiliza en la fabricaci\u00f3n de l\u00e1seres para mejorar la eficiencia y la estabilidad de la salida. Cer\u00e1mica<br \/>\n<span style=\"color: #0000ff;\"><a style=\"color: #0000ff;\" href=\"https:\/\/ulpmat.com\/es\/solicitud\/materiales-opticos\/\">\u00f3ptica<\/a><\/span><br \/>\n: se utiliza en cer\u00e1mica \u00f3ptica de alto rendimiento para mejorar la transmitancia y la uniformidad.<br \/>\nMateriales fluorescentes: se utiliza para preparar f\u00f3sforos de alto brillo, mejorando la intensidad luminosa.<br \/>\nMateriales para investigaci\u00f3n cient\u00edfica: proporciona materias primas de alta pureza para la investigaci\u00f3n y el desarrollo de materiales \u00f3pticos y cer\u00e1micos.<\/p>\n<h2><span style=\"color: #0000ff;\"><a style=\"color: #0000ff;\" href=\"https:\/\/ulpmat.com\/es\/empresa\/preguntas-frecuentes\/\"><span style=\"font-size: 14pt;\">Preguntas frecuentes<\/span><\/a><\/span><\/h2>\n<p>P1: \u00bfCu\u00e1l es el rango de pureza del polvo de YVO4?<br \/>\nR1: La pureza de nuestro polvo puede alcanzar m\u00e1s del 99,9 %, lo que garantiza un rendimiento estable para la investigaci\u00f3n cient\u00edfica y las aplicaciones industriales.<\/p>\n<p>P2: \u00bfSe puede ajustar el tama\u00f1o de las part\u00edculas del polvo?<br \/>\nR2: Podemos proporcionar varios tama\u00f1os de part\u00edculas para satisfacer diferentes requisitos de proceso.<\/p>\n<p>P3: \u00bfC\u00f3mo se debe almacenar el polvo de YVO4?<br \/>\nR3: Debe almacenarse en un entorno seco, fresco y sellado, evitando la humedad, la luz y las altas temperaturas para mantener el rendimiento del polvo.<\/p>\n<p>P4: \u00bfCu\u00e1les son las opciones de envasado del polvo?<br \/>\nR4: Se envasa normalmente en bolsas a prueba de humedad o botellas de pl\u00e1stico, complementadas con cajas de cart\u00f3n reforzadas para el transporte, a fin de garantizar que el polvo permanezca intacto.<\/p>\n<h2><span style=\"font-size: 14pt;\">Informes<\/span><\/h2>\n<p>Cada lote se suministra con:<br \/>\n<span style=\"color: #0000ff;\"><a style=\"color: #0000ff;\" href=\"https:\/\/ulpmat.com\/es\/documentos\/certificado-de-analisis\/\"><u>Certificado de an\u00e1lisis (COA)<\/u><\/a><\/span><\/p>\n<p><span style=\"color: #0000ff;\"><a style=\"color: #0000ff;\" href=\"https:\/\/ulpmat.com\/es\/documentos\/ficha-tecnica\/\"><u>Ficha t\u00e9cnica (TDS)<\/u><\/a><\/span><\/p>\n<p><span style=\"color: #0000ff;\"><a style=\"color: #0000ff;\" href=\"https:\/\/ulpmat.com\/es\/documentos\/ficha-de-datos-de-seguridad\/\"><u>Ficha de datos de seguridad (MSDS)<\/u><\/a><\/span><br \/>\nInformes de pruebas de terceros disponibles bajo petici\u00f3n<\/p>\n<h2><span style=\"font-size: 14pt;\">\u00bfPor qu\u00e9 elegirnos?<\/span><\/h2>\n<p>Nos especializamos en la producci\u00f3n de polvo de YVO4 de alta pureza, con una estricta gesti\u00f3n de la calidad y servicios personalizados para garantizar un rendimiento estable y fiable del polvo, satisfaciendo las necesidades de la investigaci\u00f3n cient\u00edfica y las aplicaciones industriales.<\/p>\n","protected":false},"excerpt":{"rendered":"<p>Descripci\u00f3n general del polvo de vanadato de itrio El polvo de vanadato de itrio es un material de vanadato de itrio de alta pureza ampliamente utilizado en la preparaci\u00f3n de cristales l\u00e1ser, cer\u00e1micas \u00f3pticas y materiales fluorescentes. Ofrecemos polvos de YVO4 de diversos tama\u00f1os de part\u00edcula y purezas para satisfacer las necesidades de la investigaci\u00f3n [&hellip;]<\/p>\n","protected":false},"featured_media":35789,"template":"","meta":{"_acf_changed":false},"product_brand":[132],"product_cat":[331],"product_tag":[3886],"class_list":{"0":"post-35787","1":"product","2":"type-product","3":"status-publish","4":"has-post-thumbnail","6":"product_brand-ulpmat","7":"product_cat-materiales-de-tierras-raras","8":"product_tag-vanadato-de-itrio-en-polvo","10":"first","11":"instock","12":"shipping-taxable","13":"product-type-variable"},"acf":[],"_links":{"self":[{"href":"https:\/\/ulpmat.com\/es\/wp-json\/wp\/v2\/product\/35787","targetHints":{"allow":["GET"]}}],"collection":[{"href":"https:\/\/ulpmat.com\/es\/wp-json\/wp\/v2\/product"}],"about":[{"href":"https:\/\/ulpmat.com\/es\/wp-json\/wp\/v2\/types\/product"}],"wp:featuredmedia":[{"embeddable":true,"href":"https:\/\/ulpmat.com\/es\/wp-json\/wp\/v2\/media\/35789"}],"wp:attachment":[{"href":"https:\/\/ulpmat.com\/es\/wp-json\/wp\/v2\/media?parent=35787"}],"wp:term":[{"taxonomy":"product_brand","embeddable":true,"href":"https:\/\/ulpmat.com\/es\/wp-json\/wp\/v2\/product_brand?post=35787"},{"taxonomy":"product_cat","embeddable":true,"href":"https:\/\/ulpmat.com\/es\/wp-json\/wp\/v2\/product_cat?post=35787"},{"taxonomy":"product_tag","embeddable":true,"href":"https:\/\/ulpmat.com\/es\/wp-json\/wp\/v2\/product_tag?post=35787"}],"curies":[{"name":"wp","href":"https:\/\/api.w.org\/{rel}","templated":true}]}}