{"id":35525,"date":"2025-12-03T11:12:12","date_gmt":"2025-12-03T03:12:12","guid":{"rendered":"https:\/\/ulpmat.com\/product\/hidroxido-de-estroncio-octahidrato\/"},"modified":"2025-12-03T11:12:12","modified_gmt":"2025-12-03T03:12:12","slug":"hidroxido-de-estroncio-octahidrato","status":"publish","type":"product","link":"https:\/\/ulpmat.com\/es\/producto\/hidroxido-de-estroncio-octahidrato\/","title":{"rendered":"Hidr\u00f3xido de estroncio octahidrato"},"content":{"rendered":"<h2><span style=\"font-size: 14pt;\">Descripci\u00f3n general del polvo de hidr\u00f3xido de estroncio octahidratado<\/span><\/h2>\n<p>El polvo<br \/>\n<span style=\"color: #0000ff;\"><a style=\"color: #0000ff;\" href=\"https:\/\/ulpmat.com\/es\/buscar\/?type=name&#038;keyword=Strontium+hydroxide\">de hidr\u00f3xido de estroncio<\/a><\/span><br \/>\noctahidratado se utiliza habitualmente en s\u00edntesis qu\u00edmicas, preparaci\u00f3n de materiales y aplicaciones de reactivos anal\u00edticos, y es una materia prima clave en la qu\u00edmica inorg\u00e1nica b\u00e1sica.<\/p>\n<p>Ofrecemos polvo de Sr(OH)\u2082\u00b78H\u2082O en varios tama\u00f1os de part\u00edculas y grados, adecuado para la investigaci\u00f3n en laboratorio, la producci\u00f3n de productos qu\u00edmicos finos y el desarrollo de formulaciones de materiales. Nuestros productos se someten a rigurosos controles y envasados para garantizar una pureza estable y una buena solubilidad. Las especificaciones se pueden ajustar para satisfacer necesidades espec\u00edficas. P\u00f3ngase <span style=\"color: #0000ff;\"><a style=\"color: #0000ff;\" href=\"https:\/\/ulpmat.com\/es\/contacto\/\">en contacto con nosotro<\/a><\/span><br \/>\ns si necesita datos t\u00e9cnicos.<\/p>\n<h2><span style=\"font-size: 14pt;\">Caracter\u00edsticas destacadas del producto<\/span><\/h2>\n<p>Alto nivel de pureza.<br \/>\nTama\u00f1o de part\u00edcula uniforme.<br \/>\nBaja higroscopicidad.<br \/>\nBuena solubilidad en agua.<br \/>\nAlta reactividad.<br \/>\nCompatible con m\u00faltiples sistemas inorg\u00e1nicos.<br \/>\nEmbalaje personalizado disponible<\/p>\n<h2><span style=\"font-size: 14pt;\">. Aplicaciones del polvo de hidr\u00f3xido de estroncio octahidratado<\/span><\/h2>\n<p>Se utiliza en la formulaci\u00f3n de materias primas qu\u00edmicas finas, proporcionando una fuente estable de componentes alcalinos.<br \/>\nSe utiliza en la preparaci\u00f3n de sales met\u00e1licas, mejorando la eficiencia de la reacci\u00f3n de la soluci\u00f3n.<br \/>\nSe utiliza en la s\u00edntesis de precursores en la investigaci\u00f3n de materiales, garantizando la pureza de la reacci\u00f3n.<br \/>\nSe utiliza en procesos anal\u00edticos de laboratorio como reactivo qu\u00edmico fiable.<\/p>\n<h2><span style=\"color: #0000ff;\"><a style=\"color: #0000ff;\" href=\"https:\/\/ulpmat.com\/es\/empresa\/preguntas-frecuentes\/\"><span style=\"font-size: 14pt;\">Preguntas frecuentes<\/span><\/a><\/span><\/h2>\n<p>P1: \u00bfEl hidr\u00f3xido de estroncio octahidratado en polvo es higrosc\u00f3pico?<br \/>\nR1: Este compuesto es higrosc\u00f3pico. Por lo general, se recomienda almacenarlo en condiciones secas y selladas para mantener su estabilidad.<\/p>\n<p>P2: \u00bfCambia el pH cuando el hidr\u00f3xido de estroncio octahidratado se disuelve en agua?<br \/>\nR2: Formar\u00e1 una soluci\u00f3n alcalina despu\u00e9s de la disoluci\u00f3n y se utiliza com\u00fanmente para ajustar la alcalinidad de un sistema.<\/p>\n<p>P3: \u00bfEste producto requiere protecci\u00f3n especial durante el transporte?<br \/>\nR3: Por lo general, requiere un embalaje sellado con un desecante para evitar la absorci\u00f3n de humedad, lo que podr\u00eda provocar aglutinamiento o cambios en las propiedades.<\/p>\n<p>P4: \u00bfPara qu\u00e9 sistemas de formulaci\u00f3n es adecuado el polvo?<br \/>\nR4: Se puede utilizar para la preparaci\u00f3n de sales inorg\u00e1nicas, sistemas precursores de cer\u00e1mica, preparaci\u00f3n de soluciones de laboratorio y algunos procesos qu\u00edmicos finos.<\/p>\n<h2><span style=\"font-size: 14pt;\">Informes<\/span><\/h2>\n<p>Cada lote se suministra con:<br \/>\n<span style=\"color: #0000ff;\"><a style=\"color: #0000ff;\" href=\"https:\/\/ulpmat.com\/es\/documentos\/certificado-de-analisis\/\"><u>Certificado de an\u00e1lisis (COA)<\/u><\/a><\/span><\/p>\n<p><span style=\"color: #0000ff;\"><a style=\"color: #0000ff;\" href=\"https:\/\/ulpmat.com\/es\/documentos\/ficha-tecnica\/\"><u>Ficha t\u00e9cnica (TDS)<\/u><\/a><\/span><\/p>\n<p><span style=\"color: #0000ff;\"><a style=\"color: #0000ff;\" href=\"https:\/\/ulpmat.com\/es\/documentos\/ficha-de-datos-de-seguridad\/\"><u>Ficha de datos de seguridad (MSDS)<\/u><\/a><\/span><br \/>\nInformes de pruebas de terceros disponibles bajo petici\u00f3n<\/p>\n<h2><span style=\"font-size: 14pt;\">\u00bfPor qu\u00e9 elegirnos?<\/span><\/h2>\n<p>Ofrecemos una calidad estable, asistencia profesional y soluciones flexibles para garantizar que sus procesos de I+D o producci\u00f3n sean fluidos y fiables.<\/p>\n","protected":false},"excerpt":{"rendered":"<p>Descripci\u00f3n general del polvo de hidr\u00f3xido de estroncio octahidratado El polvo de hidr\u00f3xido de estroncio octahidratado se utiliza habitualmente en s\u00edntesis qu\u00edmicas, preparaci\u00f3n de materiales y aplicaciones de reactivos anal\u00edticos, y es una materia prima clave en la qu\u00edmica inorg\u00e1nica b\u00e1sica. Ofrecemos polvo de Sr(OH)\u2082\u00b78H\u2082O en varios tama\u00f1os de part\u00edculas y grados, adecuado para la [&hellip;]<\/p>\n","protected":false},"featured_media":35526,"template":"","meta":{"_acf_changed":false},"product_brand":[132],"product_cat":[438],"product_tag":[3850],"class_list":{"0":"post-35525","1":"product","2":"type-product","3":"status-publish","4":"has-post-thumbnail","6":"product_brand-ulpmat","7":"product_cat-oxidos","8":"product_tag-hidroxido-de-estroncio-octahidratado-polvo","10":"first","11":"instock","12":"shipping-taxable","13":"product-type-variable"},"acf":[],"_links":{"self":[{"href":"https:\/\/ulpmat.com\/es\/wp-json\/wp\/v2\/product\/35525","targetHints":{"allow":["GET"]}}],"collection":[{"href":"https:\/\/ulpmat.com\/es\/wp-json\/wp\/v2\/product"}],"about":[{"href":"https:\/\/ulpmat.com\/es\/wp-json\/wp\/v2\/types\/product"}],"wp:featuredmedia":[{"embeddable":true,"href":"https:\/\/ulpmat.com\/es\/wp-json\/wp\/v2\/media\/35526"}],"wp:attachment":[{"href":"https:\/\/ulpmat.com\/es\/wp-json\/wp\/v2\/media?parent=35525"}],"wp:term":[{"taxonomy":"product_brand","embeddable":true,"href":"https:\/\/ulpmat.com\/es\/wp-json\/wp\/v2\/product_brand?post=35525"},{"taxonomy":"product_cat","embeddable":true,"href":"https:\/\/ulpmat.com\/es\/wp-json\/wp\/v2\/product_cat?post=35525"},{"taxonomy":"product_tag","embeddable":true,"href":"https:\/\/ulpmat.com\/es\/wp-json\/wp\/v2\/product_tag?post=35525"}],"curies":[{"name":"wp","href":"https:\/\/api.w.org\/{rel}","templated":true}]}}