{"id":35483,"date":"2025-12-03T11:12:12","date_gmt":"2025-12-03T03:12:12","guid":{"rendered":"https:\/\/ulpmat.com\/product\/vanadato-de-estroncio-3\/"},"modified":"2025-12-03T11:12:12","modified_gmt":"2025-12-03T03:12:12","slug":"vanadato-de-estroncio-3","status":"publish","type":"product","link":"https:\/\/ulpmat.com\/es\/producto\/vanadato-de-estroncio-3\/","title":{"rendered":"Vanadato de estroncio"},"content":{"rendered":"<h2><span style=\"font-size: 14pt;\">Descripci\u00f3n general del polvo de vanadato de estroncio<\/span><\/h2>\n<p>El polvo<br \/>\n<span style=\"color: #0000ff;\"><a style=\"color: #0000ff;\" href=\"https:\/\/ulpmat.com\/es\/buscar\/?type=name&#038;keyword=Strontium+vanadate\">de vanadato de estroncio<\/a><\/span><br \/>\nes una materia prima fundamental para materiales optoelectr\u00f3nicos, cer\u00e1micas funcionales y sistemas catal\u00edticos, y desempe\u00f1a un papel clave en la investigaci\u00f3n de diversos materiales avanzados.<\/p>\n<p>Ofrecemos una variedad de especificaciones de polvo de vanadato de estroncio, incluyendo diferentes purezas y tama\u00f1os de part\u00edculas, para satisfacer las necesidades desde el desarrollo en laboratorio hasta la verificaci\u00f3n industrial. Cada lote se somete a un riguroso control de calidad para garantizar una composici\u00f3n estable y una buena dispersabilidad. P\u00f3ngase<span style=\"color: #0000ff;\"><a style=\"color: #0000ff;\" href=\"https:\/\/ulpmat.com\/es\/contacto\/\"> en contacto con nosotros<\/a><\/span><br \/>\nen cualquier momento para conocer los precios m\u00e1s recientes.<\/p>\n<h2><span style=\"font-size: 14pt;\">Caracter\u00edsticas destacadas del producto<\/span><\/h2>\n<p>Excelente estabilidad qu\u00edmica.<br \/>\nGran compatibilidad con materiales optoelectr\u00f3nicos.<br \/>\nTama\u00f1o de part\u00edcula uniforme y f\u00e1cil dispersi\u00f3n.<br \/>\nAdecuado para diversos reg\u00edmenes de sinterizaci\u00f3n.<br \/>\nPureza fiable y bajo contenido de impurezas.<br \/>\nPersonalizable seg\u00fan los requisitos del proyecto<\/p>\n<h2><span style=\"font-size: 14pt;\">. Aplicaciones del polvo de vanadato de estroncio<\/span><\/h2>\n<p>Se utiliza en la s\u00edntesis de materiales funcionales optoelectr\u00f3nicos para mejorar su rendimiento de respuesta \u00f3ptica.<br \/>\nSe utiliza en formulaciones cer\u00e1micas para mejorar la densidad de sinterizaci\u00f3n y la estabilidad estructural.<br \/>\nSe utiliza en el desarrollo de materiales catal\u00edticos para mejorar la actividad y la selectividad de las reacciones catal\u00edticas.<br \/>\nSe utiliza en la investigaci\u00f3n de la preparaci\u00f3n de materiales de pel\u00edcula delgada como polvo base para sistemas de \u00f3xidos multicomponentes.<\/p>\n<h2><span style=\"color: #0000ff;\"><a style=\"color: #0000ff;\" href=\"https:\/\/ulpmat.com\/es\/empresa\/preguntas-frecuentes\/\"><span style=\"font-size: 14pt;\">Preguntas frecuentes<\/span><\/a><\/span><\/h2>\n<p>P1: \u00bfEl cambio de color del polvo de vanadato de estroncio indica un defecto en la calidad del producto?<br \/>\nR1: Las ligeras diferencias de color suelen ser variaciones \u00f3pticas normales entre lotes. Solo los cambios de color significativos requieren una comprobaci\u00f3n de impurezas u oxidaci\u00f3n.<\/p>\n<p>P2: \u00bfQu\u00e9 estabilidad tiene el polvo en los materiales \u00f3pticos?<br \/>\nR2: Su estructura mantiene una buena estabilidad en condiciones de luz, por lo que se utiliza habitualmente en la investigaci\u00f3n de diversos materiales funcionales \u00f3pticos.<\/p>\n<p>P3: \u00bfSe puede utilizar este polvo en procesos sol-gel?<br \/>\nR3: S\u00ed, el polvo tiene una buena compatibilidad de reactividad qu\u00edmica y es adecuado para rutas de s\u00edntesis sol-gel.<\/p>\n<p>P4: \u00bfSe pueden proporcionar muestras para su evaluaci\u00f3n antes de la compra?<br \/>\nR4: Se pueden proporcionar muestras de lotes peque\u00f1os para pruebas de formulaci\u00f3n o validaci\u00f3n de procesos, con el fin de garantizar que el material se adapta a las necesidades de su proyecto.<\/p>\n<h2><span style=\"font-size: 14pt;\">Informes<\/span><\/h2>\n<p>Cada lote se suministra con:<br \/>\n<span style=\"color: #0000ff;\"><a style=\"color: #0000ff;\" href=\"https:\/\/ulpmat.com\/es\/documentos\/certificado-de-analisis\/\"><u>Certificado de an\u00e1lisis (COA)<\/u><\/a><\/span><\/p>\n<p><span style=\"color: #0000ff;\"><a style=\"color: #0000ff;\" href=\"https:\/\/ulpmat.com\/es\/documentos\/ficha-tecnica\/\"><u>Ficha t\u00e9cnica (TDS)<\/u><\/a><\/span><\/p>\n<p><span style=\"color: #0000ff;\"><a style=\"color: #0000ff;\" href=\"https:\/\/ulpmat.com\/es\/documentos\/ficha-de-datos-de-seguridad\/\"><u>Ficha de datos de seguridad (MSDS)<\/u><\/a><\/span><br \/>\nInformes de pruebas de terceros disponibles bajo petici\u00f3n<\/p>\n<h2><span style=\"font-size: 14pt;\">\u00bfPor qu\u00e9 elegirnos?<\/span><\/h2>\n<p>Somos especialistas en materiales inorg\u00e1nicos en polvo y ofrecemos a los usuarios una calidad de producto estable, especificaciones flexibles, asistencia t\u00e9cnica r\u00e1pida y servicios log\u00edsticos fiables. Gracias a nuestro riguroso sistema de control de calidad y a nuestra amplia experiencia en materiales, podemos ofrecer un suministro de materiales estable a largo plazo y asistencia profesional para su I+D y producci\u00f3n.<\/p>\n","protected":false},"excerpt":{"rendered":"<p>Descripci\u00f3n general del polvo de vanadato de estroncio El polvo de vanadato de estroncio es una materia prima fundamental para materiales optoelectr\u00f3nicos, cer\u00e1micas funcionales y sistemas catal\u00edticos, y desempe\u00f1a un papel clave en la investigaci\u00f3n de diversos materiales avanzados. Ofrecemos una variedad de especificaciones de polvo de vanadato de estroncio, incluyendo diferentes purezas y tama\u00f1os [&hellip;]<\/p>\n","protected":false},"featured_media":35484,"template":"","meta":{"_acf_changed":false},"product_brand":[132],"product_cat":[1189],"product_tag":[3838],"class_list":{"0":"post-35483","1":"product","2":"type-product","3":"status-publish","4":"has-post-thumbnail","6":"product_brand-ulpmat","7":"product_cat-otros-acidos","8":"product_tag-vanadato-de-estroncio-en-polvo","10":"first","11":"instock","12":"shipping-taxable","13":"product-type-variable"},"acf":[],"_links":{"self":[{"href":"https:\/\/ulpmat.com\/es\/wp-json\/wp\/v2\/product\/35483","targetHints":{"allow":["GET"]}}],"collection":[{"href":"https:\/\/ulpmat.com\/es\/wp-json\/wp\/v2\/product"}],"about":[{"href":"https:\/\/ulpmat.com\/es\/wp-json\/wp\/v2\/types\/product"}],"wp:featuredmedia":[{"embeddable":true,"href":"https:\/\/ulpmat.com\/es\/wp-json\/wp\/v2\/media\/35484"}],"wp:attachment":[{"href":"https:\/\/ulpmat.com\/es\/wp-json\/wp\/v2\/media?parent=35483"}],"wp:term":[{"taxonomy":"product_brand","embeddable":true,"href":"https:\/\/ulpmat.com\/es\/wp-json\/wp\/v2\/product_brand?post=35483"},{"taxonomy":"product_cat","embeddable":true,"href":"https:\/\/ulpmat.com\/es\/wp-json\/wp\/v2\/product_cat?post=35483"},{"taxonomy":"product_tag","embeddable":true,"href":"https:\/\/ulpmat.com\/es\/wp-json\/wp\/v2\/product_tag?post=35483"}],"curies":[{"name":"wp","href":"https:\/\/api.w.org\/{rel}","templated":true}]}}