{"id":35433,"date":"2025-12-03T11:12:15","date_gmt":"2025-12-03T03:12:15","guid":{"rendered":"https:\/\/ulpmat.com\/product\/aluminato-de-estroncio-oxido-de-estroncio-y-aluminio-4\/"},"modified":"2025-12-03T11:12:15","modified_gmt":"2025-12-03T03:12:15","slug":"aluminato-de-estroncio-oxido-de-estroncio-y-aluminio-4","status":"publish","type":"product","link":"https:\/\/ulpmat.com\/es\/producto\/aluminato-de-estroncio-oxido-de-estroncio-y-aluminio-4\/","title":{"rendered":"Aluminato de estroncio (\u00f3xido de estroncio y aluminio)"},"content":{"rendered":"<h2><span style=\"font-size: 14pt;\">Objetivos de pulverizaci\u00f3n de \u00f3xido de aluminio y estroncio Descripci\u00f3n general<\/span><\/h2>\n<p>Los objetivos de pulverizaci\u00f3n<br \/>\n<span style=\"color: #0000ff;\"><a style=\"color: #0000ff;\" href=\"https:\/\/ulpmat.com\/es\/buscar\/?type=name&#038;keyword=Strontium+Aluminum+Oxide\">de \u00f3xido de aluminio y estroncio<\/a><\/span><br \/>\nson materiales funcionales que se utilizan para preparar pel\u00edculas delgadas de \u00f3xido altamente transparentes y estables, que se aplican com\u00fanmente en pel\u00edculas delgadas optoelectr\u00f3nicas, capas aislantes e investigaci\u00f3n de materiales novedosos.<\/p>\n<p>Ofrecemos blancos de pulverizaci\u00f3n de Sr3Al2O6 de alta pureza y alta densidad, que admiten la personalizaci\u00f3n en m\u00faltiples tama\u00f1os y formas. Cada lote de material se somete a rigurosos procesos de sinterizaci\u00f3n y prueba para garantizar una descarga estable, un consumo uniforme del material y una buena adhesi\u00f3n durante la deposici\u00f3n de la pel\u00edcula. Para par\u00e1metros personalizados, p\u00f3ngase <span style=\"color: #0000ff;\"><a style=\"color: #0000ff;\" href=\"https:\/\/ulpmat.com\/es\/contacto\/\">en contacto con nosotros<\/a><\/span><br \/>\nen cualquier momento.<\/p>\n<h2><span style=\"font-size: 14pt;\">Caracter\u00edsticas destacadas del producto<\/span><\/h2>\n<p>Preparaci\u00f3n de polvo de alta pureza<br \/>\nAlta densidad, estructura uniforme<br \/>\nTasa de deposici\u00f3n estable, excelente uniformidad de la pel\u00edcula<br \/>\nProcesamiento no est\u00e1ndar seg\u00fan planos<br \/>\nFuerte estabilidad t\u00e9rmica, buena resistencia al agrietamiento<br \/>\nCalidad de acabado superficial controlable<br \/>\nAdmite la uni\u00f3n de blancos<br \/>\nEl embalaje multinivel garantiza un transporte seguro<\/p>\n<h2><span style=\"font-size: 14pt;\">Aplicaciones de los blancos de pulverizaci\u00f3n de \u00f3xido de aluminio y estroncio<\/span><\/h2>\n<p>Se utilizan en la preparaci\u00f3n de pel\u00edculas delgadas <span style=\"color: #0000ff;\"><a style=\"color: #0000ff;\" href=\"https:\/\/ulpmat.com\/es\/solicitud\/materiales-opticos\/\">\u00f3pticas<\/a><\/span><br \/>\npara mejorar la transparencia y la estabilidad estructural.<br \/>\nSe utilizan en la deposici\u00f3n de capas aislantes para mejorar las propiedades diel\u00e9ctricas de los dispositivos.<br \/>\nSe utilizan en la investigaci\u00f3n avanzada de \u00f3xidos para explorar nuevos sistemas de materiales.<br \/>\nAdecuado para la investigaci\u00f3n en laboratorio y el desarrollo a escala piloto de pel\u00edculas delgadas cer\u00e1micas funcionales.<\/p>\n<h2><span style=\"font-size: 14pt;\">Preguntas frecuentes<\/span><\/h2>\n<p>P1: \u00bfCu\u00e1les son los m\u00e9todos de preparaci\u00f3n habituales para los blancos de pulverizaci\u00f3n de \u00f3xido de aluminio y estroncio?<br \/>\nR1: Normalmente se preparan mediante sinterizaci\u00f3n en estado s\u00f3lido, prensado isost\u00e1tico a alta temperatura (HIP), etc., para obtener estructuras de alta densidad y con pocos defectos.<\/p>\n<p>P2: \u00bfSe puede utilizar el blanco para pulverizaci\u00f3n continua a largo plazo?<br \/>\nR2: Puede funcionar de forma estable dentro del rango de potencia normal, pero se recomienda establecer par\u00e1metros de pulverizaci\u00f3n adecuados en funci\u00f3n de la carga del equipo y el espesor del blanco para prolongar su vida \u00fatil.<\/p>\n<p>P3: \u00bfEl blanco Sr3Al2O6 es higrosc\u00f3pico?<br \/>\nR3: Este material tiene una ligera higroscopicidad. Se recomienda almacenarlo en un recipiente herm\u00e9tico cuando no se utilice y evitar la exposici\u00f3n prolongada a ambientes h\u00famedos.<\/p>\n<p>P4: \u00bfSe pueden proporcionar muestras de peque\u00f1o tama\u00f1o para realizar pruebas?<br \/>\nR4: Se pueden proporcionar muestras peque\u00f1as, bloques peque\u00f1os o objetivos de peque\u00f1o tama\u00f1o para facilitar a los clientes la prueba de los procesos de pel\u00edcula delgada antes de la compra formal.<\/p>\n<h2><span style=\"font-size: 14pt;\">Informes<\/span><\/h2>\n<p>Cada lote se suministra con:<br \/>\n<span style=\"color: #0000ff;\"><a style=\"color: #0000ff;\" href=\"https:\/\/ulpmat.com\/es\/documentos\/certificado-de-analisis\/\"><u>Certificado de an\u00e1lisis (COA)<\/u><\/a><\/span><\/p>\n<p><span style=\"color: #0000ff;\"><a style=\"color: #0000ff;\" href=\"https:\/\/ulpmat.com\/es\/documentos\/ficha-tecnica\/\"><u>Ficha t\u00e9cnica (TDS)<\/u><\/a><\/span><\/p>\n<p><span style=\"color: #0000ff;\"><a style=\"color: #0000ff;\" href=\"https:\/\/ulpmat.com\/es\/documentos\/ficha-de-datos-de-seguridad\/\"><u>Ficha de datos de seguridad (MSDS)<\/u><\/a><\/span><br \/>\nInformes de pruebas de terceros disponibles bajo petici\u00f3n<\/p>\n<h2><span style=\"font-size: 14pt;\">\u00bfPor qu\u00e9 elegirnos?<\/span><\/h2>\n<p>Contamos con un sistema maduro de preparaci\u00f3n de materiales en el campo de los objetivos de pulverizaci\u00f3n de \u00f3xidos inorg\u00e1nicos. Desde el control del polvo precursor hasta la sinterizaci\u00f3n y el acabado finales, nos adherimos estrictamente a las normas de proceso para garantizar la estabilidad del producto y la consistencia de los lotes. Podemos proporcionar soluciones personalizadas basadas en diferentes cavidades de pulverizaci\u00f3n y condiciones de proceso, y contamos con un completo sistema de servicio posventa que puede responder r\u00e1pidamente a las necesidades de los clientes. Adem\u00e1s, llevamos mucho tiempo prestando servicios a instituciones de investigaci\u00f3n y clientes corporativos en el extranjero, por lo que contamos con una amplia experiencia en log\u00edstica internacional, lo que garantiza la entrega puntual y segura de los productos a su laboratorio o f\u00e1brica.<\/p>\n","protected":false},"excerpt":{"rendered":"<p>Objetivos de pulverizaci\u00f3n de \u00f3xido de aluminio y estroncio Descripci\u00f3n general Los objetivos de pulverizaci\u00f3n de \u00f3xido de aluminio y estroncio son materiales funcionales que se utilizan para preparar pel\u00edculas delgadas de \u00f3xido altamente transparentes y estables, que se aplican com\u00fanmente en pel\u00edculas delgadas optoelectr\u00f3nicas, capas aislantes e investigaci\u00f3n de materiales novedosos. Ofrecemos blancos de [&hellip;]<\/p>\n","protected":false},"featured_media":35434,"template":"","meta":{"_acf_changed":false},"product_brand":[132],"product_cat":[457],"product_tag":[3826],"class_list":{"0":"post-35433","1":"product","2":"type-product","3":"status-publish","4":"has-post-thumbnail","6":"product_brand-ulpmat","7":"product_cat-blanco-ceramico-para-sputtering","8":"product_tag-catodos-para-sputtering-de-aluminato-de-estroncio-oxido-de-estroncio-y-aluminio","10":"first","11":"instock","12":"shipping-taxable","13":"product-type-variable"},"acf":[],"_links":{"self":[{"href":"https:\/\/ulpmat.com\/es\/wp-json\/wp\/v2\/product\/35433","targetHints":{"allow":["GET"]}}],"collection":[{"href":"https:\/\/ulpmat.com\/es\/wp-json\/wp\/v2\/product"}],"about":[{"href":"https:\/\/ulpmat.com\/es\/wp-json\/wp\/v2\/types\/product"}],"wp:featuredmedia":[{"embeddable":true,"href":"https:\/\/ulpmat.com\/es\/wp-json\/wp\/v2\/media\/35434"}],"wp:attachment":[{"href":"https:\/\/ulpmat.com\/es\/wp-json\/wp\/v2\/media?parent=35433"}],"wp:term":[{"taxonomy":"product_brand","embeddable":true,"href":"https:\/\/ulpmat.com\/es\/wp-json\/wp\/v2\/product_brand?post=35433"},{"taxonomy":"product_cat","embeddable":true,"href":"https:\/\/ulpmat.com\/es\/wp-json\/wp\/v2\/product_cat?post=35433"},{"taxonomy":"product_tag","embeddable":true,"href":"https:\/\/ulpmat.com\/es\/wp-json\/wp\/v2\/product_tag?post=35433"}],"curies":[{"name":"wp","href":"https:\/\/api.w.org\/{rel}","templated":true}]}}