{"id":35414,"date":"2025-12-03T11:12:15","date_gmt":"2025-12-03T03:12:15","guid":{"rendered":"https:\/\/ulpmat.com\/product\/aluminato-de-estroncio-oxido-de-estroncio-y-aluminio-3\/"},"modified":"2025-12-03T11:12:15","modified_gmt":"2025-12-03T03:12:15","slug":"aluminato-de-estroncio-oxido-de-estroncio-y-aluminio-3","status":"publish","type":"product","link":"https:\/\/ulpmat.com\/es\/producto\/aluminato-de-estroncio-oxido-de-estroncio-y-aluminio-3\/","title":{"rendered":"Aluminato de estroncio (\u00f3xido de estroncio y aluminio)"},"content":{"rendered":"<h2><span style=\"font-size: 14pt;\">Objetivos de pulverizaci\u00f3n de \u00f3xido de aluminio y estroncio Descripci\u00f3n general<\/span><\/h2>\n<p>Los objetivos de pulverizaci\u00f3n<br \/>\n<span style=\"color: #0000ff;\"><a style=\"color: #0000ff;\" href=\"https:\/\/ulpmat.com\/es\/buscar\/?type=name&#038;keyword=Strontium+Aluminum+Oxide\">de \u00f3xido de aluminio y estroncio<\/a><\/span><br \/>\nson materiales funcionales que se utilizan para preparar pel\u00edculas delgadas de \u00f3xido altamente estables, adecuadas para dispositivos optoelectr\u00f3nicos, estructuras aislantes e investigaci\u00f3n de materiales.<\/p>\n<p>Ofrecemos blancos de pulverizaci\u00f3n de Sr4Al2O7 de alta pureza y alta densidad, con opciones de personalizaci\u00f3n disponibles. Nuestras tecnolog\u00edas de moldeo y sinterizaci\u00f3n garantizan estructuras de blancos densas, un arco m\u00ednimo durante la deposici\u00f3n de la pel\u00edcula y una descarga estable. Tambi\u00e9n podemos ofrecer recomendaciones basadas en los requisitos de potencia y deposici\u00f3n de los equipos del cliente. No dude en <span style=\"color: #0000ff;\"><a style=\"color: #0000ff;\" href=\"https:\/\/ulpmat.com\/es\/contacto\/\">ponerse en contacto con nosotros<\/a><\/span><br \/>\nsi necesita <span style=\"color: #0000ff;\"><a style=\"color: #0000ff;\" href=\"https:\/\/ulpmat.com\/es\/servicio\/asistencia-tecnica\/\">asistencia t\u00e9cnica.<\/a><\/span><\/p>\n<h2><span style=\"font-size: 14pt;\">Caracter\u00edsticas destacadas del producto<\/span><\/h2>\n<p>Estructura de alta densidad<br \/>\nPureza controlable, bajas impurezas<br \/>\nBuena estabilidad de descarga Procesamiento<br \/>\n<span style=\"color: #0000ff;\"><a style=\"color: #0000ff;\" href=\"https:\/\/ulpmat.com\/es\/servicio\/personalizacion\/\">personalizable<\/a><\/span><br \/>\ndisponible<br \/>\nVarios tama\u00f1os para adaptarse a diversas cavidades<br \/>\nExcelente uniformidad de la pel\u00edcula<br \/>\nL\u00edmite superior controlable para la planitud de la superficie<br \/>\n<span style=\"color: #0000ff;\"><a style=\"color: #0000ff;\" href=\"https:\/\/ulpmat.com\/es\/servicio\/vinculacion-de-objetivos\/\">Admite la uni\u00f3n de blancos<\/a><\/span><br \/>\nEmbalaje resistente, transporte seguro<\/p>\n<h2><span style=\"font-size: 14pt;\">Aplicaciones de los blancos de pulverizaci\u00f3n de \u00f3xido de aluminio y estroncio<\/span><\/h2>\n<p>Se pueden utilizar para pulverizar pel\u00edculas <span style=\"color: #0000ff;\"><a style=\"color: #0000ff;\" href=\"https:\/\/ulpmat.com\/es\/solicitud\/materiales-opticos\/\">\u00f3pticas<\/a><\/span><br \/>\ndelgadas, mejorando la estabilidad de la pel\u00edcula y la transmitancia de la luz.<br \/>\nAdecuados para preparar pel\u00edculas delgadas aislantes, mejorando la resistencia a la ruptura de los dispositivos.<br \/>\nSe utiliza en el desarrollo de \u00f3xidos funcionales para construir sistemas complejos de pel\u00edculas delgadas.<br \/>\nSe utiliza en nuevos materiales de visualizaci\u00f3n, estructuras de detecci\u00f3n o proyectos de exploraci\u00f3n de materiales de laboratorio.<\/p>\n<h2><span style=\"color: #0000ff;\"><a style=\"color: #0000ff;\" href=\"https:\/\/ulpmat.com\/es\/empresa\/preguntas-frecuentes\/\"><span style=\"font-size: 14pt;\">Preguntas frecuentes<\/span><\/a><\/span><\/h2>\n<p>P1: \u00bfExisten requisitos para la potencia de pulverizaci\u00f3n de los blancos de Sr4Al2O7?<br \/>\nR1: Para garantizar la calidad de la pel\u00edcula, se recomienda iniciar el arco a una potencia baja o media y luego aumentar gradualmente la potencia para evitar la concentraci\u00f3n de tensiones que podr\u00edan causar da\u00f1os localizados en el blanco.<\/p>\n<p>P2: \u00bfSon propensos a agrietarse estos blancos de Sr4Al2O7?<br \/>\nR2: Reducimos la tensi\u00f3n interna del blanco optimizando el tama\u00f1o de las part\u00edculas de polvo, los par\u00e1metros de sinterizaci\u00f3n y los procesos de enfriamiento, lo que reduce el riesgo de agrietamiento.<\/p>\n<p>P3: \u00bfSe puede soldar el blanco a una placa met\u00e1lica?<br \/>\nR3: Se pueden seleccionar m\u00e9todos de soldadura de placas de respaldo adecuados, como la soldadura fuerte de metales o la soldadura por difusi\u00f3n, en funci\u00f3n del equipo del cliente para mejorar la disipaci\u00f3n del calor y la estabilidad mec\u00e1nica.<\/p>\n<p>P4: \u00bfC\u00f3mo se determina si el objetivo necesita ser sustituido?<br \/>\nR4: Cuando la superficie del objetivo presenta surcos profundos en los bordes, un desgaste desigual o una descarga an\u00f3mala, debe sustituirse r\u00e1pidamente para garantizar la calidad de la pel\u00edcula y la seguridad de la deposici\u00f3n.<\/p>\n<h2><span style=\"font-size: 14pt;\">Informes<\/span><\/h2>\n<p>Cada lote se suministra con:<br \/>\n<span style=\"color: #0000ff;\"><a style=\"color: #0000ff;\" href=\"https:\/\/ulpmat.com\/es\/documentos\/certificado-de-analisis\/\"><u>Certificado de an\u00e1lisis (COA)<\/u><\/a><\/span><\/p>\n<p><span style=\"color: #0000ff;\"><a style=\"color: #0000ff;\" href=\"https:\/\/ulpmat.com\/es\/documentos\/ficha-tecnica\/\"><u>Ficha t\u00e9cnica (TDS)<\/u><\/a><\/span><\/p>\n<p><span style=\"color: #0000ff;\"><a style=\"color: #0000ff;\" href=\"https:\/\/ulpmat.com\/es\/documentos\/ficha-de-datos-de-seguridad\/\"><u>Ficha de datos de seguridad (MSDS)<\/u><\/a><\/span><br \/>\nInformes de pruebas de terceros disponibles bajo petici\u00f3n<\/p>\n<h2><span style=\"font-size: 14pt;\">\u00bfPor qu\u00e9 elegirnos?<\/span><\/h2>\n<p>Contamos con una tecnolog\u00eda madura de control de polvos, procesos de sinterizaci\u00f3n y capacidades de acabado en la fabricaci\u00f3n de blancos de \u00f3xido, lo que garantiza que los blancos de Sr4Al2O7 presenten una densidad, uniformidad y estabilidad excelentes, proporcionando a los clientes un rendimiento constante en la deposici\u00f3n de pel\u00edculas delgadas. Ofrecemos personalizaci\u00f3n r\u00e1pida, asesoramiento t\u00e9cnico, embalaje profesional y env\u00edo a todo el mundo. Podemos ajustar los par\u00e1metros de los blancos seg\u00fan las diferentes marcas de equipos y los requisitos del proceso, lo que proporciona una garant\u00eda fiable para sus experimentos y su producci\u00f3n. Tanto para instituciones de investigaci\u00f3n como para clientes industriales, podemos ofrecer una calidad de producto y unos servicios profesionales a largo plazo, estables y repetibles.<\/p>\n","protected":false},"excerpt":{"rendered":"<p>Objetivos de pulverizaci\u00f3n de \u00f3xido de aluminio y estroncio Descripci\u00f3n general Los objetivos de pulverizaci\u00f3n de \u00f3xido de aluminio y estroncio son materiales funcionales que se utilizan para preparar pel\u00edculas delgadas de \u00f3xido altamente estables, adecuadas para dispositivos optoelectr\u00f3nicos, estructuras aislantes e investigaci\u00f3n de materiales. Ofrecemos blancos de pulverizaci\u00f3n de Sr4Al2O7 de alta pureza y [&hellip;]<\/p>\n","protected":false},"featured_media":35415,"template":"","meta":{"_acf_changed":false},"product_brand":[132],"product_cat":[457],"product_tag":[3826],"class_list":{"0":"post-35414","1":"product","2":"type-product","3":"status-publish","4":"has-post-thumbnail","6":"product_brand-ulpmat","7":"product_cat-blanco-ceramico-para-sputtering","8":"product_tag-catodos-para-sputtering-de-aluminato-de-estroncio-oxido-de-estroncio-y-aluminio","10":"first","11":"instock","12":"shipping-taxable","13":"product-type-variable"},"acf":[],"_links":{"self":[{"href":"https:\/\/ulpmat.com\/es\/wp-json\/wp\/v2\/product\/35414","targetHints":{"allow":["GET"]}}],"collection":[{"href":"https:\/\/ulpmat.com\/es\/wp-json\/wp\/v2\/product"}],"about":[{"href":"https:\/\/ulpmat.com\/es\/wp-json\/wp\/v2\/types\/product"}],"wp:featuredmedia":[{"embeddable":true,"href":"https:\/\/ulpmat.com\/es\/wp-json\/wp\/v2\/media\/35415"}],"wp:attachment":[{"href":"https:\/\/ulpmat.com\/es\/wp-json\/wp\/v2\/media?parent=35414"}],"wp:term":[{"taxonomy":"product_brand","embeddable":true,"href":"https:\/\/ulpmat.com\/es\/wp-json\/wp\/v2\/product_brand?post=35414"},{"taxonomy":"product_cat","embeddable":true,"href":"https:\/\/ulpmat.com\/es\/wp-json\/wp\/v2\/product_cat?post=35414"},{"taxonomy":"product_tag","embeddable":true,"href":"https:\/\/ulpmat.com\/es\/wp-json\/wp\/v2\/product_tag?post=35414"}],"curies":[{"name":"wp","href":"https:\/\/api.w.org\/{rel}","templated":true}]}}