{"id":35395,"date":"2025-12-03T11:12:16","date_gmt":"2025-12-03T03:12:16","guid":{"rendered":"https:\/\/ulpmat.com\/product\/aluminato-de-estroncio-oxido-de-estroncio-y-aluminio-2\/"},"modified":"2025-12-03T11:12:16","modified_gmt":"2025-12-03T03:12:16","slug":"aluminato-de-estroncio-oxido-de-estroncio-y-aluminio-2","status":"publish","type":"product","link":"https:\/\/ulpmat.com\/es\/producto\/aluminato-de-estroncio-oxido-de-estroncio-y-aluminio-2\/","title":{"rendered":"Aluminato de estroncio (\u00f3xido de estroncio y aluminio)"},"content":{"rendered":"<h2><span style=\"font-size: 14pt;\">Descripci\u00f3n general del polvo de \u00f3xido de aluminio y estroncio<\/span><\/h2>\n<p>El polvo de \u00f3xido<br \/>\n<span style=\"color: #0000ff;\"><a style=\"color: #0000ff;\" href=\"https:\/\/ulpmat.com\/es\/buscar\/?type=name&#038;keyword=Strontium+Aluminum\">de aluminio y estroncio<\/a><\/span><br \/>\nes un material compuesto de \u00f3xido estructuralmente estable que se utiliza habitualmente como material base en materiales luminiscentes, aditivos cer\u00e1micos y pel\u00edculas delgadas con funciones \u00f3pticas.<\/p>\n<p>Ofrecemos polvos de \u00f3xido de aluminio y estroncio en varios grados de pureza, con diferentes distribuciones de tama\u00f1o de part\u00edculas y una excelente estabilidad. Nuestro equipo puede proporcionar asesoramiento sobre formulaci\u00f3n, selecci\u00f3n de envases y asistencia en el env\u00edo para garantizar que el polvo mantenga una calidad estable antes de su uso. <span style=\"color: #0000ff;\"><a style=\"color: #0000ff;\" href=\"https:\/\/ulpmat.com\/es\/contacto\/\">P\u00f3ngase en contacto con nosotros<\/a><\/span><br \/>\nsi necesita seleccionar un producto.<\/p>\n<h2><span style=\"font-size: 14pt;\">Caracter\u00edsticas destacadas del producto<\/span><\/h2>\n<p>Tama\u00f1o de part\u00edcula uniforme, baja aglomeraci\u00f3n.<br \/>\nBuena estabilidad t\u00e9rmica.<br \/>\nPureza ajustable, bajas impurezas.<br \/>\nAdaptable a diversas rutas de proceso.<br \/>\nExcelentes caracter\u00edsticas de respuesta \u00f3ptica<br \/>\nConsistencia fiable entre lotes<br \/>\nControl preciso del tama\u00f1o de las part\u00edculas disponible<br \/>\nPolvos personalizados para aplicaciones especiales compatibles<\/p>\n<h2><span style=\"font-size: 14pt;\">Aplicaciones del polvo de \u00f3xido de aluminio y estroncio<\/span><\/h2>\n<p>Se utiliza en sistemas de materiales luminiscentes para mejorar el brillo y la estabilidad.<br \/>\nComo componente de refuerzo estructural en formulaciones cer\u00e1micas para mejorar las propiedades mec\u00e1nicas.<br \/>\nAdecuado como precursor en polvo para recubrimientos de componentes \u00f3pticos.<br \/>\nSe utiliza en investigaci\u00f3n como material base para \u00f3xidos funcionales en diversos proyectos experimentales.<\/p>\n<h2><span style=\"color: #0000ff;\"><a style=\"color: #0000ff;\" href=\"https:\/\/ulpmat.com\/es\/empresa\/preguntas-frecuentes\/\"><span style=\"font-size: 14pt;\">Preguntas frecuentes<\/span><\/a><\/span><\/h2>\n<p>P1: \u00bfEl polvo de \u00f3xido de aluminio y estroncio requiere un almacenamiento especial?<br \/>\nR1: Para evitar la absorci\u00f3n de humedad o la adsorci\u00f3n de impurezas, se recomienda almacenar el polvo en un recipiente sellado en un entorno seco, lejos de la humedad elevada y de productos qu\u00edmicos vol\u00e1tiles.<\/p>\n<p>P2: \u00bfCu\u00e1l es el rango de temperatura de sinterizaci\u00f3n t\u00edpico para el polvo?<br \/>\nR2: La temperatura espec\u00edfica depende del tama\u00f1o de las part\u00edculas y de la pureza, pero generalmente se requiere un rango de temperatura medio-alto para lograr una buena densidad. Se pueden proporcionar perfiles de sinterizaci\u00f3n recomendados en funci\u00f3n de la aplicaci\u00f3n.<\/p>\n<p>P3: \u00bfSe puede utilizar el polvo para la preparaci\u00f3n de cer\u00e1micas de alta transparencia?<br \/>\nR3: S\u00ed, pero se debe seleccionar un tama\u00f1o de part\u00edcula m\u00e1s fino y un nivel de impurezas m\u00e1s bajo para evitar que la dispersi\u00f3n de la luz afecte a la transparencia.<\/p>\n<p>P4: \u00bfSe puede mezclar este polvo con otros \u00f3xidos met\u00e1licos?<br \/>\nR4: S\u00ed, tiene buena compatibilidad con muchos \u00f3xidos y se puede utilizar en materiales compuestos o sistemas modificados.<\/p>\n<h2><span style=\"font-size: 14pt;\">Informes<\/span><\/h2>\n<p>Cada lote se suministra con:<br \/>\n<span style=\"color: #0000ff;\"><a style=\"color: #0000ff;\" href=\"https:\/\/ulpmat.com\/es\/documentos\/certificado-de-analisis\/\"><u>Certificado de an\u00e1lisis (COA)<\/u><\/a><\/span><\/p>\n<p><span style=\"color: #0000ff;\"><a style=\"color: #0000ff;\" href=\"https:\/\/ulpmat.com\/es\/documentos\/ficha-tecnica\/\"><u>Ficha t\u00e9cnica (TDS)<\/u><\/a><\/span><\/p>\n<p><span style=\"color: #0000ff;\"><a style=\"color: #0000ff;\" href=\"https:\/\/ulpmat.com\/es\/documentos\/ficha-de-datos-de-seguridad\/\"><u>Ficha de datos de seguridad (MSDS)<\/u><\/a><\/span><br \/>\nInformes de pruebas de terceros disponibles bajo petici\u00f3n<\/p>\n<h2><span style=\"font-size: 14pt;\">\u00bfPor qu\u00e9 elegirnos?<\/span><\/h2>\n<p>Llevamos mucho tiempo centrados en la producci\u00f3n y optimizaci\u00f3n de polvos de \u00f3xidos inorg\u00e1nicos, manteniendo un estricto control sobre la pureza del polvo, la morfolog\u00eda de las part\u00edculas, el rendimiento de la dispersi\u00f3n y la estabilidad de los lotes. Esto garantiza que nuestro polvo de \u00f3xido de aluminio y estroncio presente una excelente compatibilidad en diversos procesos. Ofrecemos una personalizaci\u00f3n flexible de las especificaciones, asistencia t\u00e9cnica profesional, un embalaje fiable y una cadena de suministro global estable, lo que proporciona una calidad constante de los materiales a nuestros clientes industriales y de investigaci\u00f3n.<\/p>\n","protected":false},"excerpt":{"rendered":"<p>Descripci\u00f3n general del polvo de \u00f3xido de aluminio y estroncio El polvo de \u00f3xido de aluminio y estroncio es un material compuesto de \u00f3xido estructuralmente estable que se utiliza habitualmente como material base en materiales luminiscentes, aditivos cer\u00e1micos y pel\u00edculas delgadas con funciones \u00f3pticas. Ofrecemos polvos de \u00f3xido de aluminio y estroncio en varios grados [&hellip;]<\/p>\n","protected":false},"featured_media":35396,"template":"","meta":{"_acf_changed":false},"product_brand":[132],"product_cat":[1189],"product_tag":[3832],"class_list":{"0":"post-35395","1":"product","2":"type-product","3":"status-publish","4":"has-post-thumbnail","6":"product_brand-ulpmat","7":"product_cat-otros-acidos","8":"product_tag-aluminato-de-estroncio-oxido-de-estroncio-y-aluminio-en-polvo","10":"first","11":"instock","12":"shipping-taxable","13":"product-type-variable"},"acf":[],"_links":{"self":[{"href":"https:\/\/ulpmat.com\/es\/wp-json\/wp\/v2\/product\/35395","targetHints":{"allow":["GET"]}}],"collection":[{"href":"https:\/\/ulpmat.com\/es\/wp-json\/wp\/v2\/product"}],"about":[{"href":"https:\/\/ulpmat.com\/es\/wp-json\/wp\/v2\/types\/product"}],"wp:featuredmedia":[{"embeddable":true,"href":"https:\/\/ulpmat.com\/es\/wp-json\/wp\/v2\/media\/35396"}],"wp:attachment":[{"href":"https:\/\/ulpmat.com\/es\/wp-json\/wp\/v2\/media?parent=35395"}],"wp:term":[{"taxonomy":"product_brand","embeddable":true,"href":"https:\/\/ulpmat.com\/es\/wp-json\/wp\/v2\/product_brand?post=35395"},{"taxonomy":"product_cat","embeddable":true,"href":"https:\/\/ulpmat.com\/es\/wp-json\/wp\/v2\/product_cat?post=35395"},{"taxonomy":"product_tag","embeddable":true,"href":"https:\/\/ulpmat.com\/es\/wp-json\/wp\/v2\/product_tag?post=35395"}],"curies":[{"name":"wp","href":"https:\/\/api.w.org\/{rel}","templated":true}]}}