{"id":35370,"date":"2025-12-03T11:12:16","date_gmt":"2025-12-03T03:12:16","guid":{"rendered":"https:\/\/ulpmat.com\/product\/aluminato-de-estroncio-oxido-de-estroncio-y-aluminio\/"},"modified":"2025-12-03T11:12:16","modified_gmt":"2025-12-03T03:12:16","slug":"aluminato-de-estroncio-oxido-de-estroncio-y-aluminio","status":"publish","type":"product","link":"https:\/\/ulpmat.com\/es\/producto\/aluminato-de-estroncio-oxido-de-estroncio-y-aluminio\/","title":{"rendered":"Aluminato de estroncio (\u00f3xido de estroncio y aluminio)"},"content":{"rendered":"<h2><span style=\"font-size: 14pt;\">Objetivos de pulverizaci\u00f3n de \u00f3xido de aluminio y estroncio Descripci\u00f3n general<\/span><\/h2>\n<p>Los objetivos de pulverizaci\u00f3n<br \/>\n<span style=\"color: #0000ff;\"><a style=\"color: #0000ff;\" href=\"https:\/\/ulpmat.com\/es\/buscar\/?type=name&#038;keyword=Strontium+Aluminum+Oxide\">de \u00f3xido de aluminio y estroncio<\/a><\/span><br \/>\nson objetivos de \u00f3xido multielemento estructuralmente estables y depositados de manera uniforme, adecuados para la fabricaci\u00f3n de pel\u00edculas delgadas funcionales, recubrimientos \u00f3pticos y materiales electr\u00f3nicos.<\/p>\n<p>Ofrecemos blancos de pulverizaci\u00f3n de \u00f3xido de aluminio y estroncio en diversas purezas, densidades, tama\u00f1os y tipos estructurales. Tambi\u00e9n podemos ayudar a los clientes a confirmar los requisitos de formaci\u00f3n de pel\u00edculas, seleccionar los tipos de blancos adecuados y proporcionar asesoramiento sobre el env\u00edo, el embalaje, la limpieza y la depuraci\u00f3n de aplicaciones. P\u00f3ngase <span style=\"color: #0000ff;\"><a style=\"color: #0000ff;\" href=\"https:\/\/ulpmat.com\/es\/contacto\/\">en contacto con nosotros<\/a><\/span><br \/>\nen cualquier momento para solicitar un presupuesto.<\/p>\n<h2><span style=\"font-size: 14pt;\">Caracter\u00edsticas destacadas del producto<\/span><\/h2>\n<p>Moldeado por prensado de alta densidad<br \/>\nBuena uniformidad de la pel\u00edcula<br \/>\nDensidad de iones estable<br \/>\nBajo contenido de impurezas<br \/>\nAdecuado para diversos sistemas de pulverizaci\u00f3n<br \/>\nPersonalizable seg\u00fan el tama\u00f1o del equipo<br \/>\nCompatible con la uni\u00f3n de blancos<br \/>\nAlta resistencia mec\u00e1nica, menos propenso a agrietarse<br \/>\nAdhesi\u00f3n estable de la pel\u00edcula<\/p>\n<h2><span style=\"font-size: 14pt;\">Aplicaciones de los blancos de pulverizaci\u00f3n de \u00f3xido de aluminio y estroncio<\/span><\/h2>\n<p>Se utiliza en la preparaci\u00f3n de recubrimientos \u00f3pticos para mejorar la estabilidad de la pel\u00edcula y la transmisi\u00f3n de la luz.<br \/>\nSe aplica a pel\u00edculas delgadas de cer\u00e1mica funcional para el refuerzo estructural y la modificaci\u00f3n de materiales.<br \/>\nSe utiliza como fuente de material objetivo para pel\u00edculas delgadas de \u00f3xido compuesto en la fabricaci\u00f3n de componentes electr\u00f3nicos.<br \/>\nAdecuado para aplicaciones de investigaci\u00f3n en la preparaci\u00f3n de pel\u00edculas delgadas de \u00f3xido multicomponente con propiedades especiales.<\/p>\n<h2><span style=\"color: #0000ff;\"><a style=\"color: #0000ff;\" href=\"https:\/\/ulpmat.com\/es\/empresa\/preguntas-frecuentes\/\"><span style=\"font-size: 14pt;\">Preguntas frecuentes<\/span><\/a><\/span><\/h2>\n<p>P1: \u00bfEl objetivo de pulverizaci\u00f3n de \u00f3xido de aluminio y estroncio presentar\u00e1 una ablaci\u00f3n irregular de los bordes?<br \/>\nR1: El objetivo se fabrica mediante un proceso de alta densidad, lo que reduce las diferencias de desgaste de los bordes. Sin embargo, los par\u00e1metros del proceso a\u00fan deben ajustarse de acuerdo con la potencia del equipo y la distribuci\u00f3n del campo magn\u00e9tico para lograr un estado de pulverizaci\u00f3n m\u00e1s uniforme.<\/p>\n<p>P2: \u00bfEl blanco requiere un tratamiento a prueba de golpes durante el transporte?<br \/>\nR2: S\u00ed, utilizamos una estructura protectora de doble capa con acolchado de espuma y embalaje al vac\u00edo para garantizar que el blanco no se agriete ni se astille durante el transporte a larga distancia.<\/p>\n<p>P3: \u00bfQu\u00e9 factores afectan principalmente a la vida \u00fatil del blanco?<br \/>\nR3: Los ajustes de potencia, el entorno de vac\u00edo, el efecto de enfriamiento y el grosor del blanco afectan a la vida \u00fatil. Se puede seleccionar un tama\u00f1o de blanco m\u00e1s adecuado seg\u00fan el dise\u00f1o del proceso.<\/p>\n<p>P4: \u00bfSe puede utilizar este objetivo para pulverizaci\u00f3n cat\u00f3dica pulsada de CC o RF?<br \/>\nR4: S\u00ed, este material es adecuado para varios m\u00e9todos de pulverizaci\u00f3n cat\u00f3dica. Podemos proporcionar las estructuras de objetivo y las dimensiones de instalaci\u00f3n correspondientes en funci\u00f3n del tipo de equipo.<\/p>\n<h2><span style=\"font-size: 14pt;\">Informes<\/span><\/h2>\n<p>Cada lote se suministra con:<br \/>\n<span style=\"color: #0000ff;\"><a style=\"color: #0000ff;\" href=\"https:\/\/ulpmat.com\/es\/documentos\/certificado-de-analisis\/\"><u>Certificado de an\u00e1lisis (COA)<\/u><\/a><\/span><\/p>\n<p><span style=\"color: #0000ff;\"><a style=\"color: #0000ff;\" href=\"https:\/\/ulpmat.com\/es\/documentos\/ficha-tecnica\/\"><u>Ficha t\u00e9cnica (TDS)<\/u><\/a><\/span><\/p>\n<p><span style=\"color: #0000ff;\"><a style=\"color: #0000ff;\" href=\"https:\/\/ulpmat.com\/es\/documentos\/ficha-de-datos-de-seguridad\/\"><u>Ficha de datos de seguridad (MSDS)<\/u><\/a><\/span><br \/>\nInformes de pruebas de terceros disponibles bajo petici\u00f3n<\/p>\n<h2><span style=\"font-size: 14pt;\">\u00bfPor qu\u00e9 elegirnos?<\/span><\/h2>\n<p>Contamos con capacidades de control de procesos estables en la producci\u00f3n de blancos de \u00f3xido multielemento, lo que garantiza un alto grado de consistencia en la densidad, la uniformidad estructural y el rendimiento de deposici\u00f3n de pel\u00edcula delgada de nuestros blancos de \u00f3xido de aluminio y estroncio. En combinaci\u00f3n con un soporte de personalizaci\u00f3n flexible, rigurosas pruebas de calidad, m\u00e9todos de embalaje profesionales y una log\u00edstica internacional estable, podemos proporcionar soluciones de suministro de blancos fiables y consistentes para clientes industriales y de investigaci\u00f3n, ayud\u00e1ndoles a lograr resultados de pel\u00edcula delgada de mayor calidad.<\/p>\n","protected":false},"excerpt":{"rendered":"<p>Objetivos de pulverizaci\u00f3n de \u00f3xido de aluminio y estroncio Descripci\u00f3n general Los objetivos de pulverizaci\u00f3n de \u00f3xido de aluminio y estroncio son objetivos de \u00f3xido multielemento estructuralmente estables y depositados de manera uniforme, adecuados para la fabricaci\u00f3n de pel\u00edculas delgadas funcionales, recubrimientos \u00f3pticos y materiales electr\u00f3nicos. Ofrecemos blancos de pulverizaci\u00f3n de \u00f3xido de aluminio y [&hellip;]<\/p>\n","protected":false},"featured_media":35371,"template":"","meta":{"_acf_changed":false},"product_brand":[132],"product_cat":[457],"product_tag":[3826],"class_list":{"0":"post-35370","1":"product","2":"type-product","3":"status-publish","4":"has-post-thumbnail","6":"product_brand-ulpmat","7":"product_cat-blanco-ceramico-para-sputtering","8":"product_tag-catodos-para-sputtering-de-aluminato-de-estroncio-oxido-de-estroncio-y-aluminio","10":"first","11":"instock","12":"shipping-taxable","13":"product-type-variable"},"acf":[],"_links":{"self":[{"href":"https:\/\/ulpmat.com\/es\/wp-json\/wp\/v2\/product\/35370","targetHints":{"allow":["GET"]}}],"collection":[{"href":"https:\/\/ulpmat.com\/es\/wp-json\/wp\/v2\/product"}],"about":[{"href":"https:\/\/ulpmat.com\/es\/wp-json\/wp\/v2\/types\/product"}],"wp:featuredmedia":[{"embeddable":true,"href":"https:\/\/ulpmat.com\/es\/wp-json\/wp\/v2\/media\/35371"}],"wp:attachment":[{"href":"https:\/\/ulpmat.com\/es\/wp-json\/wp\/v2\/media?parent=35370"}],"wp:term":[{"taxonomy":"product_brand","embeddable":true,"href":"https:\/\/ulpmat.com\/es\/wp-json\/wp\/v2\/product_brand?post=35370"},{"taxonomy":"product_cat","embeddable":true,"href":"https:\/\/ulpmat.com\/es\/wp-json\/wp\/v2\/product_cat?post=35370"},{"taxonomy":"product_tag","embeddable":true,"href":"https:\/\/ulpmat.com\/es\/wp-json\/wp\/v2\/product_tag?post=35370"}],"curies":[{"name":"wp","href":"https:\/\/api.w.org\/{rel}","templated":true}]}}