{"id":35305,"date":"2025-12-03T11:12:17","date_gmt":"2025-12-03T03:12:17","guid":{"rendered":"https:\/\/ulpmat.com\/product\/carbonato-de-estroncio\/"},"modified":"2025-12-03T11:12:17","modified_gmt":"2025-12-03T03:12:17","slug":"carbonato-de-estroncio","status":"publish","type":"product","link":"https:\/\/ulpmat.com\/es\/producto\/carbonato-de-estroncio\/","title":{"rendered":"Carbonato de estroncio"},"content":{"rendered":"<h2><span style=\"font-size: 14pt;\">Descripci\u00f3n general del carbonato de estroncio en polvo<\/span><\/h2>\n<p><span style=\"color: #0000ff;\"><a style=\"color: #0000ff;\" href=\"https:\/\/ulpmat.com\/es\/buscar\/?type=name&#038;keyword=Strontium+Carbonate\">El carbonato de estroncio<\/a><\/span><br \/>\nen polvo es un carbonato de alta pureza ampliamente utilizado en la preparaci\u00f3n de cer\u00e1micas, vidrio, materiales electr\u00f3nicos y pigmentos.<\/p>\n<p>Ofrecemos carbonato de estroncio en polvo en varios tama\u00f1os de part\u00edculas, grados de pureza y especificaciones de envasado, adecuados para la investigaci\u00f3n y la producci\u00f3n industrial. El polvo es estable, se dispersa f\u00e1cilmente y se puede personalizar en la producci\u00f3n y el envasado para satisfacer las necesidades del cliente. P\u00f3ngase<span style=\"color: #0000ff;\"><a style=\"color: #0000ff;\" href=\"https:\/\/ulpmat.com\/es\/contacto\/\"> en contacto con nosotros<\/a><\/span><br \/>\npara obtener par\u00e1metros t\u00e9cnicos o presupuestos.<\/p>\n<h2><span style=\"font-size: 14pt;\">Caracter\u00edsticas destacadas del producto<\/span><\/h2>\n<p>Alta pureza.<br \/>\nTama\u00f1o de part\u00edcula uniforme y buena dispersabilidad.<br \/>\nQu\u00edmicamente estable.<br \/>\nSe puede procesar en varios tama\u00f1os de part\u00edcula.<br \/>\nBajo contenido de impurezas.<br \/>\nEnvases personalizados disponibles.<br \/>\nF\u00e1cilmente soluble en soluciones \u00e1cidas.<br \/>\nCumple los requisitos de las aplicaciones industriales y de investigaci\u00f3n<\/p>\n<h2><span style=\"font-size: 14pt;\">. Aplicaciones del carbonato de estroncio en polvo<\/span><\/h2>\n<p>Se utiliza en la industria cer\u00e1mica para mejorar la densidad del material y la resistencia al calor.<br \/>\nSe utiliza como fuente de estroncio en materiales electr\u00f3nicos para mejorar los indicadores de rendimiento.<br \/>\nSe utiliza en la producci\u00f3n de pigmentos para fabricar materiales fluorescentes o luminiscentes.<br \/>\nSe utiliza como reactivo de carbonato de estroncio en experimentos qu\u00edmicos para estudios de reacci\u00f3n.<\/p>\n<h2><span style=\"font-size: 14pt;\">Preguntas frecuentes<\/span><\/h2>\n<p>P1: \u00bfEl polvo de carbonato de estroncio es higrosc\u00f3pico?<br \/>\nR1: Este producto tiene una buena estabilidad, pero se recomienda almacenarlo en un entorno seco y evitar la humedad prolongada.<\/p>\n<p>P2: \u00bfPueden proporcionar diferentes tama\u00f1os de part\u00edculas?<br \/>\nR2: S\u00ed, podemos proporcionar diferentes tama\u00f1os de part\u00edculas, desde micro hasta medias, para satisfacer diversas necesidades de aplicaci\u00f3n.<\/p>\n<p>P3: \u00bfEl producto es adecuado para uso industrial y de laboratorio?<br \/>\nR3: S\u00ed, este producto es adecuado para experimentos de investigaci\u00f3n cient\u00edfica y producci\u00f3n industrial a gran escala.<\/p>\n<p>P4: \u00bfEl embalaje es personalizado?<br \/>\nR4: S\u00ed, podemos proporcionar envases peque\u00f1os o grandes seg\u00fan las necesidades del cliente, equipados con sellos a prueba de humedad.<\/p>\n<h2><span style=\"font-size: 14pt;\">Informes<\/span><\/h2>\n<p>Cada lote se suministra con:<br \/>\n<span style=\"color: #0000ff;\"><a style=\"color: #0000ff;\" href=\"https:\/\/ulpmat.com\/es\/documentos\/certificado-de-analisis\/\"><u>Certificado de an\u00e1lisis (COA)<\/u><\/a><\/span><\/p>\n<p><span style=\"color: #0000ff;\"><a style=\"color: #0000ff;\" href=\"https:\/\/ulpmat.com\/es\/documentos\/ficha-tecnica\/\"><u>Ficha t\u00e9cnica (TDS)<\/u><\/a><\/span><\/p>\n<p><span style=\"color: #0000ff;\"><a style=\"color: #0000ff;\" href=\"https:\/\/ulpmat.com\/es\/documentos\/ficha-de-datos-de-seguridad\/\"><u>Ficha de datos de seguridad (MSDS)<\/u><\/a><\/span><br \/>\nInformes de pruebas de terceros disponibles bajo petici\u00f3n<\/p>\n<h2><span style=\"font-size: 14pt;\">\u00bfPor qu\u00e9 elegirnos?<\/span><\/h2>\n<p>Contamos con una tecnolog\u00eda madura de producci\u00f3n de carbonato de estroncio y un estricto sistema de control de calidad para garantizar la pureza del polvo, la uniformidad de las part\u00edculas y la estabilidad qu\u00edmica. En combinaci\u00f3n con servicios de personalizaci\u00f3n flexibles y una atenci\u00f3n al cliente profesional, podemos proporcionar polvo de carbonato de estroncio de alta calidad y fiable para la investigaci\u00f3n cient\u00edfica y los usuarios industriales, lo que garantiza la fluidez de los experimentos y la producci\u00f3n.<\/p>\n","protected":false},"excerpt":{"rendered":"<p>Descripci\u00f3n general del carbonato de estroncio en polvo El carbonato de estroncio en polvo es un carbonato de alta pureza ampliamente utilizado en la preparaci\u00f3n de cer\u00e1micas, vidrio, materiales electr\u00f3nicos y pigmentos. Ofrecemos carbonato de estroncio en polvo en varios tama\u00f1os de part\u00edculas, grados de pureza y especificaciones de envasado, adecuados para la investigaci\u00f3n y [&hellip;]<\/p>\n","protected":false},"featured_media":35306,"template":"","meta":{"_acf_changed":false},"product_brand":[132],"product_cat":[1189],"product_tag":[3808],"class_list":{"0":"post-35305","1":"product","2":"type-product","3":"status-publish","4":"has-post-thumbnail","6":"product_brand-ulpmat","7":"product_cat-otros-acidos","8":"product_tag-carbonato-de-estroncio-en-polvo","10":"first","11":"instock","12":"shipping-taxable","13":"product-type-variable"},"acf":[],"_links":{"self":[{"href":"https:\/\/ulpmat.com\/es\/wp-json\/wp\/v2\/product\/35305","targetHints":{"allow":["GET"]}}],"collection":[{"href":"https:\/\/ulpmat.com\/es\/wp-json\/wp\/v2\/product"}],"about":[{"href":"https:\/\/ulpmat.com\/es\/wp-json\/wp\/v2\/types\/product"}],"wp:featuredmedia":[{"embeddable":true,"href":"https:\/\/ulpmat.com\/es\/wp-json\/wp\/v2\/media\/35306"}],"wp:attachment":[{"href":"https:\/\/ulpmat.com\/es\/wp-json\/wp\/v2\/media?parent=35305"}],"wp:term":[{"taxonomy":"product_brand","embeddable":true,"href":"https:\/\/ulpmat.com\/es\/wp-json\/wp\/v2\/product_brand?post=35305"},{"taxonomy":"product_cat","embeddable":true,"href":"https:\/\/ulpmat.com\/es\/wp-json\/wp\/v2\/product_cat?post=35305"},{"taxonomy":"product_tag","embeddable":true,"href":"https:\/\/ulpmat.com\/es\/wp-json\/wp\/v2\/product_tag?post=35305"}],"curies":[{"name":"wp","href":"https:\/\/api.w.org\/{rel}","templated":true}]}}