{"id":35258,"date":"2025-12-03T11:12:17","date_gmt":"2025-12-03T03:12:17","guid":{"rendered":"https:\/\/ulpmat.com\/product\/ferrita-de-estroncio-2\/"},"modified":"2025-12-03T11:12:17","modified_gmt":"2025-12-03T03:12:17","slug":"ferrita-de-estroncio-2","status":"publish","type":"product","link":"https:\/\/ulpmat.com\/es\/producto\/ferrita-de-estroncio-2\/","title":{"rendered":"Ferrita de estroncio"},"content":{"rendered":"<h2><span style=\"font-size: 14pt;\">Descripci\u00f3n general del polvo de ferrita de estroncio<\/span><\/h2>\n<p>El polvo<br \/>\n<span style=\"color: #0000ff;\"><a style=\"color: #0000ff;\" href=\"https:\/\/ulpmat.com\/es\/buscar\/?type=name&#038;keyword=Strontium+Ferrite\">de ferrita de estroncio<\/a><\/span><br \/>\nes un material magn\u00e9tico permanente de alto rendimiento ampliamente utilizado en la fabricaci\u00f3n de componentes magn\u00e9ticos y materiales de grabaci\u00f3n magn\u00e9tica.<\/p>\n<p>Ofrecemos polvo de ferrita de estroncio de alta pureza y gran uniformidad, adecuado para investigaci\u00f3n, aplicaciones industriales y producci\u00f3n de dispositivos magn\u00e9ticos. Disponemos de diversos tama\u00f1os de part\u00edculas y formatos de envasado para satisfacer las diversas necesidades de aplicaci\u00f3n. P\u00f3ngase <span style=\"color: #0000ff;\"><a style=\"color: #0000ff;\" href=\"https:\/\/ulpmat.com\/es\/contacto\/\">en contacto con nosotros<\/a><\/span><br \/>\npara obtener muestras e informaci\u00f3n t\u00e9cnica.<\/p>\n<h2><span style=\"font-size: 14pt;\">Caracter\u00edsticas destacadas del producto<\/span><\/h2>\n<p>Altas propiedades magn\u00e9ticas<br \/>\nPropiedades qu\u00edmicas estables<br \/>\nAlta pureza<br \/>\nDistribuci\u00f3n uniforme de part\u00edculas<br \/>\nTama\u00f1o de part\u00edcula personalizado<br \/>\nBuena estabilidad t\u00e9rmica<br \/>\nF\u00e1cil de moldear y sinterizar<br \/>\nAdecuado para diversas aplicaciones magn\u00e9ticas<\/p>\n<h2><span style=\"font-size: 14pt;\">Aplicaciones del polvo de ferrita de estroncio<\/span><\/h2>\n<p>Materiales de imanes permanentes para motores y sensores.<br \/>\nSe utiliza en soportes de grabaci\u00f3n magn\u00e9tica para aumentar la densidad de almacenamiento de datos.<br \/>\nSe utiliza como polvo magn\u00e9tico funcional en equipos de separaci\u00f3n magn\u00e9tica.<br \/>\nSe utiliza como materia prima b\u00e1sica para la investigaci\u00f3n de materiales magn\u00e9ticos en experimentos cient\u00edficos.<\/p>\n<h2><span style=\"color: #0000ff;\"><a style=\"color: #0000ff;\" href=\"https:\/\/ulpmat.com\/es\/empresa\/preguntas-frecuentes\/\"><span style=\"font-size: 14pt;\">Preguntas frecuentes<\/span><\/a><\/span><\/h2>\n<p>P1: \u00bfEl polvo de ferrita de estroncio es resistente al calor?<br \/>\nR1: Este producto mantiene propiedades magn\u00e9ticas estables a altas temperaturas y es adecuado para procesos de sinterizaci\u00f3n a alta temperatura.<\/p>\n<p>P2: \u00bfPueden suministrar polvos de tama\u00f1o nanom\u00e9trico?<br \/>\nR2: Podemos suministrar polvos de diversos tama\u00f1os de part\u00edculas, desde nanom\u00e9tricos hasta microm\u00e9tricos, para satisfacer diferentes necesidades de aplicaci\u00f3n.<\/p>\n<p>P3: \u00bfC\u00f3mo debo almacenar el polvo para evitar la humedad o la oxidaci\u00f3n?<br \/>\nR3: Recomendamos sellarlo en un entorno seco y evitar la exposici\u00f3n prolongada al aire h\u00famedo.<\/p>\n<p>P4: \u00bfQu\u00e9 opciones de embalaje hay disponibles?<br \/>\nR4: Ofrecemos embalajes peque\u00f1os, embalajes industriales grandes y embalajes sellados a prueba de humedad. Tambi\u00e9n se admite la personalizaci\u00f3n.<\/p>\n<h2><span style=\"font-size: 14pt;\">Informes<\/span><\/h2>\n<p>Cada lote se suministra con:<br \/>\n<a href=\"https:\/\/ulpmat.com\/es\/documentos\/certificado-de-analisis\/\"><u><span style=\"color: #0000ff;\">Certificado de an\u00e1lisis (COA)<\/span><\/u><\/a><\/p>\n<p><span style=\"color: #0000ff;\"><a style=\"color: #0000ff;\" href=\"https:\/\/ulpmat.com\/es\/documentos\/ficha-tecnica\/\"><u>Ficha t\u00e9cnica (TDS)<\/u><\/a><\/span><\/p>\n<p><span style=\"color: #0000ff;\"><a style=\"color: #0000ff;\" href=\"https:\/\/ulpmat.com\/es\/documentos\/ficha-de-datos-de-seguridad\/\"><u>Ficha de datos de seguridad (MSDS)<\/u><\/a><\/span><br \/>\nInformes de pruebas de terceros disponibles bajo petici\u00f3n<\/p>\n<h2><span style=\"font-size: 14pt;\">\u00bfPor qu\u00e9 elegirnos?<\/span><\/h2>\n<p>Contamos con una tecnolog\u00eda madura de producci\u00f3n de polvo de ferrita de estroncio y un estricto sistema de gesti\u00f3n de la calidad, lo que garantiza que nuestros productos sean magn\u00e9ticamente estables, tengan un tama\u00f1o de part\u00edcula uniforme y una alta pureza. En combinaci\u00f3n con servicios de personalizaci\u00f3n flexibles y asistencia t\u00e9cnica profesional, proporcionamos soluciones de materiales fiables para clientes industriales y de investigaci\u00f3n, lo que facilita el desarrollo fluido de aplicaciones y productos magn\u00e9ticos.<\/p>\n","protected":false},"excerpt":{"rendered":"<p>Descripci\u00f3n general del polvo de ferrita de estroncio El polvo de ferrita de estroncio es un material magn\u00e9tico permanente de alto rendimiento ampliamente utilizado en la fabricaci\u00f3n de componentes magn\u00e9ticos y materiales de grabaci\u00f3n magn\u00e9tica. Ofrecemos polvo de ferrita de estroncio de alta pureza y gran uniformidad, adecuado para investigaci\u00f3n, aplicaciones industriales y producci\u00f3n de [&hellip;]<\/p>\n","protected":false},"featured_media":35259,"template":"","meta":{"_acf_changed":false},"product_brand":[132],"product_cat":[1189],"product_tag":[3796],"class_list":{"0":"post-35258","1":"product","2":"type-product","3":"status-publish","4":"has-post-thumbnail","6":"product_brand-ulpmat","7":"product_cat-otros-acidos","8":"product_tag-ferrita-de-estroncio-en-polvo","10":"first","11":"instock","12":"shipping-taxable","13":"product-type-variable"},"acf":[],"_links":{"self":[{"href":"https:\/\/ulpmat.com\/es\/wp-json\/wp\/v2\/product\/35258","targetHints":{"allow":["GET"]}}],"collection":[{"href":"https:\/\/ulpmat.com\/es\/wp-json\/wp\/v2\/product"}],"about":[{"href":"https:\/\/ulpmat.com\/es\/wp-json\/wp\/v2\/types\/product"}],"wp:featuredmedia":[{"embeddable":true,"href":"https:\/\/ulpmat.com\/es\/wp-json\/wp\/v2\/media\/35259"}],"wp:attachment":[{"href":"https:\/\/ulpmat.com\/es\/wp-json\/wp\/v2\/media?parent=35258"}],"wp:term":[{"taxonomy":"product_brand","embeddable":true,"href":"https:\/\/ulpmat.com\/es\/wp-json\/wp\/v2\/product_brand?post=35258"},{"taxonomy":"product_cat","embeddable":true,"href":"https:\/\/ulpmat.com\/es\/wp-json\/wp\/v2\/product_cat?post=35258"},{"taxonomy":"product_tag","embeddable":true,"href":"https:\/\/ulpmat.com\/es\/wp-json\/wp\/v2\/product_tag?post=35258"}],"curies":[{"name":"wp","href":"https:\/\/api.w.org\/{rel}","templated":true}]}}